{"id":9587,"date":"2025-05-21T11:02:56","date_gmt":"2025-05-21T03:02:56","guid":{"rendered":"https:\/\/cnplasticpallets.com\/?post_type=product&#038;p=9587"},"modified":"2025-07-14T15:43:26","modified_gmt":"2025-07-14T07:43:26","slug":"flat-top-paper-handling","status":"publish","type":"product","link":"https:\/\/cnplasticpallets.com\/es\/product\/plastic-pallets\/printing-plastic-pallets\/flat-top-paper-handling\/","title":{"rendered":"Palets de Pl\u00e1stico con Superficie Lisa para la Industria Gr\u00e1fica"},"content":{"rendered":"<h2>Especificaciones del producto del pal\u00e9 de pl\u00e1stico de 9 patas para manipulaci\u00f3n de papel<\/h2>\n<table dir=\"ltr\" border=\"1\" cellspacing=\"0\" cellpadding=\"0\" data-sheets-root=\"1\" data-sheets-baot=\"1\">\n<colgroup>\n<col width=\"748\" \/>\n<col width=\"317\" \/>\n<col width=\"130\" \/>\n<col width=\"153\" \/>\n<col width=\"100\" \/><\/colgroup>\n<tbody>\n<tr>\n<td>Dimensiones (mm)<\/td>\n<td>Material<\/td>\n<td>Peso (kg)<\/td>\n<td>Carga din\u00e1mica (t)<\/td>\n<td>Carga est\u00e1tica (t)<\/td>\n<\/tr>\n<tr>\n<td>800\u00d7650\u00d7140<\/td>\n<td>PE<\/td>\n<td>6.5<\/td>\n<td>0.6<\/td>\n<td>2<\/td>\n<\/tr>\n<tr>\n<td>860\u00d7730\u00d7140<\/td>\n<td>PP<\/td>\n<td>6.8<\/td>\n<td>0.6<\/td>\n<td>2<\/td>\n<\/tr>\n<tr>\n<td>1000\u00d7700\u00d7140<\/td>\n<td>PE<\/td>\n<td>8.9<\/td>\n<td>0.3<\/td>\n<td>0.5<\/td>\n<\/tr>\n<tr>\n<td>1000\u00d7800\u00d7140<\/td>\n<td>PE<\/td>\n<td>10<\/td>\n<td>1<\/td>\n<td>2.5<\/td>\n<\/tr>\n<\/tbody>\n<\/table>\n<h2><b><span data-font-family=\"default\">Detalles del producto de nuestros pal\u00e9s de pl\u00e1stico con cubierta plana para la industria gr\u00e1fica<\/span><\/b><\/h2>\n<p><b><span data-font-family=\"default\">Ajuste preciso para formatos de papel de impresi\u00f3n<\/span><\/b><\/p>\n<p class=\"translation-block\">Dise\u00f1ados espec\u00edficamente para la manipulaci\u00f3n de materiales de impresi\u00f3n, nuestros pal\u00e9s de pl\u00e1stico de cubierta plana est\u00e1n disponibles en cuatro tama\u00f1os est\u00e1ndar: 800\u00d7650\u00d7140 mm, 860\u00d7730\u00d7140 mm, 1000\u00d7700\u00d7140 mm y 1000\u00d7800\u00d7140 mm. Estos tama\u00f1os se alinean con los est\u00e1ndares ISO A, hojas de gran formato y formatos personalizados. Ya sea que almacene cajas, hojas preimpresas o resmas, nuestro pal\u00e9 con superficie plana mejora la eficiencia del apilado y reduce el desperdicio de espacio.<\/p>\n<p class=\"translation-block\">Si su planta utiliza l\u00edneas de alimentaci\u00f3n continua, recomendamos explorar nuestras soluciones especializadas de Palets de Pl\u00e1stico para la Industria de Impresi\u00f3n.<\/p>\n<p><b><span data-font-family=\"default\">Estructura robusta, lista para exportaci\u00f3n y apilable<\/span><\/b><\/p>\n<p class=\"translation-block\">El pal\u00e9 presenta un dise\u00f1o inyectado de una sola pieza con 9 patas, fabricado en PE o PP de alta calidad. Tambi\u00e9n se ofrecen variantes en HDPE o material reciclado seg\u00fan necesidades de coste o durabilidad. Su cubierta sellada evita da\u00f1os en los bordes del papel y permite apilar de forma segura hasta 6\u20138 capas seg\u00fan la carga.<\/p>\n<p class=\"translation-block\">Con acceso por los cuatro lados, entradas biseladas y dise\u00f1o liviano, est\u00e1 optimizado para una r\u00e1pida rotaci\u00f3n en almac\u00e9n y compatibilidad con sistemas de transporte o cintas existentes. Como pal\u00e9s pl\u00e1sticos apilables, ahorran espacio en log\u00edstica inversa o almacenaje anidado. Estos pal\u00e9s para exportaci\u00f3n cumplen con las normativas ISPM-15\u2014sin necesidad de fumigaci\u00f3n\u2014y son ideales para env\u00edos internacionales.<\/p>\n<p><b><span data-font-family=\"default\">Limpio, resistente y totalmente personalizable<\/span><\/b><\/p>\n<p class=\"translation-block\">La superficie plana y sellada es no porosa y f\u00e1cil de limpiar, lo que lo hace adecuado para entornos sensibles al polvo como salas blancas o dep\u00f3sitos de papel. La base acanalada refuerza la estructura sin aumentar el peso, manteniendo la eficiencia y seguridad durante el uso.<\/p>\n<p class=\"translation-block\">Puede personalizar sus pal\u00e9s para impresi\u00f3n con:<\/p>\n<ul>\n<li><b><span data-font-family=\"default\">Logotipo impreso o grabado<\/span><\/b><\/li>\n<li><b><span data-font-family=\"default\">Colores adaptados a c\u00f3digos operativos o de seguridad<\/span><\/b><\/li>\n<li><b><span data-font-family=\"default\">Dimensiones ajustadas a formatos de papel o embalaje espec\u00edficos<\/span><\/b><\/li>\n<\/ul>\n<p class=\"translation-block\">Como fabricante mayorista de pal\u00e9s de pl\u00e1stico en China, ofrecemos servicios OEM\/ODM, amplio stock disponible y entregas r\u00e1pidas a nivel global con precios directos de f\u00e1brica.<\/p>\n<p><b><span data-font-family=\"default\">Rendimiento en el que puede confiar<\/span><\/b><\/p>\n<p class=\"translation-block\">Dise\u00f1ados para entornos gr\u00e1ficos exigentes, estos pal\u00e9s pl\u00e1sticos de alta calidad ofrecen manejo estable y seguro de productos de papel sensibles, reduciendo el desperdicio y mejorando la velocidad del flujo de trabajo. Ya sea como pal\u00e9s pl\u00e1sticos para almac\u00e9n, almacenaje o exportaci\u00f3n, representan una soluci\u00f3n fiable y rentable para su cadena de suministro en impresi\u00f3n.<\/p>\n<p class=\"translation-block\"><b><span data-font-family=\"default\">Elija los <\/span><\/b><a class=\"uael-menu-item\" href=\"https:\/\/cnplasticpallets.com\/es\/product-category\/plastic-pallets\/printing-plastic-pallets\/\" target=\"_self\">pal\u00e9s de pl\u00e1stico para impresi\u00f3n m\u00e1s vendidos de Enlightening<\/a><b><span data-font-family=\"default\">\u2014dise\u00f1ados para la log\u00edstica del sector gr\u00e1fico y preparados para cadenas de suministro globales.<\/span><\/b><\/p>","protected":false},"excerpt":{"rendered":"<p class=\"translation-block\"><span data-slate-node=\"text\"><span class=\"null\" data-slate-leaf=\"true\" data-sent-id=\"VND6G1jRJB\">Pal\u00e9s de pl\u00e1stico de 9 patas con cubierta plana para <strong>almacenamiento de papel de impresi\u00f3n<\/strong>, fabricados en China con materiales <strong>PE\/PP<\/strong>.<\/span><\/span><span data-slate-node=\"text\"><span class=\"null\" data-slate-leaf=\"true\" data-sent-id=\"znbWYOPGrz\"> Estructura apilable de 9 patas, cubierta sellada s\u00f3lida, ideal para <strong>uso en suelo, exportaci\u00f3n y operaciones de almac\u00e9n<\/strong>.<\/span><\/span><span data-slate-node=\"text\"><span class=\"null\" data-slate-leaf=\"true\" data-sent-id=\"zYyOw4GL5z\"> Disponibles en m\u00faltiples tama\u00f1os compatibles con formatos ISO A y hojas no est\u00e1ndar.<\/span><\/span><span data-slate-node=\"text\"><span class=\"null\" data-slate-leaf=\"true\" data-sent-id=\"VkPojqL78z\"> Personalizables en <strong>tama\u00f1o, color y logotipo<\/strong>.<\/span><\/span><span class=\"null\" data-slate-leaf=\"true\" data-sent-id=\"empMnObA2B\"> Suministro mayorista con inventario amplio y entrega r\u00e1pida.<\/span><\/span><\/p>","protected":false},"featured_media":9593,"comment_status":"open","ping_status":"closed","template":"","meta":{"_seopress_robots_primary_cat":"none","_seopress_titles_title":"Flat Top Plastic Pallets for Printing Industry | Wholesale","_seopress_titles_desc":"Durable flat top plastic pallets for printing storage. Factory direct supply from China. Stackable, solid, export-ready. Custom size, color, logo available.","_seopress_robots_index":"","_angie_page":false},"product_brand":[],"product_cat":[83,84,91],"product_tag":[],"class_list":{"0":"post-9587","1":"product","2":"type-product","3":"status-publish","4":"has-post-thumbnail","6":"product_cat-all-product","7":"product_cat-plastic-pallets","8":"product_cat-printing-plastic-pallets","10":"first","11":"instock","12":"shipping-taxable","13":"product-type-simple"},"_links":{"self":[{"href":"https:\/\/cnplasticpallets.com\/es\/wp-json\/wp\/v2\/product\/9587","targetHints":{"allow":["GET"]}}],"collection":[{"href":"https:\/\/cnplasticpallets.com\/es\/wp-json\/wp\/v2\/product"}],"about":[{"href":"https:\/\/cnplasticpallets.com\/es\/wp-json\/wp\/v2\/types\/product"}],"replies":[{"embeddable":true,"href":"https:\/\/cnplasticpallets.com\/es\/wp-json\/wp\/v2\/comments?post=9587"}],"wp:featuredmedia":[{"embeddable":true,"href":"https:\/\/cnplasticpallets.com\/es\/wp-json\/wp\/v2\/media\/9593"}],"wp:attachment":[{"href":"https:\/\/cnplasticpallets.com\/es\/wp-json\/wp\/v2\/media?parent=9587"}],"wp:term":[{"taxonomy":"product_brand","embeddable":true,"href":"https:\/\/cnplasticpallets.com\/es\/wp-json\/wp\/v2\/product_brand?post=9587"},{"taxonomy":"product_cat","embeddable":true,"href":"https:\/\/cnplasticpallets.com\/es\/wp-json\/wp\/v2\/product_cat?post=9587"},{"taxonomy":"product_tag","embeddable":true,"href":"https:\/\/cnplasticpallets.com\/es\/wp-json\/wp\/v2\/product_tag?post=9587"}],"curies":[{"name":"wp","href":"https:\/\/api.w.org\/{rel}","templated":true}]}}