{"id":8311,"date":"2025-04-30T17:46:57","date_gmt":"2025-04-30T09:46:57","guid":{"rendered":"https:\/\/cnplasticpallets.com\/?post_type=product&#038;p=8311"},"modified":"2026-01-09T09:50:44","modified_gmt":"2026-01-09T01:50:44","slug":"heavy-duty-3-legs-solid","status":"publish","type":"product","link":"https:\/\/cnplasticpallets.com\/es\/product\/plastic-pallet-box\/rigid-plastic-pallet-boxes\/heavy-duty-3-legs-solid\/","title":{"rendered":"Caja palet Dolav s\u00f3lida de alta resistencia"},"content":{"rendered":"<h3><span style=\"font-weight: 400;\">Especificaci\u00f3n del Producto<\/span><\/h3>\n<table width=\"402\">\n<tbody>\n<tr>\n<td width=\"141\">Dimensiones exteriores<\/td>\n<td width=\"261\">1200*1000*760mm<\/td>\n<\/tr>\n<tr>\n<td width=\"141\">Materiales<\/td>\n<td width=\"261\">Fabricado en HDPE\/PP conforme a FDA<\/td>\n<\/tr>\n<tr>\n<td width=\"141\">Peso de la caja<\/td>\n<td width=\"261\">29 kg<\/td>\n<\/tr>\n<tr>\n<td width=\"141\">Peso de la tapa<\/td>\n<td width=\"261\">6.8 kg<\/td>\n<\/tr>\n<tr>\n<td width=\"141\">Capacidad de carga<\/td>\n<td width=\"261\">Carga din\u00e1mica 1T \/ est\u00e1tica 4T<\/td>\n<\/tr>\n<tr>\n<td width=\"141\">Capacidad<\/td>\n<td width=\"261\">600 L<\/td>\n<\/tr>\n<tr>\n<td width=\"141\">Cantidad apilable<\/td>\n<td width=\"261\">8<\/td>\n<\/tr>\n<\/tbody>\n<\/table>\n<h3><span style=\"font-weight: 400;\">Caja palet de pl\u00e1stico apilable de alta resistencia para log\u00edstica e industria<\/span><\/h3>\n<p class=\"translation-block\"><span style=\"font-weight: 400\">Esta <\/span><b>caja palet s\u00f3lida moldeada en HDPE<\/b><span style=\"font-weight: 400\"> est\u00e1 dise\u00f1ada para almacenamiento a granel de alta resistencia, optimizada para apilado eficiente e integraci\u00f3n con <\/span><b>contenedores industriales est\u00e1ndar<\/b><span style=\"font-weight: 400\">. Dise\u00f1ada para <\/span><b>transporte<\/b><span style=\"font-weight: 400\"> y almacenes vers\u00e1tiles, es compatible con diversos equipos de manipulaci\u00f3n y tipos de cajas\u2014incluyendo <\/span><b>contenedores apilables<\/b><span style=\"font-weight: 400\">, <\/span><b>cajas palet de pl\u00e1stico<\/b><span style=\"font-weight: 400\"> y <\/span><b>contenedores r\u00edgidos<\/b><span style=\"font-weight: 400\">.<\/span><\/p>\n<p><b>Caracter\u00edsticas clave de esta caja palet de pl\u00e1stico:<\/b><\/p>\n<ul>\n<li style=\"font-weight: 400;\" aria-level=\"1\" class=\"translation-block\"><b>Estructura de una sola pieza por inyecci\u00f3n<\/b><b><br>\n<\/b><span style=\"font-weight: 400\">Garantiza durabilidad uniforme, distribuci\u00f3n de carga y rendimiento a largo plazo en uso de <\/span><b>palets pl\u00e1sticos industriales<\/b><span style=\"font-weight: 400\">.<\/span><\/li>\n<li style=\"font-weight: 400;\" aria-level=\"1\" class=\"translation-block\"><b>3 patines para mayor estabilidad<\/b><b><br>\n<\/b><span style=\"font-weight: 400\">Ofrece soporte firme para apilado pesado y compatibilidad con <\/span><b>montacargas manuales<\/b><span style=\"font-weight: 400\">, <\/span><b>transpaletas<\/b><span style=\"font-weight: 400\"> y <\/span><b>siste<\/li>\n<li style=\"font-weight: 400;\" aria-level=\"1\" class=\"translation-block\"><b>Apilable con cajas tipo Euro est\u00e1ndar<\/b><b><br>\n<\/b><span style=\"font-weight: 400\">Compatible con <\/span><b>cajas palet de pl\u00e1stico<\/b><span style=\"font-weight: 400\"> y <\/span><b>contenedores box palet<\/b><span style=\"font-weight: 400\"> ampliamente usados\u2014perfecto para <\/span><b>almacenamiento a granel<\/b><span style=\"font-weight: 400\">, flotas mixtas o expansi\u00f3n de operaciones.<\/span><\/li>\n<li style=\"font-weight: 400;\" aria-level=\"1\" class=\"translation-block\"><b>Opciones en HDPE \/ PP<\/b><b><br>\n<\/b><span style=\"font-weight: 400\">Disponible en <\/span><b>pl\u00e1stico reciclado econ\u00f3mico<\/b><span style=\"font-weight: 400\"> o <\/span><b>HDPE virgen grado alimenticio<\/b><span style=\"font-weight: 400\">, ideal para <\/span><b>reciclaje<\/b><span style=\"font-weight: 400\">, <\/span><b>procesado de alimentos<\/b><span style=\"font-weight: 400\"> y <\/span><b>agricultura<\/b><span style=\"font-weight: 400\">.<\/span><\/li>\n<li style=\"font-weight: 400;\" aria-level=\"1\" class=\"translation-block\"><b>Paredes internas lisas<\/b><b><br>\n<\/b><span style=\"font-weight: 400\">Superficie higi\u00e9nica y f\u00e1cil de limpiar, ideal para industrias con requisitos sanitarios.<\/span><\/li>\n<li style=\"font-weight: 400;\" aria-level=\"1\" class=\"translation-block\"><b>Fondo sellado con tap\u00f3n de drenaje<\/b><b><br>\n<\/b><span style=\"font-weight: 400\">Evita acumulaci\u00f3n de l\u00edquidos y facilita la limpieza\u2014frecuente en <\/span><b>contenedores pl\u00e1sticos paletizados<\/b><span style=\"font-weight: 400\"> para residuos h\u00famedos u org\u00e1nicos.<\/span><\/li>\n<li style=\"font-weight: 400;\" aria-level=\"1\" class=\"translation-block\"><b>Compatible con tapa<\/b><b><br>\n<\/b><span style=\"font-weight: 400\">Opci\u00f3n de <\/span><b>caja de almacenamiento con tapa<\/b><span style=\"font-weight: 400\"> que mejora la seguridad en apilado, almacenamiento o uso en exteriores.<\/span><\/li>\n<li style=\"font-weight: 400;\" aria-level=\"1\" class=\"translation-block\"><b>Reutilizable y duradera<\/b><b><br>\n<\/b><span style=\"font-weight: 400\">Dise\u00f1ada como <\/span><b>caja palet reutilizable<\/b><span style=\"font-weight: 400\"> para reducir costes log\u00edsticos y residuos a largo plazo.<\/span><\/li>\n<li style=\"font-weight: 400;\" aria-level=\"1\" class=\"translation-block\"><b>Dise\u00f1o apto para montacargas<\/b><b><br>\n<\/b><span style=\"font-weight: 400\">Entrada en 4 direcciones compatible con diversos entornos operativos y sistemas de apilado.<\/span><\/li>\n<\/ul>\n<h3><span style=\"font-weight: 400;\">Escenarios de aplicaci\u00f3n de la caja palet s\u00f3lida moldeada con 3 patas y tapa<\/span><\/h3>\n<p><span style=\"font-weight: 400;\">Ideal para empresas que gestionan:<\/span><\/p>\n<ul>\n<li style=\"font-weight: 400;\" aria-level=\"1\"><span style=\"font-weight: 400;\">Producci\u00f3n de alimentos y bebidas<\/span><\/li>\n<li style=\"font-weight: 400;\" aria-level=\"1\" class=\"translation-block\">Gesti\u00f3n de residuos y sistemas de contenedores<\/li>\n<li style=\"font-weight: 400;\" aria-level=\"1\"><span style=\"font-weight: 400;\">Agricultura, acuicultura y procesamiento agr\u00edcola<\/span><\/li>\n<li style=\"font-weight: 400;\" aria-level=\"1\"><span style=\"font-weight: 400;\">Almacenamiento general en almacenes<\/span><\/li>\n<li style=\"font-weight: 400;\" aria-level=\"1\"><span style=\"font-weight: 400;\">Redes de transporte y log\u00edstica<\/span><\/li>\n<li style=\"font-weight: 400;\" aria-level=\"1\"><span style=\"font-weight: 400;\">Plantas procesadoras de carne y aves<\/span><\/li>\n<li style=\"font-weight: 400;\" aria-level=\"1\"><span style=\"font-weight: 400;\">L\u00e1cteos y log\u00edstica en cadena de fr\u00edo<\/span><\/li>\n<li style=\"font-weight: 400;\" aria-level=\"1\"><span style=\"font-weight: 400;\">Almacenamiento y distribuci\u00f3n de mariscos<\/span><\/li>\n<li style=\"font-weight: 400;\" aria-level=\"1\"><span style=\"font-weight: 400;\">Granos, piensos y manejo agr\u00edcola a granel<\/span><\/li>\n<li style=\"font-weight: 400;\" aria-level=\"1\"><span style=\"font-weight: 400;\">Fabricaci\u00f3n y distribuci\u00f3n de productos qu\u00edmicos<\/span><\/li>\n<li style=\"font-weight: 400;\" aria-level=\"1\"><span style=\"font-weight: 400;\">Almacenamiento de suministros farmac\u00e9uticos y m\u00e9dicos<\/span><\/li>\n<li style=\"font-weight: 400;\" aria-level=\"1\"><span style=\"font-weight: 400;\">Componentes industriales y piezas automotrices<\/span><\/li>\n<li style=\"font-weight: 400;\" aria-level=\"1\"><span style=\"font-weight: 400;\">Recogida de electr\u00f3nicos y residuos tecnol\u00f3gicos<\/span><\/li>\n<li style=\"font-weight: 400;\" aria-level=\"1\"><span style=\"font-weight: 400;\">Almacenamiento de textiles y materias primas<\/span><\/li>\n<li style=\"font-weight: 400;\" aria-level=\"1\"><span style=\"font-weight: 400;\">Centros de distribuci\u00f3n para supermercados y minoristas<\/span><\/li>\n<li style=\"font-weight: 400;\" aria-level=\"1\"><span style=\"font-weight: 400;\">Estaciones de reciclaje y plantas de recuperaci\u00f3n<\/span><\/li>\n<li style=\"font-weight: 400;\" aria-level=\"1\"><span style=\"font-weight: 400;\">Embalaje industrial y sistemas retornables<\/span><\/li>\n<li style=\"font-weight: 400;\" aria-level=\"1\"><span style=\"font-weight: 400;\">Distribuci\u00f3n de herramientas y ferreter\u00eda<\/span><\/li>\n<li style=\"font-weight: 400;\" aria-level=\"1\"><span style=\"font-weight: 400;\">Manejo de bater\u00edas y residuos peligrosos<\/span><\/li>\n<li style=\"font-weight: 400;\" aria-level=\"1\"><span style=\"font-weight: 400;\">Suministro industrial de limpieza e higiene<\/span><\/li>\n<\/ul>","protected":false},"excerpt":{"rendered":"<p class=\"translation-block\">Nuestra caja palet Dolav de alta resistencia es una <strong data-start=\"153\" data-end=\"184\">caja palet r\u00edgida y apilable<\/strong> con entrada de 4 v\u00edas y tap\u00f3n de drenaje. <strong data-start=\"221\" data-end=\"305\">Ofrece una carga est\u00e1tica de 4T a menor costo\u2014misma resistencia y rendimiento que los modelos Dolav<\/strong>, ideal para cadena de fr\u00edo, residuos alimentarios y log\u00edstica agr\u00edcola. Somos una <strong data-start=\"369\" data-end=\"482\">f\u00e1brica en China especializada en la fabricaci\u00f3n de cajas palet moldeadas con precios mayoristas y env\u00edo global r\u00e1pido<\/strong>.<\/p>\n<table>\n<tbody>\n<tr>\n<td><b>Especificaci\u00f3n<\/b><\/td>\n<td><b>Detalles<\/b><\/td>\n<\/tr>\n<tr>\n<td><span style=\"font-weight: 400;\">Cantidad m\u00ednima de pedido<\/span><\/td>\n<td><span style=\"font-weight: 400;\">40 unidades<\/span><\/td>\n<\/tr>\n<tr>\n<td><span style=\"font-weight: 400;\">Producci\u00f3n diaria<\/span><\/td>\n<td><span style=\"font-weight: 400;\">100,000 \/ semana<\/span><\/td>\n<\/tr>\n<tr>\n<td><span style=\"font-weight: 400;\">Carga 40\u2019HQ<\/span><\/td>\n<td><span style=\"font-weight: 400;\">100<\/span><\/td>\n<\/tr>\n<tr>\n<td><span style=\"font-weight: 400;\">Muestra disponible<\/span><\/td>\n<td><span style=\"font-weight: 400;\">S\u00ed<\/span><\/td>\n<\/tr>\n<tr>\n<td><span style=\"font-weight: 400;\">Tiempo de entrega m\u00e1s r\u00e1pido<\/span><\/td>\n<td><span style=\"font-weight: 400;\">15 d\u00edas<\/span><\/td>\n<\/tr>\n<tr>\n<td><span style=\"font-weight: 400;\">Puertos de env\u00edo<\/span><\/td>\n<td><span style=\"font-weight: 400;\">Qingdao, Shangh\u00e1i, etc.<\/span><\/td>\n<\/tr>\n<tr>\n<td><span style=\"font-weight: 400;\">Env\u00edos a Nivel Mundial<\/span><\/td>\n<td><span style=\"font-weight: 400;\">Disponible<\/span><\/td>\n<\/tr>\n<\/tbody>\n<\/table>","protected":false},"featured_media":9556,"comment_status":"open","ping_status":"closed","template":"","meta":{"_seopress_robots_primary_cat":"none","_seopress_titles_title":"Solid Plastic Pallet Box with Lid | Factory Wholesale","_seopress_titles_desc":"Cost-effective plastic pallet box supporting 4T static load. Fully stackable and ideal for agriculture, industrial storage, and recycling.","_seopress_robots_index":"","_angie_page":false},"product_brand":[],"product_cat":[83,81,95],"product_tag":[],"class_list":{"0":"post-8311","1":"product","2":"type-product","3":"status-publish","4":"has-post-thumbnail","6":"product_cat-all-product","7":"product_cat-plastic-pallet-box","8":"product_cat-rigid-plastic-pallet-boxes","10":"first","11":"instock","12":"shipping-taxable","13":"product-type-simple"},"_links":{"self":[{"href":"https:\/\/cnplasticpallets.com\/es\/wp-json\/wp\/v2\/product\/8311","targetHints":{"allow":["GET"]}}],"collection":[{"href":"https:\/\/cnplasticpallets.com\/es\/wp-json\/wp\/v2\/product"}],"about":[{"href":"https:\/\/cnplasticpallets.com\/es\/wp-json\/wp\/v2\/types\/product"}],"replies":[{"embeddable":true,"href":"https:\/\/cnplasticpallets.com\/es\/wp-json\/wp\/v2\/comments?post=8311"}],"wp:featuredmedia":[{"embeddable":true,"href":"https:\/\/cnplasticpallets.com\/es\/wp-json\/wp\/v2\/media\/9556"}],"wp:attachment":[{"href":"https:\/\/cnplasticpallets.com\/es\/wp-json\/wp\/v2\/media?parent=8311"}],"wp:term":[{"taxonomy":"product_brand","embeddable":true,"href":"https:\/\/cnplasticpallets.com\/es\/wp-json\/wp\/v2\/product_brand?post=8311"},{"taxonomy":"product_cat","embeddable":true,"href":"https:\/\/cnplasticpallets.com\/es\/wp-json\/wp\/v2\/product_cat?post=8311"},{"taxonomy":"product_tag","embeddable":true,"href":"https:\/\/cnplasticpallets.com\/es\/wp-json\/wp\/v2\/product_tag?post=8311"}],"curies":[{"name":"wp","href":"https:\/\/api.w.org\/{rel}","templated":true}]}}