{"id":5229,"date":"2025-01-14T16:25:23","date_gmt":"2025-01-14T08:25:23","guid":{"rendered":"https:\/\/cnplasticpallets.com\/?post_type=product&#038;p=5229"},"modified":"2026-04-07T16:04:43","modified_gmt":"2026-04-07T08:04:43","slug":"grid-3-runners","status":"publish","type":"product","link":"https:\/\/cnplasticpallets.com\/es\/product\/plastic-pallets\/heavy-duty-plastic-pallet\/grid-3-runners\/","title":{"rendered":"1200 \u00d7 1000 3 Corredores Paletas \u2013 Cubierta Ventilada | Y1210WHZ"},"content":{"rendered":"<h2>Especificaci\u00f3n del Producto<\/h2>\n<table>\n<tbody>\n<tr>\n<td width=\"196\">Modelo<\/td>\n<td width=\"479\">Y1210WHZ<\/td>\n<\/tr>\n<tr>\n<td width=\"196\">Materiales<\/td>\n<td width=\"479\">Polietileno de alta densidad (HDPE); Polipropileno (PP)<\/td>\n<\/tr>\n<tr>\n<td width=\"196\">Dimensiones (L\u00d7A\u00d7H mm)<\/td>\n<td width=\"479\">1200mm \u00d7 1000mm \u00d7 150mm, Personalizado<\/td>\n<\/tr>\n<tr>\n<td width=\"196\">Procesos<\/td>\n<td width=\"479\">Moldeo por Inyecci\u00f3n<\/td>\n<\/tr>\n<tr>\n<td width=\"196\">Peso<\/td>\n<td width=\"479\">13.8 kg<\/td>\n<\/tr>\n<tr>\n<td width=\"196\">Barras de Refuerzo<\/td>\n<td width=\"479\">10 barras (12 kg)<\/td>\n<\/tr>\n<tr>\n<td width=\"196\">Base<\/td>\n<td width=\"479\">3 Patines<\/td>\n<\/tr>\n<tr>\n<td width=\"196\">Cubierta Superior<\/td>\n<td width=\"479\">Cubierta Ventilada<\/td>\n<\/tr>\n<tr>\n<td width=\"196\">Montacargas<\/td>\n<td width=\"479\">Entrada por 4 lados<\/td>\n<\/tr>\n<tr>\n<td width=\"196\">Transpaleta<\/td>\n<td width=\"479\">Entrada por 4 lados<\/td>\n<\/tr>\n<tr>\n<td width=\"196\">Higi\u00e9nico<\/td>\n<td width=\"479\">No<\/td>\n<\/tr>\n<tr>\n<td width=\"196\">Apto para estanter\u00edas<\/td>\n<td width=\"479\">S\u00ed<\/td>\n<\/tr>\n<tr>\n<td width=\"196\">Apilable<\/td>\n<td width=\"479\">S\u00ed<\/td>\n<\/tr>\n<tr>\n<td width=\"196\">Reutilizable<\/td>\n<td width=\"479\">S\u00ed<\/td>\n<\/tr>\n<tr>\n<td width=\"196\">Logotipo \/ Impresi\u00f3n<\/td>\n<td width=\"479\">S\u00ed<\/td>\n<\/tr>\n<tr>\n<td width=\"196\">Capacidad Est\u00e1tica<\/td>\n<td width=\"479\">6000 kg (reforzado)<\/td>\n<\/tr>\n<tr>\n<td width=\"196\">Capacidad Din\u00e1mica<\/td>\n<td width=\"479\">1500 kg (reforzado)<\/td>\n<\/tr>\n<tr>\n<td width=\"196\">Capacidad en estanter\u00eda<\/td>\n<td width=\"479\">1000kg(reforzado)<\/td>\n<\/tr>\n<tr>\n<td width=\"196\">Temperatura de uso<\/td>\n<td width=\"479\">-40\u2103 a 70\u2103<\/td>\n<\/tr>\n<tr>\n<td width=\"196\">Color<\/td>\n<td width=\"479\">Amarillo, Azul, Rojo, Verde, Negro, Blanco, Personalizado<\/td>\n<\/tr>\n<tr>\n<td width=\"196\">Cantidad en 20FT<\/td>\n<td width=\"479\">150 unidades<\/td>\n<\/tr>\n<tr>\n<td width=\"196\">Cantidad en 40HC<\/td>\n<td width=\"479\">480 piezas<\/td>\n<\/tr>\n<\/tbody>\n<\/table>\n<h2><strong>Caracter\u00edsticas:<\/strong><\/h2>\n<ul>\n<li class=\"\" data-start=\"77\" data-end=\"337\">\n<p class=\"translation-block\" data-start=\"79\" data-end=\"337\"><strong data-start=\"79\" data-end=\"96\">S\u00faper resistente<\/strong><br data-start=\"96\" data-end=\"99\">El sistema de tubos de acero integrados en los <strong data-start=\"150\" data-end=\"171\">3 patines (skids)<\/strong> proporciona alta resistencia a la flexi\u00f3n e integridad estructural. Este <strong data-start=\"240\" data-end=\"267\">pal\u00e9 de pl\u00e1stico apto para estanter\u00edas<\/strong> est\u00e1 dise\u00f1ado para usos repetidos en <strong data-start=\"302\" data-end=\"336\">operaciones de apilado de alta exigencia<\/strong>.<\/p>\n<\/li>\n<li class=\"\" data-start=\"339\" data-end=\"597\">\n<p class=\"\" data-start=\"341\" data-end=\"597\"><strong data-start=\"341\" data-end=\"381\">Capacidad de carga extremadamente alta<\/strong><br data-start=\"381\" data-end=\"384\" \/>Dise\u00f1ado para exigentes <strong data-start=\"409\" data-end=\"436\">aplicaciones industriales<\/strong>, el pal\u00e9 soporta un <strong data-start=\"460\" data-end=\"494\">carga din\u00e1mica de hasta 1500 kg<\/strong> y un <strong data-start=\"501\" data-end=\"534\">carga est\u00e1tica de hasta 6.000 kg<\/strong>. Permanece estable tanto en el estante como en el suelo del almac\u00e9n.<\/p>\n<\/li>\n<li class=\"\" data-start=\"599\" data-end=\"865\">\n<p class=\"translation-block\" data-start=\"601\" data-end=\"865\"><strong data-start=\"601\" data-end=\"624\">Estabilidad excelente<\/strong><br data-start=\"624\" data-end=\"627\">La base reforzada y las inserciones de goma antideslizante garantizan una manipulaci\u00f3n segura de cargas pesadas. Su <strong data-start=\"721\" data-end=\"741\">entrada para montacargas en 4 direcciones<\/strong> permite un acceso fluido con carretillas, mejorando la eficiencia en sus <strong data-start=\"826\" data-end=\"853\">operaciones log\u00edsticas y de transporte<\/strong>.<\/p>\n<\/li>\n<li class=\"\" data-start=\"867\" data-end=\"1086\">\n<p class=\"translation-block\" data-start=\"869\" data-end=\"1086\"><strong data-start=\"869\" data-end=\"891\">Amplia aplicabilidad<\/strong><br data-start=\"891\" data-end=\"894\">Con fondo plano y dise\u00f1o preciso, este modelo de <strong data-start=\"940\" data-end=\"969\">pal\u00e9 de pl\u00e1stico resistente<\/strong> es compatible con sistemas automatizados, cintas transportadoras y estanter\u00edas verticales en <strong data-start=\"1061\" data-end=\"1085\">log\u00edstica industrial moderna<\/strong>.<\/p>\n<\/li>\n<li class=\"\" data-start=\"1088\" data-end=\"1300\">\n<p class=\"translation-block\" data-start=\"1090\" data-end=\"1300\"><strong data-start=\"1090\" data-end=\"1131\">Ecol\u00f3gico y reciclable<\/strong><br data-start=\"1131\" data-end=\"1134\">Fabricado en <strong data-start=\"1157\" data-end=\"1165\">HDPE reciclable<\/strong>, cumple con normativas medioambientales internacionales, reduciendo residuos a largo plazo y apoyando <strong data-start=\"1270\" data-end=\"1299\">cadenas de suministro sostenibles<\/strong>.<\/p>\n<\/li>\n<\/ul>\n<h2><strong>Escenarios de aplicaci\u00f3n:<\/strong><\/h2>\n<p class=\"translation-block\" data-start=\"2144\" data-end=\"2371\">Perfecto para fabricaci\u00f3n de maquinaria pesada, procesamiento de metales, almacenamiento a gran escala y log\u00edstica industrial de exportaci\u00f3n, donde se requieren pal\u00e9s de pl\u00e1stico resistentes para cargas elevadas y almacenamiento seguro.<\/p>\n<h2><strong>Opciones de personalizaci\u00f3n:<\/strong><\/h2>\n<ul>\n<li class=\"\" data-start=\"2405\" data-end=\"2537\">\n<p class=\"translation-block\" data-start=\"2407\" data-end=\"2537\">Color y marca: Ofrecemos igualaci\u00f3n de colores Pantone e impresi\u00f3n de logotipo para ajustarse a la zonificaci\u00f3n del almac\u00e9n o a la identidad de marca.<\/p>\n<\/li>\n<li class=\"\" data-start=\"2538\" data-end=\"2717\">\n<p class=\"translation-block\" data-start=\"2540\" data-end=\"2717\">Estructura y tama\u00f1o: Como proveedor chino de pal\u00e9s de pl\u00e1stico resistentes, ofrecemos personalizaci\u00f3n estructural, incluida la configuraci\u00f3n de patines, dimensiones y refuerzos necesarios.<\/p>\n<\/li>\n<\/ul>","protected":false},"excerpt":{"rendered":"<ul>\n<li data-start=\"96\" data-end=\"558\">Tuber\u00edas de acero con 3 patines, anti-flexi\u00f3n, reutilizables de alta resistencia<\/li>\n<li data-start=\"96\" data-end=\"558\">Carga din\u00e1mica de 1500 kg, carga est\u00e1tica de 6000 kg, estable<\/li>\n<li data-start=\"96\" data-end=\"558\">Base reforzada + antideslizante, entrada por 4 lados eficiente<\/li>\n<li data-start=\"96\" data-end=\"558\">Compatible con automatizaci\u00f3n, transportadores y estanter\u00edas verticales<\/li>\n<li data-start=\"96\" data-end=\"558\">Fabricaci\u00f3n de maquinaria pesada, procesamiento de metales, almacenamiento a gran escala<\/li>\n<li data-start=\"96\" data-end=\"558\">100% HDPE\/PP virgen reciclable, cumple con los est\u00e1ndares ecol\u00f3gicos globales<\/li>\n<li data-start=\"96\" data-end=\"558\">Colores, tama\u00f1os y logotipos personalizables<\/li>\n<li data-start=\"96\" data-end=\"558\">La superficie de la rejilla tiene buenas propiedades de ventilaci\u00f3n y antideslizantes<\/li>\n<\/ul>","protected":false},"featured_media":16335,"comment_status":"open","ping_status":"closed","template":"","meta":{"_seopress_robots_primary_cat":"none","_seopress_titles_title":"1200 \u00d7 1000 3 Runners Pallets - Vented Deck | Y1210WHZ","_seopress_titles_desc":"Heavy duty 1200 \u00d7 1000 plastic pallets with 3 runners and steel reinforcement. Ideal for racking, export, and bulk storage. From China plastic pallet manufacturer.","_seopress_robots_index":"","_angie_page":false},"product_brand":[],"product_cat":[83,89,84],"product_tag":[],"class_list":{"0":"post-5229","1":"product","2":"type-product","3":"status-publish","4":"has-post-thumbnail","6":"product_cat-all-product","7":"product_cat-heavy-duty-plastic-pallet","8":"product_cat-plastic-pallets","10":"first","11":"instock","12":"shipping-taxable","13":"product-type-simple"},"_links":{"self":[{"href":"https:\/\/cnplasticpallets.com\/es\/wp-json\/wp\/v2\/product\/5229","targetHints":{"allow":["GET"]}}],"collection":[{"href":"https:\/\/cnplasticpallets.com\/es\/wp-json\/wp\/v2\/product"}],"about":[{"href":"https:\/\/cnplasticpallets.com\/es\/wp-json\/wp\/v2\/types\/product"}],"replies":[{"embeddable":true,"href":"https:\/\/cnplasticpallets.com\/es\/wp-json\/wp\/v2\/comments?post=5229"}],"wp:featuredmedia":[{"embeddable":true,"href":"https:\/\/cnplasticpallets.com\/es\/wp-json\/wp\/v2\/media\/16335"}],"wp:attachment":[{"href":"https:\/\/cnplasticpallets.com\/es\/wp-json\/wp\/v2\/media?parent=5229"}],"wp:term":[{"taxonomy":"product_brand","embeddable":true,"href":"https:\/\/cnplasticpallets.com\/es\/wp-json\/wp\/v2\/product_brand?post=5229"},{"taxonomy":"product_cat","embeddable":true,"href":"https:\/\/cnplasticpallets.com\/es\/wp-json\/wp\/v2\/product_cat?post=5229"},{"taxonomy":"product_tag","embeddable":true,"href":"https:\/\/cnplasticpallets.com\/es\/wp-json\/wp\/v2\/product_tag?post=5229"}],"curies":[{"name":"wp","href":"https:\/\/api.w.org\/{rel}","templated":true}]}}