{"id":5107,"date":"2025-01-03T17:25:43","date_gmt":"2025-01-03T09:25:43","guid":{"rendered":"https:\/\/cnplasticpallets.com\/?post_type=product&#038;p=5107"},"modified":"2026-01-20T17:24:43","modified_gmt":"2026-01-20T09:24:43","slug":"9-legs-flat-hygienic-export","status":"publish","type":"product","link":"https:\/\/cnplasticpallets.com\/es\/product\/plastic-pallets\/hygienic-plastic-pallet\/9-legs-flat-hygienic-export\/","title":{"rendered":"Palets Pl\u00e1sticos Higi\u00e9nicos 1200 \u00d7 1000 de 9 Patas | ENL-B1210C"},"content":{"rendered":"<h2 data-start=\"0\" data-end=\"73\">Especificaciones del producto<\/h2>\n<table dir=\"ltr\" border=\"1\" cellspacing=\"0\" cellpadding=\"0\" data-sheets-root=\"1\" data-sheets-baot=\"1\">\n<colgroup>\n<col width=\"160\" \/>\n<col width=\"327\" \/><\/colgroup>\n<tbody>\n<tr>\n<td>Modelo<\/td>\n<td>ENL-B1210C<\/td>\n<\/tr>\n<tr>\n<td>Materiales<\/td>\n<td>Polietileno de alta densidad (HDPE); Polipropileno (PP)<\/td>\n<\/tr>\n<tr>\n<td>Dimensiones (L\u00d7A\u00d7H mm)<\/td>\n<td>1200 mm \u00d7 1000 mm \u00d7 135 mm, a medida<\/td>\n<\/tr>\n<tr>\n<td>Procesos<\/td>\n<td>Moldeo por Inyecci\u00f3n<\/td>\n<\/tr>\n<tr>\n<td>Peso<\/td>\n<td>10,9 g<\/td>\n<\/tr>\n<tr>\n<td>Barras de Refuerzo<\/td>\n<td>8 barras (5kg)<\/td>\n<\/tr>\n<tr>\n<td>Base<\/td>\n<td>9 patas<\/td>\n<\/tr>\n<tr>\n<td>Cubierta Superior<\/td>\n<td>Plataforma s\u00f3lida<\/td>\n<\/tr>\n<tr>\n<td>Montacargas<\/td>\n<td>Entrada por 4 lados<\/td>\n<\/tr>\n<tr>\n<td>Transpaleta<\/td>\n<td>Entrada por 4 lados<\/td>\n<\/tr>\n<tr>\n<td>Higi\u00e9nico<\/td>\n<td>S\u00ed<\/td>\n<\/tr>\n<tr>\n<td>Reutilizable<\/td>\n<td>S\u00ed<\/td>\n<\/tr>\n<tr>\n<td>Logotipo \/ Impresi\u00f3n<\/td>\n<td>S\u00ed<\/td>\n<\/tr>\n<tr>\n<td>Capacidad Est\u00e1tica<\/td>\n<td>4000kg<\/td>\n<\/tr>\n<tr>\n<td>Capacidad Din\u00e1mica<\/td>\n<td>1000 kg<\/td>\n<\/tr>\n<tr>\n<td>Temperatura de uso<\/td>\n<td>-40\u2103 a 70\u2103<\/td>\n<\/tr>\n<tr>\n<td>Color<\/td>\n<td>Azul, Rojo, Amarillo, Verde, Gris, Blanco, Personalizado<\/td>\n<\/tr>\n<tr>\n<td>Cantidad en 20FT<\/td>\n<td>200 unidades<\/td>\n<\/tr>\n<tr>\n<td>Cantidad en 40HC<\/td>\n<td>500 unidades<\/td>\n<\/tr>\n<\/tbody>\n<\/table>\n<h2 data-start=\"0\" data-end=\"73\">Caracter\u00edsticas clave<\/h2>\n<p data-start=\"75\" data-end=\"111\"><strong>Superficie superior lisa y continua<\/strong><\/p>\n<p class=\"\" data-start=\"112\" data-end=\"247\">El dise\u00f1o cerrado y plano evita la acumulaci\u00f3n de residuos, ideal para sectores sensibles como alimentaci\u00f3n, farmacia y electr\u00f3nica.<\/p>\n<p data-start=\"112\" data-end=\"247\"><strong>Estructura higi\u00e9nica para entornos sensibles<\/strong><\/p>\n<p data-start=\"112\" data-end=\"247\">Dise\u00f1ado para sectores donde la higiene es cr\u00edtica, este pal\u00e9 de 9 patas cuenta con una superficie continua que reduce el riesgo de contaminaci\u00f3n. Su cuerpo moldeado en una sola pieza no tiene uniones ni huecos, cumpliendo con est\u00e1ndares alimentarios, farmac\u00e9uticos y de salas blancas.<\/p>\n<p data-start=\"249\" data-end=\"284\"><strong>Estructura base cl\u00e1sica de 9 patas<\/strong><\/p>\n<p class=\"\" data-start=\"285\" data-end=\"413\">Optimizado para entrada por los cuatro lados, sus patas centrales anchas aseguran distribuci\u00f3n equilibrada de la carga y mayor resistencia al impacto.<\/p>\n<p data-start=\"415\" data-end=\"457\"><strong>Moldeo por inyecci\u00f3n en una sola pieza y alta resistencia<\/strong><\/p>\n<p class=\"\" data-start=\"458\" data-end=\"582\">Fabricado sin tornillos ni soldaduras, reduce el riesgo de rotura. Las esquinas redondeadas minimizan da\u00f1os al producto durante la manipulaci\u00f3n.<\/p>\n<p data-start=\"584\" data-end=\"627\"><strong>Refuerzo con tubos de acero opcionales<\/strong><\/p>\n<p class=\"\" data-start=\"628\" data-end=\"752\">Cuatro canales internos permiten a\u00f1adir f\u00e1cilmente barras de acero, aumentando la capacidad de carga para tareas exigentes en exportaci\u00f3n o almac\u00e9n.<\/p>\n<p data-start=\"754\" data-end=\"791\"><strong>Encajable para almacenamiento eficiente<\/strong><\/p>\n<p class=\"\" data-start=\"792\" data-end=\"914\">Cuando no se utiliza, puede encajarse en posici\u00f3n alterna para ahorrar espacio en almac\u00e9n y reducir costes de almacenamiento.<\/p>\n<p data-start=\"916\" data-end=\"954\"><strong>Opcional: almohadillas antideslizantes<\/strong><\/p>\n<p class=\"\" data-start=\"955\" data-end=\"1071\">Almohadillas de goma en cada esquina aumentan la fricci\u00f3n con el suelo, manteniendo el pal\u00e9 estable en movimiento o almacenado.<\/p>\n<p data-start=\"1073\" data-end=\"1119\"><strong>Material HDPE de alto rendimiento<\/strong><\/p>\n<p class=\"\" data-start=\"1120\" data-end=\"1241\">Fabricado en HDPE, ofrece resistencia t\u00e9rmica de -30\u202f\u00b0C a +70\u202f\u00b0C, ideal para uso prolongado en interiores y exteriores.<\/p>\n<h2 data-start=\"1120\" data-end=\"1241\"><span style=\"font-weight: 400;\">Aplicaciones<\/span><\/h2>\n<table dir=\"ltr\" border=\"1\" cellspacing=\"0\" cellpadding=\"0\" data-sheets-root=\"1\" data-sheets-baot=\"1\">\n<colgroup>\n<col width=\"229\" \/>\n<col width=\"990\" \/><\/colgroup>\n<tbody>\n<tr>\n<td>Industria de Aplicaci\u00f3n<\/td>\n<td>Casos de Uso Espec\u00edficos<\/td>\n<\/tr>\n<tr>\n<td>Plantas de procesamiento de alimentos<\/td>\n<td>Empaque de carne, transporte de productos l\u00e1cteos, manejo de alimentos congelados, traslado de ingredientes crudos, carga higi\u00e9nica de bandejas<\/td>\n<\/tr>\n<tr>\n<td>Log\u00edstica farmac\u00e9utica<\/td>\n<td>Almacenamiento en salas blancas, manejo de tambores de API, transporte de dispositivos m\u00e9dicos, cadena de fr\u00edo para vacunas, pal\u00e9s para zonas est\u00e9riles<\/td>\n<\/tr>\n<tr>\n<td>Fabricaci\u00f3n de bebidas<\/td>\n<td>Apilado de botellas de agua, manejo de cajas de jugo, l\u00edneas de envasado de latas, log\u00edstica de preformas PET, apilado en almac\u00e9n de bebidas<\/td>\n<\/tr>\n<tr>\n<td>Embalaje para exportaci\u00f3n<\/td>\n<td>Env\u00edos unidireccionales en contenedor, pal\u00e9s para aduanas, soporte para carga a\u00e9rea, base para flete mar\u00edtimo, embalaje global a granel<\/td>\n<\/tr>\n<tr>\n<td>Fabricaci\u00f3n de electr\u00f3nicos<\/td>\n<td>Movimiento de racks PCB, transporte de cajas de piezas, almacenamiento de productos antiest\u00e1ticos, manejo de paneles LCD, empaque de semiconductores<\/td>\n<\/tr>\n<tr>\n<td>Centros de distribuci\u00f3n minorista<\/td>\n<td>Transferencia de mercanc\u00eda a granel, almacenamiento en trastienda, cumplimiento de e-commerce, operaciones de cross-docking, clasificaci\u00f3n de devoluciones<\/td>\n<\/tr>\n<tr>\n<td>Almacenamiento en cadena de fr\u00edo<\/td>\n<td>Manejo de mariscos congelados, transporte de productos refrigerados, log\u00edstica de helados, distribuci\u00f3n de carnes refrigeradas, almacenamiento l\u00e1cteo fr\u00edo<\/td>\n<\/tr>\n<tr>\n<td>Industria qu\u00edmica<\/td>\n<td>Manejo de tambores no peligrosos, pal\u00e9s para productos qu\u00edmicos, transporte de reactivos de laboratorio, empaque de aditivos, movimiento de agentes de limpieza<\/td>\n<\/tr>\n<tr>\n<td>Exportaci\u00f3n agr\u00edcola<\/td>\n<td>Cajas de fruta fresca, estaciones de empaque de vegetales, unidades de procesamiento de hierbas, transporte de cajas de flores, env\u00edo de productos de invernadero<\/td>\n<\/tr>\n<\/tbody>\n<\/table>","protected":false},"excerpt":{"rendered":"<p class=\"translation-block\"><span style=\"font-weight: 400\">Fabricados en <\/span><b>HDPE moldeado por inyecci\u00f3n en una sola pieza,<\/b><span style=\"font-weight: 400\"> nuestros <strong>ENL-B1210C<\/strong> palets pl\u00e1sticos de exportaci\u00f3n higi\u00e9nicos, apilables y de superficie plana con 9 patas cuentan con <\/span><b>superficie superior lisa, base de rejilla reforzada<\/b><span style=\"font-weight: 400\"> y <\/span><b>barras de acero opcionales.<\/b><span style=\"font-weight: 400\"> Apilables y encajables, son ideales para <\/span><b>alimentos, farmac\u00e9utica y exportaci\u00f3n.<\/b><span style=\"font-weight: 400\"> Fabricados en nuestras propias instalaciones en China, estos palets se producen con alta precisi\u00f3n para manipulaci\u00f3n en suelo, zonas de higiene estricta y necesidades de apilado a granel, garantizando una log\u00edstica m\u00e1s segura y eficiente en espacio.<\/span><\/p>","protected":false},"featured_media":5058,"comment_status":"open","ping_status":"closed","template":"","meta":{"_seopress_robots_primary_cat":"none","_seopress_titles_title":"1200 \u00d71000 Hygienic Plastic Pallets 9 Legs | ENL-B1210C","_seopress_titles_desc":"Stackable export hygienic plastic pallets, crafted for international shipping. Manufactured in-house for quality assurance and offered at wholesale prices.","_seopress_robots_index":"","_angie_page":false},"product_brand":[],"product_cat":[83,90,84],"product_tag":[],"class_list":{"0":"post-5107","1":"product","2":"type-product","3":"status-publish","4":"has-post-thumbnail","6":"product_cat-all-product","7":"product_cat-hygienic-plastic-pallet","8":"product_cat-plastic-pallets","10":"first","11":"instock","12":"shipping-taxable","13":"product-type-simple"},"_links":{"self":[{"href":"https:\/\/cnplasticpallets.com\/es\/wp-json\/wp\/v2\/product\/5107","targetHints":{"allow":["GET"]}}],"collection":[{"href":"https:\/\/cnplasticpallets.com\/es\/wp-json\/wp\/v2\/product"}],"about":[{"href":"https:\/\/cnplasticpallets.com\/es\/wp-json\/wp\/v2\/types\/product"}],"replies":[{"embeddable":true,"href":"https:\/\/cnplasticpallets.com\/es\/wp-json\/wp\/v2\/comments?post=5107"}],"wp:featuredmedia":[{"embeddable":true,"href":"https:\/\/cnplasticpallets.com\/es\/wp-json\/wp\/v2\/media\/5058"}],"wp:attachment":[{"href":"https:\/\/cnplasticpallets.com\/es\/wp-json\/wp\/v2\/media?parent=5107"}],"wp:term":[{"taxonomy":"product_brand","embeddable":true,"href":"https:\/\/cnplasticpallets.com\/es\/wp-json\/wp\/v2\/product_brand?post=5107"},{"taxonomy":"product_cat","embeddable":true,"href":"https:\/\/cnplasticpallets.com\/es\/wp-json\/wp\/v2\/product_cat?post=5107"},{"taxonomy":"product_tag","embeddable":true,"href":"https:\/\/cnplasticpallets.com\/es\/wp-json\/wp\/v2\/product_tag?post=5107"}],"curies":[{"name":"wp","href":"https:\/\/api.w.org\/{rel}","templated":true}]}}