{"id":4498,"date":"2024-12-17T16:38:35","date_gmt":"2024-12-17T08:38:35","guid":{"rendered":"https:\/\/cnplasticpallets.com\/?post_type=product&#038;p=4498"},"modified":"2026-01-28T10:02:04","modified_gmt":"2026-01-28T02:02:04","slug":"6-runners-flat","status":"publish","type":"product","link":"https:\/\/cnplasticpallets.com\/es\/product\/plastic-pallets\/full-perimeter-plastic-pallet\/6-runners-flat\/","title":{"rendered":"Pal\u00e9 pl\u00e1stico de per\u00edmetro completo \u2013 6 patines \u2013 Superficie plana | H1210PT-A"},"content":{"rendered":"<h2>Especificaci\u00f3n del Producto<\/h2>\n<table>\n<tbody>\n<tr>\n<td width=\"196\">Modelo<\/td>\n<td width=\"479\">H1210PT-A<\/td>\n<\/tr>\n<tr>\n<td width=\"196\">Materiales<\/td>\n<td width=\"479\">Polietileno de alta densidad (HDPE); Polipropileno (PP)<\/td>\n<\/tr>\n<tr>\n<td width=\"196\">Dimensiones (L\u00d7A\u00d7H mm)<\/td>\n<td width=\"479\">1200mm \u00d7 1000mm \u00d7 150mm, Personalizado<\/td>\n<\/tr>\n<tr>\n<td width=\"196\">Procesos<\/td>\n<td width=\"479\">Moldeo por inyecci\u00f3n + Soldadura<\/td>\n<\/tr>\n<tr>\n<td width=\"196\">Peso<\/td>\n<td width=\"479\">17 kg<\/td>\n<\/tr>\n<tr>\n<td width=\"196\">Barras de Refuerzo<\/td>\n<td width=\"479\">8 barras (5kg)<\/td>\n<\/tr>\n<tr>\n<td width=\"196\">Base<\/td>\n<td width=\"479\">6 Patines<\/td>\n<\/tr>\n<tr>\n<td width=\"196\">Cubierta Superior<\/td>\n<td width=\"479\">Plataforma s\u00f3lida<\/td>\n<\/tr>\n<tr>\n<td width=\"196\">Montacargas<\/td>\n<td width=\"479\">Entrada por 4 lados<\/td>\n<\/tr>\n<tr>\n<td width=\"196\">Transpaleta<\/td>\n<td width=\"479\">Entrada por 4 lados<\/td>\n<\/tr>\n<tr>\n<td width=\"196\">Higi\u00e9nico<\/td>\n<td width=\"479\">S\u00ed<\/td>\n<\/tr>\n<tr>\n<td width=\"196\">Apto para estanter\u00edas<\/td>\n<td width=\"479\">S\u00ed<\/td>\n<\/tr>\n<tr>\n<td width=\"196\">Apilable<\/td>\n<td width=\"479\">S\u00ed<\/td>\n<\/tr>\n<tr>\n<td width=\"196\">Reutilizable<\/td>\n<td width=\"479\">S\u00ed<\/td>\n<\/tr>\n<tr>\n<td width=\"196\">Logotipo \/ Impresi\u00f3n<\/td>\n<td width=\"479\">S\u00ed<\/td>\n<\/tr>\n<tr>\n<td width=\"196\">Capacidad Est\u00e1tica<\/td>\n<td width=\"479\">6000 kg (reforzado)<\/td>\n<\/tr>\n<tr>\n<td width=\"196\">Capacidad Din\u00e1mica<\/td>\n<td width=\"479\">2000 kg (reforzado)<\/td>\n<\/tr>\n<tr>\n<td width=\"196\">Capacidad en estanter\u00eda<\/td>\n<td width=\"479\">1500 kg (reforzado)<\/td>\n<\/tr>\n<tr>\n<td width=\"196\">Temperatura de uso<\/td>\n<td width=\"479\">-40\u2103 a 70\u2103<\/td>\n<\/tr>\n<tr>\n<td width=\"196\">Color<\/td>\n<td width=\"479\">Amarillo, Azul, Rojo, Verde, Negro, Blanco, Personalizado<\/td>\n<\/tr>\n<tr>\n<td width=\"196\">Cantidad en 20FT<\/td>\n<td width=\"479\">150 unidades<\/td>\n<\/tr>\n<tr>\n<td width=\"196\">Cantidad en 40HC<\/td>\n<td width=\"479\">367 piezas<\/td>\n<\/tr>\n<\/tbody>\n<\/table>\n<p>Los pal\u00e9s planos de pl\u00e1stico con <strong>6 patines<\/strong> est\u00e1n dise\u00f1ados con seis apoyos inferiores (llamados \u201cpatines\u201d) y se utilizan principalmente para la manipulaci\u00f3n, almacenamiento y transporte de materiales.<\/p>\n<h2>Caracter\u00edsticas del producto: Pal\u00e9s planos de pl\u00e1stico con 6 patines<\/h2>\n<p data-start=\"147\" data-end=\"191\"><strong>Base perimetral completa para apilado seguro<\/strong><\/p>\n<p data-start=\"192\" data-end=\"471\" class=\"translation-block\">Este pal\u00e9 cuenta con una estructura de base perimetral cerrada que brinda soporte continuo en la parte inferior. A diferencia de los modelos de cubierta abierta o de nueve patas, su dise\u00f1o cerrado reduce la flexi\u00f3n y evita el colapso en las esquinas al apilar o cargar contenedores.<\/p>\n<p data-start=\"473\" data-end=\"525\"><strong>Superficie plana para mayor estabilidad y limpieza sencilla<\/strong><\/p>\n<p data-start=\"526\" data-end=\"778\" class=\"translation-block\">La cubierta s\u00f3lida ofrece una superficie lisa que mantiene cajas, bidones y embalajes blandos sin puntos de presi\u00f3n ni desplazamientos. Tambi\u00e9n evita la acumulaci\u00f3n de polvo y residuos, ideal para salas limpias, c\u00e1maras frigor\u00edficas o l\u00edneas de manipulaci\u00f3n alimentaria.<\/p>\n<p data-start=\"780\" data-end=\"832\"><strong>Capacidad de carga adaptada a exportaci\u00f3n y almacenes<\/strong><\/p>\n<p data-start=\"833\" data-end=\"1134\" class=\"translation-block\">Fabricado en HDPE o PP, cada pal\u00e9 soporta hasta 6T de carga din\u00e1mica y 1.5T en apilado vertical. Con dimensiones de 1200\u00d71000 mm y dise\u00f1o de cara simple, es compatible con la mayor\u00eda de estanter\u00edas de almacenes y contenedores internacionales, adecuado para exportaciones y manipulaci\u00f3n masiva nacional.<\/p>\n<p data-start=\"1136\" data-end=\"1167\"><strong>Accesible desde los cuatro lados<\/strong><\/p>\n<p data-start=\"1168\" data-end=\"1372\" class=\"translation-block\">El pal\u00e9 incluye un sistema de entrada de 4 v\u00edas compatible con montacargas, transpaletas el\u00e9ctricas y brazos rob\u00f3ticos automatizados. Mejora la eficiencia en centros log\u00edsticos y sistemas automatizados ASRS.<\/p>\n<p data-start=\"1374\" data-end=\"1424\"><strong>Refuerzo de acero opcional para uso en estanter\u00edas<\/strong><\/p>\n<p data-start=\"1425\" data-end=\"1663\" class=\"translation-block\">Si su operaci\u00f3n requiere almacenaje en estanter\u00edas sin soporte central, se pueden incorporar tubos de acero internos. Esto convierte el pal\u00e9 en un modelo apto para estanter\u00edas con mayor carga est\u00e1tica sin comprometer la integridad estructural.<\/p>\n<p data-start=\"1090\" data-end=\"1120\"><strong><strong>Material resistente HDPE\/PP<\/strong><\/strong><\/p>\n<p data-start=\"1121\" data-end=\"1294\">Moldeado en HDPE o PP, el pal\u00e9 resiste la corrosi\u00f3n, productos qu\u00edmicos y cambios de temperatura, garantizando durabilidad en exteriores, salas limpias y zonas de congelaci\u00f3n.<\/p>\n<h2><strong>Aplicaciones del pal\u00e9 plano de pl\u00e1stico con 6 patines<\/strong><\/h2>\n<p data-start=\"1900\" data-end=\"1935\"><strong>Apilado en suelo y almacenamiento masivo<\/strong><\/p>\n<p data-start=\"1936\" data-end=\"2121\" class=\"translation-block\">En almacenes de alto flujo, este pal\u00e9 apilable permite apilar cajas, contenedores pl\u00e1sticos y cargas retractiladas sin desplazamientos ni deformaciones en la base.<\/p>\n<p data-start=\"2123\" data-end=\"2160\"><strong>Manejo de bidones y tambores qu\u00edmicos<\/strong><\/p>\n<p data-start=\"2161\" data-end=\"2366\" class=\"translation-block\">La cubierta plana es ideal para tambores de lubricantes, barriles qu\u00edmicos e IBCs, evitando deslizamientos y asegurando una distribuci\u00f3n segura del peso. Su estructura r\u00edgida soporta cargas centrales sin flexi\u00f3n inferior.<\/p>\n<p data-start=\"2368\" data-end=\"2404\"><strong>Exportaci\u00f3n y env\u00edos en contenedores<\/strong><\/p>\n<p data-start=\"2405\" data-end=\"2614\" class=\"translation-block\">Gracias a su tama\u00f1o conforme a normas ISO y bordes perimetrales, este pal\u00e9 para apilado funciona eficientemente en transporte mar\u00edtimo, reduciendo el movimiento del producto durante el trayecto.<\/p>\n<p data-start=\"2616\" data-end=\"2652\"><strong>Cadena de fr\u00edo y sistemas automatizados<\/strong><\/p>\n<p data-start=\"2653\" data-end=\"2917\" class=\"translation-block\">Con alta resistencia a impactos y tolerancia a -20\u202f\u00b0C, se desplaza sin problemas en cintas transportadoras y l\u00edneas automatizadas. Ideal para c\u00e1maras frigor\u00edficas, envasado de alimentos o log\u00edstica farmac\u00e9utica, donde la higiene y precisi\u00f3n dimensional son clave.<\/p>\n<p class=\"translation-block\" data-start=\"2195\" data-end=\"2367\">Elija a Enlightening como su fabricante de confianza de pal\u00e9s pl\u00e1sticos con 6 patines, con calidad constante, soluciones escalables y sistemas adaptados para industrias globales.<\/p>","protected":false},"excerpt":{"rendered":"<ul>\n<li>Base de per\u00edmetro completo, anti flexi\u00f3n y anti colapso<\/li>\n<li>Superficie plana, colocaci\u00f3n estable y f\u00e1cil limpieza<\/li>\n<li>Carga din\u00e1mica de 6T, carga de apilado vertical de 1.5T<\/li>\n<li>Entrada por 4 lados, compatible con todo el equipo de manipulaci\u00f3n<\/li>\n<li>Refuerzo de acero opcional para uso en estanter\u00edas<\/li>\n<li>Material HDPE\/PP, resistente a corrosi\u00f3n y qu\u00edmicos<\/li>\n<li>Adecuado para almacenamiento, exportaci\u00f3n, cadena de fr\u00edo y manipulaci\u00f3n qu\u00edmica<\/li>\n<\/ul>","protected":false},"featured_media":10749,"comment_status":"open","ping_status":"closed","template":"","meta":{"_seopress_robots_primary_cat":"none","_seopress_titles_title":"Full Perimeter Plastic Pallet - 6 Runners - Flat Deck | H1210PT-A","_seopress_titles_desc":"High-quality full perimeter plastic pallet with 6 runners, ideal for stacking, racking, and automated systems. Wholesale from China pallet manufacturer.","_seopress_robots_index":"","_angie_page":false},"product_brand":[],"product_cat":[83,87,84],"product_tag":[44,45,62],"class_list":{"0":"post-4498","1":"product","2":"type-product","3":"status-publish","4":"has-post-thumbnail","6":"product_cat-all-product","7":"product_cat-full-perimeter-plastic-pallet","8":"product_cat-plastic-pallets","9":"product_tag-custom-plastic-pallets","10":"product_tag-euro-plastic-pallets","11":"product_tag-plastic-pallet-manufacturer","13":"first","14":"instock","15":"shipping-taxable","16":"product-type-simple"},"_links":{"self":[{"href":"https:\/\/cnplasticpallets.com\/es\/wp-json\/wp\/v2\/product\/4498","targetHints":{"allow":["GET"]}}],"collection":[{"href":"https:\/\/cnplasticpallets.com\/es\/wp-json\/wp\/v2\/product"}],"about":[{"href":"https:\/\/cnplasticpallets.com\/es\/wp-json\/wp\/v2\/types\/product"}],"replies":[{"embeddable":true,"href":"https:\/\/cnplasticpallets.com\/es\/wp-json\/wp\/v2\/comments?post=4498"}],"wp:featuredmedia":[{"embeddable":true,"href":"https:\/\/cnplasticpallets.com\/es\/wp-json\/wp\/v2\/media\/10749"}],"wp:attachment":[{"href":"https:\/\/cnplasticpallets.com\/es\/wp-json\/wp\/v2\/media?parent=4498"}],"wp:term":[{"taxonomy":"product_brand","embeddable":true,"href":"https:\/\/cnplasticpallets.com\/es\/wp-json\/wp\/v2\/product_brand?post=4498"},{"taxonomy":"product_cat","embeddable":true,"href":"https:\/\/cnplasticpallets.com\/es\/wp-json\/wp\/v2\/product_cat?post=4498"},{"taxonomy":"product_tag","embeddable":true,"href":"https:\/\/cnplasticpallets.com\/es\/wp-json\/wp\/v2\/product_tag?post=4498"}],"curies":[{"name":"wp","href":"https:\/\/api.w.org\/{rel}","templated":true}]}}