{"id":4494,"date":"2024-12-17T16:37:29","date_gmt":"2024-12-17T08:37:29","guid":{"rendered":"https:\/\/cnplasticpallets.com\/?post_type=product&#038;p=4494"},"modified":"2026-01-28T10:03:55","modified_gmt":"2026-01-28T02:03:55","slug":"6-runners-grid","status":"publish","type":"product","link":"https:\/\/cnplasticpallets.com\/es\/product\/plastic-pallets\/full-perimeter-plastic-pallet\/6-runners-grid\/","title":{"rendered":"Palet Pl\u00e1stico de Per\u00edmetro Completo \u2013 6 Patines \u2013 Deck de Rejilla | Y1210WTF"},"content":{"rendered":"<h2>Especificaci\u00f3n del Producto<\/h2>\n<table>\n<tbody>\n<tr>\n<td width=\"196\">Modelo<\/td>\n<td width=\"479\">Y1210WTF<\/td>\n<\/tr>\n<tr>\n<td width=\"196\">Materiales<\/td>\n<td width=\"479\">Polietileno de alta densidad (HDPE); Polipropileno (PP)<\/td>\n<\/tr>\n<tr>\n<td width=\"196\">Dimensiones (L\u00d7A\u00d7H mm)<\/td>\n<td width=\"479\">1200mm \u00d7 1000mm \u00d7 150mm, Personalizado<\/td>\n<\/tr>\n<tr>\n<td width=\"196\">Procesos<\/td>\n<td width=\"479\">Moldeo por Inyecci\u00f3n<\/td>\n<\/tr>\n<tr>\n<td width=\"196\">Peso<\/td>\n<td width=\"479\">13.8 kg<\/td>\n<\/tr>\n<tr>\n<td width=\"196\">Barras de Refuerzo<\/td>\n<td width=\"479\">8 barras (5kg)<\/td>\n<\/tr>\n<tr>\n<td width=\"196\">Base<\/td>\n<td width=\"479\">6 Patines<\/td>\n<\/tr>\n<tr>\n<td width=\"196\">Cubierta Superior<\/td>\n<td width=\"479\">Cubierta Ventilada<\/td>\n<\/tr>\n<tr>\n<td width=\"196\">Montacargas<\/td>\n<td width=\"479\">Entrada por 4 lados<\/td>\n<\/tr>\n<tr>\n<td width=\"196\">Transpaleta<\/td>\n<td width=\"479\">Entrada por 4 lados<\/td>\n<\/tr>\n<tr>\n<td width=\"196\">Higi\u00e9nico<\/td>\n<td width=\"479\">No<\/td>\n<\/tr>\n<tr>\n<td width=\"196\">Apto para estanter\u00edas<\/td>\n<td width=\"479\">S\u00ed<\/td>\n<\/tr>\n<tr>\n<td width=\"196\">Apilable<\/td>\n<td width=\"479\">S\u00ed<\/td>\n<\/tr>\n<tr>\n<td width=\"196\">Reutilizable<\/td>\n<td width=\"479\">S\u00ed<\/td>\n<\/tr>\n<tr>\n<td width=\"196\">Logotipo \/ Impresi\u00f3n<\/td>\n<td width=\"479\">S\u00ed<\/td>\n<\/tr>\n<tr>\n<td width=\"196\">Capacidad Est\u00e1tica<\/td>\n<td width=\"479\">6000 kg (reforzado)<\/td>\n<\/tr>\n<tr>\n<td width=\"196\">Capacidad Din\u00e1mica<\/td>\n<td width=\"479\">1500 kg (reforzado)<\/td>\n<\/tr>\n<tr>\n<td width=\"196\">Capacidad en estanter\u00eda<\/td>\n<td width=\"479\">1000kg(reforzado)<\/td>\n<\/tr>\n<tr>\n<td width=\"196\">Temperatura de uso<\/td>\n<td width=\"479\">-40\u2103 a 70\u2103<\/td>\n<\/tr>\n<tr>\n<td width=\"196\">Color<\/td>\n<td width=\"479\">Amarillo, Azul, Rojo, Verde, Negro, Blanco, Personalizado<\/td>\n<\/tr>\n<tr>\n<td width=\"196\">Cantidad en 20FT<\/td>\n<td width=\"479\">150 unidades<\/td>\n<\/tr>\n<tr>\n<td width=\"196\">Cantidad en 40HC<\/td>\n<td width=\"479\">367 piezas<\/td>\n<\/tr>\n<\/tbody>\n<\/table>\n<p class=\"translation-block\" data-start=\"499\" data-end=\"844\">El <strong data-start=\"527\" data-end=\"560\">pal\u00e9 de pl\u00e1stico ventilado con 6 patines<\/strong> es un modelo rackeable de alta calidad, dise\u00f1ado para ofrecer resistencia, seguridad e integraci\u00f3n fluida en sistemas automatizados. Fabricado con <strong data-start=\"704\" data-end=\"712\">HDPE<\/strong> duradero y reforzado con <strong data-start=\"729\" data-end=\"757\">8 barras de acero galvanizado<\/strong>, este <strong data-start=\"764\" data-end=\"797\">pal\u00e9 pl\u00e1stico con base perimetral<\/strong> ofrece un rendimiento de carga excepcional.<\/p>\n<h3 class=\"\" data-start=\"846\" data-end=\"862\">Caracter\u00edsticas clave<\/h3>\n<ul data-start=\"864\" data-end=\"1879\">\n<li class=\"\" data-start=\"864\" data-end=\"1052\">\n<p class=\"\" data-start=\"866\" data-end=\"1052\"><strong data-start=\"866\" data-end=\"903\">Base Perimetral Completa y Superficie Rejilla Ventilada<\/strong><br data-start=\"903\" data-end=\"906\" \/>Dise\u00f1ado con estructura de seis patines y superficie ventilada para apilado estable y mejor circulaci\u00f3n de aire. Ideal para almacenamiento denso y sistemas de estanter\u00edas.<\/p>\n<\/li>\n<li class=\"\" data-start=\"1054\" data-end=\"1244\">\n<p class=\"\" data-start=\"1056\" data-end=\"1244\"><strong data-start=\"1056\" data-end=\"1096\">Protecci\u00f3n Antideslizante (Dise\u00f1o Triple)<\/strong><br data-start=\"1096\" data-end=\"1099\" \/>Equipado con 8 almohadillas antideslizantes superiores, 4 en los patines y zonas especiales de contacto con montacargas, asegurando la carga y aumentando la seguridad operativa.<\/p>\n<\/li>\n<li class=\"\" data-start=\"1246\" data-end=\"1417\">\n<p class=\"\" data-start=\"1248\" data-end=\"1417\"><strong data-start=\"1248\" data-end=\"1281\">Entrada de 4 v\u00edas compatible con montacargas<\/strong><br data-start=\"1281\" data-end=\"1284\" \/>Apto para montacargas y transpaletas desde cualquier direcci\u00f3n, optimizando el movimiento en entornos automatizados o manuales.<\/p>\n<\/li>\n<li class=\"\" data-start=\"1419\" data-end=\"1594\">\n<p class=\"\" data-start=\"1421\" data-end=\"1594\"><strong data-start=\"1421\" data-end=\"1446\">N\u00facleo de acero reforzado<\/strong><br data-start=\"1446\" data-end=\"1449\" \/>Barras internas galvanizadas en cruz (4 en la plataforma, 4 en los patines) para mayor resistencia en condiciones de estanter\u00eda y transporte din\u00e1mico.<\/p>\n<\/li>\n<li class=\"\" data-start=\"1596\" data-end=\"1745\">\n<p class=\"\" data-start=\"1598\" data-end=\"1745\"><strong data-start=\"1598\" data-end=\"1623\">Zonas para RFID y marca<\/strong><br data-start=\"1623\" data-end=\"1626\" \/>Incluye 5 \u00e1reas RFID con cubiertas protectoras y protectores de borde para preservar logotipos o impresiones en relieve.<\/p>\n<\/li>\n<li class=\"\" data-start=\"1747\" data-end=\"1879\">\n<p class=\"\" data-start=\"1749\" data-end=\"1879\"><strong data-start=\"1749\" data-end=\"1779\">Fijaci\u00f3n segura de barras de acero<\/strong><br data-start=\"1779\" data-end=\"1782\" \/>Cada inserto de acero va atornillado para evitar aflojamientos o riesgos de lesi\u00f3n durante el uso prolongado.<\/p>\n<\/li>\n<\/ul>\n<h3 class=\"\" data-start=\"1881\" data-end=\"1897\">Aplicaciones<\/h3>\n<p class=\"translation-block\" data-start=\"1899\" data-end=\"2103\">Ideal para log\u00edstica, almacenes, sistemas automatizados y transporte internacional. Este pal\u00e9 responde a industrias que requieren soluciones apilables, rackeables y de alta resistencia.<\/p>","protected":false},"excerpt":{"rendered":"<ul>\n<li>Rejilla ventilada de per\u00edmetro completo, apilado estable con 6 patines<\/li>\n<li>Dise\u00f1o antideslizante triple, seguridad por zonas<\/li>\n<li>Entrada por 4 lados, compatible con todo el equipo de manipulaci\u00f3n<\/li>\n<li>N\u00facleo de acero galvanizado, refuerzo transversal para mayor resistencia<\/li>\n<li>5 zonas RFID protegidas, protecci\u00f3n del logotipo de marca<\/li>\n<li>Uso log\u00edstico multiprop\u00f3sito, alta resistencia, apilable y apto para racks<\/li>\n<li>HDPE\/PP virgen 100% reciclable<\/li>\n<li>Colores, logotipos y tama\u00f1os totalmente personalizables<\/li>\n<\/ul>","protected":false},"featured_media":2162,"comment_status":"open","ping_status":"closed","template":"","meta":{"_seopress_robots_primary_cat":"none","_seopress_titles_title":"Full Perimeter Plastic Pallet - 6 Runners - Grid Deck | Y1210WTF","_seopress_titles_desc":"Durable full perimeter plastic pallet with grid deck, ideal for stacking, racking, and logistics. Trusted China 6 runners plastic pallet manufacturer.","_seopress_robots_index":"","_angie_page":false},"product_brand":[],"product_cat":[83,87,84],"product_tag":[53,44,61],"class_list":{"0":"post-4494","1":"product","2":"type-product","3":"status-publish","4":"has-post-thumbnail","6":"product_cat-all-product","7":"product_cat-full-perimeter-plastic-pallet","8":"product_cat-plastic-pallets","9":"product_tag-anti-slip-plastic-pallets","10":"product_tag-custom-plastic-pallets","11":"product_tag-single-faced-plastic-pallet","13":"first","14":"instock","15":"shipping-taxable","16":"product-type-simple"},"_links":{"self":[{"href":"https:\/\/cnplasticpallets.com\/es\/wp-json\/wp\/v2\/product\/4494","targetHints":{"allow":["GET"]}}],"collection":[{"href":"https:\/\/cnplasticpallets.com\/es\/wp-json\/wp\/v2\/product"}],"about":[{"href":"https:\/\/cnplasticpallets.com\/es\/wp-json\/wp\/v2\/types\/product"}],"replies":[{"embeddable":true,"href":"https:\/\/cnplasticpallets.com\/es\/wp-json\/wp\/v2\/comments?post=4494"}],"wp:featuredmedia":[{"embeddable":true,"href":"https:\/\/cnplasticpallets.com\/es\/wp-json\/wp\/v2\/media\/2162"}],"wp:attachment":[{"href":"https:\/\/cnplasticpallets.com\/es\/wp-json\/wp\/v2\/media?parent=4494"}],"wp:term":[{"taxonomy":"product_brand","embeddable":true,"href":"https:\/\/cnplasticpallets.com\/es\/wp-json\/wp\/v2\/product_brand?post=4494"},{"taxonomy":"product_cat","embeddable":true,"href":"https:\/\/cnplasticpallets.com\/es\/wp-json\/wp\/v2\/product_cat?post=4494"},{"taxonomy":"product_tag","embeddable":true,"href":"https:\/\/cnplasticpallets.com\/es\/wp-json\/wp\/v2\/product_tag?post=4494"}],"curies":[{"name":"wp","href":"https:\/\/api.w.org\/{rel}","templated":true}]}}