{"id":4355,"date":"2024-12-17T11:46:23","date_gmt":"2024-12-17T03:46:23","guid":{"rendered":"https:\/\/cnplasticpallets.com\/?post_type=product&#038;p=4355"},"modified":"2026-01-27T16:16:21","modified_gmt":"2026-01-27T08:16:21","slug":"heavy-duty-double-solid","status":"publish","type":"product","link":"https:\/\/cnplasticpallets.com\/es\/product\/plastic-pallets\/reversible-plastic-pallet\/heavy-duty-double-solid\/","title":{"rendered":"Palet Pl\u00e1stico Reversible de Alta Resistencia \u2013 Deck S\u00f3lido | H1515PSA"},"content":{"rendered":"<h2>Especificaci\u00f3n del Producto<\/h2>\n<table>\n<tbody>\n<tr>\n<td width=\"196\">Modelo<\/td>\n<td width=\"479\">H1515PSA<\/td>\n<\/tr>\n<tr>\n<td width=\"196\">Materiales<\/td>\n<td width=\"479\">Polietileno de alta densidad (HDPE); Polipropileno (PP)<\/td>\n<\/tr>\n<tr>\n<td width=\"196\">Dimensiones (L\u00d7A\u00d7H mm)<\/td>\n<td width=\"479\">1500mm \u00d7 1500mm \u00d7 150mm, Custom<\/td>\n<\/tr>\n<tr>\n<td width=\"196\">Procesos<\/td>\n<td width=\"479\">Moldeo por inyecci\u00f3n + Soldadura<\/td>\n<\/tr>\n<tr>\n<td width=\"196\">Peso<\/td>\n<td width=\"479\">36 kg<\/td>\n<\/tr>\n<tr>\n<td width=\"196\">Barras de Refuerzo<\/td>\n<td width=\"479\">12 Bars (13kg)<\/td>\n<\/tr>\n<tr>\n<td width=\"196\">Base<\/td>\n<td width=\"479\">Reversible<\/td>\n<\/tr>\n<tr>\n<td width=\"196\">Cubierta Superior<\/td>\n<td width=\"479\">Plataforma s\u00f3lida<\/td>\n<\/tr>\n<tr>\n<td width=\"196\">Montacargas<\/td>\n<td width=\"479\">Entrada por 4 lados<\/td>\n<\/tr>\n<tr>\n<td width=\"196\">Transpaleta<\/td>\n<td width=\"479\">Entrada por 4 lados<\/td>\n<\/tr>\n<tr>\n<td width=\"196\">Higi\u00e9nico<\/td>\n<td width=\"479\">S\u00ed<\/td>\n<\/tr>\n<tr>\n<td width=\"196\">Apto para estanter\u00edas<\/td>\n<td width=\"479\">S\u00ed<\/td>\n<\/tr>\n<tr>\n<td width=\"196\">Apilable<\/td>\n<td width=\"479\">S\u00ed<\/td>\n<\/tr>\n<tr>\n<td width=\"196\">Reutilizable<\/td>\n<td width=\"479\">S\u00ed<\/td>\n<\/tr>\n<tr>\n<td width=\"196\">Logotipo \/ Impresi\u00f3n<\/td>\n<td width=\"479\">S\u00ed<\/td>\n<\/tr>\n<tr>\n<td width=\"196\">Capacidad Est\u00e1tica<\/td>\n<td width=\"479\">6000 kg (reforzado)<\/td>\n<\/tr>\n<tr>\n<td width=\"196\">Capacidad Din\u00e1mica<\/td>\n<td width=\"479\">1500 kg (reforzado)<\/td>\n<\/tr>\n<tr>\n<td width=\"196\">Capacidad en estanter\u00eda<\/td>\n<td width=\"479\">1000kg(reforzado)<\/td>\n<\/tr>\n<tr>\n<td width=\"196\">Temperatura de uso<\/td>\n<td width=\"479\">-40\u2103 a 70\u2103<\/td>\n<\/tr>\n<tr>\n<td width=\"196\">Color<\/td>\n<td width=\"479\">Amarillo, Azul, Rojo, Verde, Negro, Blanco, Personalizado<\/td>\n<\/tr>\n<tr>\n<td width=\"196\">Cantidad en 20FT<\/td>\n<td width=\"479\">164pcs<\/td>\n<\/tr>\n<tr>\n<td width=\"196\">Cantidad en 40HC<\/td>\n<td width=\"479\">367 piezas<\/td>\n<\/tr>\n<\/tbody>\n<\/table>\n<p>El Pal\u00e9 de Pl\u00e1stico S\u00f3lido Reversible es una soluci\u00f3n duradera y vers\u00e1til, adecuada para almacenes, log\u00edstica y producci\u00f3n. Hecho de HDPE de alta calidad, ofrece gran capacidad de carga, acceso desde los cuatro lados y puede personalizarse con logotipo y color, lo que lo convierte en una opci\u00f3n fiable para aplicaciones industriales.<\/p>\n<p><strong>Caracter\u00edsticas clave<\/strong><\/p>\n<ul>\n<li class=\"\" data-start=\"187\" data-end=\"413\">\n<p class=\"translation-block\" data-start=\"189\" data-end=\"413\">Nuestros pal\u00e9s est\u00e1n fabricados con polietileno de alta densidad, lo que garantiza durabilidad, resistencia al impacto y mayor capacidad de carga, ideales para <strong data-start=\"329\" data-end=\"358\">pal\u00e9s de pl\u00e1stico para uso intensivo<\/strong> en entornos <strong data-start=\"385\" data-end=\"399\">industriales<\/strong> exigentes.<\/p>\n<\/li>\n<li class=\"\" data-start=\"415\" data-end=\"630\">\n<p class=\"translation-block\" data-start=\"417\" data-end=\"630\">La entrada por cuatro lados permite el acceso con carretillas elevadoras y transpaletas desde cualquier direcci\u00f3n, mejorando la eficiencia de manejo y facilitando la operaci\u00f3n en diversos sistemas de <strong data-start=\"590\" data-end=\"603\">transporte<\/strong> y <strong data-start=\"608\" data-end=\"621\">log\u00edstica<\/strong>.<\/p>\n<\/li>\n<li class=\"\" data-start=\"632\" data-end=\"868\">\n<p class=\"translation-block\" data-start=\"634\" data-end=\"868\">El dise\u00f1o <strong data-start=\"638\" data-end=\"654\">doble cara<\/strong> y apilable mejora su versatilidad y eficiencia en escenarios de almacenamiento y estanter\u00eda, siendo una opci\u00f3n fiable para empresas que requieren <strong data-start=\"803\" data-end=\"832\">pal\u00e9s de pl\u00e1stico apilables<\/strong> y <strong data-start=\"837\" data-end=\"867\">pal\u00e9s de pl\u00e1stico reversibles<\/strong>.<\/p>\n<\/li>\n<li class=\"\" data-start=\"870\" data-end=\"1090\">\n<p class=\"translation-block\" data-start=\"872\" data-end=\"1090\">La superficie cuenta con m\u00faltiples almohadillas antideslizantes para evitar el desplazamiento de la carga durante el transporte, especialmente \u00fatil en frenadas bruscas, giros cerrados o en sistemas de transferencia por cintas en flujos de <strong data-start=\"1055\" data-end=\"1079\">log\u00edstica industrial<\/strong>.<\/p>\n<\/li>\n<li class=\"\" data-start=\"1092\" data-end=\"1317\">\n<p class=\"translation-block\" data-start=\"1094\" data-end=\"1317\">El pal\u00e9 puede personalizarse en distintos colores seg\u00fan la identidad visual de su empresa. Adem\u00e1s, permite incorporar un logotipo personalizado, brindando gran visibilidad y trazabilidad en programas de <strong data-start=\"1279\" data-end=\"1307\">pal\u00e9s de pl\u00e1stico reutilizables<\/strong>.<\/p>\n<\/li>\n<li class=\"translation-block\">Los <strong data-start=\"1357\" data-end=\"1381\">refuerzos de acero<\/strong> opcionales pueden integrarse en la estructura interna, transformando la unidad en un <strong data-start=\"1456\" data-end=\"1483\">pal\u00e9 de pl\u00e1stico para estanter\u00edas<\/strong>, ideal para sistemas de estanter\u00edas elevadas o automatizadas. Esto a\u00f1ade rigidez torsional sin alterar las dimensiones exteriores, manteniendo la compatibilidad con sistemas est\u00e1ndar.<\/li>\n<\/ul>","protected":false},"excerpt":{"rendered":"<ul>\n<li>HDPE\/PP premium para mayor durabilidad, resistencia al impacto y alta capacidad de carga<\/li>\n<li>Entrada por 4 lados para montacargas y transpaletas, mejora la eficiencia de manejo<\/li>\n<li>Dise\u00f1o de doble cara apilable, vers\u00e1til para estanter\u00edas y almacenamiento<\/li>\n<li>M\u00faltiples almohadillas antideslizantes evitan el desplazamiento de la carga en tr\u00e1nsito<\/li>\n<li>Colores y logotipos personalizables para marca y trazabilidad<\/li>\n<li>Refuerzo de acero opcional para uso en racks, mantiene la compatibilidad est\u00e1ndar<\/li>\n<\/ul>","protected":false},"featured_media":2830,"comment_status":"open","ping_status":"closed","template":"","meta":{"_seopress_robots_primary_cat":"none","_seopress_titles_title":"Reversible Solid Plastic Pallet & Industrial Heavy Duty Use","_seopress_titles_desc":"Discover reusable, stackable, and rackable plastic pallets built for reliable performance in industrial logistics, storage, and transport systems.","_seopress_robots_index":"","_angie_page":false},"product_brand":[],"product_cat":[83,84,93],"product_tag":[60,41,62,51],"class_list":{"0":"post-4355","1":"product","2":"type-product","3":"status-publish","4":"has-post-thumbnail","6":"product_cat-all-product","7":"product_cat-plastic-pallets","8":"product_cat-reversible-plastic-pallet","9":"product_tag-double-faced-plastic-pallet","10":"product_tag-hdpe-plastic-pallets","11":"product_tag-plastic-pallet-manufacturer","12":"product_tag-plastic-pallets-for-warehousing","14":"first","15":"instock","16":"shipping-taxable","17":"product-type-simple"},"_links":{"self":[{"href":"https:\/\/cnplasticpallets.com\/es\/wp-json\/wp\/v2\/product\/4355","targetHints":{"allow":["GET"]}}],"collection":[{"href":"https:\/\/cnplasticpallets.com\/es\/wp-json\/wp\/v2\/product"}],"about":[{"href":"https:\/\/cnplasticpallets.com\/es\/wp-json\/wp\/v2\/types\/product"}],"replies":[{"embeddable":true,"href":"https:\/\/cnplasticpallets.com\/es\/wp-json\/wp\/v2\/comments?post=4355"}],"wp:featuredmedia":[{"embeddable":true,"href":"https:\/\/cnplasticpallets.com\/es\/wp-json\/wp\/v2\/media\/2830"}],"wp:attachment":[{"href":"https:\/\/cnplasticpallets.com\/es\/wp-json\/wp\/v2\/media?parent=4355"}],"wp:term":[{"taxonomy":"product_brand","embeddable":true,"href":"https:\/\/cnplasticpallets.com\/es\/wp-json\/wp\/v2\/product_brand?post=4355"},{"taxonomy":"product_cat","embeddable":true,"href":"https:\/\/cnplasticpallets.com\/es\/wp-json\/wp\/v2\/product_cat?post=4355"},{"taxonomy":"product_tag","embeddable":true,"href":"https:\/\/cnplasticpallets.com\/es\/wp-json\/wp\/v2\/product_tag?post=4355"}],"curies":[{"name":"wp","href":"https:\/\/api.w.org\/{rel}","templated":true}]}}