{"id":4309,"date":"2024-12-16T15:27:08","date_gmt":"2024-12-16T07:27:08","guid":{"rendered":"https:\/\/cnplasticpallets.com\/?post_type=product&#038;p=4309"},"modified":"2026-03-06T18:46:29","modified_gmt":"2026-03-06T10:46:29","slug":"pe-industry-storage","status":"publish","type":"product","link":"https:\/\/cnplasticpallets.com\/es\/product\/plastic-pallets\/printing-plastic-pallets\/pe-industry-storage\/","title":{"rendered":"Pal\u00e9s de pl\u00e1stico para la industria de la impresi\u00f3n \u2013 9 patas \u2013 1050\u00d7760 | EN8061-170"},"content":{"rendered":"<h2><strong>Especificaci\u00f3n del Producto<\/strong><\/h2>\n<table>\n<tbody>\n<tr>\n<td width=\"196\">Modelo<\/td>\n<td width=\"479\">EN8061-170<\/td>\n<\/tr>\n<tr>\n<td width=\"196\">Materiales<\/td>\n<td width=\"479\">Polietileno de alta densidad (HDPE); Polipropileno (PP)<\/td>\n<\/tr>\n<tr>\n<td width=\"196\">Dimensiones (L\u00d7A\u00d7H mm)<\/td>\n<td width=\"479\">800 mm \u00d7 610 mm \u00d7 170 mm, Personalizado<\/td>\n<\/tr>\n<tr>\n<td width=\"196\">Procesos<\/td>\n<td width=\"479\">Moldeo por Inyecci\u00f3n<\/td>\n<\/tr>\n<tr>\n<td width=\"196\">Peso<\/td>\n<td width=\"479\">8.2 kg<\/td>\n<\/tr>\n<tr>\n<td width=\"196\">Barras de Refuerzo<\/td>\n<td width=\"479\">8 barras (5kg)<\/td>\n<\/tr>\n<tr>\n<td width=\"196\">Base<\/td>\n<td width=\"479\">9 Corredores<\/td>\n<\/tr>\n<tr>\n<td width=\"196\">Cubierta Superior<\/td>\n<td width=\"479\">Cubierta Ventilada<\/td>\n<\/tr>\n<tr>\n<td width=\"196\">Montacargas<\/td>\n<td width=\"479\">Entrada por 4 lados<\/td>\n<\/tr>\n<tr>\n<td width=\"196\">Transpaleta<\/td>\n<td width=\"479\">Entrada por 4 lados<\/td>\n<\/tr>\n<tr>\n<td width=\"196\">Higi\u00e9nico<\/td>\n<td width=\"479\">No<\/td>\n<\/tr>\n<tr>\n<td width=\"196\">Apto para estanter\u00edas<\/td>\n<td width=\"479\">S\u00ed<\/td>\n<\/tr>\n<tr>\n<td width=\"196\">Apilable<\/td>\n<td width=\"479\">S\u00ed<\/td>\n<\/tr>\n<tr>\n<td width=\"196\">Reutilizable<\/td>\n<td width=\"479\">S\u00ed<\/td>\n<\/tr>\n<tr>\n<td width=\"196\">Logotipo \/ Impresi\u00f3n<\/td>\n<td width=\"479\">S\u00ed<\/td>\n<\/tr>\n<tr>\n<td width=\"196\">Capacidad Est\u00e1tica<\/td>\n<td width=\"479\">2000 kg (reforzado)<\/td>\n<\/tr>\n<tr>\n<td width=\"196\">Capacidad Din\u00e1mica<\/td>\n<td width=\"479\">1000kg(reforzado)<\/td>\n<\/tr>\n<tr>\n<td width=\"196\">Capacidad en estanter\u00eda<\/td>\n<td width=\"479\">500kg(reforzado)<\/td>\n<\/tr>\n<tr>\n<td width=\"196\">Temperatura de uso<\/td>\n<td width=\"479\">-40\u2103 a 70\u2103<\/td>\n<\/tr>\n<tr>\n<td width=\"196\">Color<\/td>\n<td width=\"479\">Amarillo, Azul, Rojo, Verde, Negro, Blanco, Personalizado<\/td>\n<\/tr>\n<tr>\n<td width=\"196\">Cantidad en 20FT<\/td>\n<td width=\"479\">220 unidades<\/td>\n<\/tr>\n<tr>\n<td width=\"196\">Cantidad en 40HC<\/td>\n<td width=\"479\">600 unidades<\/td>\n<\/tr>\n<\/tbody>\n<\/table>\n<p><iframe title=\"Paleta de pl\u00e1stico con tapa ranurada dise\u00f1ada para la industria de la impresi\u00f3n con estructura de 9 patas\" width=\"800\" height=\"450\" src=\"https:\/\/www.youtube.com\/embed\/pZHxBYyqpz4?feature=oembed\" frameborder=\"0\" allow=\"accelerometer; autoplay; clipboard-write; encrypted-media; gyroscope; picture-in-picture; web-share\" referrerpolicy=\"strict-origin-when-cross-origin\" allowfullscreen><\/iframe><\/p>\n<h2 data-start=\"127\" data-end=\"187\"><strong>Caracter\u00edsticas del producto: Pal\u00e9s de Pl\u00e1stico para la Industria de Impresi\u00f3n<\/strong><\/h2>\n<p data-start=\"189\" data-end=\"243\">Dise\u00f1ado para precisi\u00f3n y estabilidad del papel<\/p>\n<ul data-start=\"244\" data-end=\"734\">\n<li class=\"\" data-start=\"244\" data-end=\"408\">\n<p class=\"translation-block\" data-start=\"246\" data-end=\"408\">Estos pal\u00e9s pl\u00e1sticos para impresi\u00f3n incorporan una superficie acanalada que mantiene las pilas de papel, cart\u00f3n o materiales impresos estables sin deslizamientos ni curvaturas.<\/p>\n<\/li>\n<li class=\"\" data-start=\"409\" data-end=\"584\">\n<p class=\"translation-block\" data-start=\"411\" data-end=\"584\">Su dise\u00f1o ranurado se adapta bien a l\u00edneas de alimentaci\u00f3n continua, permitiendo un suministro de papel semi-automatizado y sin interrupciones en ciertos tipos de prensas.<\/p>\n<\/li>\n<li class=\"\" data-start=\"585\" data-end=\"734\">\n<p class=\"translation-block\" data-start=\"587\" data-end=\"734\">Fabricados en PE macizo, est\u00e1n pensados para entornos de impresi\u00f3n que requieren manipulaci\u00f3n limpia y libre de fibras.<\/p>\n<\/li>\n<\/ul>\n<p data-start=\"736\" data-end=\"780\">Entrada para montacargas en 4 lados con dise\u00f1o inclinado<\/p>\n<ul data-start=\"781\" data-end=\"1280\">\n<li class=\"\" data-start=\"781\" data-end=\"933\">\n<p class=\"translation-block\" data-start=\"783\" data-end=\"933\">Como pal\u00e9 para impresi\u00f3n y conversi\u00f3n, este modelo ofrece acceso total por los cuatro lados para integrarse f\u00e1cilmente a cualquier sala de impresi\u00f3n o sistema de almac\u00e9n.<\/p>\n<\/li>\n<li class=\"\" data-start=\"934\" data-end=\"1090\">\n<p class=\"translation-block\" data-start=\"936\" data-end=\"1090\">Las aberturas biseladas reducen da\u00f1os en usos intensivos\u2014ideal para operaciones exigentes con pal\u00e9s en la industria gr\u00e1fica y de conversi\u00f3n.<\/p>\n<\/li>\n<li class=\"\" data-start=\"1091\" data-end=\"1280\">\n<p class=\"translation-block\" data-start=\"1093\" data-end=\"1280\">Las patas redondeadas no solo protegen al personal durante la manipulaci\u00f3n manual, sino que tambi\u00e9n prolongan la vida \u00fatil del producto al reducir el desgaste por impacto\u2014una ventaja clave en la inversi\u00f3n en pal\u00e9s pl\u00e1sticos de alta calidad para impresi\u00f3n.<\/p>\n<\/li>\n<\/ul>\n<p data-start=\"1282\" data-end=\"1319\">Apilable con dise\u00f1o seguro para carga<\/p>\n<ul data-start=\"1320\" data-end=\"1835\">\n<li class=\"\" data-start=\"1320\" data-end=\"1452\">\n<p class=\"translation-block\" data-start=\"1322\" data-end=\"1452\">Este pal\u00e9 s\u00f3lido incorpora una estructura de nueve patas para facilitar el apilado vertical eficiente, tanto en vac\u00edo como cargado.<\/p>\n<\/li>\n<li class=\"\" data-start=\"1453\" data-end=\"1708\">\n<p class=\"translation-block\" data-start=\"1455\" data-end=\"1708\">Pueden apilarse de forma segura con hojas impresas o cajas en 2\u20133 niveles. Para mayor resistencia, puede incluir refuerzo de acero opcional, convirti\u00e9ndose en un pal\u00e9 pl\u00e1stico para impresi\u00f3n no-stop con mayor tolerancia en configuraci\u00f3n apilada.<\/p>\n<\/li>\n<li class=\"\" data-start=\"1709\" data-end=\"1835\">\n<p class=\"translation-block\" data-start=\"1711\" data-end=\"1835\">Com\u00fan en el uso de pal\u00e9s pl\u00e1sticos para almac\u00e9n en impresi\u00f3n, es apto tanto para almacenamiento temporal como para flujo de producci\u00f3n en l\u00ednea.<\/p>\n<\/li>\n<\/ul>\n<p data-start=\"1837\" data-end=\"1887\">Ligero, resistente y apto para almac\u00e9n<\/p>\n<ul data-start=\"1888\" data-end=\"2329\">\n<li class=\"\" data-start=\"1888\" data-end=\"2014\">\n<p class=\"translation-block\" data-start=\"1890\" data-end=\"2014\">M\u00e1s ligero que la madera pero mucho m\u00e1s resistente, este pal\u00e9 para impresi\u00f3n reduce la fatiga del operario y el desgaste de los equipos.<\/p>\n<\/li>\n<li class=\"\" data-start=\"2015\" data-end=\"2183\">\n<p class=\"translation-block\" data-start=\"2017\" data-end=\"2183\">Su cuerpo de una sola pieza en PE resiste agrietamientos y humedad, ideal para salas de impresi\u00f3n con uso intensivo y m\u00faltiples turnos.<\/p>\n<\/li>\n<li class=\"\" data-start=\"2184\" data-end=\"2329\">\n<p class=\"translation-block\" data-start=\"2186\" data-end=\"2329\">Su desplazamiento fluido en carros, montacargas y cintas transportadoras lo hace compatible incluso con configuraciones de equipos gr\u00e1ficos m\u00e1s exigentes.<\/p>\n<\/li>\n<\/ul>\n<p data-start=\"2331\" data-end=\"2365\">Reutilizable y m\u00e1s higi\u00e9nico que la madera<\/p>\n<ul data-start=\"2366\" data-end=\"2839\">\n<li class=\"\" data-start=\"2366\" data-end=\"2492\">\n<p class=\"translation-block\" data-start=\"2368\" data-end=\"2492\">Como producto de f\u00e1brica mayorista de pal\u00e9s pl\u00e1sticos para impresi\u00f3n, est\u00e1 dise\u00f1ado para m\u00faltiples ciclos de uso con mantenimiento m\u00ednimo.<\/p>\n<\/li>\n<li class=\"\" data-start=\"2493\" data-end=\"2660\">\n<p class=\"translation-block\" data-start=\"2495\" data-end=\"2660\">A diferencia de la madera, no se astilla ni desprende fibras, ofreciendo una alternativa m\u00e1s limpia para usuarios que valoran la higiene y la durabilidad.<\/p>\n<\/li>\n<li class=\"\" data-start=\"2661\" data-end=\"2839\">\n<p class=\"translation-block\" data-start=\"2663\" data-end=\"2839\">Cumple totalmente con est\u00e1ndares log\u00edsticos internacionales, siendo una opci\u00f3n destacada para quienes buscan pal\u00e9s pl\u00e1sticos para impresi\u00f3n en China\u2014sin fumigaci\u00f3n, sin residuos, solo rendimiento.<\/p>\n<\/li>\n<\/ul>\n<h2><strong>Tabla de compatibilidad con pal\u00e9s para impresi\u00f3n no-stop.<\/strong><\/h2>\n<table dir=\"ltr\" border=\"1\" cellspacing=\"0\" cellpadding=\"0\" data-sheets-root=\"1\" data-sheets-baot=\"1\">\n<colgroup>\n<col width=\"345\" \/>\n<col width=\"748\" \/>\n<col width=\"317\" \/><\/colgroup>\n<tbody>\n<tr>\n<td>Fabricante<\/td>\n<td>Modelo de m\u00e1quina<\/td>\n<td>Tipo<\/td>\n<\/tr>\n<tr>\n<td>Prensa Heidelberg<\/td>\n<td>Speedmaster SM 72, SM 74, SM 102, CD 74, CD 102, XL 75, XL 105, XL 106<\/td>\n<td>Manual sin interrupciones<\/td>\n<\/tr>\n<tr>\n<td>Prensa Komori<\/td>\n<td>Lithrone 26, 28, 29, 40, G29, S29, G40, LS40, 440SP, 440RP, 40RP<\/td>\n<td>Manual sin interrupciones<\/td>\n<\/tr>\n<tr>\n<td>Prensa KBA<\/td>\n<td>R\u00e1pida 74, R\u00e1pida 75, R\u00e1pida 104, R\u00e1pida 105, R\u00e1pida 106, R\u00e1pida 145<\/td>\n<td>Manual sin interrupciones<\/td>\n<\/tr>\n<tr>\n<td>Prensa Manroland<\/td>\n<td>Roland Serie 200, 300, 500, 700, 900, R700 HiPrint, R708 Evolution<\/td>\n<td>Manual sin interrupciones<\/td>\n<\/tr>\n<tr>\n<td>Prensa Mitsubishi<\/td>\n<td>Diamond Serie 1000, 2000, 3000, D3000R, D3000LS<\/td>\n<td>Manual sin interrupciones<\/td>\n<\/tr>\n<tr>\n<td>Equipo Bobst<\/td>\n<td>SP 102 CE, SP 104 E, SP 106 E, SP 106 LE\/LER\/PE\/PER, Novacut 106, Expertcut 106<\/td>\n<td>Manual sin interrupciones<\/td>\n<\/tr>\n<tr>\n<td>Equipo Bobst<\/td>\n<td>Visionfoil 104, Visioncut 106, Expertfoil 104 FR, SPanthera 106, SP\u00e9ria 106<\/td>\n<td>Manual sin interrupciones<\/td>\n<\/tr>\n<\/tbody>\n<\/table>","protected":false},"excerpt":{"rendered":"<div>\n<div class=\"standard-markdown grid-cols-1 grid [&amp;_&gt;_*]:min-w-0 gap-3\">\n<p class=\"font-claude-response-body break-words whitespace-normal leading-[1.7]\"><strong>Enlightening Pallet&#8217;s<\/strong> plastic pallets for printing industry are engineered for pressroom precision \u2014 compatible with Heidelberg, Komori, KBA, and Manroland non-stop feeders. Built from solid HDPE with optional steel reinforcement, they deliver 2,000kg static capacity while keeping paper stacks curl-free across multi-shift operations. Rackable, reusable, and splinter-free, these non-stop printing pallets meet <strong>ISO 9001 and FDA standards<\/strong> \u2014 a cleaner, longer-lasting alternative to wood for printing and converting facilities worldwide.<\/p>\n<\/div>\n<\/div>\n<div>\n<div class=\"standard-markdown grid-cols-1 grid [&amp;_&gt;_*]:min-w-0 gap-3\"><\/div>\n<\/div>\n","protected":false},"featured_media":9580,"comment_status":"open","ping_status":"closed","template":"","meta":{"_seopress_robots_primary_cat":"none","_seopress_titles_title":"Plastic Pallets For Printing Industry - 9 Legs 1050\u00d7760 | Factory Price","_seopress_titles_desc":"ISO 9001 & FDA-compliant plastic pallets for printing and converting industry. Reusable, rackable, Heidelberg-compatible. Get specs & pricing.","_seopress_robots_index":"","_angie_page":false},"product_brand":[],"product_cat":[83,84,91],"product_tag":[71,61,56],"class_list":{"0":"post-4309","1":"product","2":"type-product","3":"status-publish","4":"has-post-thumbnail","6":"product_cat-all-product","7":"product_cat-plastic-pallets","8":"product_cat-printing-plastic-pallets","9":"product_tag-printing-plastic-pallet","10":"product_tag-single-faced-plastic-pallet","11":"product_tag-standard-plastic-pallets","13":"first","14":"instock","15":"shipping-taxable","16":"product-type-simple"},"_links":{"self":[{"href":"https:\/\/cnplasticpallets.com\/es\/wp-json\/wp\/v2\/product\/4309","targetHints":{"allow":["GET"]}}],"collection":[{"href":"https:\/\/cnplasticpallets.com\/es\/wp-json\/wp\/v2\/product"}],"about":[{"href":"https:\/\/cnplasticpallets.com\/es\/wp-json\/wp\/v2\/types\/product"}],"replies":[{"embeddable":true,"href":"https:\/\/cnplasticpallets.com\/es\/wp-json\/wp\/v2\/comments?post=4309"}],"wp:featuredmedia":[{"embeddable":true,"href":"https:\/\/cnplasticpallets.com\/es\/wp-json\/wp\/v2\/media\/9580"}],"wp:attachment":[{"href":"https:\/\/cnplasticpallets.com\/es\/wp-json\/wp\/v2\/media?parent=4309"}],"wp:term":[{"taxonomy":"product_brand","embeddable":true,"href":"https:\/\/cnplasticpallets.com\/es\/wp-json\/wp\/v2\/product_brand?post=4309"},{"taxonomy":"product_cat","embeddable":true,"href":"https:\/\/cnplasticpallets.com\/es\/wp-json\/wp\/v2\/product_cat?post=4309"},{"taxonomy":"product_tag","embeddable":true,"href":"https:\/\/cnplasticpallets.com\/es\/wp-json\/wp\/v2\/product_tag?post=4309"}],"curies":[{"name":"wp","href":"https:\/\/api.w.org\/{rel}","templated":true}]}}