{"id":4296,"date":"2024-12-16T15:20:05","date_gmt":"2024-12-16T07:20:05","guid":{"rendered":"https:\/\/cnplasticpallets.com\/?post_type=product&#038;p=4296"},"modified":"2026-02-05T09:57:16","modified_gmt":"2026-02-05T01:57:16","slug":"flat-heavy-duty","status":"publish","type":"product","link":"https:\/\/cnplasticpallets.com\/es\/product\/plastic-pallets\/3-skids-plastic-pallet\/flat-heavy-duty\/","title":{"rendered":"Pal\u00e9s pl\u00e1sticos planos de 3 patines | H1210PHA"},"content":{"rendered":"<h2>Especificaciones del producto<\/h2>\n<table dir=\"ltr\" border=\"1\" cellspacing=\"0\" cellpadding=\"0\" data-sheets-root=\"1\" data-sheets-baot=\"1\">\n<colgroup>\n<col width=\"160\" \/>\n<col width=\"231\" \/><\/colgroup>\n<tbody>\n<tr>\n<td>Modelo<\/td>\n<td>ENL-H1210PHA<\/td>\n<\/tr>\n<tr>\n<td>Materiales<\/td>\n<td>\n<div>\n<div>Polietileno de alta densidad (HDPE); Polipropileno (PP)<\/div>\n<\/div>\n<\/td>\n<\/tr>\n<tr>\n<td>Dimensiones (L\u00d7A\u00d7H mm)<\/td>\n<td>\n<div>\n<div>1200mm \u00d7 1000mm \u00d7 150mm, Personalizado<\/div>\n<\/div>\n<\/td>\n<\/tr>\n<tr>\n<td>Procesos<\/td>\n<td>Moldeo por inyecci\u00f3n + Soldadura<\/td>\n<\/tr>\n<tr>\n<td>Peso<\/td>\n<td>16 kg<\/td>\n<\/tr>\n<tr>\n<td>Barras de Refuerzo<\/td>\n<td>8 barras (22,8 kg)<\/td>\n<\/tr>\n<tr>\n<td>Base<\/td>\n<td>3 Patines<\/td>\n<\/tr>\n<tr>\n<td>Cubierta Superior<\/td>\n<td>Deck Cerrado<\/td>\n<\/tr>\n<tr>\n<td>Montacargas<\/td>\n<td>Entrada por 4 lados<\/td>\n<\/tr>\n<tr>\n<td>Transpaleta<\/td>\n<td>Entrada por 4 lados<\/td>\n<\/tr>\n<tr>\n<td>Apto para estanter\u00edas<\/td>\n<td>S\u00ed<\/td>\n<\/tr>\n<tr>\n<td>Apilable<\/td>\n<td>S\u00ed<\/td>\n<\/tr>\n<tr>\n<td>Higi\u00e9nico<\/td>\n<td>S\u00ed<\/td>\n<\/tr>\n<tr>\n<td>Reutilizable<\/td>\n<td>S\u00ed<\/td>\n<\/tr>\n<tr>\n<td>Logotipo \/ Impresi\u00f3n<\/td>\n<td>S\u00ed<\/td>\n<\/tr>\n<tr>\n<td>Capacidad Est\u00e1tica<\/td>\n<td>6000 kg (reforzado)<\/td>\n<\/tr>\n<tr>\n<td>Capacidad Din\u00e1mica<\/td>\n<td>2000 kg (reforzado)<\/td>\n<\/tr>\n<tr>\n<td>Capacidad en estanter\u00eda<\/td>\n<td>1500 kg (reforzado)<\/td>\n<\/tr>\n<tr>\n<td>Temperatura de uso<\/td>\n<td>-40\u2103 a 70\u2103<\/td>\n<\/tr>\n<tr>\n<td>Color<\/td>\n<td>Azul, Negro, Naranja, Gris, Personalizado<\/td>\n<\/tr>\n<tr>\n<td>Cantidad en 20FT<\/td>\n<td>200 unidades<\/td>\n<\/tr>\n<tr>\n<td>Cantidad en 40HC<\/td>\n<td>500 unidades<\/td>\n<\/tr>\n<\/tbody>\n<\/table>\n<h2 data-immersive-translate-walked=\"1381038e-2151-42f7-88f1-634ab39a91e9\"><strong>Caracter\u00edsticas clave<\/strong><\/h2>\n<p data-start=\"441\" data-end=\"486\"><strong>Dise\u00f1ados para uso industrial intensivo<\/strong><\/p>\n<p class=\"translation-block\" data-start=\"487\" data-end=\"697\">Cada pal\u00e9 soporta hasta <strong data-start=\"514\" data-end=\"534\">1.000 kg de carga din\u00e1mica<\/strong> y <strong data-start=\"539\" data-end=\"563\">4.000 kg de carga est\u00e1tica<\/strong>, ideal para aplicaciones de <strong data-start=\"585\" data-end=\"615\">pal\u00e9s de pl\u00e1stico para cargas pesadas<\/strong> como almacenamiento a granel, l\u00edneas de producci\u00f3n y movimientos de alta frecuencia.<\/p>\n<p data-start=\"704\" data-end=\"747\"><strong data-start=\"708\" data-end=\"745\">Base con 3 Patines para Estabilidad en Estanter\u00edas<\/strong><\/p>\n<p class=\"translation-block\" data-start=\"748\" data-end=\"958\">El dise\u00f1o de <strong data-start=\"752\" data-end=\"778\">pal\u00e9 de pl\u00e1stico con 3 patines<\/strong> mejora la resistencia longitudinal y la estabilidad, especialmente en sistemas de <strong data-start=\"846\" data-end=\"865\">pal\u00e9s para estanter\u00edas<\/strong>. Proporciona un soporte constante en estantes y vigas sin deformarse bajo carga.<\/p>\n<p data-start=\"965\" data-end=\"1009\"><strong data-start=\"969\" data-end=\"1007\">Superficie Plana para Higiene y Eficiencia<\/strong><\/p>\n<p class=\"translation-block\" data-start=\"1010\" data-end=\"1233\">La <strong data-start=\"1014\" data-end=\"1038\">superficie plana y cerrada<\/strong> es f\u00e1cil de limpiar, no acumula polvo y es compatible con lavado a alta presi\u00f3n. Ideal para sectores como la <strong data-start=\"1156\" data-end=\"1168\">industria<\/strong> alimentaria, farmac\u00e9utica y electr\u00f3nica donde la higiene es esencial.<\/p>\n<p data-start=\"1240\" data-end=\"1274\"><strong data-start=\"1244\" data-end=\"1272\">Dise\u00f1o Antideslizante<\/strong><\/p>\n<p class=\"translation-block\" data-start=\"1275\" data-end=\"1460\">Con varias <strong data-start=\"1298\" data-end=\"1318\">tiras antideslizantes<\/strong>, la cubierta superior mejora la sujeci\u00f3n de cajas y contenedores en movimiento, reduciendo el riesgo de desplazamiento durante el <strong data-start=\"1424\" data-end=\"1437\">transporte<\/strong> o el uso de montacargas.<\/p>\n<p data-start=\"1467\" data-end=\"1500\"><strong data-start=\"1471\" data-end=\"1498\">Entrada para Montacargas en Cuatro Lados<\/strong><\/p>\n<p class=\"\" data-start=\"1501\" data-end=\"1652\">La entrada total de <strong data-start=\"1506\" data-end=\"1521\">4 lados<\/strong> permite el acceso desde cualquier direcci\u00f3n, facilitando la carga y optimizando el flujo de materiales en sistemas manuales y automatizados. <strong data-start=\"1506\" data-end=\"1521\">Entrada por 4 lados<\/strong> permite el acceso desde todas las direcciones, lo que aumenta la flexibilidad de carga y agiliza el flujo de materiales en sistemas manuales y automatizados.<\/p>\n<p data-start=\"1659\" data-end=\"1693\"><strong data-start=\"1663\" data-end=\"1691\">Personalizables y Apilables<\/strong><\/p>\n<p class=\"translation-block\" data-start=\"1694\" data-end=\"1874\">Estos <strong data-start=\"1700\" data-end=\"1729\">pal\u00e9s de pl\u00e1stico apilables<\/strong> ahorran espacio de almacenamiento cuando no se usan y pueden personalizarse en <strong data-start=\"1790\" data-end=\"1799\">color<\/strong> y <strong data-start=\"1804\" data-end=\"1812\">logotipo<\/strong> seg\u00fan las necesidades de marca y trazabilidad de su empresa.<\/p>","protected":false},"excerpt":{"rendered":"<ul>\n<li>Tiras antideslizantes reducen el riesgo de desplazamiento de la carga<\/li>\n<li>Entrada por 4 lados permite acceso flexible con carretilla elevadora<\/li>\n<li>Dise\u00f1o apilable ahorra espacio de almacenamiento<\/li>\n<li>Color y logotipo personalizables para su marca<\/li>\n<li>HDPE\/PP virgen 100% reciclable<\/li>\n<li>Adecuado para las industrias farmac\u00e9utica y alimentaria<\/li>\n<\/ul>\n<p class=\"translation-block\"><strong>El pal\u00e9 pl\u00e1stico plano de 3 patines 1200\u00d71000 mm de Enlightening Pallet representa nuestra excelencia en ingenier\u00eda para soluciones industriales rentables.<\/strong> Certificado seg\u00fan las normas ISO 9001, FDA, SGS y EN840, este dise\u00f1o optimizado de 3 patines ofrece estabilidad ideal y eficiencia de material para aplicaciones alimentarias, farmac\u00e9uticas y de exportaci\u00f3n. La configuraci\u00f3n de plataforma plana garantiza la m\u00e1xima superficie de contacto con la carga, mientras que nuestra ingenier\u00eda de triple pat\u00edn reduce el peso sin comprometer la durabilidad. Confiado por industrias que exigen est\u00e1ndares de cumplimiento estrictos.<\/p>","protected":false},"featured_media":862,"comment_status":"open","ping_status":"closed","template":"","meta":{"_seopress_robots_primary_cat":"none","_seopress_titles_title":"3 Skids Plastic Pallets | Heavy Duty & Rackable | H1210PHA","_seopress_titles_desc":"Stackable 3 runners plastic pallets with HDPE body, designed for automation, warehousing, and transport. Heavy duty pallet supplier in China.","_seopress_robots_index":"","_angie_page":false},"product_brand":[],"product_cat":[85,83,84],"product_tag":[45,37,54,62],"class_list":{"0":"post-4296","1":"product","2":"type-product","3":"status-publish","4":"has-post-thumbnail","6":"product_cat-3-skids-plastic-pallet","7":"product_cat-all-product","8":"product_cat-plastic-pallets","9":"product_tag-euro-plastic-pallets","10":"product_tag-flat-plastic-pallet","11":"product_tag-hygiene-plastic-pallets","12":"product_tag-plastic-pallet-manufacturer","14":"first","15":"instock","16":"shipping-taxable","17":"product-type-simple"},"_links":{"self":[{"href":"https:\/\/cnplasticpallets.com\/es\/wp-json\/wp\/v2\/product\/4296","targetHints":{"allow":["GET"]}}],"collection":[{"href":"https:\/\/cnplasticpallets.com\/es\/wp-json\/wp\/v2\/product"}],"about":[{"href":"https:\/\/cnplasticpallets.com\/es\/wp-json\/wp\/v2\/types\/product"}],"replies":[{"embeddable":true,"href":"https:\/\/cnplasticpallets.com\/es\/wp-json\/wp\/v2\/comments?post=4296"}],"wp:featuredmedia":[{"embeddable":true,"href":"https:\/\/cnplasticpallets.com\/es\/wp-json\/wp\/v2\/media\/862"}],"wp:attachment":[{"href":"https:\/\/cnplasticpallets.com\/es\/wp-json\/wp\/v2\/media?parent=4296"}],"wp:term":[{"taxonomy":"product_brand","embeddable":true,"href":"https:\/\/cnplasticpallets.com\/es\/wp-json\/wp\/v2\/product_brand?post=4296"},{"taxonomy":"product_cat","embeddable":true,"href":"https:\/\/cnplasticpallets.com\/es\/wp-json\/wp\/v2\/product_cat?post=4296"},{"taxonomy":"product_tag","embeddable":true,"href":"https:\/\/cnplasticpallets.com\/es\/wp-json\/wp\/v2\/product_tag?post=4296"}],"curies":[{"name":"wp","href":"https:\/\/api.w.org\/{rel}","templated":true}]}}