{"id":4238,"date":"2024-12-16T11:43:39","date_gmt":"2024-12-16T03:43:39","guid":{"rendered":"https:\/\/cnplasticpallets.com\/?post_type=product&#038;p=4238"},"modified":"2026-03-05T14:32:05","modified_gmt":"2026-03-05T06:32:05","slug":"grid-reusable-rackable","status":"publish","type":"product","link":"https:\/\/cnplasticpallets.com\/es\/product\/plastic-pallets\/3-skids-plastic-pallet\/grid-reusable-rackable\/","title":{"rendered":"Palets pl\u00e1sticos reutilizables de rejilla apilables con 3 patines | Z1210WHB"},"content":{"rendered":"<h2>Especificaciones del Producto de Palets de Pl\u00e1stico Reutilizables de Rejilla con 3 Patines y Apilables en Estanter\u00eda<\/h2>\n<table>\n<tbody>\n<tr>\n<td width=\"196\">Modelo<\/td>\n<td width=\"479\">\n<p class=\"title\">Z1210WHB<\/p>\n<\/td>\n<\/tr>\n<tr>\n<td width=\"196\">Materiales<\/td>\n<td width=\"479\">Polietileno de alta densidad (HDPE); Polipropileno (PP)<\/td>\n<\/tr>\n<tr>\n<td width=\"196\">Dimensiones (L\u00d7A\u00d7H mm)<\/td>\n<td width=\"479\">1200mm \u00d7 1000mm \u00d7 150mm, Personalizado<\/td>\n<\/tr>\n<tr>\n<td width=\"196\">Procesos<\/td>\n<td width=\"479\">Moldeo por inyecci\u00f3n + Ensamblaje<\/td>\n<\/tr>\n<tr>\n<td width=\"196\">Peso<\/td>\n<td width=\"479\">16,6 kg<\/td>\n<\/tr>\n<tr>\n<td width=\"196\">Barras de Refuerzo<\/td>\n<td width=\"479\">8 Barras (7kg)<\/td>\n<\/tr>\n<tr>\n<td width=\"196\">Base<\/td>\n<td width=\"479\">3 Patines<\/td>\n<\/tr>\n<tr>\n<td width=\"196\">Cubierta Superior<\/td>\n<td width=\"479\">Cubierta Ventilada<\/td>\n<\/tr>\n<tr>\n<td width=\"196\">Montacargas<\/td>\n<td width=\"479\">Entrada por 4 lados<\/td>\n<\/tr>\n<tr>\n<td width=\"196\">Transpaleta<\/td>\n<td width=\"479\">Entrada por 4 lados<\/td>\n<\/tr>\n<tr>\n<td width=\"196\">Higi\u00e9nico<\/td>\n<td width=\"479\">No<\/td>\n<\/tr>\n<tr>\n<td width=\"196\">Apto para estanter\u00edas<\/td>\n<td width=\"479\">S\u00ed<\/td>\n<\/tr>\n<tr>\n<td width=\"196\">Apilable<\/td>\n<td width=\"479\">S\u00ed<\/td>\n<\/tr>\n<tr>\n<td width=\"196\">Reutilizable<\/td>\n<td width=\"479\">S\u00ed<\/td>\n<\/tr>\n<tr>\n<td width=\"196\">Logotipo \/ Impresi\u00f3n<\/td>\n<td width=\"479\">S\u00ed<\/td>\n<\/tr>\n<tr>\n<td width=\"196\">Capacidad Est\u00e1tica<\/td>\n<td width=\"479\">6000 kg (reforzado)<\/td>\n<\/tr>\n<tr>\n<td width=\"196\">Capacidad Din\u00e1mica<\/td>\n<td width=\"479\">1500 kg (reforzado)<\/td>\n<\/tr>\n<tr>\n<td width=\"196\">Capacidad en estanter\u00eda<\/td>\n<td width=\"479\">1500 kg (reforzado)<\/td>\n<\/tr>\n<tr>\n<td width=\"196\">Temperatura de uso<\/td>\n<td width=\"479\">-40\u2103 a 70\u2103<\/td>\n<\/tr>\n<tr>\n<td width=\"196\">Color<\/td>\n<td width=\"479\">Amarillo, Azul, Rojo, Verde, Negro, Blanco, Personalizado<\/td>\n<\/tr>\n<tr>\n<td width=\"196\">Cantidad en 20FT<\/td>\n<td width=\"479\">214 unidades<\/td>\n<\/tr>\n<tr>\n<td width=\"196\">Cantidad en 40HC<\/td>\n<td width=\"479\">510 unidades<\/td>\n<\/tr>\n<\/tbody>\n<\/table>\n<p class=\"translation-block\"><strong data-start=\"89\" data-end=\"143\">El Pal\u00e9 Reutilizable de Rejilla con 3 Patines para Rack<\/strong> es una soluci\u00f3n duradera y de alta calidad para <strong data-start=\"184\" data-end=\"197\">transporte<\/strong> y almacenamiento en almac\u00e9n. Fabricado por inyecci\u00f3n en <strong data-start=\"248\" data-end=\"256\">HDPE<\/strong>, ofrece gran resistencia, estabilidad y compatibilidad con sistemas automatizados. Disponible en colores personalizables y con impresi\u00f3n de logotipo, este <strong data-start=\"391\" data-end=\"419\">pal\u00e9 de pl\u00e1stico apilable<\/strong> se adapta a diversos escenarios de <strong data-start=\"441\" data-end=\"469\">industria y log\u00edstica<\/strong>.<\/p>\n<p><iframe title=\"3 Runner Vented Deck Assembled Plastic Pallet\" width=\"800\" height=\"450\" src=\"https:\/\/www.youtube.com\/embed\/8h6YFLOAZn8?feature=oembed\" frameborder=\"0\" allow=\"accelerometer; autoplay; clipboard-write; encrypted-media; gyroscope; picture-in-picture; web-share\" referrerpolicy=\"strict-origin-when-cross-origin\" allowfullscreen><\/iframe><\/p>\n<h2 data-immersive-translate-walked=\"17602ab2-ecc6-482d-b278-2fbdb991116e\" data-immersive-translate-paragraph=\"1\"><strong>Caracter\u00edsticas Principales de los Palets de Pl\u00e1stico Reutilizables de Rejilla con 3 Patines y Apilables en Estanter\u00eda<\/strong><\/h2>\n<p class=\"translation-block\" data-start=\"505\" data-end=\"698\">Nuestro pal\u00e9 con 3 patines se moldea en una sola pieza de HDPE, sin uniones ni soldaduras, garantizando integridad estructural a largo plazo en usos intensivos.<\/p>\n<p class=\"translation-block\" data-start=\"891\" data-end=\"1068\"><strong data-start=\"891\" data-end=\"909\">Entrada en 4 Direcciones<\/strong><br data-start=\"909\" data-end=\"912\">Permite la operaci\u00f3n con <strong data-start=\"919\" data-end=\"946\">montacargas o transpaleta<\/strong> desde cualquier direcci\u00f3n, aumentando la flexibilidad operativa y simplificando el movimiento en las redes de <strong data-start=\"1045\" data-end=\"1058\">log\u00edstica<\/strong>.<\/p>\n<p class=\"translation-block\" data-start=\"1070\" data-end=\"1257\"><strong data-start=\"1070\" data-end=\"1102\">Dise\u00f1o Antideslizante en la Cubierta Inferior<\/strong><br data-start=\"1102\" data-end=\"1105\">Las zonas de agarre integradas en la parte inferior ayudan a mantener la estabilidad del palet en estanter\u00edas o suelos lisos de almac\u00e9n, reduciendo el riesgo durante el <strong data-start=\"1230\" data-end=\"1243\">transporte<\/strong> y el apilado. Al mismo tiempo, se pueden a\u00f1adir almohadillas antideslizantes en la parte superior para aumentar a\u00fan m\u00e1s la fricci\u00f3n y evitar el desplazamiento de la mercanc\u00eda.<\/p>\n<p class=\"translation-block\" data-start=\"1259\" data-end=\"1387\"><strong data-start=\"1259\" data-end=\"1279\">Integraci\u00f3n RFID<\/strong><br data-start=\"1279\" data-end=\"1282\">\u00c1rea incorporada de RFID que permite trazabilidad digital avanzada para sistemas de <strong data-start=\"1346\" data-end=\"1378\">seguimiento de inventario y carga<\/strong>.<\/p>\n<p class=\"translation-block\" data-start=\"1389\" data-end=\"1625\"><strong data-start=\"1389\" data-end=\"1430\">Estructura de Acero Galvanizado Reforzado<\/strong><br data-start=\"1430\" data-end=\"1433\">Con 4<strong data-start=\"1438\" data-end=\"1497\"> barras de acero en la cubierta superior y 4 en los patines<\/strong>, la estructura con refuerzo cruzado garantiza un rendimiento fiable del palet incluso en aplicaciones de <strong data-start=\"1584\" data-end=\"1611\">Palet de Pl\u00e1stico para Estanter\u00eda<\/strong> de gran altura.<\/p>\n<p class=\"translation-block\" data-start=\"1670\" data-end=\"1819\"><strong data-start=\"1670\" data-end=\"1697\">Superficie de Rejilla Ventilada<\/strong><br data-start=\"1697\" data-end=\"1700\">El dise\u00f1o de cubierta abierta y <strong data-start=\"1714\" data-end=\"1724\">ventilada<\/strong> favorece el flujo de aire y el drenaje, ideal para almacenamiento en fr\u00edo o entornos sensibles a la humedad.<\/p>\n<p class=\"translation-block\" data-start=\"2044\" data-end=\"2234\"><strong data-start=\"2044\" data-end=\"2073\">Esquinas Redondeadas Seguras<\/strong><br data-start=\"2073\" data-end=\"2076\">Las esquinas redondeadas evitan da\u00f1os al film estirable y reducen riesgos durante el manejo manual, especialmente \u00fatil en entornos automatizados de <strong data-start=\"2208\" data-end=\"2220\">industria<\/strong>.<\/p>\n<p class=\"translation-block\" data-start=\"2236\" data-end=\"2384\">Base apta para cintas transportadoras\nLos patines de lados planos con puntos de entrada achaflanados mejoran la compatibilidad con l\u00edneas automatizadas y cintas transportadoras de rodillos. Las dimensiones de 1200 \u00d7 1000 mm se adaptan a l\u00edneas de producci\u00f3n automatizadas y sistemas automatizados de almacenamiento y recuperaci\u00f3n (AS\/RS) de almacenes altos.<\/p>\n<h2 data-start=\"2236\" data-end=\"2384\">Preguntas Frecuentes<\/h2>\n<p data-start=\"2236\" data-end=\"2384\"><strong>P1: \u00bfLas barras de refuerzo de acero dentro de los palets de pl\u00e1stico se oxidar\u00e1n con el tiempo?<\/strong><\/p>\n<p data-start=\"2236\" data-end=\"2384\">Las 8 barras de refuerzo de los palets de pl\u00e1stico de Enlightening Pallet son de acero galvanizado en caliente, lo que proporciona una barrera de recubrimiento de zinc que resiste la oxidaci\u00f3n incluso en entornos de almacenamiento en fr\u00edo y almacenes h\u00famedos. Para compradores con requisitos espec\u00edficos de resistencia a la corrosi\u00f3n, como instalaciones alimentarias o log\u00edstica mar\u00edtima, se pueden solicitar barras de acero inoxidable personalizadas.<\/p>\n<p data-start=\"2236\" data-end=\"2384\"><strong>P2: \u00bfLos palets de pl\u00e1stico reemplazan directamente mis palets de madera existentes?<\/strong><\/p>\n<p data-start=\"2236\" data-end=\"2384\">S\u00ed. Las dimensiones 1200\u00d71000mm son uno de los seis tama\u00f1os reconocidos oficialmente bajo la Norma ISO 6780 para el manejo intercontinental de materiales, y constituyen el est\u00e1ndar predominante en el Reino Unido, Europa (sector industrial pesado), China y Nueva Zelanda. Tambi\u00e9n corresponde al formato CP1 utilizado en los pools de palets de la industria qu\u00edmica europea. Esto significa que los sistemas de estanter\u00eda, montacargas, transpaletas y contenedores mar\u00edtimos 20FT\/40HC calibrados para esta medida no requieren ninguna modificaci\u00f3n al cambiar de madera a pl\u00e1stico: es una sustituci\u00f3n directa sin costos de repaletizaci\u00f3n.<\/p>\n<p data-start=\"2236\" data-end=\"2384\"><strong>P3: \u00bfCu\u00e1l es la vida \u00fatil real de este palet y c\u00f3mo se compara el costo total con el de la madera?<\/strong><\/p>\n<p data-start=\"2236\" data-end=\"2384\">En condiciones normales de circulaci\u00f3n industrial, los palets de HDPE inyectado con refuerzo de acero suelen tener una vida \u00fatil de 5 a 10 a\u00f1os. Un palet de madera est\u00e1ndar en uso similar en estanter\u00eda requiere reemplazo cada 1 o 2 a\u00f1os en promedio. Al final de su vida \u00fatil, el material HDPE es 100% reciclable y est\u00e1 certificado bajo el GRS (Est\u00e1ndar Global de Reciclaje), recuperando el valor residual del material en lugar de generar costos de vertedero, una ventaja medible para compradores que operan bajo compromisos de ESG o econom\u00eda circular.<\/p>\n<p data-start=\"2236\" data-end=\"2384\"><strong>P4: \u00bfLa ranura RFID es compatible con el sistema WMS que ya utilizamos?<\/strong><\/p>\n<p data-start=\"2236\" data-end=\"2384\">Estos palets de pl\u00e1stico incluyen un \u00e1rea de integraci\u00f3n RFID preformada en el cuerpo del palet. El tipo de etiqueta espec\u00edfico, HF (13,56 MHz, ISO 15693\/14443) o UHF (860\u2013960 MHz, ISO 18000-6C\/EPC Gen2), se selecciona seg\u00fan el sistema de gesti\u00f3n de almac\u00e9n (WMS) y la infraestructura de lectores existente del comprador. Enlightening Pallet suministra el cuerpo del palet con la ranura lista; los compradores adquieren e instalan su etiqueta RFID preferida. La preinstalaci\u00f3n personalizada de etiquetas est\u00e1 disponible para pedidos a granel. Esto hace que el palet sea compatible con SAP EWM, Oracle WMS y la mayor\u00eda de plataformas de seguimiento de inventario de terceros que admiten protocolos RFID est\u00e1ndar.<\/p>","protected":false},"excerpt":{"rendered":"<p class=\"translation-block\">Como experimentados <strong data-start=\"522\" data-end=\"546\">fabricantes de tarimas<\/strong>, suministramos Tarimas de Pl\u00e1stico Reutilizables de Rejilla Aptas para Estanter\u00edas dise\u00f1adas para estabilidad en racks y alta rotaci\u00f3n en almacenes. Producidas por <strong data-start=\"676\" data-end=\"730\">fabricantes de tarimas de pl\u00e1stico HDPE moldeadas por inyecci\u00f3n<\/strong>, esta tarima de 1200\u00d71000\u00d7150 mm cuenta con plataforma de rejilla ventilada, <strong data-start=\"790\" data-end=\"803\">3 patines<\/strong>, <strong data-start=\"805\" data-end=\"836\">6 barras de refuerzo (7 kg)<\/strong> y <strong data-start=\"842\" data-end=\"857\">entrada de 4 v\u00edas<\/strong> para montacargas y transpaletas. Las capacidades reforzadas alcanzan <strong data-start=\"915\" data-end=\"933\">6000 kg est\u00e1tica<\/strong>, <strong data-start=\"935\" data-end=\"954\">1500 kg din\u00e1mica<\/strong> y <strong data-start=\"960\" data-end=\"979\">1500 kg en estanter\u00eda<\/strong>, operando desde <strong data-start=\"1005\" data-end=\"1022\">-40\u00b0C hasta 70\u00b0C<\/strong>. Respaldados por documentaci\u00f3n <strong data-start=\"1037\" data-end=\"1068\">ISO 9001, SGS, CE y ROHS<\/strong>, los compradores nos eligen como <strong data-start=\"1104\" data-end=\"1139\">proveedores expertos de tarimas de pl\u00e1stico<\/strong> y un proveedor confiable de tarimas para especificaciones m\u00e1s claras y menor riesgo de manejo.<\/p>","protected":false},"featured_media":1199,"comment_status":"open","ping_status":"closed","template":"","meta":{"_seopress_robots_primary_cat":"none","_seopress_titles_title":"3 Skids Rackable Reusable Grid Plastic Pallets | Z1210WHB","_seopress_titles_desc":"Durable 3 runners plastic pallets made of HDPE, ideal for racking, stacking, and industrial logistics. Heavy duty pallet supplier in China.","_seopress_robots_index":"","_angie_page":false},"product_brand":[],"product_cat":[85,83,84],"product_tag":[38,62,61],"class_list":{"0":"post-4238","1":"product","2":"type-product","3":"status-publish","4":"has-post-thumbnail","6":"product_cat-3-skids-plastic-pallet","7":"product_cat-all-product","8":"product_cat-plastic-pallets","9":"product_tag-grid-plastic-pallet","10":"product_tag-plastic-pallet-manufacturer","11":"product_tag-single-faced-plastic-pallet","13":"first","14":"instock","15":"shipping-taxable","16":"product-type-simple"},"_links":{"self":[{"href":"https:\/\/cnplasticpallets.com\/es\/wp-json\/wp\/v2\/product\/4238","targetHints":{"allow":["GET"]}}],"collection":[{"href":"https:\/\/cnplasticpallets.com\/es\/wp-json\/wp\/v2\/product"}],"about":[{"href":"https:\/\/cnplasticpallets.com\/es\/wp-json\/wp\/v2\/types\/product"}],"replies":[{"embeddable":true,"href":"https:\/\/cnplasticpallets.com\/es\/wp-json\/wp\/v2\/comments?post=4238"}],"wp:featuredmedia":[{"embeddable":true,"href":"https:\/\/cnplasticpallets.com\/es\/wp-json\/wp\/v2\/media\/1199"}],"wp:attachment":[{"href":"https:\/\/cnplasticpallets.com\/es\/wp-json\/wp\/v2\/media?parent=4238"}],"wp:term":[{"taxonomy":"product_brand","embeddable":true,"href":"https:\/\/cnplasticpallets.com\/es\/wp-json\/wp\/v2\/product_brand?post=4238"},{"taxonomy":"product_cat","embeddable":true,"href":"https:\/\/cnplasticpallets.com\/es\/wp-json\/wp\/v2\/product_cat?post=4238"},{"taxonomy":"product_tag","embeddable":true,"href":"https:\/\/cnplasticpallets.com\/es\/wp-json\/wp\/v2\/product_tag?post=4238"}],"curies":[{"name":"wp","href":"https:\/\/api.w.org\/{rel}","templated":true}]}}