{"id":4226,"date":"2024-12-16T11:41:32","date_gmt":"2024-12-16T03:41:32","guid":{"rendered":"https:\/\/cnplasticpallets.com\/?post_type=product&#038;p=4226"},"modified":"2026-01-23T11:40:34","modified_gmt":"2026-01-23T03:40:34","slug":"3-runners-hygienic-hdpe","status":"publish","type":"product","link":"https:\/\/cnplasticpallets.com\/es\/product\/plastic-pallets\/heavy-duty-plastic-pallet\/3-runners-hygienic-hdpe\/","title":{"rendered":"Palets Pl\u00e1sticos Higi\u00e9nicos de Alta Resistencia con 3 Corredores | 1010H2"},"content":{"rendered":"<h2>Especificaci\u00f3n del Producto<\/h2>\n<table style=\"height: 693px;\" width=\"671\">\n<tbody>\n<tr>\n<td width=\"196\">Modelo<\/td>\n<td width=\"479\">1010H2<\/td>\n<\/tr>\n<tr>\n<td width=\"196\">Materiales<\/td>\n<td width=\"479\">Polietileno de alta densidad (HDPE); Polipropileno (PP)<\/td>\n<\/tr>\n<tr>\n<td width=\"196\">Dimensiones (L\u00d7A\u00d7H mm)<\/td>\n<td width=\"479\">1000 mm \u00d7 1000 mm \u00d7 150 mm, Personalizado<\/td>\n<\/tr>\n<tr>\n<td width=\"196\">Procesos<\/td>\n<td width=\"479\">Moldeo por Inyecci\u00f3n<\/td>\n<\/tr>\n<tr>\n<td width=\"196\">Peso<\/td>\n<td width=\"479\">13.6kg<\/td>\n<\/tr>\n<tr>\n<td width=\"196\">Barras de Refuerzo<\/td>\n<td width=\"479\">8 barras (5kg)<\/td>\n<\/tr>\n<tr>\n<td width=\"196\">Base<\/td>\n<td width=\"479\">3 Patines<\/td>\n<\/tr>\n<tr>\n<td width=\"196\">Cubierta Superior<\/td>\n<td width=\"479\">Cubierta Ventilada<\/td>\n<\/tr>\n<tr>\n<td width=\"196\">Montacargas<\/td>\n<td width=\"479\">Entrada por 4 lados<\/td>\n<\/tr>\n<tr>\n<td width=\"196\">Transpaleta<\/td>\n<td width=\"479\">Entrada por 4 lados<\/td>\n<\/tr>\n<tr>\n<td width=\"196\">Higi\u00e9nico<\/td>\n<td width=\"479\">No<\/td>\n<\/tr>\n<tr>\n<td width=\"196\">Apto para estanter\u00edas<\/td>\n<td width=\"479\">S\u00ed<\/td>\n<\/tr>\n<tr>\n<td width=\"196\">Apilable<\/td>\n<td width=\"479\">S\u00ed<\/td>\n<\/tr>\n<tr>\n<td width=\"196\">Reutilizable<\/td>\n<td width=\"479\">S\u00ed<\/td>\n<\/tr>\n<tr>\n<td width=\"196\">Logotipo \/ Impresi\u00f3n<\/td>\n<td width=\"479\">S\u00ed<\/td>\n<\/tr>\n<tr>\n<td width=\"196\">Capacidad Est\u00e1tica<\/td>\n<td width=\"479\">6000 kg (reforzado)<\/td>\n<\/tr>\n<tr>\n<td width=\"196\">Capacidad Din\u00e1mica<\/td>\n<td width=\"479\">1500 kg (reforzado)<\/td>\n<\/tr>\n<tr>\n<td width=\"196\">Capacidad en estanter\u00eda<\/td>\n<td width=\"479\">1000kg(reforzado)<\/td>\n<\/tr>\n<tr>\n<td width=\"196\">Temperatura de uso<\/td>\n<td width=\"479\">-40\u2103 a 70\u2103<\/td>\n<\/tr>\n<tr>\n<td width=\"196\">Color<\/td>\n<td width=\"479\">Amarillo, Azul, Rojo, Verde, Negro, Blanco, Personalizado<\/td>\n<\/tr>\n<tr>\n<td width=\"196\">Cantidad en 20FT<\/td>\n<td width=\"479\">240 piezas<\/td>\n<\/tr>\n<tr>\n<td width=\"196\">Cantidad en 40HC<\/td>\n<td width=\"479\">600 unidades<\/td>\n<\/tr>\n<\/tbody>\n<\/table>\n<p>Nuestros pal\u00e9s higi\u00e9nicos de pl\u00e1stico de alta resistencia con 3 patines est\u00e1n dise\u00f1ados para ofrecer resistencia e higiene, ideales para el almacenamiento en almacenes. Fabricados en HDPE duradero, son f\u00e1ciles de limpiar y resistentes a la humedad y a productos qu\u00edmicos. Con dise\u00f1o de entrada por los 4 lados, permiten una manipulaci\u00f3n fiable y vers\u00e1til para operaciones exigentes.<\/p>\n<h3 data-immersive-translate-walked=\"c050809b-435a-4666-9022-1b3629bfcab4\"><strong data-immersive-translate-walked=\"c050809b-435a-4666-9022-1b3629bfcab4\" data-immersive-translate-paragraph=\"1\">Caracter\u00edsticas clave de los pal\u00e9s higi\u00e9nicos de pl\u00e1stico con 3 patines<\/strong><\/h3>\n<p class=\"\" data-start=\"772\" data-end=\"1035\"><strong data-start=\"772\" data-end=\"793\">Material de alta calidad<\/strong><\/p>\n<p class=\"translation-block\" data-start=\"772\" data-end=\"1035\">Fabricado en polietileno virgen de alta densidad (HDPE), este pal\u00e9 ofrece un rendimiento fiable en condiciones tanto de cadena de fr\u00edo como ambiente. Resiste la humedad, la corrosi\u00f3n y los impactos, ideal para log\u00edstica y transporte exigentes.<\/p>\n<p class=\"\" data-start=\"1037\" data-end=\"1264\"><strong data-start=\"1037\" data-end=\"1061\">Tecnolog\u00eda Antideslizante<\/strong><\/p>\n<p class=\"\" data-start=\"1037\" data-end=\"1264\">Equipado con almohadillas de goma antideslizantes en la plataforma superior, reduce el desplazamiento de la carga durante el uso con montacargas. Mejora la seguridad en cargas envueltas, materiales a granel o unidades apiladas.<\/p>\n<p class=\"\" data-start=\"1266\" data-end=\"1593\"><strong data-start=\"1266\" data-end=\"1292\"><strong>Capacidad de Carga Mejorada<\/strong><\/strong><\/p>\n<p class=\"\" data-start=\"1266\" data-end=\"1593\">Reforzado internamente con barras de acero galvanizado de 4 a 8, la estructura del palet pl\u00e1stico con 3 patines asegura un rendimiento apto para estanter\u00edas y previene la flexi\u00f3n bajo cargas pesadas. La carga est\u00e1tica soporta hasta 6 toneladas; la carga din\u00e1mica hasta 1.5 toneladas, lo que lo convierte en una opci\u00f3n confiable para los palets industriales de alta resistencia.<\/p>\n<p class=\"\" data-start=\"1595\" data-end=\"1848\"><strong data-start=\"1595\" data-end=\"1611\"><strong>Personalizable<\/strong><\/strong><\/p>\n<p class=\"translation-block\" data-start=\"1595\" data-end=\"1848\">Colores personalizados (seg\u00fan Pantone) y logotipos disponibles, ideales para la zonificaci\u00f3n o la visibilidad de marca. Como fabricante de palets pl\u00e1sticos, tambi\u00e9n ofrecemos dimensiones OEM y personalizaci\u00f3n de moldes por inyecci\u00f3n.<\/p>\n<p class=\"\" data-start=\"1850\" data-end=\"1983\"><strong data-start=\"1850\" data-end=\"1866\"><strong>Ecol\u00f3gico<\/strong><\/strong><\/p>\n<p class=\"\" data-start=\"1850\" data-end=\"1983\">Fabricado con HDPE 100\u202f% reciclable. Contribuye a una econom\u00eda circular y reduce los costes de manipulaci\u00f3n a largo plazo.<\/p>\n<p class=\"\" data-start=\"1985\" data-end=\"2238\"><strong data-start=\"1985\" data-end=\"2006\"><strong>Dise\u00f1o Accesible<\/strong><\/strong><\/p>\n<p class=\"translation-block\" data-start=\"1985\" data-end=\"2238\">El dise\u00f1o con entrada por 4 lados y 3 patines permite una compatibilidad fluida con estanter\u00edas, cintas transportadoras y montacargas. Sin clavos, astillas ni puntos d\u00e9biles: garantiza una manipulaci\u00f3n segura en las industrias alimentaria, qu\u00edmica y farmac\u00e9utica.<\/p>\n<h2 class=\"\" data-start=\"81\" data-end=\"134\">Preguntas Frecuentes \u2013 Todo lo que debe saber antes de hacer su pedido<\/h2>\n<p class=\"translation-block\" data-start=\"136\" data-end=\"472\"><strong data-start=\"136\" data-end=\"214\">1. \u00bfEste pal\u00e9 es compatible con sistemas de estanter\u00edas o equipos automatizados?<\/strong><br data-start=\"214\" data-end=\"217\">S\u00ed, este <strong data-start=\"227\" data-end=\"255\">pal\u00e9 de pl\u00e1stico con 3 patines<\/strong> es totalmente compatible con estanter\u00edas de vigas y <strong data-start=\"298\" data-end=\"348\">sistemas automatizados de almacenamiento y recuperaci\u00f3n (ASRS)<\/strong>. Su estructura est\u00e1 dise\u00f1ada para ofrecer un rendimiento estable bajo cargas est\u00e1ticas y din\u00e1micas en almacenes verticales.<\/p>\n<p class=\"translation-block\" data-start=\"479\" data-end=\"737\"><strong data-start=\"479\" data-end=\"525\">2. \u00bfCu\u00e1ntos pal\u00e9s se pueden apilar de forma segura?<\/strong><br data-start=\"525\" data-end=\"528\">Este pal\u00e9 permite <strong data-start=\"556\" data-end=\"595\">apilar entre 6 y 8 niveles<\/strong>, seg\u00fan el peso de la carga y las condiciones de almacenamiento. Su estructura reforzada y las barras de acero opcionales garantizan una apilabilidad segura a largo plazo.<\/p>\n<p data-start=\"479\" data-end=\"737\" class=\"translation-block\"><strong data-start=\"744\" data-end=\"809\">3. \u00bfQu\u00e9 tipos de equipos de manipulaci\u00f3n admite este pal\u00e9?<\/strong><br data-start=\"809\" data-end=\"812\">Es compatible con todos los montacargas est\u00e1ndar, incluidos <strong data-start=\"867\" data-end=\"938\">transpaletas manuales, carretillas el\u00e9ctricas y montacargas convencionales<\/strong>. Su entrada por 4 lados permite un acceso f\u00e1cil y eficiente desde cualquier direcci\u00f3n.<\/p>\n<p data-start=\"479\" data-end=\"737\" class=\"translation-block\"><strong data-start=\"1012\" data-end=\"1056\">4. \u00bfCu\u00e1ntas almohadillas antideslizantes incluye?<\/strong><br data-start=\"1056\" data-end=\"1059\">La cantidad y ubicaci\u00f3n de las almohadillas antideslizantes son <strong data-start=\"1105\" data-end=\"1127\">totalmente personalizables<\/strong> seg\u00fan sus necesidades de carga y entorno operativo. Por favor, ind\u00edquenos sus preferencias al realizar el pedido.<\/p>\n<p class=\"translation-block\" data-start=\"1251\" data-end=\"1486\"><strong data-start=\"1251\" data-end=\"1292\">5. \u00bfCu\u00e1l es la vida \u00fatil del pal\u00e9?<\/strong><br data-start=\"1292\" data-end=\"1295\">Realizamos <strong data-start=\"1306\" data-end=\"1335\">pruebas de ca\u00edda y durabilidad<\/strong> en todos nuestros <strong data-start=\"1347\" data-end=\"1377\">pal\u00e9s de pl\u00e1stico de alta resistencia<\/strong> para garantizar su rendimiento con usos repetidos. La vida \u00fatil espec\u00edfica depende de la aplicaci\u00f3n y la intensidad del manejo.<\/p>\n<p class=\"translation-block\" data-start=\"1493\" data-end=\"1777\"><strong data-start=\"1493\" data-end=\"1553\">6. \u00bfPuedo limpiarlo con agua a presi\u00f3n o agua caliente?<\/strong><br data-start=\"1553\" data-end=\"1556\">S\u00ed. El pal\u00e9 est\u00e1 dise\u00f1ado para facilitar la limpieza y <strong data-start=\"1606\" data-end=\"1632\">puede lavarse a presi\u00f3n<\/strong>. Solo aseg\u00farese de mantener la temperatura dentro del rango seguro de uso de <strong data-start=\"1704\" data-end=\"1728\">materiales HDPE o PP<\/strong>. Cont\u00e1ctenos si necesita las especificaciones exactas de temperatura.<\/p>\n<p data-start=\"1493\" data-end=\"1777\" class=\"translation-block\"><strong data-start=\"1784\" data-end=\"1866\">7. \u00bfEste modelo est\u00e1 disponible con otras superficies o estructuras dobles?<\/strong><br data-start=\"1866\" data-end=\"1869\">S\u00ed, ofrecemos este mismo modelo de <strong data-start=\"1893\" data-end=\"1909\">1000\u00d71000 mm<\/strong> en versiones <strong data-start=\"1919\" data-end=\"1955\">de superficie plana o rejilla ventilada<\/strong>, as\u00ed como en <strong data-start=\"1968\" data-end=\"1992\">versiones de doble cara<\/strong>. Podemos ajustar las especificaciones seg\u00fan sus necesidades operativas.<\/p>\n<p data-start=\"1493\" data-end=\"1777\" class=\"translation-block\"><strong data-start=\"2062\" data-end=\"2133\">8. \u00bfEste pal\u00e9 cumple con las normas para uso alimentario o farmac\u00e9utico?<\/strong><br data-start=\"2133\" data-end=\"2136\">Por supuesto. Utilizamos <strong data-start=\"2155\" data-end=\"2176\">HDPE de grado virgen<\/strong> apto para salas blancas y entornos sensibles. Certificados como ISO e informes de seguridad alimentaria est\u00e1n disponibles bajo solicitud.<\/p>\n<p data-start=\"1493\" data-end=\"1777\" class=\"translation-block\"><strong data-start=\"2315\" data-end=\"2364\">9. \u00bfPuedo personalizar el color, el logo o el embalaje?<\/strong><br data-start=\"2364\" data-end=\"2367\">S\u00ed. Como <strong data-start=\"2377\" data-end=\"2408\">fabricante de pal\u00e9s pl\u00e1sticos<\/strong>, ofrecemos colores personalizados, logotipos en relieve o impresos y embalaje OEM para adaptarnos a su marca o sistema de zonificaci\u00f3n del almac\u00e9n.<\/p>","protected":false},"excerpt":{"rendered":"<ul>\n<li>HDPE virgen, resistente a la humedad\/corrosi\u00f3n\/impacto, listo para cadena de fr\u00edo.<\/li>\n<li>Las alfombrillas antideslizantes reducen el desplazamiento de la carga, mejorando la seguridad en tr\u00e1nsito.<\/li>\n<li>Reforzados con acero, capacidad de carga est\u00e1tica de 6T y din\u00e1mica de 1.5T.<\/li>\n<li>Colores, logotipos y tama\u00f1os personalizados para branding\/zonificaci\u00f3n.<\/li>\n<li>100% reciclables, ecol\u00f3gicos y rentables.<\/li>\n<li>Entrada por 4 lados, 3 corredores, compatibles con montacargas y transpaletas manuales.<\/li>\n<\/ul>","protected":false},"featured_media":4112,"comment_status":"open","ping_status":"closed","template":"","meta":{"_seopress_robots_primary_cat":"none","_seopress_titles_title":"Heavy Duty Gird Hygienic Plastic Pallets\u200b","_seopress_titles_desc":"Explore wholesale Heavy Duty Hygienic Plastic Pallets, ideal for demanding warehouse storage. Durable HDPE, 4-way entry, customizable, and eco-friendly.","_seopress_robots_index":"","_angie_page":false},"product_brand":[],"product_cat":[83,89,84],"product_tag":[39,54,62],"class_list":{"0":"post-4226","1":"product","2":"type-product","3":"status-publish","4":"has-post-thumbnail","6":"product_cat-all-product","7":"product_cat-heavy-duty-plastic-pallet","8":"product_cat-plastic-pallets","9":"product_tag-heavy-duty-plastic-pallets","10":"product_tag-hygiene-plastic-pallets","11":"product_tag-plastic-pallet-manufacturer","13":"first","14":"instock","15":"shipping-taxable","16":"product-type-simple"},"_links":{"self":[{"href":"https:\/\/cnplasticpallets.com\/es\/wp-json\/wp\/v2\/product\/4226","targetHints":{"allow":["GET"]}}],"collection":[{"href":"https:\/\/cnplasticpallets.com\/es\/wp-json\/wp\/v2\/product"}],"about":[{"href":"https:\/\/cnplasticpallets.com\/es\/wp-json\/wp\/v2\/types\/product"}],"replies":[{"embeddable":true,"href":"https:\/\/cnplasticpallets.com\/es\/wp-json\/wp\/v2\/comments?post=4226"}],"wp:featuredmedia":[{"embeddable":true,"href":"https:\/\/cnplasticpallets.com\/es\/wp-json\/wp\/v2\/media\/4112"}],"wp:attachment":[{"href":"https:\/\/cnplasticpallets.com\/es\/wp-json\/wp\/v2\/media?parent=4226"}],"wp:term":[{"taxonomy":"product_brand","embeddable":true,"href":"https:\/\/cnplasticpallets.com\/es\/wp-json\/wp\/v2\/product_brand?post=4226"},{"taxonomy":"product_cat","embeddable":true,"href":"https:\/\/cnplasticpallets.com\/es\/wp-json\/wp\/v2\/product_cat?post=4226"},{"taxonomy":"product_tag","embeddable":true,"href":"https:\/\/cnplasticpallets.com\/es\/wp-json\/wp\/v2\/product_tag?post=4226"}],"curies":[{"name":"wp","href":"https:\/\/api.w.org\/{rel}","templated":true}]}}