{"id":4214,"date":"2024-12-16T11:39:33","date_gmt":"2024-12-16T03:39:33","guid":{"rendered":"https:\/\/cnplasticpallets.com\/?post_type=product&#038;p=4214"},"modified":"2026-03-04T11:23:30","modified_gmt":"2026-03-04T03:23:30","slug":"rackable-3-runners","status":"publish","type":"product","link":"https:\/\/cnplasticpallets.com\/es\/product\/plastic-pallets\/heavy-duty-plastic-pallet\/rackable-3-runners\/","title":{"rendered":"Pal\u00e9 de Pl\u00e1stico Resistente 1200 x 1000 \u2013 3 Travesa\u00f1os \u2013 Superficie S\u00f3lida | ENL-1210"},"content":{"rendered":"<h2>Especificaci\u00f3n del Producto<\/h2>\n<table>\n<tbody>\n<tr>\n<td width=\"196\">Modelo<\/td>\n<td width=\"479\">\n<p class=\"title\">ENL \u2013 1210<\/p>\n<\/td>\n<\/tr>\n<tr>\n<td width=\"196\">Materiales<\/td>\n<td width=\"479\">Polietileno de alta densidad (HDPE); Polipropileno (PP)<\/td>\n<\/tr>\n<tr>\n<td width=\"196\">Dimensiones (L\u00d7A\u00d7H mm)<\/td>\n<td width=\"479\">1200mm \u00d7 1000mm \u00d7 150mm, Personalizado<\/td>\n<\/tr>\n<tr>\n<td width=\"196\">Procesos<\/td>\n<td width=\"479\">Moldeo por Inyecci\u00f3n<\/td>\n<\/tr>\n<tr>\n<td width=\"196\">Peso<\/td>\n<td width=\"479\">14.8 kg<\/td>\n<\/tr>\n<tr>\n<td width=\"196\">Barras de Refuerzo<\/td>\n<td width=\"479\">8 barras (6 kg)<\/td>\n<\/tr>\n<tr>\n<td width=\"196\">Base<\/td>\n<td width=\"479\">3 Patines<\/td>\n<\/tr>\n<tr>\n<td width=\"196\">Cubierta Superior<\/td>\n<td width=\"479\">Plataforma s\u00f3lida<\/td>\n<\/tr>\n<tr>\n<td width=\"196\">Montacargas<\/td>\n<td width=\"479\">Entrada por 4 lados<\/td>\n<\/tr>\n<tr>\n<td width=\"196\">Transpaleta<\/td>\n<td width=\"479\">Entrada por 4 lados<\/td>\n<\/tr>\n<tr>\n<td width=\"196\">Higi\u00e9nico<\/td>\n<td width=\"479\">S\u00ed<\/td>\n<\/tr>\n<tr>\n<td width=\"196\">Apto para estanter\u00edas<\/td>\n<td width=\"479\">S\u00ed<\/td>\n<\/tr>\n<tr>\n<td width=\"196\">Apilable<\/td>\n<td width=\"479\">S\u00ed<\/td>\n<\/tr>\n<tr>\n<td width=\"196\">Reutilizable<\/td>\n<td width=\"479\">S\u00ed<\/td>\n<\/tr>\n<tr>\n<td width=\"196\">Logotipo \/ Impresi\u00f3n<\/td>\n<td width=\"479\">S\u00ed<\/td>\n<\/tr>\n<tr>\n<td width=\"196\">Capacidad Est\u00e1tica<\/td>\n<td width=\"479\">6000 kg (reforzado)<\/td>\n<\/tr>\n<tr>\n<td width=\"196\">Capacidad Din\u00e1mica<\/td>\n<td width=\"479\">1500 kg (reforzado)<\/td>\n<\/tr>\n<tr>\n<td width=\"196\">Capacidad en estanter\u00eda<\/td>\n<td width=\"479\">1000kg(reforzado)<\/td>\n<\/tr>\n<tr>\n<td width=\"196\">Temperatura de uso<\/td>\n<td width=\"479\">-40\u2103 a 70\u2103<\/td>\n<\/tr>\n<tr>\n<td width=\"196\">Color<\/td>\n<td width=\"479\">Amarillo, Azul, Rojo, Verde, Negro, Blanco, Personalizado<\/td>\n<\/tr>\n<tr>\n<td width=\"196\">Cantidad en 20FT<\/td>\n<td width=\"479\">214 unidades<\/td>\n<\/tr>\n<tr>\n<td width=\"196\">Cantidad en 40HC<\/td>\n<td width=\"479\">530 unidades<\/td>\n<\/tr>\n<\/tbody>\n<\/table>\n<p class=\"translation-block\">Nuestros <strong data-start=\"363\" data-end=\"393\">Palets de Pl\u00e1stico Reforzados<\/strong> est\u00e1n dise\u00f1ados para ofrecer durabilidad y resistencia, garantizando un rendimiento fiable en diversas aplicaciones industriales. Sus opciones personalizables y dise\u00f1o robusto permiten un manejo eficiente y un uso prolongado. Estos <strong data-start=\"594\" data-end=\"624\">palets reforzados de pl\u00e1stico<\/strong> son ideales para almacenamiento, estanter\u00edas y log\u00edstica global.<\/p>\n<h3 data-immersive-translate-walked=\"09746c63-459d-4cb2-aec9-d2b75dd0de61\"><strong data-immersive-translate-walked=\"09746c63-459d-4cb2-aec9-d2b75dd0de61\" data-immersive-translate-paragraph=\"1\">Caracter\u00edsticas Clave y Beneficios de los Palets de Pl\u00e1stico Reforzados 1200x1000mm<\/strong><\/h3>\n<ul data-start=\"714\" data-end=\"2570\">\n<li class=\"\" data-start=\"714\" data-end=\"1018\">\n<p class=\"translation-block\" data-start=\"716\" data-end=\"1018\"><strong>Dise\u00f1o de Esquinas Redondeadas<\/strong>:<br>Las columnas de esquinas redondeadas de nuestros pal\u00e9s de pl\u00e1stico resistentes mejoran la seguridad con carretillas elevadoras para uso de <strong>pal\u00e9s de pl\u00e1stico de alta resistencia<\/strong>, reduciendo los da\u00f1os por colisi\u00f3n y aumentando la durabilidad. Este dise\u00f1o disminuye el estr\u00e9s por impacto y amortigua las ca\u00eddas, prolongando la vida \u00fatil en <strong>entornos de transporte y almac\u00e9n<\/strong>.<\/p>\n<\/li>\n<li class=\"\" data-start=\"1020\" data-end=\"1336\">\n<p class=\"translation-block\" data-start=\"1022\" data-end=\"1336\"><strong>Dise\u00f1o de Superficie Lisa<\/strong>:<br>La superficie superior de nuestros pal\u00e9s de pl\u00e1stico resistentes est\u00e1 dise\u00f1ada para ser plana y cerrada, facilitando su limpieza y mantenimiento. Este dise\u00f1o permite eliminar r\u00e1pidamente residuos y derrames, promoviendo un entorno higi\u00e9nico adecuado para las <strong>industrias de log\u00edstica, alimentaria, qu\u00edmica y farmac\u00e9utica<\/strong>.<\/p>\n<\/li>\n<li class=\"\" data-start=\"1338\" data-end=\"1672\">\n<p class=\"translation-block\" data-start=\"1340\" data-end=\"1672\"><strong data-start=\"1340\" data-end=\"1371\">Refuerzo Inferior del Palet<\/strong>:<br data-start=\"1372\" data-end=\"1375\">La base del palet est\u00e1 reforzada con una estructura de <strong data-start=\"1423\" data-end=\"1469\">3 patines (palet de pl\u00e1stico con 3 patas)<\/strong>, que mejora la estabilidad y capacidad de carga. Este dise\u00f1o de <strong data-start=\"1523\" data-end=\"1550\">palet rackeable<\/strong> permite soportar cargas pesadas sin deformarse, incluso en condiciones exigentes de almac\u00e9n.<\/p>\n<\/li>\n<li class=\"\" data-start=\"1674\" data-end=\"2087\">\n<p class=\"translation-block\" data-start=\"1676\" data-end=\"2087\"><strong>Dise\u00f1o con Tubos de Acero (4\u20138 Tubos Opcionales)<\/strong>:<br>Para un rendimiento mejorado en operaciones de alta resistencia, este <strong>pal\u00e9 de pl\u00e1stico industrial de alta resistencia<\/strong> puede reforzarse con <strong>4 a 8 tubos de acero galvanizado<\/strong>. Las ranuras integradas para tubos aumentan significativamente la resistencia a la flexi\u00f3n y mejoran la carga en estanter\u00edas, convirti\u00e9ndolo en una soluci\u00f3n fiable para entornos de apilamiento de alta tensi\u00f3n, especialmente para <strong>sacos de cemento, harina, az\u00facar o sal<\/strong>.<\/p>\n<\/li>\n<li class=\"\" data-start=\"2089\" data-end=\"2306\">\n<p class=\"translation-block\" data-start=\"2091\" data-end=\"2306\"><strong data-start=\"2091\" data-end=\"2115\">Entrada para Montacargas en 4 Lados<\/strong>:<br data-start=\"2116\" data-end=\"2119\">Este <strong data-start=\"2126\" data-end=\"2154\">palet pl\u00e1stico con 3 patines<\/strong> admite <strong data-start=\"2164\" data-end=\"2182\">entrada por los cuatro lados<\/strong>, lo que permite el acceso del montacargas o transpaleta desde cualquier \u00e1ngulo, optimizando la manipulaci\u00f3n manual y automatizada.<\/p>\n<\/li>\n<li class=\"\" data-start=\"2308\" data-end=\"2570\">\n<p class=\"translation-block\" data-start=\"2310\" data-end=\"2419\"><strong data-start=\"2310\" data-end=\"2337\">Personalizaci\u00f3n Disponible<\/strong>:<br data-start=\"2338\" data-end=\"2341\">Como fabricante l\u00edder de <strong data-start=\"2356\" data-end=\"2387\">palets de pl\u00e1stico<\/strong>, ofrecemos personalizaci\u00f3n total:<\/p>\n<ul data-start=\"2422\" data-end=\"2570\">\n<li class=\"\" data-start=\"2422\" data-end=\"2456\">\n<p class=\"\" data-start=\"2424\" data-end=\"2456\"><strong data-start=\"2424\" data-end=\"2434\">Colores<\/strong> <strong data-start=\"2424\" data-end=\"2434\">Colores<\/strong> para zonificaci\u00f3n de instalaciones<\/p>\n<\/li>\n<li class=\"\" data-start=\"2459\" data-end=\"2509\">\n<p class=\"translation-block\" data-start=\"2461\" data-end=\"2509\"><strong data-start=\"2461\" data-end=\"2478\">Logotipos de empresa<\/strong> mediante serigraf\u00eda o grabado<\/p>\n<\/li>\n<li class=\"\" data-start=\"2512\" data-end=\"2570\">\n<p class=\"translation-block\" data-start=\"2514\" data-end=\"2570\"><strong data-start=\"2514\" data-end=\"2534\">Opciones de material<\/strong> como <strong data-start=\"2562\" data-end=\"2570\">HDPE<\/strong> virgen o reciclado<\/p>\n<\/li>\n<\/ul>\n<\/li>\n<\/ul>\n<h3 class=\"\" data-start=\"235\" data-end=\"300\">Escenarios de Aplicaci\u00f3n \u2013 Dise\u00f1ados para Exigencias Industriales Pesadas<\/h3>\n<p class=\"translation-block\" data-start=\"302\" data-end=\"446\">Este <strong>pal\u00e9 de pl\u00e1stico resistente de 1200x1000mm<\/strong> est\u00e1 dise\u00f1ado espec\u00edficamente para aplicaciones industriales exigentes que requieren tanto resistencia como fiabilidad.<\/p>\n<p class=\"\" data-start=\"448\" data-end=\"470\">Se utiliza ampliamente para:<\/p>\n<ul data-start=\"472\" data-end=\"1134\">\n<li class=\"\" data-start=\"472\" data-end=\"715\">\n<p class=\"translation-block\" data-start=\"474\" data-end=\"715\"><strong data-start=\"474\" data-end=\"512\">Almacenamiento y Manejo de Material Ensacado<\/strong><br data-start=\"512\" data-end=\"515\">Ideal para apilar <strong data-start=\"538\" data-end=\"577\">sacos de cemento, sal, az\u00facar y harina<\/strong>, este palet soporta peso concentrado sin deformarse. Las <strong data-start=\"649\" data-end=\"668\">4\u20138 barras de acero<\/strong> opcionales aportan mayor rigidez para cargas de alta densidad.<\/p>\n<\/li>\n<li class=\"\" data-start=\"717\" data-end=\"913\">\n<p class=\"translation-block\" data-start=\"719\" data-end=\"913\"><strong data-start=\"719\" data-end=\"752\">Sistemas de Estanter\u00edas en Almacenes<\/strong><br data-start=\"752\" data-end=\"755\">Dise\u00f1ado para estanter\u00edas con vigas y sistemas automatizados. La <strong data-start=\"822\" data-end=\"870\">base de HDPE con 3 patines y entrada por 4 lados<\/strong> garantiza estabilidad y eficiencia en el almacenamiento.<\/p>\n<\/li>\n<li class=\"\" data-start=\"915\" data-end=\"1134\">\n<p class=\"translation-block\" data-start=\"917\" data-end=\"1134\"><strong data-start=\"917\" data-end=\"952\">Log\u00edstica de Exportaci\u00f3n y Distribuci\u00f3n<\/strong><br data-start=\"952\" data-end=\"955\">Confiable para exportadores en env\u00edos de ida y retorno. Su <strong data-start=\"1025\" data-end=\"1046\">dise\u00f1o de plataforma s\u00f3lida<\/strong> es f\u00e1cil de sanitizar y aceptado en cadenas de suministro de <strong data-start=\"1088\" data-end=\"1109\">alimentos y qu\u00edmicos<\/strong>.<\/p>\n<\/li>\n<\/ul>\n<p class=\"translation-block\" data-start=\"1136\" data-end=\"1268\">Elige este palet cuando tus operaciones requieran <strong data-start=\"1183\" data-end=\"1239\">palets pl\u00e1sticos duraderos, rackeables y f\u00e1ciles de limpiar<\/strong> que rindan bajo presi\u00f3n.<\/p>","protected":false},"excerpt":{"rendered":"<p>El ENL-1210 de Enlightening Pallet es un pal\u00e9 de pl\u00e1stico resistente de 1200x1000mm dise\u00f1ado para estanter\u00edas industriales, log\u00edstica de grado alimentario y exportaci\u00f3n global. Fabricado bajo las normas ISO 9001, FDA y REACH, nuestros pal\u00e9s de HDPE aptos para estanter\u00edas protegen las mercanc\u00edas de la contaminaci\u00f3n en cadenas de suministro alimentarias, qu\u00edmicas y farmac\u00e9uticas. Como fabricante especializado de pal\u00e9s de pl\u00e1stico, suministramos al por mayor directamente con un MOQ de 300 unidades.<\/p>","protected":false},"featured_media":4109,"comment_status":"open","ping_status":"closed","template":"","meta":{"_seopress_robots_primary_cat":"none","_seopress_titles_title":"Plastic Pallet Heavy Duty for Sale | Solid Deck | Wholesale","_seopress_titles_desc":"Browse our 1200x1000mm heavy duty plastic pallets. 6000kg load, HDPE, FDA & ISO certified. Factory wholesale \u2014 MOQ 300pcs. Get a quote.","_seopress_robots_index":"","_angie_page":false},"product_brand":[],"product_cat":[83,89,84],"product_tag":[45,39,62],"class_list":{"0":"post-4214","1":"product","2":"type-product","3":"status-publish","4":"has-post-thumbnail","6":"product_cat-all-product","7":"product_cat-heavy-duty-plastic-pallet","8":"product_cat-plastic-pallets","9":"product_tag-euro-plastic-pallets","10":"product_tag-heavy-duty-plastic-pallets","11":"product_tag-plastic-pallet-manufacturer","13":"first","14":"instock","15":"shipping-taxable","16":"product-type-simple"},"_links":{"self":[{"href":"https:\/\/cnplasticpallets.com\/es\/wp-json\/wp\/v2\/product\/4214","targetHints":{"allow":["GET"]}}],"collection":[{"href":"https:\/\/cnplasticpallets.com\/es\/wp-json\/wp\/v2\/product"}],"about":[{"href":"https:\/\/cnplasticpallets.com\/es\/wp-json\/wp\/v2\/types\/product"}],"replies":[{"embeddable":true,"href":"https:\/\/cnplasticpallets.com\/es\/wp-json\/wp\/v2\/comments?post=4214"}],"wp:featuredmedia":[{"embeddable":true,"href":"https:\/\/cnplasticpallets.com\/es\/wp-json\/wp\/v2\/media\/4109"}],"wp:attachment":[{"href":"https:\/\/cnplasticpallets.com\/es\/wp-json\/wp\/v2\/media?parent=4214"}],"wp:term":[{"taxonomy":"product_brand","embeddable":true,"href":"https:\/\/cnplasticpallets.com\/es\/wp-json\/wp\/v2\/product_brand?post=4214"},{"taxonomy":"product_cat","embeddable":true,"href":"https:\/\/cnplasticpallets.com\/es\/wp-json\/wp\/v2\/product_cat?post=4214"},{"taxonomy":"product_tag","embeddable":true,"href":"https:\/\/cnplasticpallets.com\/es\/wp-json\/wp\/v2\/product_tag?post=4214"}],"curies":[{"name":"wp","href":"https:\/\/api.w.org\/{rel}","templated":true}]}}