{"id":3940,"date":"2024-12-12T11:52:50","date_gmt":"2024-12-12T03:52:50","guid":{"rendered":"https:\/\/cnplasticpallets.com\/?post_type=product&#038;p=3940"},"modified":"2026-01-21T13:39:18","modified_gmt":"2026-01-21T05:39:18","slug":"6-runners-rackable","status":"publish","type":"product","link":"https:\/\/cnplasticpallets.com\/es\/product\/plastic-pallets\/hygienic-plastic-pallet\/6-runners-rackable\/","title":{"rendered":"Palet Pl\u00e1stico Higi\u00e9nico 1200 \u00d7 1200 con 6 Patines | H1212PTA"},"content":{"rendered":"<h2>Especificaciones del producto<\/h2>\n<table dir=\"ltr\" border=\"1\" cellspacing=\"0\" cellpadding=\"0\" data-sheets-root=\"1\" data-sheets-baot=\"1\">\n<colgroup>\n<col width=\"160\" \/>\n<col width=\"231\" \/><\/colgroup>\n<tbody>\n<tr>\n<td>Modelo<\/td>\n<td>H1212PTA<\/td>\n<\/tr>\n<tr>\n<td>Materiales<\/td>\n<td>\n<div>\n<div>Polietileno de alta densidad (HDPE); Polipropileno (PP)<\/div>\n<\/div>\n<\/td>\n<\/tr>\n<tr>\n<td>Dimensiones (L\u00d7A\u00d7H mm)<\/td>\n<td>\n<div>\n<div>1200mm \u00d7 1200mm \u00d7 150mm, Personalizado<\/div>\n<\/div>\n<\/td>\n<\/tr>\n<tr>\n<td>Procesos<\/td>\n<td>Moldeo por inyecci\u00f3n + Soldadura<\/td>\n<\/tr>\n<tr>\n<td>Peso<\/td>\n<td>21.7kg<\/td>\n<\/tr>\n<tr>\n<td>Base<\/td>\n<td>6 Patines<\/td>\n<\/tr>\n<tr>\n<td>Cubierta Superior<\/td>\n<td>Deck Cerrado<\/td>\n<\/tr>\n<tr>\n<td>Montacargas<\/td>\n<td>Entrada por 4 lados<\/td>\n<\/tr>\n<tr>\n<td>Transpaleta<\/td>\n<td>Entrada por 4 lados<\/td>\n<\/tr>\n<tr>\n<td>Higi\u00e9nico<\/td>\n<td>S\u00ed<\/td>\n<\/tr>\n<tr>\n<td>Apto para estanter\u00edas<\/td>\n<td>S\u00ed<\/td>\n<\/tr>\n<tr>\n<td>Apilable<\/td>\n<td>S\u00ed<\/td>\n<\/tr>\n<tr>\n<td>Reutilizable<\/td>\n<td>S\u00ed<\/td>\n<\/tr>\n<tr>\n<td>Logotipo \/ Impresi\u00f3n<\/td>\n<td>S\u00ed<\/td>\n<\/tr>\n<tr>\n<td>Capacidad Est\u00e1tica<\/td>\n<td>6000 kg (reforzado)<\/td>\n<\/tr>\n<tr>\n<td>Capacidad Din\u00e1mica<\/td>\n<td>1500 kg (reforzado)<\/td>\n<\/tr>\n<tr>\n<td>Capacidad en estanter\u00eda<\/td>\n<td>1000kg(reforzado)<\/td>\n<\/tr>\n<tr>\n<td>Temperatura de uso<\/td>\n<td>-40\u2103 a 70\u2103<\/td>\n<\/tr>\n<tr>\n<td>Color<\/td>\n<td>Azul, Negro, Naranja, Gris, Personalizado<\/td>\n<\/tr>\n<tr>\n<td>Cantidad en 20FT<\/td>\n<td>120 uds<\/td>\n<\/tr>\n<tr>\n<td>Cantidad en 40HC<\/td>\n<td>310 unidades<\/td>\n<\/tr>\n<\/tbody>\n<\/table>\n<h2 data-immersive-translate-walked=\"50361a7d-21fb-4e0f-83ef-ac8fb4f859fe\" data-immersive-translate-paragraph=\"1\"><strong>Caracter\u00edsticas clave<\/strong><\/h2>\n<ul>\n<li data-start=\"622\" data-end=\"854\" class=\"translation-block\"><strong data-start=\"622\" data-end=\"651\">Dise\u00f1o Sin Costuras de Una Sola Pieza<\/strong>: Moldeado por inyecci\u00f3n como una unidad \u00fanica sin uniones ni cavidades, este <strong data-start=\"720\" data-end=\"750\">palet pl\u00e1stico con deck liso<\/strong> elimina trampas de suciedad y soporta limpiezas frecuentes a alta presi\u00f3n\u2014ideal para <strong data-start=\"828\" data-end=\"853\">entornos sanitarios<\/strong>.<\/li>\n<li data-start=\"856\" data-end=\"1101\" class=\"translation-block\"><strong data-start=\"856\" data-end=\"879\">Estructura de 6 Patines<\/strong>: La base de seis patines de per\u00edmetro completo garantiza m\u00e1xima estabilidad en <strong data-start=\"945\" data-end=\"961\">sistemas de estanter\u00edas<\/strong>, transportadores y soportes de vigas, reduciendo los riesgos de deformaci\u00f3n bajo cargas din\u00e1micas. Perfecto para <strong data-start=\"1053\" data-end=\"1072\">uso apilable en estanter\u00edas<\/strong> en almacenes automatizados.<\/li>\n<li data-start=\"1103\" data-end=\"1323\" class=\"translation-block\"><strong data-start=\"1103\" data-end=\"1134\">Material Higi\u00e9nico Certificado<\/strong>: Hecho de <strong data-start=\"1146\" data-end=\"1165\">HDPE de grado alimenticio<\/strong>, completamente conforme con las normas FDA y EU 10\/2011. No poroso y resistente a los productos qu\u00edmicos, previene el crecimiento bacteriano y es compatible con <strong data-start=\"1295\" data-end=\"1322\">salas limpias<\/strong>.<\/li>\n<li data-start=\"1325\" data-end=\"1512\" class=\"translation-block\"><strong data-start=\"1325\" data-end=\"1354\">Superficie Antideslizante Opcional<\/strong>: Grommets de goma o inserciones antideslizantes opcionales mejoran el agarre durante el transporte y almacenamiento est\u00e1tico. F\u00e1ciles de limpiar o reemplazar dependiendo de la aplicaci\u00f3n log\u00edstica.<\/li>\n<li data-start=\"1514\" data-end=\"1692\" class=\"translation-block\"><strong data-start=\"1514\" data-end=\"1541\">Opciones de Marca Personalizada<\/strong>: Color, logotipo y caracter\u00edsticas de rastreo (por ejemplo, c\u00f3digo de barras o ranura RFID) pueden personalizarse para adaptarse a sistemas de inventario a gran escala o necesidades de visibilidad de marca OEM.<\/li>\n<li data-start=\"1694\" data-end=\"1874\" class=\"translation-block\"><strong data-start=\"1694\" data-end=\"1724\">Amplia Tolerancia a Temperaturas<\/strong>: Funciona de manera confiable en entornos que van de -30\u00b0C a +60\u00b0C, incluyendo almacenamiento en fr\u00edo, zonas de lavado h\u00famedo y ciclos de sanificaci\u00f3n a alta temperatura.<\/li>\n<li data-start=\"1876\" data-end=\"2015\" class=\"translation-block\"><strong data-start=\"1876\" data-end=\"1906\">Ecol\u00f3gico y Reciclable<\/strong>: Fabricado con HDPE 100% reciclable, reduciendo desperdicios y aline\u00e1ndose con los compromisos industriales de sostenibilidad.<\/li>\n<li class=\"\" data-start=\"2058\" data-end=\"2155\">\n<p class=\"translation-block\" data-start=\"2060\" data-end=\"2155\"><strong data-start=\"2060\" data-end=\"2080\">Dise\u00f1o Apilable<\/strong>: Puede apilarse de manera segura hasta 6 capas para una utilizaci\u00f3n eficiente del almac\u00e9n.<\/p>\n<\/li>\n<li class=\"\" data-start=\"2156\" data-end=\"2253\">\n<p class=\"translation-block\" data-start=\"2158\" data-end=\"2253\"><strong data-start=\"2158\" data-end=\"2176\">Tolerancia a la Carga<\/strong>: Dise\u00f1ado para cargas din\u00e1micas de 1.5 toneladas \/ cargas est\u00e1ticas de 6 toneladas sin deformaci\u00f3n.<\/p>\n<\/li>\n<li class=\"\" data-start=\"2254\" data-end=\"2343\">\n<p class=\"translation-block\" data-start=\"2256\" data-end=\"2343\"><strong data-start=\"2256\" data-end=\"2278\">Acceso de Entrada por 4 Lados<\/strong>: Compatible con carretillas elevadoras y transpaletas desde todas las direcciones.<\/p>\n<\/li>\n<li class=\"\" data-start=\"2344\" data-end=\"2457\">\n<p class=\"translation-block\" data-start=\"2346\" data-end=\"2457\"><strong data-start=\"2346\" data-end=\"2373\">Aplicaciones Compatibles<\/strong>: Estanter\u00edas con vigas, sistemas de transporte por shuttle, l\u00edneas de pick-and-place rob\u00f3ticas, transporte en cadena de fr\u00edo.<\/p>\n<\/li>\n<\/ul>","protected":false},"excerpt":{"rendered":"<p>Nuestro palet pl\u00e1stico higi\u00e9nico H1212PTA con 6 patines es una soluci\u00f3n duradera y vers\u00e1til para el manejo eficiente de materiales en operaciones cr\u00edticas de higiene. Fabricado con HDPE de grado alimenticio, ofrece una alta capacidad de carga, dise\u00f1o apilable y es ideal para salas limpias, productos farmac\u00e9uticos, procesamiento de alimentos y uso industrial pesado. Personalizable en tama\u00f1o, color y marca, este palet cumple con tus necesidades espec\u00edficas de almacenamiento y transporte.<\/p>","protected":false},"featured_media":4034,"comment_status":"open","ping_status":"closed","template":"","meta":{"_seopress_robots_primary_cat":"none","_seopress_titles_title":"1200 \u00d7 1200 Hygienic 6 Runners Plastic Pallet | H1212PTA","_seopress_titles_desc":"Sanitary HDPE pallet with 6 runners and smooth deck. Ideal for food-grade, cleanroom, or pharma use. Strong, rackable, and built for hygiene-critical industries.","_seopress_robots_index":"","_angie_page":false},"product_brand":[],"product_cat":[83,90,84],"product_tag":[37,54,63,35],"class_list":{"0":"post-3940","1":"product","2":"type-product","3":"status-publish","4":"has-post-thumbnail","6":"product_cat-all-product","7":"product_cat-hygienic-plastic-pallet","8":"product_cat-plastic-pallets","9":"product_tag-flat-plastic-pallet","10":"product_tag-hygiene-plastic-pallets","11":"product_tag-plastic-pallet-suppliers","12":"product_tag-stackable-plastic-pallets","14":"first","15":"instock","16":"shipping-taxable","17":"product-type-simple"},"_links":{"self":[{"href":"https:\/\/cnplasticpallets.com\/es\/wp-json\/wp\/v2\/product\/3940","targetHints":{"allow":["GET"]}}],"collection":[{"href":"https:\/\/cnplasticpallets.com\/es\/wp-json\/wp\/v2\/product"}],"about":[{"href":"https:\/\/cnplasticpallets.com\/es\/wp-json\/wp\/v2\/types\/product"}],"replies":[{"embeddable":true,"href":"https:\/\/cnplasticpallets.com\/es\/wp-json\/wp\/v2\/comments?post=3940"}],"wp:featuredmedia":[{"embeddable":true,"href":"https:\/\/cnplasticpallets.com\/es\/wp-json\/wp\/v2\/media\/4034"}],"wp:attachment":[{"href":"https:\/\/cnplasticpallets.com\/es\/wp-json\/wp\/v2\/media?parent=3940"}],"wp:term":[{"taxonomy":"product_brand","embeddable":true,"href":"https:\/\/cnplasticpallets.com\/es\/wp-json\/wp\/v2\/product_brand?post=3940"},{"taxonomy":"product_cat","embeddable":true,"href":"https:\/\/cnplasticpallets.com\/es\/wp-json\/wp\/v2\/product_cat?post=3940"},{"taxonomy":"product_tag","embeddable":true,"href":"https:\/\/cnplasticpallets.com\/es\/wp-json\/wp\/v2\/product_tag?post=3940"}],"curies":[{"name":"wp","href":"https:\/\/api.w.org\/{rel}","templated":true}]}}