{"id":3937,"date":"2024-12-12T11:51:50","date_gmt":"2024-12-12T03:51:50","guid":{"rendered":"https:\/\/cnplasticpallets.com\/?post_type=product&#038;p=3937"},"modified":"2026-01-20T17:41:27","modified_gmt":"2026-01-20T09:41:27","slug":"double-sided-flat","status":"publish","type":"product","link":"https:\/\/cnplasticpallets.com\/es\/product\/plastic-pallets\/hygienic-plastic-pallet\/double-sided-flat\/","title":{"rendered":"Pal\u00e9 pl\u00e1stico higi\u00e9nico 1200 \u00d7 1000 de alta resistencia | ENL-B1210S1"},"content":{"rendered":"<p>Especificaci\u00f3n del Producto<\/p>\n<table dir=\"ltr\" border=\"1\" cellspacing=\"0\" cellpadding=\"0\" data-sheets-root=\"1\" data-sheets-baot=\"1\">\n<colgroup>\n<col width=\"160\" \/>\n<col width=\"327\" \/><\/colgroup>\n<tbody>\n<tr>\n<td>Modelo<\/td>\n<td>ENL-B1210S1<\/td>\n<\/tr>\n<tr>\n<td>Materiales<\/td>\n<td>Polietileno de alta densidad (HDPE); Polipropileno (PP)<\/td>\n<\/tr>\n<tr>\n<td>Dimensiones (L\u00d7A\u00d7H mm)<\/td>\n<td>1200mm \u00d7 1000mm \u00d7 150mm, Personalizado<\/td>\n<\/tr>\n<tr>\n<td>Procesos<\/td>\n<td>Moldeo por inyecci\u00f3n + Soldadura<\/td>\n<\/tr>\n<tr>\n<td>Peso<\/td>\n<td>29.5g<\/td>\n<\/tr>\n<tr>\n<td>Barras de Refuerzo<\/td>\n<td>\u00a0\/<\/td>\n<\/tr>\n<tr>\n<td>Base<\/td>\n<td>9 patas<\/td>\n<\/tr>\n<tr>\n<td>Cubierta Superior<\/td>\n<td>Doble Plataforma<\/td>\n<\/tr>\n<tr>\n<td>Montacargas<\/td>\n<td>Entrada por 4 lados<\/td>\n<\/tr>\n<tr>\n<td>Transpaleta<\/td>\n<td>Entrada por 4 lados<\/td>\n<\/tr>\n<tr>\n<td>Apilable<\/td>\n<td>S\u00ed<\/td>\n<\/tr>\n<tr>\n<td>Higi\u00e9nico<\/td>\n<td>S\u00ed<\/td>\n<\/tr>\n<tr>\n<td>Reutilizable<\/td>\n<td>S\u00ed<\/td>\n<\/tr>\n<tr>\n<td>Logotipo \/ Impresi\u00f3n<\/td>\n<td>S\u00ed<\/td>\n<\/tr>\n<tr>\n<td>Capacidad Est\u00e1tica<\/td>\n<td>6,000 kg<\/td>\n<\/tr>\n<tr>\n<td>Capacidad Din\u00e1mica<\/td>\n<td>2000 kg<\/td>\n<\/tr>\n<tr>\n<td>Temperatura de uso<\/td>\n<td>-40\u2103 a 70\u2103<\/td>\n<\/tr>\n<tr>\n<td>Color<\/td>\n<td>Azul, Rojo, Amarillo, Verde, Gris, Blanco, Personalizado<\/td>\n<\/tr>\n<tr>\n<td>Cantidad en 20FT<\/td>\n<td>150 unidades<\/td>\n<\/tr>\n<tr>\n<td>Cantidad en 40HC<\/td>\n<td>367 piezas<\/td>\n<\/tr>\n<\/tbody>\n<\/table>\n<p>Descubra nuestro Pal\u00e9 Higi\u00e9nico de Pl\u00e1stico de Doble Cara y Superficie Lisa, dise\u00f1ado para m\u00e1xima limpieza y durabilidad. Ideal para ambientes sensibles, soporta cargas elevadas y permite personalizaci\u00f3n para reforzar su imagen operativa y eficiencia.<\/p>\n<h3 data-immersive-translate-walked=\"b9e948e4-857a-40d6-b1ce-b943820b73c8\" data-immersive-translate-paragraph=\"1\"><strong>Caracter\u00edsticas clave del pal\u00e9 higi\u00e9nico de pl\u00e1stico doble cara<\/strong><\/h3>\n<p class=\"\" data-start=\"496\" data-end=\"859\"><strong data-start=\"496\" data-end=\"519\">Superficie ultraplana y limpia<\/strong><\/p>\n<p class=\"translation-block\" data-start=\"496\" data-end=\"859\">La cubierta lisa y s\u00f3lida evita la absorci\u00f3n de l\u00edquidos y la acumulaci\u00f3n de suciedad, ideal para talleres GMP, salas limpias farmac\u00e9uticas y plantas de procesamiento c\u00e1rnico. Este pal\u00e9 de cubierta lisa es ideal para empresas que necesitan pal\u00e9s de pl\u00e1stico sanitarios o pal\u00e9s de pl\u00e1stico para salas blancas.<\/p>\n<p class=\"\" data-start=\"861\" data-end=\"1208\"><strong data-start=\"861\" data-end=\"889\">Capacidad de carga pesada<\/strong><\/p>\n<p class=\"translation-block\" data-start=\"861\" data-end=\"1208\">Soporta hasta 6 toneladas de carga est\u00e1tica y 1.5 toneladas din\u00e1mica. Perfecto para operaciones log\u00edsticas de alto volumen, almacenes y l\u00edneas automatizadas. Es un verdadero pal\u00e9 de pl\u00e1stico heavy duty, preparado para condiciones exigentes en aplicaciones industriales.<\/p>\n<p class=\"\" data-start=\"1210\" data-end=\"1523\"><strong data-start=\"1210\" data-end=\"1233\">Dise\u00f1o doble cara<\/strong><\/p>\n<p class=\"translation-block\" data-start=\"1210\" data-end=\"1523\">La plataforma reversible proporciona apilado equilibrado, mayor vida \u00fatil y distribuci\u00f3n uniforme de peso, superando a los pal\u00e9s de madera en estabilidad. Como pal\u00e9 de pl\u00e1stico de doble plataforma, es ampliamente utilizado por compradores que buscan pal\u00e9s para estanter\u00edas y almacenaje en varios niveles.<\/p>\n<p class=\"\" data-start=\"1525\" data-end=\"1784\"><strong data-start=\"1525\" data-end=\"1549\">Entrada para Montacargas en 4 Lados<\/strong><\/p>\n<p class=\"translation-block\" data-start=\"1525\" data-end=\"1784\">Compatible con carretillas est\u00e1ndar y transpaletas para un movimiento fluido en pasillos estrechos. Este pal\u00e9 de una sola pieza est\u00e1 moldeado para facilitar el acceso y la manipulaci\u00f3n precisa en sistemas log\u00edsticos modernos.<\/p>\n<p class=\"\" data-start=\"2062\" data-end=\"2360\"><strong data-start=\"2062\" data-end=\"2087\">Resistente al fr\u00edo y al calor<\/strong><\/p>\n<p class=\"translation-block\" data-start=\"2062\" data-end=\"2360\">Funciona con fiabilidad entre -30\u202f\u00b0C y +60\u202f\u00b0C, apto para almacenamiento en cadena de fr\u00edo, c\u00e1maras de esterilizaci\u00f3n y distribuci\u00f3n global. Ya sea como pal\u00e9 pl\u00e1stico alimentario o pal\u00e9 pl\u00e1stico grado alimenticio, su rendimiento es estable en condiciones extremas.<\/p>\n<h3 data-start=\"1675\" data-end=\"1868\">\u00bfQu\u00e9 puede personalizar en su pal\u00e9 higi\u00e9nico de doble cara?<\/h3>\n<p class=\"\" data-start=\"181\" data-end=\"306\">\u00bfBusca un pal\u00e9 que se ajuste exactamente a sus necesidades en log\u00edstica alimentaria, farmac\u00e9utica o de salas limpias? Aqu\u00ed tiene c\u00f3mo hacerlo suyo.<\/p>\n<p class=\"\" data-start=\"308\" data-end=\"485\"><strong data-start=\"311\" data-end=\"347\">\u00bfQuiere color o marca propia?<\/strong><\/p>\n<p class=\"\" data-start=\"308\" data-end=\"485\">S\u00ed, ofrecemos personalizaci\u00f3n total del color e impresi\u00f3n de logotipo (en relieve o serigraf\u00eda). Ordene su flujo de trabajo y mantenga su marca visible.<\/p>\n<p class=\"\" data-start=\"487\" data-end=\"674\"><strong data-start=\"490\" data-end=\"534\">\u00bfNecesita material reciclado o apto para FDA?<\/strong><\/p>\n<p class=\"\" data-start=\"487\" data-end=\"674\">Sin problema. Puede elegir HDPE virgen para m\u00e1xima higiene o material reciclado para usos secundarios. Todos cumplen con normas de seguridad alimentaria y farmac\u00e9utica.<\/p>\n<p class=\"\" data-start=\"676\" data-end=\"872\"><strong data-start=\"679\" data-end=\"717\">\u00bfPrefiere superficie lisa o texturizada?<\/strong><\/p>\n<p class=\"translation-block\" data-start=\"676\" data-end=\"872\">Ofrecemos ambas. La lisa se limpia f\u00e1cilmente, mientras que la texturizada ofrece mayor agarre\u2014ideal como pal\u00e9 pl\u00e1stico sanitario.<\/p>\n<p class=\"\" data-start=\"874\" data-end=\"1054\"><strong data-start=\"877\" data-end=\"915\">\u00bfUsa estanter\u00edas o sistemas automatizados?<\/strong><\/p>\n<p class=\"translation-block\" data-start=\"874\" data-end=\"1054\">Podemos reforzar su pal\u00e9 para hacerlo completamente apto para estanter\u00edas\u2014ideal para almacenamiento en altura, ASRS y aplicaciones industriales.<\/p>\n<p class=\"\" data-start=\"1056\" data-end=\"1236\"><strong data-start=\"1059\" data-end=\"1092\">\u00bfNo tiene claro el peso que soporta?<\/strong><\/p>\n<p class=\"translation-block\" data-start=\"1056\" data-end=\"1236\">Cu\u00e9ntenos su necesidad. Ya sea pal\u00e9 ligero o pal\u00e9 pl\u00e1stico resistente, adaptamos la estructura para soportar su carga con seguridad.<\/p>\n<p class=\"\" data-start=\"1238\" data-end=\"1379\"><strong data-start=\"1241\" data-end=\"1268\">\u00bfUsa AGVs o robots?<\/strong><\/p>\n<p class=\"translation-block\" data-start=\"1238\" data-end=\"1379\">Av\u00edsenos\u2014ajustamos las entradas de 4 v\u00edas para un movimiento fluido en entornos automatizados o salas limpias.<\/p>\n<p class=\"\" data-start=\"1381\" data-end=\"1546\"><strong data-start=\"1384\" data-end=\"1413\">\u00bfNo usa tama\u00f1os est\u00e1ndar?<\/strong><\/p>\n<p class=\"translation-block\" data-start=\"1381\" data-end=\"1546\">Ofrecemos medidas a la carta. Desde exportaciones en contenedor hasta espacios reducidos, dise\u00f1amos sus pal\u00e9s a medida.<\/p>\n<p class=\"\" data-start=\"1548\" data-end=\"1703\"><strong data-start=\"1551\" data-end=\"1586\">\u00bfNecesita drenaje o cubierta sellada?<\/strong><\/p>\n<p class=\"translation-block\" data-start=\"1548\" data-end=\"1703\">Elija canales de drenaje para zonas h\u00famedas, o cubierta totalmente sellada para operaciones ultralimpias.<\/p>","protected":false},"excerpt":{"rendered":"<p class=\"translation-block\">Pal\u00e9 higi\u00e9nico de pl\u00e1stico resistente fabricado en <strong>HDPE<\/strong>, ideal para industrias alimentarias, farmac\u00e9uticas y salas blancas. Dise\u00f1o <strong>doble cara<\/strong> personalizable para optimizar la log\u00edstica y la imagen de marca. Como f\u00e1brica y proveedor mayorista en China, ofrecemos entrega r\u00e1pida y stock confiable. Dise\u00f1ado para entornos sanitarios y log\u00edstica industrial eficiente.<\/p>","protected":false},"featured_media":4040,"comment_status":"open","ping_status":"closed","template":"","meta":{"_seopress_robots_primary_cat":"none","_seopress_titles_title":"1200 \u00d7 1000 Hygienic Plastic Pallet Heavy Duty | ENL-B1210S1","_seopress_titles_desc":"Explore our Double-sided Hygienic Plastic Pallet, crafted in our factory for maximum hygiene and durability, ideal for sensitive and high-load environments.","_seopress_robots_index":"","_angie_page":false},"product_brand":[],"product_cat":[83,90,84],"product_tag":[60,37,54,62],"class_list":{"0":"post-3937","1":"product","2":"type-product","3":"status-publish","4":"has-post-thumbnail","6":"product_cat-all-product","7":"product_cat-hygienic-plastic-pallet","8":"product_cat-plastic-pallets","9":"product_tag-double-faced-plastic-pallet","10":"product_tag-flat-plastic-pallet","11":"product_tag-hygiene-plastic-pallets","12":"product_tag-plastic-pallet-manufacturer","14":"first","15":"instock","16":"shipping-taxable","17":"product-type-simple"},"_links":{"self":[{"href":"https:\/\/cnplasticpallets.com\/es\/wp-json\/wp\/v2\/product\/3937","targetHints":{"allow":["GET"]}}],"collection":[{"href":"https:\/\/cnplasticpallets.com\/es\/wp-json\/wp\/v2\/product"}],"about":[{"href":"https:\/\/cnplasticpallets.com\/es\/wp-json\/wp\/v2\/types\/product"}],"replies":[{"embeddable":true,"href":"https:\/\/cnplasticpallets.com\/es\/wp-json\/wp\/v2\/comments?post=3937"}],"wp:featuredmedia":[{"embeddable":true,"href":"https:\/\/cnplasticpallets.com\/es\/wp-json\/wp\/v2\/media\/4040"}],"wp:attachment":[{"href":"https:\/\/cnplasticpallets.com\/es\/wp-json\/wp\/v2\/media?parent=3937"}],"wp:term":[{"taxonomy":"product_brand","embeddable":true,"href":"https:\/\/cnplasticpallets.com\/es\/wp-json\/wp\/v2\/product_brand?post=3937"},{"taxonomy":"product_cat","embeddable":true,"href":"https:\/\/cnplasticpallets.com\/es\/wp-json\/wp\/v2\/product_cat?post=3937"},{"taxonomy":"product_tag","embeddable":true,"href":"https:\/\/cnplasticpallets.com\/es\/wp-json\/wp\/v2\/product_tag?post=3937"}],"curies":[{"name":"wp","href":"https:\/\/api.w.org\/{rel}","templated":true}]}}