{"id":3931,"date":"2024-12-12T11:50:16","date_gmt":"2024-12-12T03:50:16","guid":{"rendered":"https:\/\/cnplasticpallets.com\/?post_type=product&#038;p=3931"},"modified":"2026-01-21T09:55:51","modified_gmt":"2026-01-21T01:55:51","slug":"3-skids-hdpe","status":"publish","type":"product","link":"https:\/\/cnplasticpallets.com\/es\/product\/plastic-pallets\/hygienic-plastic-pallet\/3-skids-hdpe\/","title":{"rendered":"Palet Pl\u00e1stico Higi\u00e9nico 1200 \u00d7 1000 con 3 Patines | H1210PHD"},"content":{"rendered":"<h2 data-immersive-translate-walked=\"5186cfc6-d794-4e5f-9b41-40aa31df6535\">Especificaciones del producto<\/h2>\n<table dir=\"ltr\" border=\"1\" cellspacing=\"0\" cellpadding=\"0\" data-sheets-root=\"1\" data-sheets-baot=\"1\">\n<colgroup>\n<col width=\"160\" \/>\n<col width=\"327\" \/><\/colgroup>\n<tbody>\n<tr>\n<td>Modelo<\/td>\n<td>H1210PHD<\/td>\n<\/tr>\n<tr>\n<td>Materiales<\/td>\n<td>Polietileno de alta densidad (HDPE); Polipropileno (PP)<\/td>\n<\/tr>\n<tr>\n<td>Dimensiones (L\u00d7A\u00d7H mm)<\/td>\n<td>1200mm \u00d7 1000mm \u00d7 150mm, Personalizado<\/td>\n<\/tr>\n<tr>\n<td>Procesos<\/td>\n<td>Moldeo por inyecci\u00f3n + Soldadura<\/td>\n<\/tr>\n<tr>\n<td>Peso<\/td>\n<td>17,6g<\/td>\n<\/tr>\n<tr>\n<td>Barras de Refuerzo<\/td>\n<td>N\/A<\/td>\n<\/tr>\n<tr>\n<td>Base<\/td>\n<td>3 Patines<\/td>\n<\/tr>\n<tr>\n<td>Cubierta Superior<\/td>\n<td>Deck Cerrado<\/td>\n<\/tr>\n<tr>\n<td>Montacargas<\/td>\n<td>Entrada por 4 lados<\/td>\n<\/tr>\n<tr>\n<td>Transpaleta<\/td>\n<td>Entrada por 4 lados<\/td>\n<\/tr>\n<tr>\n<td>Apto para estanter\u00edas<\/td>\n<td>S\u00ed<\/td>\n<\/tr>\n<tr>\n<td>Apilable<\/td>\n<td>S\u00ed<\/td>\n<\/tr>\n<tr>\n<td>Higi\u00e9nico<\/td>\n<td>S\u00ed<\/td>\n<\/tr>\n<tr>\n<td>Reutilizable<\/td>\n<td>S\u00ed<\/td>\n<\/tr>\n<tr>\n<td>Logotipo \/ Impresi\u00f3n<\/td>\n<td>S\u00ed<\/td>\n<\/tr>\n<tr>\n<td>Capacidad Est\u00e1tica<\/td>\n<td>4000kg<\/td>\n<\/tr>\n<tr>\n<td>Capacidad Din\u00e1mica<\/td>\n<td>1000 kg<\/td>\n<\/tr>\n<tr>\n<td>Temperatura de uso<\/td>\n<td>-40\u2103 a 70\u2103<\/td>\n<\/tr>\n<tr>\n<td>Color<\/td>\n<td>Azul, Rojo, Amarillo, Verde, Gris, Blanco, Personalizado<\/td>\n<\/tr>\n<tr>\n<td>Cantidad en 20FT<\/td>\n<td>210 unidades<\/td>\n<\/tr>\n<tr>\n<td>Cantidad en 40HC<\/td>\n<td>510 unidades<\/td>\n<\/tr>\n<\/tbody>\n<\/table>\n<h2 data-immersive-translate-walked=\"5186cfc6-d794-4e5f-9b41-40aa31df6535\"><strong data-immersive-translate-walked=\"5186cfc6-d794-4e5f-9b41-40aa31df6535\" data-immersive-translate-paragraph=\"1\">Caracter\u00edsticas clave<\/strong><\/h2>\n<ul>\n<li class=\"\" data-start=\"406\" data-end=\"595\">\n<p class=\"translation-block\" data-start=\"408\" data-end=\"595\"><strong data-start=\"408\" data-end=\"431\">Superficie lisa<\/strong>: Fabricada con HDPE 100\u202f% virgen, la parte superior s\u00f3lida y sin uniones evita acumulaci\u00f3n de suciedad y humedad\u2014ideal como <strong data-start=\"537\" data-end=\"564\">pal\u00e9 pl\u00e1stico sanitario<\/strong> en entornos regulados.<\/p>\n<\/li>\n<li class=\"\" data-start=\"597\" data-end=\"769\">\n<p class=\"translation-block\" data-start=\"599\" data-end=\"769\"><strong data-start=\"599\" data-end=\"622\">Base antideslizante<\/strong>: Equipado con texturas moldeadas antideslizantes que mejoran la estabilidad y seguridad durante <strong data-start=\"703\" data-end=\"716\">log\u00edstica<\/strong> y <strong data-start=\"730\" data-end=\"743\">transporte<\/strong> interno, incluso sobre suelos pulidos.<\/p>\n<\/li>\n<li class=\"\" data-start=\"771\" data-end=\"962\">\n<p class=\"translation-block\" data-start=\"773\" data-end=\"962\"><strong data-start=\"773\" data-end=\"803\">Estructura reforzada con acero<\/strong>: Incorporaci\u00f3n de barras de acero para soportar cargas elevadas\u2014convirti\u00e9ndolo en un <strong data-start=\"870\" data-end=\"899\">pal\u00e9 pl\u00e1stico resistente<\/strong> apto para <strong data-start=\"913\" data-end=\"927\">uso industrial<\/strong> en estanter\u00edas y apilado.<\/p>\n<\/li>\n<li class=\"\" data-start=\"964\" data-end=\"1208\">\n<p class=\"translation-block\" data-start=\"966\" data-end=\"1208\"><strong data-start=\"966\" data-end=\"1003\">Material higi\u00e9nico y conforme con FDA<\/strong>: La construcci\u00f3n del <strong data-start=\"1009\" data-end=\"1038\">pal\u00e9 pl\u00e1stico grado alimenticio<\/strong> cumple normativas FDA y resiste qu\u00edmicos, agentes de limpieza y variaciones t\u00e9rmicas\u2014perfecto como <strong data-start=\"1159\" data-end=\"1191\">pal\u00e9 pl\u00e1stico para sala blanca<\/strong> y zonas HACCP.<\/p>\n<\/li>\n<li class=\"\" data-start=\"1210\" data-end=\"1371\">\n<p class=\"translation-block\" data-start=\"1212\" data-end=\"1371\"><strong data-start=\"1212\" data-end=\"1236\">Entrada para montacargas en 4 lados<\/strong>: Permite acceso desde cualquier direcci\u00f3n, mejorando la eficiencia de manejo en l\u00edneas automatizadas, almacenes y sistemas de <strong data-start=\"1349\" data-end=\"1362\">transporte<\/strong>.<\/p>\n<\/li>\n<li class=\"\" data-start=\"1373\" data-end=\"1586\">\n<p class=\"translation-block\" data-start=\"1375\" data-end=\"1586\"><strong data-start=\"1375\" data-end=\"1398\">Listo para personalizaci\u00f3n<\/strong>: En color azul sanitario est\u00e1ndar, este <strong data-start=\"1432\" data-end=\"1459\">pal\u00e9 pl\u00e1stico higi\u00e9nico<\/strong> permite impresi\u00f3n de logotipo, cambios de color y funciones de trazabilidad adicionales\u2014adaptado para marcas y operadores log\u00edsticos.<\/p>\n<\/li>\n<\/ul>","protected":false},"excerpt":{"rendered":"<p class=\"translation-block\" data-start=\"77\" data-end=\"387\">Pal\u00e9 de pl\u00e1stico HDPE de una sola pieza con <strong>3 patines<\/strong> y <strong>cubierta lisa y s\u00f3lida<\/strong>, dise\u00f1ado para entornos donde la higiene es cr\u00edtica. Ideal para <strong>alimentaci\u00f3n<\/strong>, <strong>farmac\u00e9utica<\/strong> y <strong>salas limpias<\/strong>, este pal\u00e9 higi\u00e9nico aprobado por la FDA soporta hasta <strong>6 toneladas<\/strong> de carga est\u00e1tica. Soluci\u00f3n sanitaria y apta para estanter\u00edas en log\u00edstica y transporte industrial.<\/p>","protected":false},"featured_media":3405,"comment_status":"open","ping_status":"closed","template":"","meta":{"_seopress_robots_primary_cat":"none","_seopress_titles_title":"1200 \u00d7 1000 Hygienic Plastic Pallet 3 Skids | H1210PHD","_seopress_titles_desc":"Explore solid deck, one-piece industrial plastic pallets with 3 skids\u2014FDA-grade, hygienic, and rackable. Ideal for food handling & heavy-duty logistics.","_seopress_robots_index":"","_angie_page":false},"product_brand":[],"product_cat":[83,90,84],"product_tag":[45,37,54,63],"class_list":{"0":"post-3931","1":"product","2":"type-product","3":"status-publish","4":"has-post-thumbnail","6":"product_cat-all-product","7":"product_cat-hygienic-plastic-pallet","8":"product_cat-plastic-pallets","9":"product_tag-euro-plastic-pallets","10":"product_tag-flat-plastic-pallet","11":"product_tag-hygiene-plastic-pallets","12":"product_tag-plastic-pallet-suppliers","14":"first","15":"instock","16":"shipping-taxable","17":"product-type-simple"},"_links":{"self":[{"href":"https:\/\/cnplasticpallets.com\/es\/wp-json\/wp\/v2\/product\/3931","targetHints":{"allow":["GET"]}}],"collection":[{"href":"https:\/\/cnplasticpallets.com\/es\/wp-json\/wp\/v2\/product"}],"about":[{"href":"https:\/\/cnplasticpallets.com\/es\/wp-json\/wp\/v2\/types\/product"}],"replies":[{"embeddable":true,"href":"https:\/\/cnplasticpallets.com\/es\/wp-json\/wp\/v2\/comments?post=3931"}],"wp:featuredmedia":[{"embeddable":true,"href":"https:\/\/cnplasticpallets.com\/es\/wp-json\/wp\/v2\/media\/3405"}],"wp:attachment":[{"href":"https:\/\/cnplasticpallets.com\/es\/wp-json\/wp\/v2\/media?parent=3931"}],"wp:term":[{"taxonomy":"product_brand","embeddable":true,"href":"https:\/\/cnplasticpallets.com\/es\/wp-json\/wp\/v2\/product_brand?post=3931"},{"taxonomy":"product_cat","embeddable":true,"href":"https:\/\/cnplasticpallets.com\/es\/wp-json\/wp\/v2\/product_cat?post=3931"},{"taxonomy":"product_tag","embeddable":true,"href":"https:\/\/cnplasticpallets.com\/es\/wp-json\/wp\/v2\/product_tag?post=3931"}],"curies":[{"name":"wp","href":"https:\/\/api.w.org\/{rel}","templated":true}]}}