{"id":3854,"date":"2024-12-11T17:01:56","date_gmt":"2024-12-11T09:01:56","guid":{"rendered":"https:\/\/cnplasticpallets.com\/?post_type=product&#038;p=3854"},"modified":"2026-02-25T11:00:01","modified_gmt":"2026-02-25T03:00:01","slug":"solid-hdpe-nestable","status":"publish","type":"product","link":"https:\/\/cnplasticpallets.com\/es\/product\/plastic-pallets\/9-legs-plastic-pallets\/solid-hdpe-nestable\/","title":{"rendered":"Pal\u00e9s pl\u00e1sticos para impresi\u00f3n de 9 patas | ENL 10474-145"},"content":{"rendered":"<h2 data-immersive-translate-walked=\"8146e67e-f51d-4b1d-a006-44e8390fa7a3\" data-immersive-translate-paragraph=\"1\">Especificaci\u00f3n del Producto<\/h2>\n<table>\n<tbody>\n<tr>\n<td width=\"196\">Modelo<\/td>\n<td width=\"479\">ENL 10474-145<\/td>\n<\/tr>\n<tr>\n<td width=\"196\">Materiales<\/td>\n<td width=\"479\">Polietileno de alta densidad (HDPE); Polipropileno (PP)<\/td>\n<\/tr>\n<tr>\n<td width=\"196\">Dimensiones (L\u00d7A\u00d7H mm)<\/td>\n<td width=\"479\">1040mm \u00d7 740mm \u00d7 145mm, Custom<\/td>\n<\/tr>\n<tr>\n<td width=\"196\">Procesos<\/td>\n<td width=\"479\">Moldeo por Inyecci\u00f3n<\/td>\n<\/tr>\n<tr>\n<td width=\"196\">Peso<\/td>\n<td width=\"479\">10.9 kg<\/td>\n<\/tr>\n<tr>\n<td width=\"196\">Barras de Refuerzo<\/td>\n<td width=\"479\">N\/A<\/td>\n<\/tr>\n<tr>\n<td width=\"196\">Base<\/td>\n<td width=\"479\">9-leg<\/td>\n<\/tr>\n<tr>\n<td width=\"196\">Cubierta Superior<\/td>\n<td width=\"479\">Plataforma s\u00f3lida<\/td>\n<\/tr>\n<tr>\n<td width=\"196\">Montacargas<\/td>\n<td width=\"479\">Entrada por 4 lados<\/td>\n<\/tr>\n<tr>\n<td width=\"196\">Transpaleta<\/td>\n<td width=\"479\">Entrada por 4 lados<\/td>\n<\/tr>\n<tr>\n<td width=\"196\">Higi\u00e9nico<\/td>\n<td width=\"479\">No<\/td>\n<\/tr>\n<tr>\n<td width=\"196\">Apto para estanter\u00edas<\/td>\n<td width=\"479\">No<\/td>\n<\/tr>\n<tr>\n<td width=\"196\">Apilable<\/td>\n<td width=\"479\">No<\/td>\n<\/tr>\n<tr>\n<td width=\"196\">Reutilizable<\/td>\n<td width=\"479\">S\u00ed<\/td>\n<\/tr>\n<tr>\n<td width=\"196\">Logotipo \/ Impresi\u00f3n<\/td>\n<td width=\"479\">S\u00ed<\/td>\n<\/tr>\n<tr>\n<td width=\"196\">Capacidad Est\u00e1tica<\/td>\n<td width=\"479\">2000 kg<\/td>\n<\/tr>\n<tr>\n<td width=\"196\">Capacidad Din\u00e1mica<\/td>\n<td width=\"479\">500 kg<\/td>\n<\/tr>\n<tr>\n<td width=\"196\">Capacidad en estanter\u00eda<\/td>\n<td width=\"479\">N\/A<\/td>\n<\/tr>\n<tr>\n<td width=\"196\">Temperatura de uso<\/td>\n<td width=\"479\">-40\u2103 a 70\u2103<\/td>\n<\/tr>\n<tr>\n<td width=\"196\">Color<\/td>\n<td width=\"479\">Amarillo, Azul, Rojo, Verde, Negro, Blanco, Personalizado<\/td>\n<\/tr>\n<tr>\n<td width=\"196\">Cantidad en 20FT<\/td>\n<td width=\"479\">220 unidades<\/td>\n<\/tr>\n<tr>\n<td width=\"196\">Cantidad en 40HC<\/td>\n<td width=\"479\">600 unidades<\/td>\n<\/tr>\n<\/tbody>\n<\/table>\n<h2 data-immersive-translate-walked=\"8146e67e-f51d-4b1d-a006-44e8390fa7a3\" data-immersive-translate-paragraph=\"1\"><strong data-immersive-translate-walked=\"8146e67e-f51d-4b1d-a006-44e8390fa7a3\">Caracter\u00edsticas clave y beneficios<\/strong><\/h2>\n<ul data-immersive-translate-walked=\"8146e67e-f51d-4b1d-a006-44e8390fa7a3\">\n<li data-immersive-translate-walked=\"8146e67e-f51d-4b1d-a006-44e8390fa7a3\">\n<p class=\"translation-block\" data-start=\"126\" data-end=\"438\"><strong data-start=\"126\" data-end=\"151\">Dise\u00f1o apilable inteligente<\/strong><br data-start=\"151\" data-end=\"154\">Este <strong data-start=\"159\" data-end=\"184\">pal\u00e9 de pl\u00e1stico con 9 patas<\/strong> tiene una base compacta y f\u00e1cil de apilar. Como <strong data-start=\"231\" data-end=\"258\">pal\u00e9 pl\u00e1stico apilable<\/strong>, es ideal para usos de alto volumen o <strong data-start=\"290\" data-end=\"313\">pal\u00e9s pl\u00e1sticos a granel<\/strong>. En vac\u00edo, se apila de forma ajustada a la altura del contenedor, ahorrando espacio en <strong data-start=\"396\" data-end=\"409\">transporte<\/strong> y <strong data-start=\"414\" data-end=\"437\">log\u00edstica de almac\u00e9n<\/strong>.<\/p>\n<\/li>\n<li data-immersive-translate-walked=\"8146e67e-f51d-4b1d-a006-44e8390fa7a3\">\n<p class=\"translation-block\" data-start=\"440\" data-end=\"705\"><strong data-start=\"440\" data-end=\"464\">Superficie superior plana y estable<\/strong><br data-start=\"464\" data-end=\"467\">La <strong data-start=\"471\" data-end=\"493\">superficie lisa superior<\/strong> sostiene cajas, bandejas o materiales durante la preparaci\u00f3n. Aunque no est\u00e1 totalmente cerrada, este <strong data-start=\"583\" data-end=\"611\">pal\u00e9 pl\u00e1stico de cubierta s\u00f3lida<\/strong> mantiene la carga fuera del suelo\u2014perfecto para <strong data-start=\"651\" data-end=\"665\">uso en el suelo<\/strong> en zonas limpias o \u00e1reas de ensamblaje ligero.<\/p>\n<\/li>\n<li data-immersive-translate-walked=\"8146e67e-f51d-4b1d-a006-44e8390fa7a3\">\n<p class=\"translation-block\" data-start=\"707\" data-end=\"1028\"><strong data-start=\"707\" data-end=\"733\">HDPE moldeado en una sola pieza<\/strong><br data-start=\"733\" data-end=\"736\">Fabricado en <strong data-start=\"772\" data-end=\"780\">HDPE<\/strong> resistente por inyecci\u00f3n, este pal\u00e9 soporta impactos, humedad y productos qu\u00edmicos. Es una opci\u00f3n s\u00f3lida para condiciones exigentes en entornos <strong data-start=\"884\" data-end=\"898\">industriales<\/strong>, de <strong data-start=\"900\" data-end=\"913\">log\u00edstica<\/strong> y exportaci\u00f3n. Robusto y duradero, es uno de nuestros <strong data-start=\"999\" data-end=\"1027\">pal\u00e9s pl\u00e1sticos reutilizables<\/strong> m\u00e1s vendidos.<\/p>\n<\/li>\n<li data-immersive-translate-walked=\"8146e67e-f51d-4b1d-a006-44e8390fa7a3\">\n<p class=\"translation-block\" data-start=\"1030\" data-end=\"1276\"><strong data-start=\"1030\" data-end=\"1055\">Acceso por montacargas en 4 direcciones<\/strong><br data-start=\"1055\" data-end=\"1058\">La entrada por los cuatro lados permite una manipulaci\u00f3n flexible, incluso en pasillos estrechos. Aunque es de <strong data-start=\"1137\" data-end=\"1159\">dise\u00f1o de una sola cara<\/strong> (no apto para apilado doble), funciona muy bien para preparaci\u00f3n, picking y traslado en operaciones r\u00e1pidas y ajustadas.<\/p>\n<\/li>\n<li data-immersive-translate-walked=\"8146e67e-f51d-4b1d-a006-44e8390fa7a3\">\n<p class=\"translation-block\" data-start=\"1278\" data-end=\"1580\"><strong data-start=\"1278\" data-end=\"1314\">Probado en volumen y versatilidad<\/strong><br data-start=\"1314\" data-end=\"1317\">No es solo para impresi\u00f3n\u2014nuestros <strong data-start=\"1351\" data-end=\"1387\">pal\u00e9s pl\u00e1sticos industriales de China<\/strong> son confiables en centros de e-commerce, l\u00edneas de empaque y centros de distribuci\u00f3n. \u00bfNecesita volumen? Como <strong data-start=\"1482\" data-end=\"1522\">fabricantes de pal\u00e9s pl\u00e1sticos personalizados<\/strong>, ofrecemos pedidos OEM con plazos desde solo 15 d\u00edas.<\/p>\n<\/li>\n<\/ul>\n<h2 data-start=\"142\" data-end=\"166\"><strong>Escenarios de aplicaci\u00f3n<\/strong><\/h2>\n<p class=\"translation-block\" data-start=\"168\" data-end=\"342\">Este pal\u00e9 pl\u00e1stico reutilizable no est\u00e1 pensado solo para un env\u00edo\u2014est\u00e1 dise\u00f1ado para m\u00faltiples usos operativos. As\u00ed se adapta a diferentes sectores:<\/p>\n<ul>\n<li data-start=\"344\" data-end=\"598\" class=\"translation-block\"><strong data-start=\"344\" data-end=\"373\">Impresi\u00f3n y manejo de papel<\/strong><br data-start=\"373\" data-end=\"376\">Usado para preparar hojas cortadas, impresos en caja o cartones cerca de las l\u00edneas de acabado. No apto para alimentaci\u00f3n de prensa, pero ideal para preimpresi\u00f3n o salida. A\u00f1ada una hoja deslizante para proteger pilas anchas de papel sobre este <strong data-start=\"570\" data-end=\"597\">pal\u00e9 pl\u00e1stico de superficie plana<\/strong>.<\/li>\n<li data-start=\"600\" data-end=\"810\" class=\"translation-block\"><strong data-start=\"600\" data-end=\"626\">Almacenaje en e-commerce<\/strong><br data-start=\"626\" data-end=\"629\">Funciona perfectamente con carros o transpaletas para sostener paquetes durante la clasificaci\u00f3n o preparaci\u00f3n de env\u00edos. Su <strong data-start=\"728\" data-end=\"743\">estructura resistente<\/strong> y <strong data-start=\"745\" data-end=\"764\">dise\u00f1o apilable<\/strong> reduce el desorden en zonas de almac\u00e9n din\u00e1micas.<\/li>\n<li data-start=\"812\" data-end=\"1022\" class=\"translation-block\"><strong data-start=\"812\" data-end=\"846\">Empaque de alimentos y cuidado personal<\/strong><br data-start=\"846\" data-end=\"849\">El <strong data-start=\"853\" data-end=\"870\">material HDPE<\/strong> es adecuado para \u00e1reas h\u00famedas o con riesgo de derrames. Perfecto para colocar cajas de alimentos selladas, cajas cosm\u00e9ticas o sobres de detergente\u2014sin contacto directo con alimentos.<\/li>\n<li data-start=\"1024\" data-end=\"1213\" class=\"translation-block\"><strong data-start=\"1024\" data-end=\"1044\">Log\u00edstica de exportaci\u00f3n<\/strong><br data-start=\"1044\" data-end=\"1047\">\u00bfBusca <strong data-start=\"1059\" data-end=\"1089\">pal\u00e9s pl\u00e1sticos para exportaci\u00f3n<\/strong>? Este modelo se apila eficientemente hasta la altura del contenedor, reduciendo costos log\u00edsticos y simplificando env\u00edos internacionales.<\/li>\n<li data-start=\"1215\" data-end=\"1444\" class=\"translation-block\"><strong data-start=\"1215\" data-end=\"1243\">Transferencias en industria ligera<\/strong><br data-start=\"1243\" data-end=\"1246\">En flujos de producci\u00f3n diaria, utilice este <strong data-start=\"1282\" data-end=\"1315\">pal\u00e9 pl\u00e1stico para uso en el suelo<\/strong> para sostener temporalmente componentes, herramientas o productos terminados entre estaciones de trabajo. Es un apoyo eficiente en operaciones lean.<\/li>\n<\/ul>\n<h2 data-start=\"1215\" data-end=\"1444\"><strong>Opciones de personalizaci\u00f3n<\/strong><\/h2>\n<div style=\"overflow-x: auto; -webkit-overflow-scrolling: touch; margin-bottom: 20px; border: 1px solid #ddd; border-radius: 6px;\">\n<table style=\"min-width: 700px; width: 100%; border-collapse: collapse; font-family: Arial, sans-serif; font-size: 14px;\">\n<thead>\n<tr style=\"background-color: #f7f7f7; text-align: left;\">\n<th style=\"padding: 12px 16px; border-bottom: 1px solid #ddd;\">Opci\u00f3n<\/th>\n<th style=\"padding: 12px 16px; border-bottom: 1px solid #ddd;\">Detalles<\/th>\n<\/tr>\n<\/thead>\n<tbody>\n<tr>\n<td style=\"padding: 10px 16px; border-bottom: 1px solid #eee;\">Impresi\u00f3n de logotipo<\/td>\n<td style=\"padding: 10px 16px; border-bottom: 1px solid #eee;\">Serigraf\u00eda, grabado l\u00e1ser o estampado en caliente para marca y trazabilidad.<\/td>\n<\/tr>\n<tr>\n<td style=\"padding: 10px 16px; border-bottom: 1px solid #eee;\">Colores personalizados<\/td>\n<td style=\"padding: 10px 16px; border-bottom: 1px solid #eee;\">Colores a medida seg\u00fan Pantone para zonas o identidad visual.<\/td>\n<\/tr>\n<tr>\n<td style=\"padding: 10px 16px; border-bottom: 1px solid #eee;\">Personalizaci\u00f3n de tama\u00f1o y molde<\/td>\n<td style=\"padding: 10px 16px; border-bottom: 1px solid #eee;\">Disponible para pedidos a granel. Dimensiones ajustables o moldes nuevos.<\/td>\n<\/tr>\n<tr>\n<td style=\"padding: 10px 16px; border-bottom: 1px solid #eee;\">Caracter\u00edsticas Antideslizantes<\/td>\n<td style=\"padding: 10px 16px; border-bottom: 1px solid #eee;\">A\u00f1adir almohadillas de goma o zonas texturizadas para mayor estabilidad.<\/td>\n<\/tr>\n<tr>\n<td style=\"padding: 10px 16px; border-bottom: 1px solid #eee;\">Orificios de drenaje o ventilaci\u00f3n<\/td>\n<td style=\"padding: 10px 16px; border-bottom: 1px solid #eee;\">Opcional para entornos que requieran flujo de aire o limpieza con agua.<\/td>\n<\/tr>\n<tr>\n<td style=\"padding: 10px 16px; border-bottom: 1px solid #eee;\">Ranuras para etiquetas o c\u00f3digos<\/td>\n<td style=\"padding: 10px 16px; border-bottom: 1px solid #eee;\">Zonas reservadas para etiquetas, c\u00f3digos de barras o seguimiento RFID.<\/td>\n<\/tr>\n<tr>\n<td style=\"padding: 10px 16px; border-bottom: 1px solid #eee;\">Opciones de Refuerzo<\/td>\n<td style=\"padding: 10px 16px; border-bottom: 1px solid #eee;\">Soportes acanalados o insertos para aumentar la capacidad si es necesario.<\/td>\n<\/tr>\n<tr>\n<td style=\"padding: 10px 16px; border-bottom: 1px solid #eee;\">Tipo de material<\/td>\n<td style=\"padding: 10px 16px; border-bottom: 1px solid #eee;\">HDPE virgen o reciclado seg\u00fan el uso previsto.<\/td>\n<\/tr>\n<tr>\n<td style=\"padding: 10px 16px;\">Empaque OEM<\/td>\n<td style=\"padding: 10px 16px;\">Envoltura, etiquetado y embalaje para exportaci\u00f3n seg\u00fan especificaciones.<\/td>\n<\/tr>\n<\/tbody>\n<\/table>\n<\/div>","protected":false},"excerpt":{"rendered":"<p class=\"translation-block\">El pal\u00e9 de pl\u00e1stico impreso de 9 patas es un pal\u00e9 apilable de <strong>HDPE\/PP<\/strong> moldeado por inyecci\u00f3n de <strong>1040\u00d7740\u00d7145mm<\/strong>, con una capacidad de carga de <strong>2.000kg est\u00e1tico y 500kg din\u00e1mico<\/strong> en temperaturas de <strong>-40\u00b0C a 70\u00b0C<\/strong>. Como <strong>fabricantes de pal\u00e9s de pl\u00e1stico HDPE moldeados por inyecci\u00f3n<\/strong> de confianza, certificamos cada unidad seg\u00fan los est\u00e1ndares <strong>ISO 9001, FDA, CE, REACH y SGS<\/strong>, cumpliendo con los requisitos de conformidad exigidos por operaciones de almacenamiento de comercio electr\u00f3nico, envasado de alimentos y log\u00edstica de exportaci\u00f3n en todo el mundo. Su <strong>cubierta s\u00f3lida de 9 patas<\/strong> se apila eficientemente hasta la altura del contenedor, reduciendo los costos de flete de retorno, mientras que el acceso en cuatro direcciones para carretilla elevadora y transpaleta garantiza una manipulaci\u00f3n r\u00e1pida y flexible. Una opci\u00f3n confiable de <strong>proveedores de pal\u00e9s de pl\u00e1stico de alta calidad<\/strong> dise\u00f1ada para cadenas de suministro globales de alto volumen.<\/p>","protected":false},"featured_media":3728,"comment_status":"open","ping_status":"closed","template":"","meta":{"_seopress_robots_primary_cat":"none","_seopress_titles_title":"9 Legs Plastic Pallet | China Heavy Duty Pallets","_seopress_titles_desc":"Durable HDPE 9 legs plastic pallet for export, storage, printing industry and ground use. Ideal for bulk orders, reusable, nestable, and space-saving.","_seopress_robots_index":"","_angie_page":false},"product_brand":[],"product_cat":[88,83,84],"product_tag":[190,41,62,71],"class_list":{"0":"post-3854","1":"product","2":"type-product","3":"status-publish","4":"has-post-thumbnail","6":"product_cat-9-legs-plastic-pallets","7":"product_cat-all-product","8":"product_cat-plastic-pallets","9":"product_tag-9-legs-plastic-pallets","10":"product_tag-hdpe-plastic-pallets","11":"product_tag-plastic-pallet-manufacturer","12":"product_tag-printing-plastic-pallet","14":"first","15":"instock","16":"shipping-taxable","17":"product-type-simple"},"_links":{"self":[{"href":"https:\/\/cnplasticpallets.com\/es\/wp-json\/wp\/v2\/product\/3854","targetHints":{"allow":["GET"]}}],"collection":[{"href":"https:\/\/cnplasticpallets.com\/es\/wp-json\/wp\/v2\/product"}],"about":[{"href":"https:\/\/cnplasticpallets.com\/es\/wp-json\/wp\/v2\/types\/product"}],"replies":[{"embeddable":true,"href":"https:\/\/cnplasticpallets.com\/es\/wp-json\/wp\/v2\/comments?post=3854"}],"wp:featuredmedia":[{"embeddable":true,"href":"https:\/\/cnplasticpallets.com\/es\/wp-json\/wp\/v2\/media\/3728"}],"wp:attachment":[{"href":"https:\/\/cnplasticpallets.com\/es\/wp-json\/wp\/v2\/media?parent=3854"}],"wp:term":[{"taxonomy":"product_brand","embeddable":true,"href":"https:\/\/cnplasticpallets.com\/es\/wp-json\/wp\/v2\/product_brand?post=3854"},{"taxonomy":"product_cat","embeddable":true,"href":"https:\/\/cnplasticpallets.com\/es\/wp-json\/wp\/v2\/product_cat?post=3854"},{"taxonomy":"product_tag","embeddable":true,"href":"https:\/\/cnplasticpallets.com\/es\/wp-json\/wp\/v2\/product_tag?post=3854"}],"curies":[{"name":"wp","href":"https:\/\/api.w.org\/{rel}","templated":true}]}}