{"id":3844,"date":"2024-12-11T17:00:38","date_gmt":"2024-12-11T09:00:38","guid":{"rendered":"https:\/\/cnplasticpallets.com\/?post_type=product&#038;p=3844"},"modified":"2026-02-25T10:39:09","modified_gmt":"2026-02-25T02:39:09","slug":"hdpe-grid-transport","status":"publish","type":"product","link":"https:\/\/cnplasticpallets.com\/es\/product\/plastic-pallets\/9-legs-plastic-pallets\/hdpe-grid-transport\/","title":{"rendered":"Pal\u00e9s de pl\u00e1stico de rejilla de 9 patas para transporte | ENL-C-Y1210WQB"},"content":{"rendered":"<h2 data-start=\"613\" data-end=\"668\">Especificaci\u00f3n del Producto<\/h2>\n<table>\n<tbody>\n<tr>\n<td width=\"196\">Modelo<\/td>\n<td width=\"479\">ENL-C-Y1210WQB<\/td>\n<\/tr>\n<tr>\n<td width=\"196\">Materiales<\/td>\n<td width=\"479\">Polietileno de alta densidad (HDPE); Polipropileno (PP)<\/td>\n<\/tr>\n<tr>\n<td width=\"196\">Dimensiones (L\u00d7A\u00d7H mm)<\/td>\n<td width=\"479\">1200mm \u00d7 1000mm \u00d7 150mm, Personalizado<\/td>\n<\/tr>\n<tr>\n<td width=\"196\">Procesos<\/td>\n<td width=\"479\">Moldeo por Inyecci\u00f3n<\/td>\n<\/tr>\n<tr>\n<td width=\"196\">Peso<\/td>\n<td width=\"479\">6.2kg<\/td>\n<\/tr>\n<tr>\n<td width=\"196\">Barras de Refuerzo<\/td>\n<td width=\"479\">\u00d7<\/td>\n<\/tr>\n<tr>\n<td width=\"196\">Base<\/td>\n<td width=\"479\">9 patas<\/td>\n<\/tr>\n<tr>\n<td width=\"196\">Cubierta Superior<\/td>\n<td width=\"479\">Cubierta Ventilada<\/td>\n<\/tr>\n<tr>\n<td width=\"196\">Montacargas<\/td>\n<td width=\"479\">Entrada por 4 lados<\/td>\n<\/tr>\n<tr>\n<td width=\"196\">Transpaleta<\/td>\n<td width=\"479\">Entrada por 4 lados<\/td>\n<\/tr>\n<tr>\n<td width=\"196\">Higi\u00e9nico<\/td>\n<td width=\"479\">No<\/td>\n<\/tr>\n<tr>\n<td width=\"196\">Apto para estanter\u00edas<\/td>\n<td width=\"479\">S\u00ed<\/td>\n<\/tr>\n<tr>\n<td width=\"196\">Apilable<\/td>\n<td width=\"479\">No<\/td>\n<\/tr>\n<tr>\n<td width=\"196\">Reutilizable<\/td>\n<td width=\"479\">S\u00ed<\/td>\n<\/tr>\n<tr>\n<td width=\"196\">Logotipo \/ Impresi\u00f3n<\/td>\n<td width=\"479\">S\u00ed<\/td>\n<\/tr>\n<tr>\n<td width=\"196\">Capacidad Est\u00e1tica<\/td>\n<td width=\"479\">1500 kg<\/td>\n<\/tr>\n<tr>\n<td width=\"196\">Capacidad Din\u00e1mica<\/td>\n<td width=\"479\">500 kg<\/td>\n<\/tr>\n<tr>\n<td width=\"196\">Capacidad en estanter\u00eda<\/td>\n<td width=\"479\">\u00d7<\/td>\n<\/tr>\n<tr>\n<td width=\"196\">Temperatura de uso<\/td>\n<td width=\"479\">-30\u2103 a 60\u2103<\/td>\n<\/tr>\n<tr>\n<td width=\"196\">Color<\/td>\n<td width=\"479\">Amarillo, Azul, Rojo, Verde, Negro, Blanco, Personalizado<\/td>\n<\/tr>\n<tr>\n<td width=\"196\">Cantidad en 20FT<\/td>\n<td width=\"479\">400 unidades<\/td>\n<\/tr>\n<tr>\n<td width=\"196\">Cantidad en 40HC<\/td>\n<td width=\"479\">1100 unidades<\/td>\n<\/tr>\n<\/tbody>\n<\/table>\n<h2 data-start=\"613\" data-end=\"668\"><strong data-start=\"617\" data-end=\"668\">Ventajas clave de nuestros pal\u00e9s pl\u00e1sticos de transporte<\/strong><\/h2>\n<p data-start=\"670\" data-end=\"704\"><strong>Dise\u00f1o apilable eficiente<\/strong><\/p>\n<p class=\"translation-block\" data-start=\"705\" data-end=\"945\">La estructura con 9 patas permite apilado vertical, reduciendo notablemente el volumen de almacenaje en retornos vac\u00edos. Ideal para log\u00edstica inversa, optimizaci\u00f3n de contenedores y apilado en almac\u00e9n\u2014ahorra costes por cada movimiento.<\/p>\n<p data-start=\"947\" data-end=\"996\"><strong data-start=\"952\" data-end=\"996\">Superficie ventilada para control de humedad<\/strong><\/p>\n<p class=\"translation-block\" data-start=\"997\" data-end=\"1231\">Su plataforma rejillada permite circulaci\u00f3n de aire debajo y alrededor de la carga, siendo apta para c\u00e1maras frigor\u00edficas, agricultura y entornos h\u00famedos. Las patas elevadas reducen el contacto con el suelo, minimizando riesgos de moho o da\u00f1os por humedad.<\/p>\n<p data-start=\"1233\" data-end=\"1281\"><strong data-start=\"1238\" data-end=\"1281\">Ligero pero m\u00e1s fiable que la madera<\/strong><\/p>\n<p class=\"translation-block\" data-start=\"1282\" data-end=\"1557\">Con solo 6,2 kg, este pal\u00e9 ligero soporta cargas ligeras de forma estable, con capacidad est\u00e1tica de 1,5T. No apto para estanter\u00edas, pero supera a los pal\u00e9s de madera en higiene, eficiencia y fiabilidad para exportaci\u00f3n \u00fanica.<\/p>\n<p data-start=\"1559\" data-end=\"1601\"><strong data-start=\"1564\" data-end=\"1601\">HDPE para uso prolongado<\/strong><\/p>\n<p class=\"translation-block\" data-start=\"1602\" data-end=\"1787\">Fabricado con HDPE de alta calidad, resiste productos qu\u00edmicos, humedad y desgaste general durante la manipulaci\u00f3n log\u00edstica. Es una elecci\u00f3n s\u00f3lida para transporte pl\u00e1stico centrado en exportaciones.<\/p>\n<p data-start=\"1789\" data-end=\"1827\"><strong data-start=\"1794\" data-end=\"1827\">Entrada 4 v\u00edas y superficie antideslizante<\/strong><\/p>\n<p class=\"translation-block\" data-start=\"1828\" data-end=\"2026\">Compatible con montacargas y transpaletas desde todos los lados, este pal\u00e9 apilable permite operaciones log\u00edsticas m\u00e1s flexibles. Su superficie antideslizante evita el desplazamiento de la carga durante el transporte.<\/p>\n<p data-start=\"2028\" data-end=\"2071\"><strong data-start=\"2033\" data-end=\"2071\">Cumple con normativas de exportaci\u00f3n<\/strong><\/p>\n<p class=\"translation-block\" data-start=\"2072\" data-end=\"2231\">Estos pal\u00e9s pl\u00e1sticos para exportaci\u00f3n cumplen est\u00e1ndares internacionales de env\u00edo y no requieren fumigaci\u00f3n ni tratamiento t\u00e9rmico\u2014ideales para env\u00edos transfronterizos de una sola vez.<\/p>\n<p data-start=\"2233\" data-end=\"2267\"><strong data-start=\"2238\" data-end=\"2267\">Personalizaci\u00f3n de marca disponible<\/strong><\/p>\n<p class=\"translation-block\" data-start=\"2268\" data-end=\"2470\">Como fabricante de pal\u00e9s pl\u00e1sticos personalizados en China, ofrecemos grabado de logotipo e impresi\u00f3n en serigraf\u00eda para aumentar la visibilidad de marca. Colores personalizados disponibles para pedidos a granel.<\/p>","protected":false},"excerpt":{"rendered":"<p class=\"translation-block\">El ENL-C-Y1210WQB es un pal\u00e9 apilable de HDPE\/PP moldeado por inyecci\u00f3n de <strong>1200\u00d71000\u00d7150mm<\/strong> que pesa solo <strong>6,2kg<\/strong>, dise\u00f1ado para la eficiencia en exportaci\u00f3n sin sacrificar la fiabilidad. Como experimentados <strong>fabricantes de pal\u00e9s de pl\u00e1stico HDPE moldeados por inyecci\u00f3n<\/strong>, dise\u00f1amos su estructura de <strong>cubierta ventilada de 9 patas<\/strong> para maximizar el flujo de aire, reducir el riesgo de humedad y apilar de forma compacta para una log\u00edstica de retorno optimizada en contenedores. Con una capacidad de <strong>1.500kg est\u00e1tico y 500kg din\u00e1mico<\/strong>, opera entre <strong>-30\u00b0C y 60\u00b0C<\/strong> y cumple con los est\u00e1ndares <strong>ISO 9001, FDA, CE, REACH e ISPM-15<\/strong>, sin necesidad de fumigaci\u00f3n. Con una <strong>ranura preparada para RFID<\/strong> para rastreo inteligente y acceso para carretilla elevadora en cuatro direcciones, es una opci\u00f3n confiable de proveedores de pal\u00e9s de pl\u00e1stico de alta calidad que sirven a las industrias globales de alimentaci\u00f3n, agricultura y embalaje de exportaci\u00f3n.<\/p>","protected":false},"featured_media":3732,"comment_status":"open","ping_status":"closed","template":"","meta":{"_seopress_robots_primary_cat":"none","_seopress_titles_title":"9 Legs Grid Plastic Pallets - Factory Direct Wholesale","_seopress_titles_desc":"Opt for 9 Legs Grid Plastic Pallets featuring excellent ventilation, ideal for transport and wholesale. Crafted for durability by a leading manufacturer.","_seopress_robots_index":"","_angie_page":false},"product_brand":[],"product_cat":[88,83,84],"product_tag":[190,38,40,63,46],"class_list":{"0":"post-3844","1":"product","2":"type-product","3":"status-publish","4":"has-post-thumbnail","6":"product_cat-9-legs-plastic-pallets","7":"product_cat-all-product","8":"product_cat-plastic-pallets","9":"product_tag-9-legs-plastic-pallets","10":"product_tag-grid-plastic-pallet","11":"product_tag-lightweight-plastic-pallets","12":"product_tag-plastic-pallet-suppliers","13":"product_tag-plastic-pallets-for-export","15":"first","16":"instock","17":"shipping-taxable","18":"product-type-simple"},"_links":{"self":[{"href":"https:\/\/cnplasticpallets.com\/es\/wp-json\/wp\/v2\/product\/3844","targetHints":{"allow":["GET"]}}],"collection":[{"href":"https:\/\/cnplasticpallets.com\/es\/wp-json\/wp\/v2\/product"}],"about":[{"href":"https:\/\/cnplasticpallets.com\/es\/wp-json\/wp\/v2\/types\/product"}],"replies":[{"embeddable":true,"href":"https:\/\/cnplasticpallets.com\/es\/wp-json\/wp\/v2\/comments?post=3844"}],"wp:featuredmedia":[{"embeddable":true,"href":"https:\/\/cnplasticpallets.com\/es\/wp-json\/wp\/v2\/media\/3732"}],"wp:attachment":[{"href":"https:\/\/cnplasticpallets.com\/es\/wp-json\/wp\/v2\/media?parent=3844"}],"wp:term":[{"taxonomy":"product_brand","embeddable":true,"href":"https:\/\/cnplasticpallets.com\/es\/wp-json\/wp\/v2\/product_brand?post=3844"},{"taxonomy":"product_cat","embeddable":true,"href":"https:\/\/cnplasticpallets.com\/es\/wp-json\/wp\/v2\/product_cat?post=3844"},{"taxonomy":"product_tag","embeddable":true,"href":"https:\/\/cnplasticpallets.com\/es\/wp-json\/wp\/v2\/product_tag?post=3844"}],"curies":[{"name":"wp","href":"https:\/\/api.w.org\/{rel}","templated":true}]}}