{"id":3837,"date":"2024-12-11T16:59:01","date_gmt":"2024-12-11T08:59:01","guid":{"rendered":"https:\/\/cnplasticpallets.com\/?post_type=product&#038;p=3837"},"modified":"2026-02-24T10:58:35","modified_gmt":"2026-02-24T02:58:35","slug":"hdpe-flat-floor-use","status":"publish","type":"product","link":"https:\/\/cnplasticpallets.com\/es\/product\/plastic-pallets\/9-legs-plastic-pallets\/hdpe-flat-floor-use\/","title":{"rendered":"Palet pl\u00e1stico plano de 9 patas para suelo | ENL-B-1210C"},"content":{"rendered":"<h2>Especificaci\u00f3n del Producto<\/h2>\n<table>\n<tbody>\n<tr>\n<td width=\"196\">Modelo<\/td>\n<td width=\"479\">\n<p class=\"title\">ENL-B-1210C<\/p>\n<\/td>\n<\/tr>\n<tr>\n<td width=\"196\">Materiales<\/td>\n<td width=\"479\">Polietileno de alta densidad (HDPE); Polipropileno (PP)<\/td>\n<\/tr>\n<tr>\n<td width=\"196\">Dimensiones (L\u00d7A\u00d7H mm)<\/td>\n<td width=\"479\">1200mm \u00d7 1000mm \u00d7 150mm, Personalizado<\/td>\n<\/tr>\n<tr>\n<td width=\"196\">Procesos<\/td>\n<td width=\"479\">Moldeo por Inyecci\u00f3n<\/td>\n<\/tr>\n<tr>\n<td width=\"196\">Peso<\/td>\n<td width=\"479\">12 kg<\/td>\n<\/tr>\n<tr>\n<td width=\"196\">Barras de Refuerzo<\/td>\n<td width=\"479\">4 barras (3kg)<\/td>\n<\/tr>\n<tr>\n<td width=\"196\">Base<\/td>\n<td width=\"479\">9 Corredores<\/td>\n<\/tr>\n<tr>\n<td width=\"196\">Cubierta Superior<\/td>\n<td width=\"479\">Plataforma s\u00f3lida<\/td>\n<\/tr>\n<tr>\n<td width=\"196\">Montacargas<\/td>\n<td width=\"479\">Entrada por 4 lados<\/td>\n<\/tr>\n<tr>\n<td width=\"196\">Transpaleta<\/td>\n<td width=\"479\">Entrada por 4 lados<\/td>\n<\/tr>\n<tr>\n<td width=\"196\">Higi\u00e9nico<\/td>\n<td width=\"479\">S\u00ed<\/td>\n<\/tr>\n<tr>\n<td width=\"196\">Apto para estanter\u00edas<\/td>\n<td width=\"479\">S\u00ed<\/td>\n<\/tr>\n<tr>\n<td width=\"196\">Apilable<\/td>\n<td width=\"479\">S\u00ed<\/td>\n<\/tr>\n<tr>\n<td width=\"196\">Reutilizable<\/td>\n<td width=\"479\">S\u00ed<\/td>\n<\/tr>\n<tr>\n<td width=\"196\">Logotipo \/ Impresi\u00f3n<\/td>\n<td width=\"479\">S\u00ed<\/td>\n<\/tr>\n<tr>\n<td width=\"196\">Capacidad Est\u00e1tica<\/td>\n<td width=\"479\">4000 kg (reforzado)<\/td>\n<\/tr>\n<tr>\n<td width=\"196\">Capacidad Din\u00e1mica<\/td>\n<td width=\"479\">1000kg(reforzado)<\/td>\n<\/tr>\n<tr>\n<td width=\"196\">Capacidad en estanter\u00eda<\/td>\n<td width=\"479\">No<\/td>\n<\/tr>\n<tr>\n<td width=\"196\">Temperatura de uso<\/td>\n<td width=\"479\">-40\u2103 a 70\u2103<\/td>\n<\/tr>\n<tr>\n<td width=\"196\">Color<\/td>\n<td width=\"479\">Amarillo, Azul, Rojo, Verde, Negro, Blanco, Personalizado<\/td>\n<\/tr>\n<tr>\n<td width=\"196\">Cantidad en 20FT<\/td>\n<td width=\"479\">200 unidades<\/td>\n<\/tr>\n<tr>\n<td width=\"196\">Cantidad en 40HC<\/td>\n<td width=\"479\">500 unidades<\/td>\n<\/tr>\n<\/tbody>\n<\/table>\n<p class=\"translation-block\">El pal\u00e9 de suelo plano de pl\u00e1stico con 9 patas es una soluci\u00f3n duradera y que ahorra espacio para un almacenamiento y transporte eficientes. Fabricado en HDPE de alta calidad, ofrece alta capacidad de carga y manejo fluido mediante entrada por los 4 lados. <strong data-start=\"1270\" data-end=\"1313\">Dise\u00f1ado como pal\u00e9 pl\u00e1stico para exportaci\u00f3n<\/strong>, tambi\u00e9n admite personalizaci\u00f3n OEM completa, incluyendo grabado de logotipo y combinaci\u00f3n de colores.<\/p>\n<h2 data-immersive-translate-walked=\"12df7905-c89c-44af-94ad-9112cb2690c0\" data-immersive-translate-paragraph=\"1\"><strong>Beneficios clave del pal\u00e9 de suelo plano de pl\u00e1stico con 9 patas<\/strong><\/h2>\n<p class=\"\" data-start=\"130\" data-end=\"611\"><strong data-start=\"130\" data-end=\"162\">Construcci\u00f3n con material resistente<\/strong><\/p>\n<p class=\"translation-block\" data-start=\"130\" data-end=\"611\">Fabricado en polietileno virgen de alta densidad (HDPE), nuestro pal\u00e9 de pl\u00e1stico con 9 patas ofrece durabilidad superior y larga vida \u00fatil. Como uno de los palets de pl\u00e1stico resistente m\u00e1s confiables de China, mantiene su estabilidad dimensional en temperaturas de -30\u202f\u00b0C a +40\u202f\u00b0C, ideal para aplicaciones industriales interiores y exteriores. Su superficie superior lisa mejora la resistencia a la humedad, corrosi\u00f3n e impactos.<\/p>\n<p class=\"\" data-start=\"613\" data-end=\"998\"><strong data-start=\"613\" data-end=\"651\">Manejo y accesibilidad \u00f3ptimos<\/strong><\/p>\n<p class=\"\" data-start=\"613\" data-end=\"998\">Esto <strong data-start=\"364\" data-end=\"397\">tarima de pl\u00e1stico para uso en el suelo<\/strong> presenta un sistema de entrada de cuatro v\u00edas real compatible con montacargas y transpaletas desde todas las direcciones, lo que maximiza la eficiencia en el manejo.<\/p>\n<p class=\"\" data-start=\"1000\" data-end=\"1307\"><strong data-start=\"1000\" data-end=\"1020\">F\u00e1cil mantenimiento<\/strong><\/p>\n<p class=\"translation-block\" data-start=\"1000\" data-end=\"1307\">Los pal\u00e9s de pl\u00e1stico con superficie plana tienen una cubierta sellada que evita la acumulaci\u00f3n de polvo y facilita la limpieza con vapor o lavado est\u00e1ndar. Su dise\u00f1o higi\u00e9nico es ideal para sectores como alimentos, farmacia y e-commerce donde la limpieza es esencial.<\/p>\n<p class=\"\" data-start=\"1309\" data-end=\"1630\"><strong>Dise\u00f1o eficiente para almacenamiento en suelo<\/strong><\/p>\n<p class=\"translation-block\" data-start=\"1309\" data-end=\"1630\">Estos pal\u00e9s de suelo est\u00e1n optimizados para almacenes compactos. Cuando est\u00e1n vac\u00edos, se pueden apilar verticalmente hasta en 15 capas, lo que permite una preparaci\u00f3n densa en zonas sin estanter\u00edas y mejora la eficiencia log\u00edstica de retorno.<\/p>\n<p class=\"\" data-start=\"1632\" data-end=\"2051\"><strong data-start=\"1632\" data-end=\"1662\">Alta capacidad de carga<\/strong><\/p>\n<p class=\"translation-block\" data-start=\"1632\" data-end=\"2051\">Aunque son palets ligeros, soportan hasta 4 toneladas en carga est\u00e1tica y 1,2 toneladas en carga din\u00e1mica. Estos palets duraderos est\u00e1n dise\u00f1ados para centros de distribuci\u00f3n de alto volumen, embalaje de exportaci\u00f3n y log\u00edstica de m\u00faltiples ciclos. Se pueden integrar hasta 4 tubos de acero por unidad para aplicaciones en estanter\u00eda si es necesario.<\/p>\n<p class=\"\" data-start=\"2053\" data-end=\"2375\"><strong data-start=\"2053\" data-end=\"2089\">Cumplimiento con normas de exportaci\u00f3n<\/strong><\/p>\n<p class=\"translation-block\" data-start=\"2053\" data-end=\"2375\">Totalmente compatibles con las regulaciones de env\u00edo internacional, estos pal\u00e9s de exportaci\u00f3n no requieren fumigaci\u00f3n ni tratamiento t\u00e9rmico. Cumplen con normas ISO y SGS, ideales para transporte internacional en sectores como agricultura, retail y manufactura ligera.<\/p>\n<p class=\"\" data-start=\"2377\" data-end=\"2671\"><strong data-start=\"2377\" data-end=\"2407\">Personalizaci\u00f3n y branding<\/strong><\/p>\n<p class=\"translation-block\" data-start=\"2377\" data-end=\"2671\">Como un fabricante confiable de custom plastic pallets manufacturer, ofrecemos m\u00faltiples servicios OEM. Se pueden personalizar colores, logotipos (serigraf\u00eda o grabado) e incluso ajustar moldes para alinear los pal\u00e9s con la identidad de su marca y est\u00e1ndares de cadena de suministro.<\/p>\n<h2 data-start=\"2673\" data-end=\"2841\"><strong data-start=\"2673\" data-end=\"2692\">Usos ideales del pal\u00e9 de suelo plano de pl\u00e1stico con 9 patas<\/strong><\/h2>\n<p class=\"\" data-start=\"2673\" data-end=\"2841\">Perfecto para log\u00edstica, almacenamiento y manufactura ligera, estos pal\u00e9s de pl\u00e1stico macizo se utilizan ampliamente en sectores como: <strong data-start=\"2774\" data-end=\"2799\">paletas de pl\u00e1stico macizo<\/strong> se aplican ampliamente en industrias tales como:<\/p>\n<ul data-start=\"2842\" data-end=\"3016\">\n<li class=\"\" data-start=\"2842\" data-end=\"2878\">\n<p class=\"\" data-start=\"2844\" data-end=\"2878\"><strong data-start=\"2844\" data-end=\"2878\">Distribuci\u00f3n de alimentos y bebidas<\/strong><\/p>\n<\/li>\n<li class=\"\" data-start=\"2879\" data-end=\"2909\">\n<p class=\"\" data-start=\"2881\" data-end=\"2909\"><strong data-start=\"2881\" data-end=\"2909\">Transporte farmac\u00e9utico<\/strong><\/p>\n<\/li>\n<li class=\"\" data-start=\"2910\" data-end=\"2940\">\n<p class=\"\" data-start=\"2912\" data-end=\"2940\"><strong data-start=\"2912\" data-end=\"2940\">Embalaje general para exportaci\u00f3n<\/strong><\/p>\n<\/li>\n<li class=\"\" data-start=\"2941\" data-end=\"2979\">\n<p class=\"\" data-start=\"2943\" data-end=\"2979\"><strong data-start=\"2943\" data-end=\"2979\">Almacenaje minorista y mayorista<\/strong><\/p>\n<\/li>\n<li class=\"\" data-start=\"2980\" data-end=\"3016\">\n<p class=\"\" data-start=\"2982\" data-end=\"3016\"><strong data-start=\"2982\" data-end=\"3016\">Sistemas de cumplimiento para comercio electr\u00f3nico<\/strong><\/p>\n<\/li>\n<\/ul>","protected":false},"excerpt":{"rendered":"<p>La Paleta de Pl\u00e1stico Plana de 9 Corredores de 1200\u00d71000\u00d7150mm est\u00e1 fabricada en HDPE\/PP virgen con 4 refuerzos de barras de acero, ofreciendo una capacidad de carga est\u00e1tica de 4.000kg y din\u00e1mica de 1.000kg. Completamente certificada bajo las normas ISO 9001, FDA, CE, REACH y SGS, cumple con los requisitos de higiene y durabilidad en los que conf\u00edan las industrias alimentaria, farmac\u00e9utica y de comercio electr\u00f3nico en todo el mundo. Su cubierta s\u00f3lida sellada resiste la humedad y la contaminaci\u00f3n, mientras que la entrada de cuatro v\u00edas para montacargas garantiza compatibilidad universal de manipulaci\u00f3n. Con una producci\u00f3n semanal de 100.000 unidades y un plazo de entrega de 15 d\u00edas, es una soluci\u00f3n probada y escalable para cadenas de suministro globales de alta demanda.<\/p>","protected":false},"featured_media":3734,"comment_status":"open","ping_status":"closed","template":"","meta":{"_seopress_robots_primary_cat":"none","_seopress_titles_title":"Solid Top 9 Legs Plastic Pallets - Wholesale Factory","_seopress_titles_desc":"Durable 9 feet solid top plastic pallets made from HDPE, ideal for export, ground storage, and logistics. Wholesale supply direct from factory in China.","_seopress_robots_index":"","_angie_page":false},"product_brand":[],"product_cat":[88,83,84],"product_tag":[190,37,62,35],"class_list":{"0":"post-3837","1":"product","2":"type-product","3":"status-publish","4":"has-post-thumbnail","6":"product_cat-9-legs-plastic-pallets","7":"product_cat-all-product","8":"product_cat-plastic-pallets","9":"product_tag-9-legs-plastic-pallets","10":"product_tag-flat-plastic-pallet","11":"product_tag-plastic-pallet-manufacturer","12":"product_tag-stackable-plastic-pallets","14":"first","15":"instock","16":"shipping-taxable","17":"product-type-simple"},"_links":{"self":[{"href":"https:\/\/cnplasticpallets.com\/es\/wp-json\/wp\/v2\/product\/3837","targetHints":{"allow":["GET"]}}],"collection":[{"href":"https:\/\/cnplasticpallets.com\/es\/wp-json\/wp\/v2\/product"}],"about":[{"href":"https:\/\/cnplasticpallets.com\/es\/wp-json\/wp\/v2\/types\/product"}],"replies":[{"embeddable":true,"href":"https:\/\/cnplasticpallets.com\/es\/wp-json\/wp\/v2\/comments?post=3837"}],"wp:featuredmedia":[{"embeddable":true,"href":"https:\/\/cnplasticpallets.com\/es\/wp-json\/wp\/v2\/media\/3734"}],"wp:attachment":[{"href":"https:\/\/cnplasticpallets.com\/es\/wp-json\/wp\/v2\/media?parent=3837"}],"wp:term":[{"taxonomy":"product_brand","embeddable":true,"href":"https:\/\/cnplasticpallets.com\/es\/wp-json\/wp\/v2\/product_brand?post=3837"},{"taxonomy":"product_cat","embeddable":true,"href":"https:\/\/cnplasticpallets.com\/es\/wp-json\/wp\/v2\/product_cat?post=3837"},{"taxonomy":"product_tag","embeddable":true,"href":"https:\/\/cnplasticpallets.com\/es\/wp-json\/wp\/v2\/product_tag?post=3837"}],"curies":[{"name":"wp","href":"https:\/\/api.w.org\/{rel}","templated":true}]}}