{"id":3830,"date":"2024-12-11T16:58:19","date_gmt":"2024-12-11T08:58:19","guid":{"rendered":"https:\/\/cnplasticpallets.com\/?post_type=product&#038;p=3830"},"modified":"2026-02-24T10:48:37","modified_gmt":"2026-02-24T02:48:37","slug":"nestable-for-printing","status":"publish","type":"product","link":"https:\/\/cnplasticpallets.com\/es\/product\/plastic-pallets\/9-legs-plastic-pallets\/nestable-for-printing\/","title":{"rendered":"Pal\u00e9s de pl\u00e1stico anidables de 7 patas para impresi\u00f3n | ENL-8060-140"},"content":{"rendered":"<h2 data-start=\"446\" data-end=\"699\">Especificaci\u00f3n del Producto<\/h2>\n<table>\n<tbody>\n<tr>\n<td width=\"196\">Modelo<\/td>\n<td width=\"479\">ENL-8060-140<\/td>\n<\/tr>\n<tr>\n<td width=\"196\">Materiales<\/td>\n<td width=\"479\">Polietileno de alta densidad (HDPE); Polipropileno (PP)<\/td>\n<\/tr>\n<tr>\n<td width=\"196\">Dimensiones (L\u00d7A\u00d7H mm)<\/td>\n<td width=\"479\">800mm \u00d7 600mm \u00d7 140mm, Personalizado<\/td>\n<\/tr>\n<tr>\n<td width=\"196\">Procesos<\/td>\n<td width=\"479\">Moldeo por Inyecci\u00f3n<\/td>\n<\/tr>\n<tr>\n<td width=\"196\">Peso<\/td>\n<td width=\"479\">10.9 kg<\/td>\n<\/tr>\n<tr>\n<td width=\"196\">Barras de Refuerzo<\/td>\n<td width=\"479\">\u00d7<\/td>\n<\/tr>\n<tr>\n<td width=\"196\">Base<\/td>\n<td width=\"479\">7 Piernas<\/td>\n<\/tr>\n<tr>\n<td width=\"196\">Cubierta Superior<\/td>\n<td width=\"479\">Plataforma s\u00f3lida<\/td>\n<\/tr>\n<tr>\n<td width=\"196\">Montacargas<\/td>\n<td width=\"479\">Entrada por 4 lados<\/td>\n<\/tr>\n<tr>\n<td width=\"196\">Transpaleta<\/td>\n<td width=\"479\">Entrada por 4 lados<\/td>\n<\/tr>\n<tr>\n<td width=\"196\">Higi\u00e9nico<\/td>\n<td width=\"479\">No<\/td>\n<\/tr>\n<tr>\n<td width=\"196\">Apto para estanter\u00edas<\/td>\n<td width=\"479\">No<\/td>\n<\/tr>\n<tr>\n<td width=\"196\">Apilable<\/td>\n<td width=\"479\">No<\/td>\n<\/tr>\n<tr>\n<td width=\"196\">Reutilizable<\/td>\n<td width=\"479\">S\u00ed<\/td>\n<\/tr>\n<tr>\n<td width=\"196\">Logotipo \/ Impresi\u00f3n<\/td>\n<td width=\"479\">S\u00ed<\/td>\n<\/tr>\n<tr>\n<td width=\"196\">Capacidad Est\u00e1tica<\/td>\n<td width=\"479\">800 kg<\/td>\n<\/tr>\n<tr>\n<td width=\"196\">Capacidad Din\u00e1mica<\/td>\n<td width=\"479\">500 kg<\/td>\n<\/tr>\n<tr>\n<td width=\"196\">Capacidad en estanter\u00eda<\/td>\n<td width=\"479\">\u00d7<\/td>\n<\/tr>\n<tr>\n<td width=\"196\">Temperatura de uso<\/td>\n<td width=\"479\">-30\u2103 a 60\u2103<\/td>\n<\/tr>\n<tr>\n<td width=\"196\">Color<\/td>\n<td width=\"479\">Amarillo, Azul, Rojo, Verde, Negro, Blanco, Personalizado<\/td>\n<\/tr>\n<tr>\n<td width=\"196\">Cantidad en 20FT<\/td>\n<td width=\"479\">400 unidades<\/td>\n<\/tr>\n<tr>\n<td width=\"196\">Cantidad en 40HC<\/td>\n<td width=\"479\">1000 unidades<\/td>\n<\/tr>\n<\/tbody>\n<\/table>\n<h2 data-start=\"446\" data-end=\"699\">Caracter\u00edsticas y beneficios clave de los palets de pl\u00e1stico imprimibles anidables de 7 patas<\/h2>\n<p class=\"\" data-start=\"446\" data-end=\"699\"><strong data-start=\"446\" data-end=\"479\">Material de alta densidad (HDPE):<\/strong><\/p>\n<p class=\"translation-block\" data-start=\"446\" data-end=\"699\">Moldeado en polietileno virgen resistente a impactos, apto para aplicaciones industriales con tolerancia t\u00e9rmica de -30\u00b0C a +40\u00b0C. Adecuado para transporte y log\u00edstica interior y exterior.<\/p>\n<p class=\"\" data-start=\"701\" data-end=\"949\"><strong data-start=\"701\" data-end=\"725\">Base anidable de 7 patas<\/strong><\/p>\n<p class=\"\" data-start=\"701\" data-end=\"949\">Esto <strong data-start=\"51\" data-end=\"78\">paleta pl\u00e1stica apilable<\/strong> cuenta con una estructura de 7 patas, lo que ahorra espacio y lo hace ideal para <strong data-start=\"150\" data-end=\"174\">paletas de pl\u00e1stico a granel<\/strong> manejo. Los palets vac\u00edos se pueden apilar firmemente\u2014<strong data-start=\"222\" data-end=\"280\">hasta la altura del contenedor para m\u00e1xima eficiencia de env\u00edo<\/strong>\u2014reduciendo eficazmente el volumen de carga de retorno y la huella del almac\u00e9n.<\/p>\n<p class=\"\" data-start=\"951\" data-end=\"1218\"><strong data-start=\"951\" data-end=\"978\">Superficie superior plana y s\u00f3lida:<\/strong><\/p>\n<p class=\"translation-block\" data-start=\"89\" data-end=\"546\">Ofrece una plataforma estable que mantiene los productos fuera del suelo\u2014ideal para uso en zonas de preparaci\u00f3n, embalaje o transporte ligero. No es totalmente cerrado por su dise\u00f1o apilable, lo cual facilita los retornos. Dentro de los pal\u00e9s apilables, ofrece equilibrio entre resistencia, higiene y eficiencia de espacio.<\/p>\n<p class=\"translation-block\" data-start=\"548\" data-end=\"730\">Consejo: \u00bfManeja papel o material impreso de gran formato? A\u00f1ada cart\u00f3n corrugado, hoja deslizante de pl\u00e1stico o l\u00e1mina de fibra para mejorar soporte y evitar dobleces durante la transferencia.<\/p>\n<p class=\"\" data-start=\"1220\" data-end=\"1436\"><strong data-start=\"1220\" data-end=\"1248\">Entrada para montacargas por 4 lados:<\/strong><\/p>\n<p class=\"translation-block\" data-start=\"1220\" data-end=\"1436\">La entrada universal permite el acceso con transpaletas o carretillas desde cualquier direcci\u00f3n. Facilita la carga, descarga y el traslado en zonas estrechas del almac\u00e9n.<\/p>\n<p class=\"\" data-start=\"1438\" data-end=\"1675\"><strong data-start=\"1438\" data-end=\"1469\">Refuerzos estructurales internos:<\/strong><\/p>\n<p class=\"\" data-start=\"1438\" data-end=\"1675\">Los refuerzos internos de costilla en las patas del pal\u00e9 mejoran la durabilidad y soportan un <strong data-start=\"1548\" data-end=\"1570\">carga din\u00e1mica de 0.5T<\/strong>. Esto aumenta la estabilidad en operaciones de manejo de alta frecuencia t\u00edpicas de <strong data-start=\"1646\" data-end=\"1674\">paletas de pl\u00e1stico reutilizables<\/strong>.<\/p>\n<p class=\"\" data-start=\"1677\" data-end=\"1841\"><strong data-start=\"1677\" data-end=\"1703\">Esquinas redondeadas:<\/strong><\/p>\n<p class=\"\" data-start=\"1677\" data-end=\"1841\">Minimizan el impacto en los bordes durante la manipulaci\u00f3n. Protegen tanto la mercanc\u00eda como al operario\u2014ideal para l\u00edneas de producci\u00f3n r\u00e1pida o preparaci\u00f3n de pedidos.<\/p>\n<h2 data-start=\"1848\" data-end=\"1880\">Aplicaciones multindustriales de las tarimas de pl\u00e1stico impresas anidables de 7 patas<\/h2>\n<ul data-start=\"1882\" data-end=\"2526\">\n<li class=\"\" data-start=\"1882\" data-end=\"2002\">\n<p class=\"translation-block\" data-start=\"1884\" data-end=\"2002\">Industria de la impresi\u00f3n: Para preparar y transferir papel, cajas o productos impresos fuera de las prensas.<\/p>\n<\/li>\n<li class=\"\" data-start=\"2003\" data-end=\"2149\">\n<p class=\"translation-block\" data-start=\"2005\" data-end=\"2149\">Almacenaje y log\u00edstica: Uso como pal\u00e9s pl\u00e1sticos para exportaci\u00f3n, preparaci\u00f3n de pedidos o <em>Plastic Pallet For Ground Use<\/em> en zonas sin estanter\u00edas.<\/p>\n<\/li>\n<li class=\"\" data-start=\"2150\" data-end=\"2267\">\n<p class=\"translation-block\" data-start=\"2152\" data-end=\"2267\">Fabricaci\u00f3n ligera y montaje: Traslado de piezas en cajas, productos semiterminados o consumibles entre estaciones de trabajo.<\/p>\n<\/li>\n<li class=\"\" data-start=\"2268\" data-end=\"2386\">\n<p class=\"translation-block\" data-start=\"2270\" data-end=\"2386\">E-commerce internacional: Ideal para env\u00edos en contenedor con pal\u00e9s pl\u00e1sticos ligeros y rentables.<\/p>\n<\/li>\n<li class=\"\" data-start=\"2387\" data-end=\"2526\">\n<p class=\"translation-block\" data-start=\"2389\" data-end=\"2526\">Farmac\u00e9utica, cuidado personal y electr\u00f3nica: Los pal\u00e9s pl\u00e1sticos con superficie plana reducen el riesgo de aplastamiento, polvo o carga est\u00e1tica.<\/p>\n<\/li>\n<\/ul>\n<p data-start=\"3161\" data-end=\"3178\"><strong>Notas de uso<\/strong><\/p>\n<ul data-start=\"3180\" data-end=\"3505\">\n<li class=\"\" data-start=\"3180\" data-end=\"3320\">\n<p class=\"translation-block\" data-start=\"3182\" data-end=\"3320\">No dise\u00f1ados para soportar carga apilada. Si necesita pal\u00e9s pl\u00e1sticos para apilado, considere nuestros modelos apilables o con per\u00edmetro completo.<\/p>\n<\/li>\n<li class=\"\" data-start=\"3321\" data-end=\"3402\">\n<p class=\"translation-block\" data-start=\"3323\" data-end=\"3402\">Ideal como <em>Plastic Pallet For Ground Use<\/em> o pal\u00e9 de env\u00edo en una sola capa.<\/p>\n<\/li>\n<li class=\"\" data-start=\"3403\" data-end=\"3505\">\n<p class=\"translation-block\" data-start=\"3405\" data-end=\"3505\">Cumple con la exenci\u00f3n ISPM-15 para exportaci\u00f3n. No requiere fumigaci\u00f3n\u2014ideal como <em>plastic pallets for export<\/em>.<\/p>\n<\/li>\n<\/ul>","protected":false},"excerpt":{"rendered":"<p>La Paleta de Pl\u00e1stico Nestable de 7 Patas para Impresi\u00f3n es una paleta de pl\u00e1stico nestable de 800\u00d7600\u00d7140mm moldeada por inyecci\u00f3n, fabricada en HDPE\/PP virgen para un rendimiento confiable en diversas industrias. Cumple con las normas ISO 9001, FDA, CE, REACH e ISPM-15 para exportaci\u00f3n, y soporta cargas est\u00e1ticas de 800kg y din\u00e1micas de 500kg en temperaturas de -30\u00b0C a 60\u00b0C. Su estructura nestable de 7 patas maximiza la eficiencia del contenedor, con capacidad para 1.000 unidades por 40HC, mientras que la cubierta plana s\u00f3lida protege los productos de la contaminaci\u00f3n en aplicaciones farmac\u00e9uticas, de impresi\u00f3n y log\u00edstica. La entrada de cuatro v\u00edas para montacargas y transpaletas garantiza compatibilidad universal. Reutilizable, personalizable y lista para exportaci\u00f3n sin fumigaci\u00f3n.<\/p>","protected":false},"featured_media":3727,"comment_status":"open","ping_status":"closed","template":"","meta":{"_seopress_robots_primary_cat":"none","_seopress_titles_title":"7 Legs Nestable Printing Pallets - Wholesale Factory","_seopress_titles_desc":"Discover 7 Legs Nestable Printing Plastic Pallets, expertly manufactured for optimal use with printing machines. Space-saving, nestable design.","_seopress_robots_index":"","_angie_page":false},"product_brand":[],"product_cat":[88,83,84],"product_tag":[190,34,62,71],"class_list":{"0":"post-3830","1":"product","2":"type-product","3":"status-publish","4":"has-post-thumbnail","6":"product_cat-9-legs-plastic-pallets","7":"product_cat-all-product","8":"product_cat-plastic-pallets","9":"product_tag-9-legs-plastic-pallets","10":"product_tag-nestable-plastic-pallets","11":"product_tag-plastic-pallet-manufacturer","12":"product_tag-printing-plastic-pallet","14":"first","15":"instock","16":"shipping-taxable","17":"product-type-simple"},"_links":{"self":[{"href":"https:\/\/cnplasticpallets.com\/es\/wp-json\/wp\/v2\/product\/3830","targetHints":{"allow":["GET"]}}],"collection":[{"href":"https:\/\/cnplasticpallets.com\/es\/wp-json\/wp\/v2\/product"}],"about":[{"href":"https:\/\/cnplasticpallets.com\/es\/wp-json\/wp\/v2\/types\/product"}],"replies":[{"embeddable":true,"href":"https:\/\/cnplasticpallets.com\/es\/wp-json\/wp\/v2\/comments?post=3830"}],"wp:featuredmedia":[{"embeddable":true,"href":"https:\/\/cnplasticpallets.com\/es\/wp-json\/wp\/v2\/media\/3727"}],"wp:attachment":[{"href":"https:\/\/cnplasticpallets.com\/es\/wp-json\/wp\/v2\/media?parent=3830"}],"wp:term":[{"taxonomy":"product_brand","embeddable":true,"href":"https:\/\/cnplasticpallets.com\/es\/wp-json\/wp\/v2\/product_brand?post=3830"},{"taxonomy":"product_cat","embeddable":true,"href":"https:\/\/cnplasticpallets.com\/es\/wp-json\/wp\/v2\/product_cat?post=3830"},{"taxonomy":"product_tag","embeddable":true,"href":"https:\/\/cnplasticpallets.com\/es\/wp-json\/wp\/v2\/product_tag?post=3830"}],"curies":[{"name":"wp","href":"https:\/\/api.w.org\/{rel}","templated":true}]}}