{"id":3816,"date":"2024-12-11T16:56:03","date_gmt":"2024-12-11T08:56:03","guid":{"rendered":"https:\/\/cnplasticpallets.com\/?post_type=product&#038;p=3816"},"modified":"2026-02-25T11:08:09","modified_gmt":"2026-02-25T03:08:09","slug":"flat-solid-export","status":"publish","type":"product","link":"https:\/\/cnplasticpallets.com\/es\/product\/plastic-pallets\/9-legs-plastic-pallets\/flat-solid-export\/","title":{"rendered":"Palets pl\u00e1sticos s\u00f3lidos de 9 patas | Y1210PJB"},"content":{"rendered":"<h2>Especificaci\u00f3n del Producto<\/h2>\n<table>\n<tbody>\n<tr>\n<td width=\"196\">Modelo<\/td>\n<td width=\"319\">\n<p class=\"title\">Y1210PJB<\/p>\n<\/td>\n<\/tr>\n<tr>\n<td width=\"196\">Materiales<\/td>\n<td width=\"319\">Polietileno de alta densidad (HDPE); Polipropileno (PP)<\/td>\n<\/tr>\n<tr>\n<td width=\"196\">Dimensiones (L\u00d7A\u00d7H mm)<\/td>\n<td width=\"319\">1200mm \u00d7 1000mm \u00d7 150mm, Personalizado<\/td>\n<\/tr>\n<tr>\n<td width=\"196\">Procesos<\/td>\n<td width=\"319\">Moldeo por Inyecci\u00f3n<\/td>\n<\/tr>\n<tr>\n<td width=\"196\">Peso<\/td>\n<td width=\"319\">13,4g<\/td>\n<\/tr>\n<tr>\n<td width=\"196\">Barras de Refuerzo<\/td>\n<td width=\"319\">4 barras (3kg)<\/td>\n<\/tr>\n<tr>\n<td width=\"196\">Base<\/td>\n<td width=\"319\">9 Corredores<\/td>\n<\/tr>\n<tr>\n<td width=\"196\">Cubierta Superior<\/td>\n<td width=\"319\">Plataforma s\u00f3lida<\/td>\n<\/tr>\n<tr>\n<td width=\"196\">Montacargas<\/td>\n<td width=\"319\">Entrada por 4 lados<\/td>\n<\/tr>\n<tr>\n<td width=\"196\">Transpaleta<\/td>\n<td width=\"319\">Entrada por 4 lados<\/td>\n<\/tr>\n<tr>\n<td width=\"196\">Higi\u00e9nico<\/td>\n<td width=\"319\">S\u00ed<\/td>\n<\/tr>\n<tr>\n<td width=\"196\">Apto para estanter\u00edas<\/td>\n<td width=\"319\">S\u00ed<\/td>\n<\/tr>\n<tr>\n<td width=\"196\">Apilable<\/td>\n<td width=\"319\">S\u00ed<\/td>\n<\/tr>\n<tr>\n<td width=\"196\">Reutilizable<\/td>\n<td width=\"319\">S\u00ed<\/td>\n<\/tr>\n<tr>\n<td width=\"196\">Logotipo \/ Impresi\u00f3n<\/td>\n<td width=\"319\">S\u00ed<\/td>\n<\/tr>\n<tr>\n<td width=\"196\">Capacidad Est\u00e1tica<\/td>\n<td width=\"319\">6000 kg (reforzado)<\/td>\n<\/tr>\n<tr>\n<td width=\"196\">Capacidad Din\u00e1mica<\/td>\n<td width=\"319\">1500 kg (reforzado)<\/td>\n<\/tr>\n<tr>\n<td width=\"196\">Capacidad en estanter\u00eda<\/td>\n<td width=\"319\">1000kg(reforzado)<\/td>\n<\/tr>\n<tr>\n<td width=\"196\">Temperatura de uso<\/td>\n<td width=\"319\">-40\u2103 a 70\u2103<\/td>\n<\/tr>\n<tr>\n<td width=\"196\">Color<\/td>\n<td width=\"319\">Amarillo, Azul, Rojo, Verde, Negro, Blanco, Personalizado<\/td>\n<\/tr>\n<tr>\n<td width=\"196\">Cantidad en 20FT<\/td>\n<td width=\"319\">200 unidades<\/td>\n<\/tr>\n<tr>\n<td width=\"196\">Cantidad en 40HC<\/td>\n<td width=\"319\">600 unidades<\/td>\n<\/tr>\n<\/tbody>\n<\/table>\n<p>Los pal\u00e9s pl\u00e1sticos planos de 9 patas son duraderos, ligeros y aptos para uso intensivo. Fabricados con HDPE de alta calidad y tubos de acero reforzado, ofrecen rendimiento fiable en almacenamiento y transporte. Disponibles con colores personalizados y opciones de marca.<\/p>\n<h2 data-immersive-translate-walked=\"5c1ebcf1-dd91-410d-9567-f070281e6d67\" data-immersive-translate-paragraph=\"1\">Caracter\u00edsticas clave<\/h2>\n<ol>\n<li data-start=\"712\" data-end=\"1104\" class=\"translation-block\"><strong data-start=\"712\" data-end=\"737\">Material HDPE resistente<\/strong><br data-start=\"737\" data-end=\"740\">Fabricados en polietileno virgen de alta densidad, nuestros pal\u00e9s pl\u00e1sticos de 9 patas garantizan durabilidad y estabilidad a largo plazo, soportando temperaturas de -30\u202f\u00b0C a +40\u202f\u00b0C, y brevemente hasta +90\u202f\u00b0C. Ideales para c\u00e1maras frigor\u00edficas, almacenes h\u00famedos y entornos con manipulaci\u00f3n frecuente donde se requiere rendimiento constante.<\/li>\n<li data-start=\"1106\" data-end=\"1460\" class=\"translation-block\"><strong data-start=\"1106\" data-end=\"1124\">Entrada por 4 lados<\/strong><br data-start=\"1124\" data-end=\"1127\">Dise\u00f1ados con 9 patas y sistema de entrada por cuatro lados, estos pal\u00e9s permiten acceso desde cualquier direcci\u00f3n, compatibles con transpaletas y montacargas, mejorando la flexibilidad operativa. Ya sea en instalaciones a nivel de suelo o l\u00edneas automatizadas, este pal\u00e9 de 9 puntos asegura integraci\u00f3n fluida en transporte.<\/li>\n<li data-start=\"1462\" data-end=\"1800\" class=\"translation-block\"><strong data-start=\"1462\" data-end=\"1479\">F\u00e1cil de limpiar<\/strong><br data-start=\"1479\" data-end=\"1482\">Gracias a su superficie lisa y cerrada, estos pal\u00e9s se limpian f\u00e1cilmente con vapor o sistemas de lavado, garantizando higiene y facilidad de mantenimiento. La cubierta s\u00f3lida resiste polvo y humedad, lo que los hace ideales para log\u00edstica farmac\u00e9utica, alimentaria y otros sectores sensibles.<\/li>\n<li data-start=\"1802\" data-end=\"2300\" class=\"translation-block\"><strong data-start=\"1802\" data-end=\"1832\">Personalizables y certificados<\/strong><br data-start=\"1832\" data-end=\"1835\">Disponibles en azul est\u00e1ndar, con opciones de color personalizado y logotipo mediante serigraf\u00eda. Cumplen normas internacionales de exportaci\u00f3n sin tratamientos adicionales. Certificados ISO 9001, FDA, ROHS y REACH bajo solicitud, estos pal\u00e9s pl\u00e1sticos de exportaci\u00f3n est\u00e1n exentos de ISPM 15 y listos para uso global. Como fabricantes de pal\u00e9s pl\u00e1sticos personalizados en China, ofrecemos soluciones OEM para pedidos a gran escala con trazabilidad y opciones de marca.<\/li>\n<li data-start=\"2302\" data-end=\"2697\" class=\"translation-block\"><strong>Dise\u00f1o eficiente para uso en suelo y log\u00edstica de retorno<\/strong><br data-start=\"2322\" data-end=\"2325\">Estos pal\u00e9s pl\u00e1sticos de 9 patas est\u00e1n dise\u00f1ados para <strong data-start=\"286\" data-end=\"348\">almacenamiento en suelo, transporte a nivel de piso y manejo para exportaci\u00f3n<\/strong>. Su estructura ligera y base compacta de 9 puntos permiten una <strong data-start=\"413\" data-end=\"469\">organizaci\u00f3n eficiente de pal\u00e9s en log\u00edstica inversa<\/strong>, reduciendo espacio de almacenamiento sin requerir estanter\u00edas ni apilado interior. Ideales como <strong data-start=\"554\" data-end=\"584\">pal\u00e9s pl\u00e1sticos para exportaci\u00f3n<\/strong> en almacenes secos, cadena de fr\u00edo y centros de distribuci\u00f3n cruzada.<\/li>\n<\/ol>\n<h2 data-start=\"2704\" data-end=\"2735\"><strong data-start=\"2708\" data-end=\"2733\">Casos de uso<\/strong><\/h2>\n<p class=\"\" data-start=\"2736\" data-end=\"2789\">Estos pal\u00e9s pl\u00e1sticos reutilizables se aplican ampliamente en:<\/p>\n<ul data-start=\"2790\" data-end=\"3142\">\n<li class=\"\" data-start=\"2790\" data-end=\"2865\">\n<p class=\"\" data-start=\"2792\" data-end=\"2865\">Pal\u00e9s pl\u00e1sticos para exportaci\u00f3n de productos farmac\u00e9uticos, alimentos y bienes envasados<\/p>\n<\/li>\n<li class=\"\" data-start=\"2866\" data-end=\"2939\">\n<p class=\"\" data-start=\"2868\" data-end=\"2939\">Pal\u00e9s pl\u00e1sticos para uso en suelo en almacenes secos o centros de cross-docking<\/p>\n<\/li>\n<li class=\"\" data-start=\"2940\" data-end=\"3006\">\n<p class=\"\" data-start=\"2942\" data-end=\"3006\">Sistemas industriales de pal\u00e9s pl\u00e1sticos con automatizaci\u00f3n o cintas transportadoras<\/p>\n<\/li>\n<li class=\"\" data-start=\"3007\" data-end=\"3068\">\n<p class=\"\" data-start=\"3009\" data-end=\"3068\">Log\u00edstica de cadena de fr\u00edo que requiere pal\u00e9s pl\u00e1sticos con cubierta lisa<\/p>\n<\/li>\n<li class=\"\" data-start=\"3069\" data-end=\"3142\">\n<p class=\"\" data-start=\"3071\" data-end=\"3142\">Almacenes que buscan reducir costos log\u00edsticos mediante pal\u00e9s pl\u00e1sticos ligeros<\/p>\n<\/li>\n<\/ul>","protected":false},"excerpt":{"rendered":"<p class=\"translation-block\">El pal\u00e9 de pl\u00e1stico higi\u00e9nico de 9 corredores es un pal\u00e9 de <strong>HDPE\/PP<\/strong> moldeado por inyecci\u00f3n de <strong>1200\u00d71000\u00d7150mm<\/strong> reforzado con 4 barras de acero, con una capacidad l\u00edder en la industria de <strong>6.000kg est\u00e1tico, 1.500kg din\u00e1mico y 1.000kg en estanter\u00eda<\/strong>. Certificado seg\u00fan los est\u00e1ndares <strong>ISO 9001, FDA, CE, REACH, SGS y ROHS<\/strong> y exento de ISPM-15, cumple con los requisitos m\u00e1s estrictos de higiene y conformidad en los que conf\u00edan operaciones farmac\u00e9uticas, alimentarias y de log\u00edstica de cadena de fr\u00edo en todo el mundo. Su cubierta s\u00f3lida y lisa resiste la humedad y permite una limpieza a vapor sin esfuerzo, mientras que el acceso en cuatro direcciones para carretilla elevadora garantiza una compatibilidad de manipulaci\u00f3n universal. Una soluci\u00f3n probada de <strong>proveedores de pal\u00e9s de pl\u00e1stico de alta calidad<\/strong>, apta para estanter\u00edas, apilable y lista para exportaci\u00f3n en cadenas de suministro globales exigentes.<\/p>","protected":false},"featured_media":709,"comment_status":"open","ping_status":"closed","template":"","meta":{"_seopress_robots_primary_cat":"none","_seopress_titles_title":"9 Legs Flat Plastic Pallets - Hygienic Wholesale","_seopress_titles_desc":"Durable 9 feet solid top plastic pallets for export and warehouse use. Hygienic, easy to clean, and ideal for ground handling in food and pharma logistics.","_seopress_robots_index":"","_angie_page":false},"product_brand":[],"product_cat":[88,83,84],"product_tag":[190,37,62],"class_list":{"0":"post-3816","1":"product","2":"type-product","3":"status-publish","4":"has-post-thumbnail","6":"product_cat-9-legs-plastic-pallets","7":"product_cat-all-product","8":"product_cat-plastic-pallets","9":"product_tag-9-legs-plastic-pallets","10":"product_tag-flat-plastic-pallet","11":"product_tag-plastic-pallet-manufacturer","13":"first","14":"instock","15":"shipping-taxable","16":"product-type-simple"},"_links":{"self":[{"href":"https:\/\/cnplasticpallets.com\/es\/wp-json\/wp\/v2\/product\/3816","targetHints":{"allow":["GET"]}}],"collection":[{"href":"https:\/\/cnplasticpallets.com\/es\/wp-json\/wp\/v2\/product"}],"about":[{"href":"https:\/\/cnplasticpallets.com\/es\/wp-json\/wp\/v2\/types\/product"}],"replies":[{"embeddable":true,"href":"https:\/\/cnplasticpallets.com\/es\/wp-json\/wp\/v2\/comments?post=3816"}],"wp:featuredmedia":[{"embeddable":true,"href":"https:\/\/cnplasticpallets.com\/es\/wp-json\/wp\/v2\/media\/709"}],"wp:attachment":[{"href":"https:\/\/cnplasticpallets.com\/es\/wp-json\/wp\/v2\/media?parent=3816"}],"wp:term":[{"taxonomy":"product_brand","embeddable":true,"href":"https:\/\/cnplasticpallets.com\/es\/wp-json\/wp\/v2\/product_brand?post=3816"},{"taxonomy":"product_cat","embeddable":true,"href":"https:\/\/cnplasticpallets.com\/es\/wp-json\/wp\/v2\/product_cat?post=3816"},{"taxonomy":"product_tag","embeddable":true,"href":"https:\/\/cnplasticpallets.com\/es\/wp-json\/wp\/v2\/product_tag?post=3816"}],"curies":[{"name":"wp","href":"https:\/\/api.w.org\/{rel}","templated":true}]}}