{"id":3809,"date":"2024-12-11T16:54:08","date_gmt":"2024-12-11T08:54:08","guid":{"rendered":"https:\/\/cnplasticpallets.com\/?post_type=product&#038;p=3809"},"modified":"2026-02-13T13:43:01","modified_gmt":"2026-02-13T05:43:01","slug":"grid-for-ground-use","status":"publish","type":"product","link":"https:\/\/cnplasticpallets.com\/es\/product\/plastic-pallets\/9-legs-plastic-pallets\/grid-for-ground-use\/","title":{"rendered":"Pal\u00e9s de pl\u00e1stico de rejilla de 9 patas para uso en suelo | ENL-B-1110C"},"content":{"rendered":"<h2>Especificaci\u00f3n del Producto<\/h2>\n<table>\n<tbody>\n<tr>\n<td width=\"196\">Modelo<\/td>\n<td width=\"479\">ENL-B-1110C<\/td>\n<\/tr>\n<tr>\n<td width=\"196\">Materiales<\/td>\n<td width=\"479\">Polietileno de alta densidad (HDPE); Polipropileno (PP)<\/td>\n<\/tr>\n<tr>\n<td width=\"196\">Dimensiones (L\u00d7A\u00d7H mm)<\/td>\n<td width=\"479\">1100 mm \u00d7 1100 mm \u00d7 150 mm, personalizado<\/td>\n<\/tr>\n<tr>\n<td width=\"196\">Procesos<\/td>\n<td width=\"479\">Moldeo por Inyecci\u00f3n<\/td>\n<\/tr>\n<tr>\n<td width=\"196\">Peso<\/td>\n<td width=\"479\">12,8 kg<\/td>\n<\/tr>\n<tr>\n<td width=\"196\">Barras de Refuerzo<\/td>\n<td width=\"479\">4 barras (2.7kg)<\/td>\n<\/tr>\n<tr>\n<td width=\"196\">Base<\/td>\n<td width=\"479\">9 patas<\/td>\n<\/tr>\n<tr>\n<td width=\"196\">Cubierta Superior<\/td>\n<td width=\"479\">Cubierta Ventilada<\/td>\n<\/tr>\n<tr>\n<td width=\"196\">Montacargas<\/td>\n<td width=\"479\">Entrada por 4 lados<\/td>\n<\/tr>\n<tr>\n<td width=\"196\">Transpaleta<\/td>\n<td width=\"479\">Entrada por 4 lados<\/td>\n<\/tr>\n<tr>\n<td width=\"196\">Higi\u00e9nico<\/td>\n<td width=\"479\">No<\/td>\n<\/tr>\n<tr>\n<td width=\"196\">Apto para estanter\u00edas<\/td>\n<td width=\"479\">No<\/td>\n<\/tr>\n<tr>\n<td width=\"196\">Apilable<\/td>\n<td width=\"479\">S\u00ed<\/td>\n<\/tr>\n<tr>\n<td width=\"196\">Reutilizable<\/td>\n<td width=\"479\">S\u00ed<\/td>\n<\/tr>\n<tr>\n<td width=\"196\">Logotipo \/ Impresi\u00f3n<\/td>\n<td width=\"479\">S\u00ed<\/td>\n<\/tr>\n<tr>\n<td width=\"196\">Capacidad Est\u00e1tica<\/td>\n<td width=\"479\">4000kg<\/td>\n<\/tr>\n<tr>\n<td width=\"196\">Capacidad Din\u00e1mica<\/td>\n<td width=\"479\">1000 kg<\/td>\n<\/tr>\n<tr>\n<td width=\"196\">Capacidad en estanter\u00eda<\/td>\n<td width=\"479\">\u00d7<\/td>\n<\/tr>\n<tr>\n<td width=\"196\">Temperatura de uso<\/td>\n<td width=\"479\">-40\u2103 a 70\u2103<\/td>\n<\/tr>\n<tr>\n<td width=\"196\">Color<\/td>\n<td width=\"479\">Amarillo, Azul, Rojo, Verde, Negro, Blanco, Personalizado<\/td>\n<\/tr>\n<tr>\n<td width=\"196\">Cantidad en 20FT<\/td>\n<td width=\"479\">180 unidades<\/td>\n<\/tr>\n<tr>\n<td width=\"196\">Cantidad en 40HC<\/td>\n<td width=\"479\">462 unidades<\/td>\n<\/tr>\n<\/tbody>\n<\/table>\n<p>El pal\u00e9 de pl\u00e1stico con rejilla y 9 patas es una soluci\u00f3n duradera y de alta capacidad de carga, fabricada en HDPE. Su dise\u00f1o robusto garantiza estabilidad en diferentes aplicaciones industriales y permite la personalizaci\u00f3n con colores y logotipos para reforzar la marca.<\/p>\n<h2 data-immersive-translate-walked=\"2c96fb5e-a955-43d9-a1d1-a32cd372b98b\" data-immersive-translate-paragraph=\"1\"><strong>Caracter\u00edsticas clave del pal\u00e9 de pl\u00e1stico con 9 patas:<\/strong><\/h2>\n<p data-start=\"722\" data-end=\"756\"><strong data-start=\"727\" data-end=\"756\">Alta calidad del material<\/strong><\/p>\n<p class=\"translation-block\" data-start=\"758\" data-end=\"984\">Fabricado en polietileno de alta densidad (HDPE), ofrece resistencia y larga vida \u00fatil. Producido mediante moldeo por inyecci\u00f3n de una sola pieza, elimina riesgos de montaje o soldadura.<\/p>\n<p class=\"translation-block\" data-start=\"986\" data-end=\"1152\">Esta estructura s\u00f3lida evita grietas y deformaciones. Ideal tanto para manejo en almac\u00e9n como para preparaci\u00f3n de exportaciones.<\/p>\n<p data-start=\"1154\" data-end=\"1186\"><strong data-start=\"1159\" data-end=\"1186\">Dise\u00f1o optimizado para manipulaci\u00f3n<\/strong><\/p>\n<p class=\"translation-block\" data-start=\"1188\" data-end=\"1338\">Entrada por los cuatro lados, compatible con carretillas y transpaletas, facilita el movimiento y mejora la eficiencia operativa.<\/p>\n<p class=\"translation-block\" data-start=\"1340\" data-end=\"1488\">La base con 9 patas asegura contacto total con el suelo y permite apilado tipo nesting, perfecto para operaciones que requieren ahorro de espacio.<\/p>\n<p data-start=\"1490\" data-end=\"1515\"><strong data-start=\"1495\" data-end=\"1515\">Dise\u00f1o antideslizante<\/strong><\/p>\n<p class=\"translation-block\" data-start=\"1517\" data-end=\"1706\">Incluye almohadillas antideslizantes integradas de pl\u00e1stico y elast\u00f3mero, que reducen el deslizamiento con montacargas y aseguran un apilado vertical seguro, minimizando el desplazamiento de la carga.<\/p>\n<p class=\"translation-block\" data-start=\"1708\" data-end=\"1795\">Ideal para entornos din\u00e1micos donde la seguridad y el control de pal\u00e9s son prioritarios.<\/p>\n<p data-start=\"1797\" data-end=\"1827\"><strong data-start=\"1802\" data-end=\"1827\">Opciones personalizables<\/strong><\/p>\n<p class=\"translation-block\" data-start=\"1829\" data-end=\"1952\">Amplia gama de personalizaci\u00f3n: colores, impresi\u00f3n de logotipo, zonas para c\u00f3digo de barras y marcaje identificativo.<\/p>\n<p class=\"translation-block\" data-start=\"1954\" data-end=\"2094\">Como fabricantes de pal\u00e9s pl\u00e1sticos a medida, adaptamos el dise\u00f1o a sus necesidades operativas, sistemas log\u00edsticos y branding empresarial.<\/p>\n<h2 data-start=\"2556\" data-end=\"2616\"><strong data-start=\"2560\" data-end=\"2616\">Principales aplicaciones del pal\u00e9 de pl\u00e1stico con 9 patas:<\/strong><\/h2>\n<ul data-start=\"2618\" data-end=\"3020\">\n<li class=\"\" data-start=\"2618\" data-end=\"2691\">\n<p class=\"translation-block\" data-start=\"2620\" data-end=\"2691\">Env\u00edos de exportaci\u00f3n de cajas, cartones y productos en bolsas<\/p>\n<\/li>\n<li class=\"\" data-start=\"2692\" data-end=\"2760\">\n<p class=\"translation-block\" data-start=\"2694\" data-end=\"2760\">Transporte industrial ligero entre estaciones o l\u00edneas de embalaje<\/p>\n<\/li>\n<li class=\"\" data-start=\"2761\" data-end=\"2846\">\n<p class=\"translation-block\" data-start=\"2763\" data-end=\"2846\">Uso directo en suelo de almacenes, centros de clasificaci\u00f3n y naves<\/p>\n<\/li>\n<li class=\"\" data-start=\"2847\" data-end=\"2932\">\n<p class=\"translation-block\" data-start=\"2849\" data-end=\"2932\">Centros log\u00edsticos y de e-commerce que requieren pal\u00e9s ventilados y econ\u00f3micos<\/p>\n<\/li>\n<li class=\"\" data-start=\"2933\" data-end=\"3020\">\n<p class=\"translation-block\" data-start=\"2935\" data-end=\"3020\">\u00c1reas agr\u00edcolas o de preparaci\u00f3n alimentaria que necesitan circulaci\u00f3n de aire<\/p>\n<\/li>\n<\/ul>\n<p class=\"translation-block\" data-start=\"3022\" data-end=\"3169\">Si su operaci\u00f3n no requiere estanter\u00edas est\u00e1ticas pesadas y valora la capacidad de apilado, ventilaci\u00f3n y coste eficiente, este pal\u00e9 es una soluci\u00f3n integral.<\/p>\n<h2 data-start=\"3176\" data-end=\"3244\"><strong data-start=\"3180\" data-end=\"3244\">Certificaciones y cumplimiento para exportaci\u00f3n:<\/strong><\/h2>\n<ul data-start=\"3246\" data-end=\"3658\">\n<li class=\"\" data-start=\"3246\" data-end=\"3315\">\n<p class=\"translation-block\" data-start=\"3248\" data-end=\"3315\">Exento de ISPM 15 \u2013 sin necesidad de fumigaci\u00f3n ni tratamiento t\u00e9rmico<\/p>\n<\/li>\n<li class=\"\" data-start=\"3316\" data-end=\"3406\">\n<p class=\"translation-block\" data-start=\"3318\" data-end=\"3406\">Certificados disponibles: ISO 9001, ROHS, REACH y FDA<\/p>\n<\/li>\n<li class=\"\" data-start=\"3407\" data-end=\"3496\">\n<p class=\"translation-block\" data-start=\"3409\" data-end=\"3496\">Cumple con est\u00e1ndares internacionales de comercio y embalaje para exportaci\u00f3n<\/p>\n<\/li>\n<li class=\"\" data-start=\"3497\" data-end=\"3576\">\n<p class=\"translation-block\" data-start=\"3499\" data-end=\"3576\">Producci\u00f3n directa de f\u00e1brica en China con soluciones a granel<\/p>\n<\/li>\n<li class=\"\" data-start=\"3577\" data-end=\"3658\">\n<p class=\"translation-block\" data-start=\"3579\" data-end=\"3658\">Informes SGS disponibles bajo solicitud para pruebas de carga y resistencia qu\u00edmica<\/p>\n<\/li>\n<\/ul>\n<p class=\"translation-block\" data-start=\"3660\" data-end=\"3813\">Estos pal\u00e9s pl\u00e1sticos ligeros est\u00e1n listos para exportaci\u00f3n, son confiables en cadenas de suministro globales y cumplen requisitos normativos desde el primer d\u00eda.<\/p>","protected":false},"excerpt":{"rendered":"<p class=\"translation-block\"><strong data-start=\"84\" data-end=\"126\">Pal\u00e9 de pl\u00e1stico con rejilla y 9 patas, ligero<\/strong> fabricado en HDPE resistente, ideal para <strong data-start=\"161\" data-end=\"175\">uso en el suelo<\/strong>, <strong data-start=\"186\" data-end=\"199\">log\u00edstica<\/strong> interna y <strong data-start=\"205\" data-end=\"225\">transporte de exportaci\u00f3n<\/strong>. Esta <strong data-start=\"232\" data-end=\"266\">soluci\u00f3n ventilada y apilable<\/strong> permite una manipulaci\u00f3n eficiente en aplicaciones <strong data-start=\"304\" data-end=\"318\">industriales<\/strong> ligeras. Colores y logotipos personalizables disponibles.<\/p>\n<p class=\"translation-block\">Como experimentados <strong data-start=\"481\" data-end=\"505\">fabricantes de tarimas<\/strong>, suministramos la Tarima de Pl\u00e1stico de Rejilla 1100\u00d71100 de 9 Patas para preparaci\u00f3n de exportaci\u00f3n y operaciones de piso que ahorran espacio donde el flujo de aire y la apilabilidad importan. Producida por <strong data-start=\"660\" data-end=\"714\">fabricantes de tarimas de pl\u00e1stico HDPE moldeadas por inyecci\u00f3n<\/strong>, esta tarima de una pieza cuenta con plataforma ventilada, <strong data-start=\"762\" data-end=\"776\">base de 9 patas<\/strong> y <strong data-start=\"782\" data-end=\"797\">entrada de 4 v\u00edas<\/strong> para montacargas y transpaletas. Con capacidades de <strong data-start=\"835\" data-end=\"853\">4000 kg est\u00e1tica<\/strong> y <strong data-start=\"858\" data-end=\"877\">1000 kg din\u00e1mica<\/strong>, soporta manejo estable para cajas y mercanc\u00edas embolsadas en polietileno en almacenes, centros de clasificaci\u00f3n y centros de cumplimiento. Respaldados por documentaci\u00f3n <strong data-start=\"1015\" data-end=\"1058\">ISO 9001, SGS, ROHS, FDA, CE y REACH<\/strong>, los compradores nos eligen como <strong data-start=\"1094\" data-end=\"1129\">proveedores expertos de tarimas de pl\u00e1stico<\/strong> y un <strong data-start=\"1145\" data-end=\"1164\">proveedor de tarimas<\/strong> confiable para especificaciones m\u00e1s claras y menor riesgo de exportaci\u00f3n.<\/p>","protected":false},"featured_media":9685,"comment_status":"open","ping_status":"closed","template":"","meta":{"_seopress_robots_primary_cat":"none","_seopress_titles_title":"9 Legs Grid Plastic Pallets - Ventilated Wholesale","_seopress_titles_desc":"Efficiently designed 9 Legs Grid Plastic Pallets, featuring superior ventilation for optimal airflow. Manufactured for robustness, directly from the factory.","_seopress_robots_index":"","_angie_page":false},"product_brand":[],"product_cat":[88,83,84],"product_tag":[190,38,36,62],"class_list":{"0":"post-3809","1":"product","2":"type-product","3":"status-publish","4":"has-post-thumbnail","6":"product_cat-9-legs-plastic-pallets","7":"product_cat-all-product","8":"product_cat-plastic-pallets","9":"product_tag-9-legs-plastic-pallets","10":"product_tag-grid-plastic-pallet","11":"product_tag-plastic-floor-pallet","12":"product_tag-plastic-pallet-manufacturer","14":"first","15":"instock","16":"shipping-taxable","17":"product-type-simple"},"_links":{"self":[{"href":"https:\/\/cnplasticpallets.com\/es\/wp-json\/wp\/v2\/product\/3809","targetHints":{"allow":["GET"]}}],"collection":[{"href":"https:\/\/cnplasticpallets.com\/es\/wp-json\/wp\/v2\/product"}],"about":[{"href":"https:\/\/cnplasticpallets.com\/es\/wp-json\/wp\/v2\/types\/product"}],"replies":[{"embeddable":true,"href":"https:\/\/cnplasticpallets.com\/es\/wp-json\/wp\/v2\/comments?post=3809"}],"wp:featuredmedia":[{"embeddable":true,"href":"https:\/\/cnplasticpallets.com\/es\/wp-json\/wp\/v2\/media\/9685"}],"wp:attachment":[{"href":"https:\/\/cnplasticpallets.com\/es\/wp-json\/wp\/v2\/media?parent=3809"}],"wp:term":[{"taxonomy":"product_brand","embeddable":true,"href":"https:\/\/cnplasticpallets.com\/es\/wp-json\/wp\/v2\/product_brand?post=3809"},{"taxonomy":"product_cat","embeddable":true,"href":"https:\/\/cnplasticpallets.com\/es\/wp-json\/wp\/v2\/product_cat?post=3809"},{"taxonomy":"product_tag","embeddable":true,"href":"https:\/\/cnplasticpallets.com\/es\/wp-json\/wp\/v2\/product_tag?post=3809"}],"curies":[{"name":"wp","href":"https:\/\/api.w.org\/{rel}","templated":true}]}}