{"id":16470,"date":"2026-04-21T17:56:59","date_gmt":"2026-04-21T09:56:59","guid":{"rendered":"https:\/\/cnplasticpallets.com\/?post_type=product&#038;p=16470"},"modified":"2026-04-22T09:00:48","modified_gmt":"2026-04-22T01:00:48","slug":"1200-x-1000-gaylord-2-drop-doors","status":"publish","type":"product","link":"https:\/\/cnplasticpallets.com\/es\/product\/plastic-pallet-box\/collapsible-plastic-pallet-boxes\/1200-x-1000-gaylord-2-drop-doors\/","title":{"rendered":"Contenedor Paletizado Plegable Gaylord de 1200 \u00d7 1000 \u2013 2 Puertas abatibles"},"content":{"rendered":"<h2>Especificaci\u00f3n del Producto<\/h2>\n<table dir=\"ltr\" border=\"1\" cellspacing=\"0\" cellpadding=\"0\" data-sheets-root=\"1\" data-sheets-baot=\"1\">\n<colgroup>\n<col width=\"266\" \/>\n<col width=\"373\" \/><\/colgroup>\n<tbody>\n<tr>\n<td>Materiales<\/td>\n<td>Polietileno de alta densidad (HDPE), Polipropileno (PP)<\/td>\n<\/tr>\n<tr>\n<td>Procesos<\/td>\n<td>Moldeo por Inyecci\u00f3n + Ensamblado<\/td>\n<\/tr>\n<tr>\n<td>Capacidad de volumen<\/td>\n<td>Aproximadamente 940L<\/td>\n<\/tr>\n<tr>\n<td>Capacidad de carga<\/td>\n<td>1T (Din\u00e1mico) \/ 4T (Est\u00e1tico) \/ 1T (Estanter\u00eda)<\/td>\n<\/tr>\n<tr>\n<td>Capas apiladas en est\u00e1tico<\/td>\n<td>6 Capas<\/td>\n<\/tr>\n<tr>\n<td>Capas apiladas en din\u00e1mico<\/td>\n<td>2 Capas<\/td>\n<\/tr>\n<tr>\n<td>Montacargas<\/td>\n<td>Entrada por 4 lados<\/td>\n<\/tr>\n<tr>\n<td>Transpaleta<\/td>\n<td>Entrada por 4 lados<\/td>\n<\/tr>\n<tr>\n<td>Temperatura de uso<\/td>\n<td>-40\u2103 a 70\u2103<\/td>\n<\/tr>\n<tr>\n<td>Posici\u00f3n de puertas<\/td>\n<td>Lados opuestos \u00d71 cada uno<\/td>\n<\/tr>\n<tr>\n<td>Apertura de puertas<\/td>\n<td>2 \/ 2<\/td>\n<\/tr>\n<tr>\n<td>Color<\/td>\n<td>Amarillo, Azul, Rojo, Verde, Negro, Blanco, Personalizado<\/td>\n<\/tr>\n<tr>\n<td>Logotipo \/ Impresi\u00f3n<\/td>\n<td>S\u00ed<\/td>\n<\/tr>\n<tr>\n<td>Accesorio<\/td>\n<td>Tapa<\/td>\n<\/tr>\n<tr>\n<td>Reutilizable<\/td>\n<td>S\u00ed<\/td>\n<\/tr>\n<tr>\n<td>Cantidad en 20FT<\/td>\n<td>42 unidades<\/td>\n<\/tr>\n<tr>\n<td>Cantidad en 40HC<\/td>\n<td>102 uds.<\/td>\n<\/tr>\n<\/tbody>\n<\/table>\n<h2>Modelos disponibles<\/h2>\n<p><img fetchpriority=\"high\" decoding=\"async\" class=\"alignnone wp-image-16484 size-large\" src=\"https:\/\/cnplasticpallets.com\/wp-content\/uploads\/2026\/04\/1200-\u00d7-1000-Gaylord-Collapsible-Pallet-Container-1210A1210B-1024x503.png\" alt=\"contenedor de palets plegable gaylord de 1200 \u00d7 1000 1210a1210b\" width=\"800\" height=\"393\" srcset=\"https:\/\/cnplasticpallets.com\/wp-content\/uploads\/2026\/04\/1200-\u00d7-1000-Gaylord-Collapsible-Pallet-Container-1210A1210B-1024x503.png 1024w, https:\/\/cnplasticpallets.com\/wp-content\/uploads\/2026\/04\/1200-\u00d7-1000-Gaylord-Collapsible-Pallet-Container-1210A1210B-300x147.png 300w, https:\/\/cnplasticpallets.com\/wp-content\/uploads\/2026\/04\/1200-\u00d7-1000-Gaylord-Collapsible-Pallet-Container-1210A1210B-768x377.png 768w, https:\/\/cnplasticpallets.com\/wp-content\/uploads\/2026\/04\/1200-\u00d7-1000-Gaylord-Collapsible-Pallet-Container-1210A1210B-18x9.png 18w, https:\/\/cnplasticpallets.com\/wp-content\/uploads\/2026\/04\/1200-\u00d7-1000-Gaylord-Collapsible-Pallet-Container-1210A1210B-600x294.png 600w, https:\/\/cnplasticpallets.com\/wp-content\/uploads\/2026\/04\/1200-\u00d7-1000-Gaylord-Collapsible-Pallet-Container-1210A1210B.png 1188w\" sizes=\"(max-width: 800px) 100vw, 800px\" \/><\/p>\n<h2>Caracter\u00edsticas del producto<\/h2>\n<p data-section-id=\"1cqpqye\" data-start=\"113\" data-end=\"141\"><strong><span role=\"text\">Dise\u00f1o de plegado r\u00e1pido<\/span><\/strong><\/p>\n<p data-start=\"142\" data-end=\"430\">Solo necesitas empezar por el panel lateral m\u00e1s bajo conectado a la base y presionar cada panel hacia abajo en secuencia. En menos de un minuto, toda la caja se pliega, por lo que puedes guardarlas. <strong data-start=\"326\" data-end=\"350\">cajas de paletas de pl\u00e1stico<\/strong> ordenadamente en una esquina del almac\u00e9n y liberar m\u00e1s espacio en el suelo para las operaciones diarias.<\/p>\n<p data-section-id=\"se8pe0\" data-start=\"432\" data-end=\"461\"><span role=\"text\"><strong data-start=\"435\" data-end=\"459\">Estructura de caja estable<\/strong><\/span><\/p>\n<p data-start=\"462\" data-end=\"710\">Esto <strong data-start=\"467\" data-end=\"491\">caja de almacenamiento plegable<\/strong> pueden apilarse tanto abiertos como plegados, lo que le otorga mayor flexibilidad en el almacenamiento y manejo de devoluciones. Para un uso seguro, recomendamos apilar como m\u00e1ximo 6 unidades en carga est\u00e1tica y 2 unidades en carga din\u00e1mica.<\/p>\n<p data-section-id=\"f40y2c\" data-start=\"712\" data-end=\"737\"><span role=\"text\"><strong data-start=\"715\" data-end=\"735\">Acceso lateral f\u00e1cil<\/strong><\/span><\/p>\n<p data-start=\"738\" data-end=\"956\">Con dos puertas laterales opuestas y cerraduras ergon\u00f3micas, puede acceder a las mercanc\u00edas por ambos lados con mayor facilidad, incluso cuando la caja est\u00e1 apilada. Esto ayuda a reducir el levantamiento repetido y hace que la recogida diaria sea m\u00e1s r\u00e1pida y eficiente.<\/p>\n<p data-section-id=\"1cenww3\" data-start=\"958\" data-end=\"983\"><span role=\"text\"><strong data-start=\"961\" data-end=\"981\">Costos de Devoluci\u00f3n Bajos<\/strong><\/span><\/p>\n<p data-start=\"984\" data-end=\"1248\">Cuando est\u00e1 plegada, la altura es de solo <strong data-start=\"1016\" data-end=\"1030\">295\u2013325\u00a0mm<\/strong>, que trata sobre <strong data-start=\"1047\" data-end=\"1077\">28%\u201330% de la altura completa<\/strong>. Eso significa que estas <strong data-start=\"1096\" data-end=\"1117\">contenedores de almacenamiento masivo<\/strong> ocupan mucho menos espacio durante el transporte de retorno en vac\u00edo, por lo que se adaptan mejor a la log\u00edstica de circuito cerrado y le ayudan a reducir los costos de env\u00edo.<\/p>\n<p data-section-id=\"1ax04cw\" data-start=\"1250\" data-end=\"1278\"><span role=\"text\"><strong data-start=\"1253\" data-end=\"1276\">Paneles laterales de bloqueo<\/strong><\/span><\/p>\n<p data-start=\"1279\" data-end=\"1525\">Los paneles laterales utilizan un dise\u00f1o entrelazado, por lo que son f\u00e1ciles de montar sin necesidad de herramientas. En la mayor\u00eda de los casos, tu <strong data-start=\"1391\" data-end=\"1413\">Caja Palet Pl\u00e1stico<\/strong> llegar\u00e1 listo para usar, mientras que la estructura del panel a\u00fan le brinda una forma m\u00e1s sencilla de gestionar el mantenimiento futuro.<\/p>\n<p data-section-id=\"xd2487\" data-start=\"1527\" data-end=\"1553\"><span role=\"text\"><strong data-start=\"1530\" data-end=\"1551\">Partes reemplazables<\/strong><\/span><\/p>\n<p data-start=\"1554\" data-end=\"1815\">Dado que los paneles laterales, las puertas y otras piezas se pueden reemplazar por separado, no es necesario desechar toda la caja cuando una pieza se da\u00f1a. En su lugar, puede reemplazar solo la pieza afectada y mantener el resto en servicio, lo que le ayuda a controlar los costos de uso a largo plazo.<\/p>\n<p data-section-id=\"19etmor\" data-start=\"1817\" data-end=\"1838\"><span role=\"text\"><strong data-start=\"1820\" data-end=\"1836\">Portaetiquetas<\/strong><\/span><\/p>\n<p data-start=\"1839\" data-end=\"2015\">Tanto los lados largos como los cortos se pueden equipar con port etiq etas, para que pueda marcar claramente la informaci\u00f3n del producto y facilitar la zonificaci\u00f3n del almac\u00e9n y la gesti\u00f3n de lotes para su equipo.<\/p>\n<p data-section-id=\"1mmffs3\" data-start=\"2017\" data-end=\"2039\"><span role=\"text\"><strong data-start=\"2020\" data-end=\"2037\">\u00c1rea de impresi\u00f3n<\/strong><\/span><\/p>\n<p data-start=\"2040\" data-end=\"2263\">Se reserva una zona de impresi\u00f3n plana en la caja, lo que le da espacio para imprimir c\u00f3digos de barras o logotipos. Si necesita identificaci\u00f3n de marca, tambi\u00e9n podemos ajustar el color del logotipo y completar la impresi\u00f3n en nuestra f\u00e1brica antes del env\u00edo.<\/p>\n<p data-section-id=\"xvagxt\" data-start=\"2265\" data-end=\"2286\"><span role=\"text\"><strong data-start=\"2268\" data-end=\"2284\">L\u00ednea de advertencia<\/strong><\/span><\/p>\n<p data-start=\"2287\" data-end=\"2476\">Se integra una l\u00ednea de advertencia en el \u00e1rea inferior, para que los operarios de montacargas puedan identificar la posici\u00f3n de entrada de las horquillas m\u00e1s r\u00e1pidamente. Esto ayuda a reducir impactos innecesarios en la caja durante el manejo diario.<\/p>\n<p data-section-id=\"wqp9re\" data-start=\"2478\" data-end=\"2499\"><span role=\"text\"><strong data-start=\"2481\" data-end=\"2497\">Tapa opcional<\/strong><\/span><\/p>\n<p data-start=\"2500\" data-end=\"2703\">Una tapa est\u00e1 disponible cuando sus productos necesitan una mejor protecci\u00f3n contra el polvo, un almacenamiento m\u00e1s limpio o un transporte cerrado. Es una opci\u00f3n adicional de costo, pero sigue siendo una opci\u00f3n pr\u00e1ctica cuando su aplicaci\u00f3n necesita m\u00e1s protecci\u00f3n.<\/p>\n<p data-section-id=\"us7ju\" data-start=\"2705\" data-end=\"2728\"><span role=\"text\"><strong data-start=\"2708\" data-end=\"2726\">Opciones inferiores<\/strong><\/span><\/p>\n<p data-start=\"2729\" data-end=\"3006\">Este 1210 <strong data-start=\"2739\" data-end=\"2771\">Contenedor de paletas plegable<\/strong> est\u00e1 disponible con dos opciones de base, para que pueda elegir la estructura que mejor se adapte a su operaci\u00f3n: <strong data-start=\"2873\" data-end=\"2883\">8 pies<\/strong> para almacenamiento en piso y rotaci\u00f3n general de almac\u00e9n, o <strong data-start=\"2937\" data-end=\"2950\">3 corredores<\/strong> para un soporte m\u00e1s estable en la manipulaci\u00f3n est\u00e1ndar de almacenes.<\/p>\n<p data-section-id=\"xdhwb9\" data-start=\"3008\" data-end=\"3030\"><span role=\"text\"><strong data-start=\"3011\" data-end=\"3028\">F\u00e1cil de limpiar<\/strong><\/span><\/p>\n<p data-start=\"3031\" data-end=\"3289\">La superficie interior es lisa y abierta, sin recovecos dif\u00edciles de limpiar, por lo que el lavado diario es m\u00e1s conveniente. Puedes limpiar la caja con agua, preferiblemente a baja presi\u00f3n, y luego dejarla secar al aire de forma natural en un \u00e1rea ventilada a trav\u00e9s de sus orificios de aire integrados.<\/p>\n<p data-section-id=\"b4u212\" data-start=\"3291\" data-end=\"3319\"><span role=\"text\"><strong data-start=\"3294\" data-end=\"3317\">Material reciclable<\/strong><\/span><\/p>\n<p data-start=\"3320\" data-end=\"3516\">Tanto el 1210A como el 1210B est\u00e1n hechos de material reciclable, por lo que no solo admiten cientos de ciclos de reutilizaci\u00f3n en su operaci\u00f3n, sino que tambi\u00e9n pueden ingresar a su sistema de reciclaje local despu\u00e9s de un servicio a largo plazo.<\/p>\n<h2 data-start=\"3320\" data-end=\"3516\">Su Fabricante de Cajas de Palets de Pl\u00e1stico Confiable<\/h2>\n<p data-start=\"3320\" data-end=\"3516\">Con 25 a\u00f1os de experiencia en producci\u00f3n, sabemos c\u00f3mo hacer <a href=\"https:\/\/cnplasticpallets.com\/es\/product-category\/plastic-pallet-box\/collapsible-plastic-pallet-boxes\/\"><strong>cajas de paletas de pl\u00e1stico plegables<\/strong><\/a> que funcionan mejor en uso real de almac\u00e9n. Obtienes una fabricaci\u00f3n m\u00e1s madura, tolerancias m\u00e1s controladas y un ajuste m\u00e1s flexible para tu sistema de estanter\u00edas o manipulaci\u00f3n. Tambi\u00e9n ofrecemos soporte OEM y ODM, por lo que tu <strong data-start=\"291\" data-end=\"315\">caja de almacenamiento plegable<\/strong> puede adaptarse a sus necesidades reales. Estos <strong data-start=\"351\" data-end=\"372\">contenedores de almacenamiento masivo<\/strong> son una opci\u00f3n pr\u00e1ctica para log\u00edstica en alimentos, agricultura, autopartes e industria en general. Nuestra serie de cajas de palets cumple con los requisitos de ROHS, GRS, CE y SGS, y todos los contenedores de palets plegables admiten reparaci\u00f3n o reemplazo dentro de los 3 a\u00f1os. Eso significa que usted no solo compra una caja con nosotros. Obtiene un producto m\u00e1s confiable, un soporte de calidad m\u00e1s claro y un servicio que a\u00fan lo acompa\u00f1a despu\u00e9s de la entrega.<\/p>","protected":false},"excerpt":{"rendered":"<p><span style=\"font-weight: 400;\">Ambos<strong> Pl\u00e1stico modular 1210A y 1210B<\/strong> <\/span><b>contenedores<\/b><span style=\"font-weight: 400;\"> forman parte de nuestra serie de contenedores plegables, disponibles en tama\u00f1os de 1200 \u00d7 1000 mm, est\u00e1n desarrollados para el manejo a granel y sistemas de log\u00edstica retornable en Europa. El modelo 1210B en particular se puede utilizar en sus sistemas de estanter\u00edas est\u00e1ndar europeos en toda Europa.<\/span><\/p>\n<p><span style=\"font-weight: 400;\">Enlightening Pallet como un fabricante confiable de paletas de pl\u00e1stico en China, seguimos<strong> ISO 9001<\/strong> est\u00e1ndares al procesar. Ya sea que utilice estos contenedores para la fabricaci\u00f3n de autopartes, el apilamiento en almacenes, la log\u00edstica o el transporte de devoluciones, encontrar\u00e1 que pueden mejorar el espacio de almacenamiento y la eficiencia de manejo. <\/span><\/p>","protected":false},"featured_media":16481,"comment_status":"open","ping_status":"closed","template":"","meta":{"_seopress_robots_primary_cat":"none","_seopress_titles_title":"1200 \u00d7 1000 Collapsible Pallet Container - 2 Drop Doors -","_seopress_titles_desc":"Our Gaylord Collapsible Pallet Containers are fast-folding, space-saving, and built for bulk storage, return transport, by a China manufacturer.","_seopress_robots_index":"","_angie_page":false},"product_brand":[],"product_cat":[83,96,81],"product_tag":[],"class_list":{"0":"post-16470","1":"product","2":"type-product","3":"status-publish","4":"has-post-thumbnail","6":"product_cat-all-product","7":"product_cat-collapsible-plastic-pallet-boxes","8":"product_cat-plastic-pallet-box","10":"first","11":"instock","12":"shipping-taxable","13":"product-type-simple"},"_links":{"self":[{"href":"https:\/\/cnplasticpallets.com\/es\/wp-json\/wp\/v2\/product\/16470","targetHints":{"allow":["GET"]}}],"collection":[{"href":"https:\/\/cnplasticpallets.com\/es\/wp-json\/wp\/v2\/product"}],"about":[{"href":"https:\/\/cnplasticpallets.com\/es\/wp-json\/wp\/v2\/types\/product"}],"replies":[{"embeddable":true,"href":"https:\/\/cnplasticpallets.com\/es\/wp-json\/wp\/v2\/comments?post=16470"}],"wp:featuredmedia":[{"embeddable":true,"href":"https:\/\/cnplasticpallets.com\/es\/wp-json\/wp\/v2\/media\/16481"}],"wp:attachment":[{"href":"https:\/\/cnplasticpallets.com\/es\/wp-json\/wp\/v2\/media?parent=16470"}],"wp:term":[{"taxonomy":"product_brand","embeddable":true,"href":"https:\/\/cnplasticpallets.com\/es\/wp-json\/wp\/v2\/product_brand?post=16470"},{"taxonomy":"product_cat","embeddable":true,"href":"https:\/\/cnplasticpallets.com\/es\/wp-json\/wp\/v2\/product_cat?post=16470"},{"taxonomy":"product_tag","embeddable":true,"href":"https:\/\/cnplasticpallets.com\/es\/wp-json\/wp\/v2\/product_tag?post=16470"}],"curies":[{"name":"wp","href":"https:\/\/api.w.org\/{rel}","templated":true}]}}