{"id":16355,"date":"2026-04-09T17:47:10","date_gmt":"2026-04-09T09:47:10","guid":{"rendered":"https:\/\/cnplasticpallets.com\/?post_type=product&#038;p=16355"},"modified":"2026-04-09T17:52:11","modified_gmt":"2026-04-09T09:52:11","slug":"1400x1200-automatic-unloading-pallets","status":"publish","type":"product","link":"https:\/\/cnplasticpallets.com\/es\/product\/plastic-pallets\/heavy-duty-plastic-pallet\/1400x1200-automatic-unloading-pallets\/","title":{"rendered":"1400\u00d71200 Paletas de descarga autom\u00e1tica de una pieza"},"content":{"rendered":"<h2>Especificaciones del producto<\/h2>\n<table dir=\"ltr\" border=\"1\" cellspacing=\"0\" cellpadding=\"0\" data-sheets-root=\"1\" data-sheets-baot=\"1\">\n<colgroup>\n<col width=\"160\" \/>\n<col width=\"327\" \/><\/colgroup>\n<tbody>\n<tr>\n<td>Modelo<\/td>\n<td>1412<\/td>\n<\/tr>\n<tr>\n<td>Materiales<\/td>\n<td>Polietileno de alta densidad (HDPE); Polipropileno (PP)<\/td>\n<\/tr>\n<tr>\n<td>Dimensiones (L\u00d7A\u00d7H mm)<\/td>\n<td>1400 mm \u00d7 1200 mm \u00d7 220 mm, Personalizado<\/td>\n<\/tr>\n<tr>\n<td>Procesos<\/td>\n<td>Moldeo por Inyecci\u00f3n<\/td>\n<\/tr>\n<tr>\n<td>Peso<\/td>\n<td>36 kg<\/td>\n<\/tr>\n<tr>\n<td>Barras de Refuerzo<\/td>\n<td>N\/A<\/td>\n<\/tr>\n<tr>\n<td>Base<\/td>\n<td>Reversible<\/td>\n<\/tr>\n<tr>\n<td>Cubierta Superior<\/td>\n<td>Cubierta Ventilada<\/td>\n<\/tr>\n<tr>\n<td>Montacargas<\/td>\n<td>Entrada por 2 lados<\/td>\n<\/tr>\n<tr>\n<td>Transpaleta<\/td>\n<td>N\/A<\/td>\n<\/tr>\n<tr>\n<td>Apto para estanter\u00edas<\/td>\n<td>N\/A<\/td>\n<\/tr>\n<tr>\n<td>Apilable<\/td>\n<td>S\u00ed<\/td>\n<\/tr>\n<tr>\n<td>Higi\u00e9nico<\/td>\n<td>N\/A<\/td>\n<\/tr>\n<tr>\n<td>Reutilizable<\/td>\n<td>S\u00ed<\/td>\n<\/tr>\n<tr>\n<td>Logotipo \/ Impresi\u00f3n<\/td>\n<td>S\u00ed<\/td>\n<\/tr>\n<tr>\n<td>Capacidad Est\u00e1tica<\/td>\n<td>6,000 kg<\/td>\n<\/tr>\n<tr>\n<td>Capacidad Din\u00e1mica<\/td>\n<td>1500 kg<\/td>\n<\/tr>\n<tr>\n<td>Temperatura de uso<\/td>\n<td>-40\u2103 a 70\u2103<\/td>\n<\/tr>\n<tr>\n<td>Color<\/td>\n<td>Azul, Negro, Naranja, Gris, Personalizado<\/td>\n<\/tr>\n<\/tbody>\n<\/table>\n<div>\n<h2 data-section-id=\"dlugwv\" data-start=\"98\" data-end=\"112\">Aplicaci\u00f3n<\/h2>\n<p data-start=\"114\" data-end=\"315\">Esto integrado <a href=\"https:\/\/cnplasticpallets.com\/es\/product-category\/plastic-pallets\/reversible-plastic-pallet\/\">paleta de pl\u00e1stico de doble cara<\/a> es ideal para <strong data-start=\"171\" data-end=\"274\">productos a granel pesados en sacos, como harina, cemento, fertilizantes, arroz, pellets de resina y otros materiales a granel<\/strong> en las siguientes aplicaciones log\u00edsticas.<\/p>\n<p data-section-id=\"721z1h\" data-start=\"317\" data-end=\"352\"><strong>1. Almacenes Automatizados AS\/RS<\/strong><\/p>\n<p data-start=\"353\" data-end=\"563\">El <strong data-start=\"357\" data-end=\"380\">1400 x 1200 mm de tama\u00f1o<\/strong> te queda <strong data-start=\"391\" data-end=\"435\">plataformas elevadoras y estaciones de descarga<\/strong> Bueno. Ayuda a su sistema de automatizaci\u00f3n a mover cargas pesadas con suavidad y a almacenarlas en estanter\u00edas de gran altura con menos desviaciones o atascos.<\/p>\n<p data-section-id=\"1r7q4wp\" data-start=\"565\" data-end=\"590\"><strong>2. Sistemas Transportadores<\/strong><\/p>\n<p data-start=\"591\" data-end=\"799\">Este pal\u00e9 encaja en la mayor\u00eda. <strong data-start=\"613\" data-end=\"657\">sistemas de transportadores de rodillos, cadenas y cintas<\/strong>. Su <strong data-start=\"663\" data-end=\"683\">rejilla plana inferior<\/strong> ayuda a que funcione de manera m\u00e1s fluida en sus l\u00edneas de transporte, reduciendo interrupciones, deriva de paletas y transferencia de carga inestable.<\/p>\n<p data-section-id=\"1pybaja\" data-start=\"801\" data-end=\"842\"><strong>3. Estaciones de Descarga Autom\u00e1tica de Bolsas<\/strong><\/p>\n<p data-start=\"843\" data-end=\"1115\">El <strong data-start=\"847\" data-end=\"875\">huella de 1400 \u00d7 1200 mm<\/strong> brinda cobertura estable en tu <strong data-start=\"906\" data-end=\"936\">plataforma de estaci\u00f3n de descarga<\/strong>. Las costillas superiores reforzadas soportan pilas completas de productos embolsados de forma m\u00e1s segura, ayudando a su equipo a completar <strong data-start=\"1045\" data-end=\"1100\">descarga autom\u00e1tica de sacos y manipulaci\u00f3n capa por capa<\/strong> con m\u00e1s fluidez.<\/p>\n<p data-section-id=\"1t1qxl2\" data-start=\"1117\" data-end=\"1154\"><strong>4. Manipulaci\u00f3n de carretillas elevadoras de alta resistencia<\/strong><\/p>\n<p data-start=\"1155\" data-end=\"1376\">Puedes usar esta paleta para <strong data-start=\"1183\" data-end=\"1244\">manejo pesado en planta con montacargas el\u00e9ctricos o di\u00e9sel<\/strong>. Su dise\u00f1o de descarga integrado ayuda a hacer <strong data-start=\"1289\" data-end=\"1337\">carga y descarga con horquillas m\u00e1s r\u00e1pida y f\u00e1cil<\/strong>, con menos necesidad de asistencia manual.<\/p>\n<p data-section-id=\"up69tm\" data-start=\"1673\" data-end=\"1722\"><strong>5. Uso en alimentos, farmac\u00e9utico y cadena de fr\u00edo<\/strong><\/p>\n<p data-start=\"1723\" data-end=\"1975\">Esta paleta funciona bien en <strong data-start=\"1749\" data-end=\"1807\">plantas de alimentos, cuartos fr\u00edos y almacenes farmac\u00e9uticos<\/strong>. El <strong data-start=\"1813\" data-end=\"1850\">la superficie plana es f\u00e1cil de limpiar<\/strong> y no tiene esquinas de higiene dif\u00edciles de limpiar. Ayuda a prevenir la humedad y el moho, y permite un almacenamiento m\u00e1s limpio que los pal\u00e9s de madera.<\/p>\n<p data-section-id=\"z2kbs\" data-start=\"1977\" data-end=\"2025\"><strong>6. Almacenamiento de materiales qu\u00edmicos y corrosivos<\/strong><\/p>\n<p data-start=\"2026\" data-end=\"2297\">Puedes usar esta paleta para <strong data-start=\"2054\" data-end=\"2120\">materias primas qu\u00edmicas, fertilizantes y otros productos corrosivos<\/strong>. El material pl\u00e1stico ofrece <strong data-start=\"2150\" data-end=\"2185\">buena resistencia a \u00e1cidos y \u00e1lcalis<\/strong>, mientras que la estructura integrada le brinda una mejor resistencia al impacto y una vida \u00fatil m\u00e1s larga que los pal\u00e9s de madera.<\/p>\n<p data-start=\"2026\" data-end=\"2297\">Si sus bolsas jumbo pesadas tambi\u00e9n requieren manipulaci\u00f3n frecuente y uso para exportaci\u00f3n, nuestros <a href=\"https:\/\/cnplasticpallets.com\/es\/product\/plastic-pallets\/heavy-duty-plastic-pallet\/1100-x-1000-mm-bulk-bag-pallet-nestable\/\">Paleta de saco a granel de 1100 \u00d7 1000<\/a> tambi\u00e9n vale la pena considerarlo. Su tarima ventilada y apilable mantiene la manipulaci\u00f3n estable y le ayuda a ahorrar espacio en el almacenamiento y env\u00edo de retorno.<\/p>\n<\/div>","protected":false},"excerpt":{"rendered":"<p data-start=\"165\" data-end=\"548\">Esta paleta de pl\u00e1stico de doble cara presenta <strong data-start=\"207\" data-end=\"259\">7 costillas de refuerzo de alta resistencia en la cubierta superior<\/strong> para dar m\u00e1s firmeza a tus productos embolsados y ayudar a mantener tus materiales estables durante <strong data-start=\"346\" data-end=\"368\">descarga asistida<\/strong>. El <strong data-start=\"374\" data-end=\"394\">rejilla plana inferior<\/strong> est\u00e1 dise\u00f1ado para <strong data-start=\"411\" data-end=\"447\">aplicaciones de descarga autom\u00e1tica<\/strong>, como equipos de automatizaci\u00f3n y l\u00edneas de transporte, lo que ayuda a prevenir atascos, desplazamientos y tiempos de inactividad.<\/p>\n<p data-start=\"550\" data-end=\"741\">Tambi\u00e9n ofrecemos <strong data-start=\"564\" data-end=\"581\">1100 \u00d7 800 mm<\/strong> y <strong data-start=\"586\" data-end=\"604\">1300 \u00d7 1100 mm<\/strong> tama\u00f1os, as\u00ed como un <strong data-start=\"625\" data-end=\"654\">versi\u00f3n de cubierta s\u00f3lida y cerrada<\/strong>. Si estas a\u00fan no satisfacen tus necesidades, podemos proporcionar un <strong data-start=\"711\" data-end=\"730\">Soluci\u00f3n personalizada<\/strong> para ti.<\/p>\n<p data-start=\"743\" data-end=\"863\">Tenga en cuenta que esta paleta es <strong data-start=\"775\" data-end=\"815\">no apto para transpaletas manuales<\/strong> y es <strong data-start=\"823\" data-end=\"862\">no recomendado para manipulaci\u00f3n manual<\/strong>.<\/p>","protected":false},"featured_media":16358,"comment_status":"open","ping_status":"closed","template":"","meta":{"_seopress_robots_primary_cat":"none","_seopress_titles_title":"1400\u00d71200 One-Piece Automatic & Assisted Unloading Pallets","_seopress_titles_desc":"Reinforcing rib unloading pallets with flat bottom for automatic unloading, conveyor systems, AS\/RS, and heavy bagged goods handling. MOQ 200 pcs.","_seopress_robots_index":"","_angie_page":false},"product_brand":[],"product_cat":[83,89,84],"product_tag":[],"class_list":{"0":"post-16355","1":"product","2":"type-product","3":"status-publish","4":"has-post-thumbnail","6":"product_cat-all-product","7":"product_cat-heavy-duty-plastic-pallet","8":"product_cat-plastic-pallets","10":"first","11":"instock","12":"shipping-taxable","13":"product-type-simple"},"_links":{"self":[{"href":"https:\/\/cnplasticpallets.com\/es\/wp-json\/wp\/v2\/product\/16355","targetHints":{"allow":["GET"]}}],"collection":[{"href":"https:\/\/cnplasticpallets.com\/es\/wp-json\/wp\/v2\/product"}],"about":[{"href":"https:\/\/cnplasticpallets.com\/es\/wp-json\/wp\/v2\/types\/product"}],"replies":[{"embeddable":true,"href":"https:\/\/cnplasticpallets.com\/es\/wp-json\/wp\/v2\/comments?post=16355"}],"wp:featuredmedia":[{"embeddable":true,"href":"https:\/\/cnplasticpallets.com\/es\/wp-json\/wp\/v2\/media\/16358"}],"wp:attachment":[{"href":"https:\/\/cnplasticpallets.com\/es\/wp-json\/wp\/v2\/media?parent=16355"}],"wp:term":[{"taxonomy":"product_brand","embeddable":true,"href":"https:\/\/cnplasticpallets.com\/es\/wp-json\/wp\/v2\/product_brand?post=16355"},{"taxonomy":"product_cat","embeddable":true,"href":"https:\/\/cnplasticpallets.com\/es\/wp-json\/wp\/v2\/product_cat?post=16355"},{"taxonomy":"product_tag","embeddable":true,"href":"https:\/\/cnplasticpallets.com\/es\/wp-json\/wp\/v2\/product_tag?post=16355"}],"curies":[{"name":"wp","href":"https:\/\/api.w.org\/{rel}","templated":true}]}}