{"id":16323,"date":"2026-04-03T18:19:18","date_gmt":"2026-04-03T10:19:18","guid":{"rendered":"https:\/\/cnplasticpallets.com\/?post_type=product&#038;p=16323"},"modified":"2026-04-03T18:19:18","modified_gmt":"2026-04-03T10:19:18","slug":"1400-1100-flour-pallet-reversible","status":"publish","type":"product","link":"https:\/\/cnplasticpallets.com\/es\/product\/plastic-pallets\/heavy-duty-plastic-pallet\/1400-1100-flour-pallet-reversible\/","title":{"rendered":"Pal\u00e9 pl\u00e1stico para harina 1400 \u00d7 1100 mm \u2013 Reversible | Y1411-H"},"content":{"rendered":"<h2>Especificaciones del producto<\/h2>\n<table dir=\"ltr\" border=\"1\" cellspacing=\"0\" cellpadding=\"0\" data-sheets-root=\"1\" data-sheets-baot=\"1\">\n<colgroup>\n<col width=\"160\" \/>\n<col width=\"327\" \/><\/colgroup>\n<tbody>\n<tr>\n<td>Modelo<\/td>\n<td>Y1411-H<\/td>\n<\/tr>\n<tr>\n<td>Materiales<\/td>\n<td>Polietileno de alta densidad (HDPE); Polipropileno (PP)<\/td>\n<\/tr>\n<tr>\n<td>Dimensiones (L\u00d7A\u00d7H mm)<\/td>\n<td>1400mm \u00d7 1100mm \u00d7 150mm, Custom<\/td>\n<\/tr>\n<tr>\n<td>Procesos<\/td>\n<td>Moldeo por Inyecci\u00f3n<\/td>\n<\/tr>\n<tr>\n<td>Peso<\/td>\n<td>26kg<\/td>\n<\/tr>\n<tr>\n<td>Barras de Refuerzo<\/td>\n<td>N\/A<\/td>\n<\/tr>\n<tr>\n<td>Base<\/td>\n<td>Reversible<\/td>\n<\/tr>\n<tr>\n<td>Cubierta Superior<\/td>\n<td>Gird Deck<\/td>\n<\/tr>\n<tr>\n<td>Montacargas<\/td>\n<td>Entrada por 4 lados<\/td>\n<\/tr>\n<tr>\n<td>Transpaleta<\/td>\n<td>N\/A<\/td>\n<\/tr>\n<tr>\n<td>Apto para estanter\u00edas<\/td>\n<td>N\/A<\/td>\n<\/tr>\n<tr>\n<td>Apilable<\/td>\n<td>S\u00ed<\/td>\n<\/tr>\n<tr>\n<td>Higi\u00e9nico<\/td>\n<td>N\/A<\/td>\n<\/tr>\n<tr>\n<td>Reutilizable<\/td>\n<td>S\u00ed<\/td>\n<\/tr>\n<tr>\n<td>Logotipo \/ Impresi\u00f3n<\/td>\n<td>S\u00ed<\/td>\n<\/tr>\n<tr>\n<td>Capacidad Est\u00e1tica<\/td>\n<td>6000 kg (reforzado)<\/td>\n<\/tr>\n<tr>\n<td>Capacidad Din\u00e1mica<\/td>\n<td>1500 kg (reforzado)<\/td>\n<\/tr>\n<tr>\n<td>Temperatura de uso<\/td>\n<td>-40\u2103 to 70\u2103<\/td>\n<\/tr>\n<tr>\n<td>Color<\/td>\n<td>Azul, Negro, Naranja, Gris, Personalizado<\/td>\n<\/tr>\n<\/tbody>\n<\/table>","protected":false},"excerpt":{"rendered":"<p class=\"font-claude-response-body break-words whitespace-normal leading-[1.7]\">Meet our <strong>657 Y1411-H Grid Double-Face Pallet<\/strong> \u2014 injection-molded in one piece, sized at <strong>1400 \u00d7 1100 mm<\/strong>, and weighing just <strong>26 kg<\/strong>. Don&#8217;t let the light weight fool you. Without steel pipes, it handles <strong>1.5T static \/ 6T dynamic loads<\/strong>. Add steel pipes, and you&#8217;re looking at <strong>1.5T \/ 6T \/ 1T<\/strong> capacity across all conditions.<\/p>\n<p class=\"font-claude-response-body break-words whitespace-normal leading-[1.7]\">The grid double-face design keeps your ton bags locked in place \u2014 stable, secure, no shifting. The open-bottom structure makes forklift entry smooth and effortless, while promoting airflow to keep moisture away from your goods.<\/p>\n<p class=\"font-claude-response-body break-words whitespace-normal leading-[1.7]\">We know ton-bag stacking puts serious stress on pallets. That&#8217;s why this one is tested to <strong>2T dynamic load<\/strong> \u2014 ready for your factory&#8217;s toughest days.<\/p>\n","protected":false},"featured_media":16326,"comment_status":"open","ping_status":"closed","template":"","meta":{"_seopress_robots_primary_cat":"none","_seopress_titles_title":"1400 \u00d7 1100 mm Flour Plastic Pallet - Reversible | Y1411-H","_seopress_titles_desc":"Heavy-Duty 1400\u00d71100mm double-sided plastic pallet\u2014designed for warehouse stacking & storage of flour and rice bags. Robust and durable. Get a quote now!","_seopress_robots_index":"","_angie_page":false},"product_brand":[],"product_cat":[83,89,84],"product_tag":[],"class_list":{"0":"post-16323","1":"product","2":"type-product","3":"status-publish","4":"has-post-thumbnail","6":"product_cat-all-product","7":"product_cat-heavy-duty-plastic-pallet","8":"product_cat-plastic-pallets","10":"first","11":"instock","12":"shipping-taxable","13":"product-type-simple"},"_links":{"self":[{"href":"https:\/\/cnplasticpallets.com\/es\/wp-json\/wp\/v2\/product\/16323","targetHints":{"allow":["GET"]}}],"collection":[{"href":"https:\/\/cnplasticpallets.com\/es\/wp-json\/wp\/v2\/product"}],"about":[{"href":"https:\/\/cnplasticpallets.com\/es\/wp-json\/wp\/v2\/types\/product"}],"replies":[{"embeddable":true,"href":"https:\/\/cnplasticpallets.com\/es\/wp-json\/wp\/v2\/comments?post=16323"}],"wp:featuredmedia":[{"embeddable":true,"href":"https:\/\/cnplasticpallets.com\/es\/wp-json\/wp\/v2\/media\/16326"}],"wp:attachment":[{"href":"https:\/\/cnplasticpallets.com\/es\/wp-json\/wp\/v2\/media?parent=16323"}],"wp:term":[{"taxonomy":"product_brand","embeddable":true,"href":"https:\/\/cnplasticpallets.com\/es\/wp-json\/wp\/v2\/product_brand?post=16323"},{"taxonomy":"product_cat","embeddable":true,"href":"https:\/\/cnplasticpallets.com\/es\/wp-json\/wp\/v2\/product_cat?post=16323"},{"taxonomy":"product_tag","embeddable":true,"href":"https:\/\/cnplasticpallets.com\/es\/wp-json\/wp\/v2\/product_tag?post=16323"}],"curies":[{"name":"wp","href":"https:\/\/api.w.org\/{rel}","templated":true}]}}