{"id":16192,"date":"2026-03-16T15:07:47","date_gmt":"2026-03-16T07:07:47","guid":{"rendered":"https:\/\/cnplasticpallets.com\/?post_type=product&#038;p=16192"},"modified":"2026-03-25T18:19:50","modified_gmt":"2026-03-25T10:19:50","slug":"500x300-interlocking-4-legs","status":"publish","type":"product","link":"https:\/\/cnplasticpallets.com\/es\/product\/plastic-pallets\/plastic-floor-pallets\/500x300-interlocking-4-legs\/","title":{"rendered":"500 \u00d7 300 Paletas de pl\u00e1stico para suelo \u2013 Encajables | 4 Patas"},"content":{"rendered":"<h2>Especificaciones del producto<\/h2>\n<table dir=\"ltr\" border=\"1\" cellspacing=\"0\" cellpadding=\"0\" data-sheets-root=\"1\" data-sheets-baot=\"1\">\n<colgroup>\n<col width=\"160\" \/>\n<col width=\"327\" \/><\/colgroup>\n<tbody>\n<tr>\n<td>Modelo<\/td>\n<td>5030a<\/td>\n<\/tr>\n<tr>\n<td>Materiales<\/td>\n<td>Polietileno de alta densidad (HDPE); Polipropileno (PP)<\/td>\n<\/tr>\n<tr>\n<td>Dimensiones (L\u00d7A\u00d7H mm)<\/td>\n<td>500 mm \u00d7 300 mm \u00d7 120 mm, Personalizado<\/td>\n<\/tr>\n<tr>\n<td>Procesos<\/td>\n<td>Moldeo por Inyecci\u00f3n<\/td>\n<\/tr>\n<tr>\n<td>Peso<\/td>\n<td>1.2 kg<\/td>\n<\/tr>\n<tr>\n<td>Base<\/td>\n<td>4 Patas<\/td>\n<\/tr>\n<tr>\n<td>Cubierta Superior<\/td>\n<td>Cubierta abierta<\/td>\n<\/tr>\n<tr>\n<td>Montacargas<\/td>\n<td>Entrada por 2 lados<\/td>\n<\/tr>\n<tr>\n<td>Transpaleta<\/td>\n<td>Entrada por 2 lados<\/td>\n<\/tr>\n<tr>\n<td>Higi\u00e9nico<\/td>\n<td>No<\/td>\n<\/tr>\n<tr>\n<td>Reutilizable<\/td>\n<td>S\u00ed<\/td>\n<\/tr>\n<tr>\n<td>Logotipo \/ Impresi\u00f3n<\/td>\n<td>S\u00ed<\/td>\n<\/tr>\n<tr>\n<td>Capacidad Est\u00e1tica<\/td>\n<td>2000 kg<\/td>\n<\/tr>\n<tr>\n<td>Capacidad Din\u00e1mica<\/td>\n<td>500 kg<\/td>\n<\/tr>\n<tr>\n<td>Temperatura de uso<\/td>\n<td>-40\u2103 a 70\u2103<\/td>\n<\/tr>\n<tr>\n<td>Color<\/td>\n<td>Azul, Personalizado<\/td>\n<\/tr>\n<\/tbody>\n<\/table>\n<h2>Construcci\u00f3n de Moldeo por Inyecci\u00f3n de Una Sola Pieza<\/h2>\n<p>Producimos el 5030A mediante un proceso de moldeo por inyecci\u00f3n de una sola pieza, por lo que no existen soldaduras ni uniones que puedan agrietarse durante el uso diario. Los bordes del pal\u00e9 son lisos y sin rebabas, lo que facilita manipular y mover mercanc\u00edas con seguridad sin riesgo de lesiones para los trabajadores.<\/p>\n<h2><img fetchpriority=\"high\" decoding=\"async\" class=\"alignnone wp-image-16213 size-medium\" src=\"https:\/\/cnplasticpallets.com\/wp-content\/uploads\/2026\/03\/5030a-plastic-pallets-1-300x225.jpg\" alt=\"5030a paletas de pl\u00e1stico (1)\" width=\"300\" height=\"225\" srcset=\"https:\/\/cnplasticpallets.com\/wp-content\/uploads\/2026\/03\/5030a-plastic-pallets-1-300x225.jpg 300w, https:\/\/cnplasticpallets.com\/wp-content\/uploads\/2026\/03\/5030a-plastic-pallets-1-768x576.jpg 768w, https:\/\/cnplasticpallets.com\/wp-content\/uploads\/2026\/03\/5030a-plastic-pallets-1-16x12.jpg 16w, https:\/\/cnplasticpallets.com\/wp-content\/uploads\/2026\/03\/5030a-plastic-pallets-1-600x450.jpg 600w, https:\/\/cnplasticpallets.com\/wp-content\/uploads\/2026\/03\/5030a-plastic-pallets-1.jpg 800w\" sizes=\"(max-width: 300px) 100vw, 300px\" \/><\/h2>\n<h2 data-section-id=\"1r5yiio\" data-start=\"0\" data-end=\"27\">Estructura de Refuerzo con Nervaduras<\/h2>\n<p data-start=\"29\" data-end=\"231\" class=\"translation-block\">A\u00f1adimos m\u00faltiples <strong data-start=\"45\" data-end=\"65\">nervaduras de refuerzo<\/strong> en la base del pal\u00e9 y en las \u00e1reas clave de carga, lo que permite que el 5030A se mantenga ligero con <strong data-start=\"157\" data-end=\"167\">1.2 kg<\/strong> mientras soporta una estable <strong data-start=\"200\" data-end=\"230\">capacidad de carga est\u00e1tica de 2 toneladas<\/strong>.<\/p>\n<p data-start=\"233\" data-end=\"479\" data-is-last-node=\"\" data-is-only-node=\"\" class=\"translation-block\">Para usted, esto significa que la estructura de nervaduras <strong data-start=\"271\" data-end=\"330\">distribuye el peso de forma m\u00e1s uniforme durante cargas prolongadas<\/strong>, reduciendo la deformaci\u00f3n con el tiempo. Incluso bajo manipulaci\u00f3n frecuente y uso diario en almacenes, el pal\u00e9 mantiene una <strong data-start=\"445\" data-end=\"478\">estructura estable y confiable<\/strong>.<\/p>\n<h2 data-section-id=\"1r5yiio\" data-start=\"0\" data-end=\"27\"><img decoding=\"async\" class=\"alignnone wp-image-16217 size-medium\" src=\"https:\/\/cnplasticpallets.com\/wp-content\/uploads\/2026\/03\/5030a-plastic-floor-pallet-3-300x225.jpg\" alt=\"parihuela de pl\u00e1stico para suelo (3)\" width=\"300\" height=\"225\" srcset=\"https:\/\/cnplasticpallets.com\/wp-content\/uploads\/2026\/03\/5030a-plastic-floor-pallet-3-300x225.jpg 300w, https:\/\/cnplasticpallets.com\/wp-content\/uploads\/2026\/03\/5030a-plastic-floor-pallet-3-768x576.jpg 768w, https:\/\/cnplasticpallets.com\/wp-content\/uploads\/2026\/03\/5030a-plastic-floor-pallet-3-16x12.jpg 16w, https:\/\/cnplasticpallets.com\/wp-content\/uploads\/2026\/03\/5030a-plastic-floor-pallet-3-600x450.jpg 600w, https:\/\/cnplasticpallets.com\/wp-content\/uploads\/2026\/03\/5030a-plastic-floor-pallet-3.jpg 800w\" sizes=\"(max-width: 300px) 100vw, 300px\" \/><\/h2>\n<h2 data-section-id=\"1du1bco\" data-start=\"236\" data-end=\"258\">Dise\u00f1o Interconectable<\/h2>\n<p data-start=\"260\" data-end=\"441\" class=\"translation-block\">Cada pal\u00e9 incluye <strong data-start=\"283\" data-end=\"315\">puntos de interconexi\u00f3n integrados<\/strong>. Con conectores met\u00e1licos, <strong data-start=\"340\" data-end=\"384\">puede unir los pal\u00e9s por los cuatro lados<\/strong> y crear r\u00e1pidamente una plataforma de almacenamiento o trabajo m\u00e1s grande.<\/p>\n<p data-start=\"443\" data-end=\"608\" data-is-last-node=\"\" data-is-only-node=\"\" class=\"translation-block\">Despu\u00e9s de la conexi\u00f3n, <strong data-start=\"461\" data-end=\"490\">obtendr\u00e1 una plataforma estable<\/strong>. Los pal\u00e9s permanecen firmemente bloqueados y <strong data-start=\"536\" data-end=\"607\">no se aflojan durante la carga, el movimiento ni la manipulaci\u00f3n diaria en el almac\u00e9n<\/strong>.<\/p>\n<h2 data-section-id=\"1du1bco\" data-start=\"236\" data-end=\"258\"><img decoding=\"async\" class=\"alignnone wp-image-16214 size-medium\" src=\"https:\/\/cnplasticpallets.com\/wp-content\/uploads\/2026\/03\/5030a-plastic-pallets-2-300x225.jpg\" alt=\"Paletas de pl\u00e1stico 5030a (2)\" width=\"300\" height=\"225\" srcset=\"https:\/\/cnplasticpallets.com\/wp-content\/uploads\/2026\/03\/5030a-plastic-pallets-2-300x225.jpg 300w, https:\/\/cnplasticpallets.com\/wp-content\/uploads\/2026\/03\/5030a-plastic-pallets-2-768x576.jpg 768w, https:\/\/cnplasticpallets.com\/wp-content\/uploads\/2026\/03\/5030a-plastic-pallets-2-16x12.jpg 16w, https:\/\/cnplasticpallets.com\/wp-content\/uploads\/2026\/03\/5030a-plastic-pallets-2-600x450.jpg 600w, https:\/\/cnplasticpallets.com\/wp-content\/uploads\/2026\/03\/5030a-plastic-pallets-2.jpg 800w\" sizes=\"(max-width: 300px) 100vw, 300px\" \/><\/h2>\n<h2>Aplicaciones del Producto<\/h2>\n<p class=\"translation-block\">El <strong data-start=\"41\" data-end=\"71\">pal\u00e9 de suelo de pl\u00e1stico 5030A<\/strong> le ayuda a mantener los productos elevados y protegidos de la humedad del suelo. Puede utilizarlo en los siguientes entornos:<\/p>\n<p data-section-id=\"nb7o7t\" data-start=\"0\" data-end=\"22\"><strong>Almacenamiento en Supermercados<\/strong><\/p>\n<p data-start=\"24\" data-end=\"251\" class=\"translation-block\">En \u00e1reas de venta de supermercados, almacenes traseros o zonas de manipulaci\u00f3n de productos frescos, <strong data-start=\"103\" data-end=\"196\">puede colocar cajas de cart\u00f3n, cajas de bebidas, contenedores de productos frescos o mercanc\u00edas empaquetadas sobre estos pal\u00e9s<\/strong> para mantener los productos alejados del suelo y de la humedad.<\/p>\n<p data-section-id=\"1t6kjzk\" data-start=\"253\" data-end=\"281\"><strong>Viveros e Invernaderos<\/strong><\/p>\n<p data-start=\"283\" data-end=\"456\" class=\"translation-block\">Para el cultivo de plantas, <strong data-start=\"306\" data-end=\"381\">puede colocar bandejas de pl\u00e1ntulas, macetas o estanter\u00edas de cultivo sobre el pal\u00e9<\/strong>. Esto permite que el agua drene por debajo mientras el aire circula alrededor de las plantas.<\/p>\n<p data-section-id=\"17c7kgf\" data-start=\"458\" data-end=\"486\"><strong>Almacenamiento General en Almacenes<\/strong><\/p>\n<p data-start=\"488\" data-end=\"682\" class=\"translation-block\">Tambi\u00e9n puede usar estos pal\u00e9s en almacenes <strong data-start=\"533\" data-end=\"588\">para productos que no deben colocarse directamente en el suelo<\/strong>, como cajas de cart\u00f3n, materiales en sacos, alimentos empaquetados, productos embotellados o contenedores qu\u00edmicos.<\/p>\n<p data-section-id=\"1e0dwc\" data-start=\"684\" data-end=\"727\"><strong>\u00c1reas de Acuicultura y Procesamiento de Mariscos<\/strong><\/p>\n<p data-start=\"729\" data-end=\"973\" data-is-last-node=\"\" data-is-only-node=\"\" class=\"translation-block\">En granjas acu\u00edcolas o zonas de manipulaci\u00f3n de mariscos, <strong data-start=\"777\" data-end=\"849\">puede apilar cestas, tanques o cajas de mariscos sobre los pal\u00e9s 5030A<\/strong> para mantener los productos elevados sobre suelos h\u00famedos. Esto ayuda a mejorar el drenaje durante las operaciones diarias y mantiene los productos m\u00e1s limpios.<\/p>","protected":false},"excerpt":{"rendered":"<p data-start=\"178\" data-end=\"227\"><span style=\"font-weight: 400;\">Somos un fabricante chino de pal\u00e9s de suelo de pl\u00e1stico. Nuestro modelo 5030A ofrece las siguientes ventajas:<\/span><\/p>\n<p data-start=\"229\" data-end=\"346\" class=\"translation-block\">\u2022 <strong data-start=\"231\" data-end=\"252\">Altura de patas de 120 mm<\/strong> mantiene sus productos elevados del suelo, protegi\u00e9ndolos de la humedad en ambientes h\u00famedos o mojados.<\/p>\n<p data-start=\"348\" data-end=\"491\" class=\"translation-block\">\u2022 <strong data-start=\"350\" data-end=\"381\">Dise\u00f1o ventilado de superficie abierta<\/strong> permite la circulaci\u00f3n del aire y el drenaje del agua \u2014 ideal para procesamiento de alimentos, productos frescos y almacenamiento higi\u00e9nico.<\/p>\n<p data-start=\"493\" data-end=\"611\" class=\"translation-block\">\u2022 <strong data-start=\"495\" data-end=\"520\">Fabricado con HDPE virgen<\/strong>, garantizamos durabilidad a largo plazo y una <strong data-start=\"559\" data-end=\"593\">vida \u00fatil de hasta 10 a\u00f1os<\/strong> en condiciones normales de uso.<\/p>","protected":false},"featured_media":16212,"comment_status":"open","ping_status":"closed","template":"","meta":{"_seopress_robots_primary_cat":"none","_seopress_titles_title":"500\u00d7300 Moisture-Proof Plastic Pallets - Connectable | 4 Leg","_seopress_titles_desc":"Ventilated 4-leg plastic floor pallet for moisture prevention and product display. Interlocking design for flexible layout. China manufacturer \u2014 factory visits welcome.","_seopress_robots_index":"","_angie_page":false},"product_brand":[],"product_cat":[83,435,84],"product_tag":[],"class_list":{"0":"post-16192","1":"product","2":"type-product","3":"status-publish","4":"has-post-thumbnail","6":"product_cat-all-product","7":"product_cat-plastic-floor-pallets","8":"product_cat-plastic-pallets","10":"first","11":"instock","12":"shipping-taxable","13":"product-type-simple"},"_links":{"self":[{"href":"https:\/\/cnplasticpallets.com\/es\/wp-json\/wp\/v2\/product\/16192","targetHints":{"allow":["GET"]}}],"collection":[{"href":"https:\/\/cnplasticpallets.com\/es\/wp-json\/wp\/v2\/product"}],"about":[{"href":"https:\/\/cnplasticpallets.com\/es\/wp-json\/wp\/v2\/types\/product"}],"replies":[{"embeddable":true,"href":"https:\/\/cnplasticpallets.com\/es\/wp-json\/wp\/v2\/comments?post=16192"}],"wp:featuredmedia":[{"embeddable":true,"href":"https:\/\/cnplasticpallets.com\/es\/wp-json\/wp\/v2\/media\/16212"}],"wp:attachment":[{"href":"https:\/\/cnplasticpallets.com\/es\/wp-json\/wp\/v2\/media?parent=16192"}],"wp:term":[{"taxonomy":"product_brand","embeddable":true,"href":"https:\/\/cnplasticpallets.com\/es\/wp-json\/wp\/v2\/product_brand?post=16192"},{"taxonomy":"product_cat","embeddable":true,"href":"https:\/\/cnplasticpallets.com\/es\/wp-json\/wp\/v2\/product_cat?post=16192"},{"taxonomy":"product_tag","embeddable":true,"href":"https:\/\/cnplasticpallets.com\/es\/wp-json\/wp\/v2\/product_tag?post=16192"}],"curies":[{"name":"wp","href":"https:\/\/api.w.org\/{rel}","templated":true}]}}