{"id":15334,"date":"2026-01-26T15:13:55","date_gmt":"2026-01-26T07:13:55","guid":{"rendered":"https:\/\/cnplasticpallets.com\/?post_type=product&#038;p=15334"},"modified":"2026-01-26T15:13:55","modified_gmt":"2026-01-26T07:13:55","slug":"1200-x-800-mm-euro-pallet-1208pgc","status":"publish","type":"product","link":"https:\/\/cnplasticpallets.com\/es\/product\/plastic-pallets\/3-skids-plastic-pallet\/1200-x-800-mm-euro-pallet-1208pgc\/","title":{"rendered":"Palet Pl\u00e1stico Euro 1200 \u00d7 800 mm | 1208PGC"},"content":{"rendered":"<h2>Product Specifications<\/h2>\n<table dir=\"ltr\" border=\"1\" cellspacing=\"0\" cellpadding=\"0\" data-sheets-root=\"1\" data-sheets-baot=\"1\">\n<colgroup>\n<col width=\"160\" \/>\n<col width=\"231\" \/><\/colgroup>\n<tbody>\n<tr>\n<td>Model<\/td>\n<td>ENL-1208PGC<\/td>\n<\/tr>\n<tr>\n<td>Materials<\/td>\n<td>\n<div>\n<div>High Density Polyethylene(HDPE); Polypropylene(PP)<\/div>\n<\/div>\n<\/td>\n<\/tr>\n<tr>\n<td>Dimensions (L\u00d7W\u00d7H mm)<\/td>\n<td>1200mm \u00d7 800mm \u00d7 150mm, Custom<\/td>\n<\/tr>\n<tr>\n<td>Processes<\/td>\n<td>Injection Molding<\/td>\n<\/tr>\n<tr>\n<td>Weight<\/td>\n<td>16.4kg<\/td>\n<\/tr>\n<tr>\n<td>Reinforcement Bars<\/td>\n<td>5 Bars (21.4kg)<\/td>\n<\/tr>\n<tr>\n<td>Base<\/td>\n<td>3 Runners<\/td>\n<\/tr>\n<tr>\n<td>Top Deck<\/td>\n<td>Closed Deck<\/td>\n<\/tr>\n<tr>\n<td>Forklift<\/td>\n<td>4 Way Entry<\/td>\n<\/tr>\n<tr>\n<td>Pallet Jack<\/td>\n<td>4 Way Entry<\/td>\n<\/tr>\n<tr>\n<td>Rackable<\/td>\n<td>Yes<\/td>\n<\/tr>\n<tr>\n<td>Stackable<\/td>\n<td>Yes<\/td>\n<\/tr>\n<tr>\n<td>Hygienic<\/td>\n<td>Yes<\/td>\n<\/tr>\n<tr>\n<td>Reusable<\/td>\n<td>Yes<\/td>\n<\/tr>\n<tr>\n<td>Logo \/ Printing<\/td>\n<td>Yes<\/td>\n<\/tr>\n<tr>\n<td>Static Capacity<\/td>\n<td>6000kg(reinforced)<\/td>\n<\/tr>\n<tr>\n<td>Dynamic Capacity<\/td>\n<td>2000kg(reinforced)<\/td>\n<\/tr>\n<tr>\n<td>Racking Capacity<\/td>\n<td>1500kg(reinforced)<\/td>\n<\/tr>\n<tr>\n<td>Usage Temperature<\/td>\n<td>-40\u2103 to 70\u2103<\/td>\n<\/tr>\n<tr>\n<td>Color<\/td>\n<td>Blue, Black, Orange, Grey, Custom<\/td>\n<\/tr>\n<tr>\n<td>20FT Quantity<\/td>\n<td>210pcs<\/td>\n<\/tr>\n<tr>\n<td>40HC Quantity<\/td>\n<td>520pcs<\/td>\n<\/tr>\n<\/tbody>\n<\/table>\n<h2>Product Applications<\/h2>\n<ul>\n<li class=\"whitespace-normal break-words pl-2\"><strong>Food Processing &amp; Cold Storage<\/strong>: Closed deck prevents contamination; performs reliably in -40\u00b0C freezer environments for frozen foods, seafood, and dairy products<\/li>\n<li class=\"whitespace-normal break-words pl-2\"><strong>Pharmaceutical Manufacturing<\/strong>: Meets stringent hygiene requirements; compatible with steam sterilization and chemical sanitizers used in cleanroom environments<\/li>\n<li class=\"whitespace-normal break-words pl-2\"><strong>Chemical &amp; Agricultural Industries<\/strong>: Resists acids, fertilizers, and cleaning agents; won&#8217;t corrode or degrade when exposed to harsh materials<\/li>\n<li class=\"whitespace-normal break-words pl-2\"><strong>Automated Warehouses<\/strong>: \u00b12mm dimensional precision ensures consistent performance with AGV systems, conveyor belts, and robotic picking equipment<\/li>\n<li class=\"whitespace-normal break-words pl-2\"><strong>Export &amp; International Shipping<\/strong>: Fumigation-free HDPE construction complies with ISPM-15 standards for immediate customs clearance in any country<\/li>\n<li class=\"whitespace-normal break-words pl-2\"><strong>Retail Distribution Centers<\/strong>: Stackable design maximizes storage density; 1500kg racking capacity supports high-bay storage systems<\/li>\n<\/ul>\n<p><img fetchpriority=\"high\" decoding=\"async\" class=\"alignnone wp-image-15356 size-full\" src=\"https:\/\/cnplasticpallets.com\/wp-content\/uploads\/2026\/01\/1200-\u00d7-800-mm-Euro-Plastic-Pallet-_-1208PGC.jpg\" alt=\"1200 \u00d7 800 mm euro plastic pallet | 1208pgc\" width=\"800\" height=\"600\" srcset=\"https:\/\/cnplasticpallets.com\/wp-content\/uploads\/2026\/01\/1200-\u00d7-800-mm-Euro-Plastic-Pallet-_-1208PGC.jpg 800w, https:\/\/cnplasticpallets.com\/wp-content\/uploads\/2026\/01\/1200-\u00d7-800-mm-Euro-Plastic-Pallet-_-1208PGC-300x225.jpg 300w, https:\/\/cnplasticpallets.com\/wp-content\/uploads\/2026\/01\/1200-\u00d7-800-mm-Euro-Plastic-Pallet-_-1208PGC-768x576.jpg 768w, https:\/\/cnplasticpallets.com\/wp-content\/uploads\/2026\/01\/1200-\u00d7-800-mm-Euro-Plastic-Pallet-_-1208PGC-16x12.jpg 16w, https:\/\/cnplasticpallets.com\/wp-content\/uploads\/2026\/01\/1200-\u00d7-800-mm-Euro-Plastic-Pallet-_-1208PGC-600x450.jpg 600w\" sizes=\"(max-width: 800px) 100vw, 800px\" \/><\/p>\n<h2 class=\"text-text-100 mt-3 -mb-1 text-[1.125rem] font-bold\">Customization Options<\/h2>\n<p class=\"font-claude-response-body break-words whitespace-normal leading-[1.7]\"><strong>Edge Guards<\/strong><\/p>\n<ul class=\"[li_&amp;]:mb-0 [li_&amp;]:mt-1 [li_&amp;]:gap-1 [&amp;:not(:last-child)_ul]:pb-1 [&amp;:not(:last-child)_ol]:pb-1 list-disc flex flex-col gap-1 pl-8 mb-3\">\n<li class=\"whitespace-normal break-words pl-2\">Add perimeter barriers (50-100mm height) to prevent cargo spillage\u2014ideal for loose items and small parts<\/li>\n<li class=\"whitespace-normal break-words pl-2\">Standard flat deck for automated equipment compatibility and maximum surface area<\/li>\n<\/ul>\n<p class=\"font-claude-response-body break-words whitespace-normal leading-[1.7]\"><strong>Anti-Slip Strips<\/strong><\/p>\n<ul class=\"[li_&amp;]:mb-0 [li_&amp;]:mt-1 [li_&amp;]:gap-1 [&amp;:not(:last-child)_ul]:pb-1 [&amp;:not(:last-child)_ol]:pb-1 list-disc flex flex-col gap-1 pl-8 mb-3\">\n<li class=\"whitespace-normal break-words pl-2\">Heat-welded textured strips provide extra grip for inclined conveyors and rough terrain transport<\/li>\n<\/ul>\n<p class=\"font-claude-response-body break-words whitespace-normal leading-[1.7]\"><strong>Color Selection<\/strong><\/p>\n<ul class=\"[li_&amp;]:mb-0 [li_&amp;]:mt-1 [li_&amp;]:gap-1 [&amp;:not(:last-child)_ul]:pb-1 [&amp;:not(:last-child)_ol]:pb-1 list-disc flex flex-col gap-1 pl-8 mb-3\">\n<li class=\"whitespace-normal break-words pl-2\"><strong>Green<\/strong> (standard): High visibility for food and agricultural sectors<\/li>\n<li class=\"whitespace-normal break-words pl-2\"><strong>Blue<\/strong>: Pharmaceutical and electronics applications<\/li>\n<li class=\"whitespace-normal break-words pl-2\"><strong>Black<\/strong>: Industrial environments and UV-resistant outdoor use<\/li>\n<li class=\"whitespace-normal break-words pl-2\">Custom colors available for inventory management systems<\/li>\n<\/ul>\n<p class=\"font-claude-response-body break-words whitespace-normal leading-[1.7]\"><strong>Dimensions<\/strong><\/p>\n<ul class=\"[li_&amp;]:mb-0 [li_&amp;]:mt-1 [li_&amp;]:gap-1 [&amp;:not(:last-child)_ul]:pb-1 [&amp;:not(:last-child)_ol]:pb-1 list-disc flex flex-col gap-1 pl-8 mb-3\">\n<li class=\"whitespace-normal break-words pl-2\"><strong>1200\u00d7800mm<\/strong> (standard Euro size)<\/li>\n<li class=\"whitespace-normal break-words pl-2\"><strong>1200\u00d71000mm<\/strong> (international standard)<\/li>\n<li class=\"whitespace-normal break-words pl-2\">Custom sizes to fit your specific racking or equipment requirements<\/li>\n<\/ul>\n<p class=\"font-claude-response-body break-words whitespace-normal leading-[1.7]\"><strong>Load Capacity<\/strong><\/p>\n<ul class=\"[li_&amp;]:mb-0 [li_&amp;]:mt-1 [li_&amp;]:gap-1 [&amp;:not(:last-child)_ul]:pb-1 [&amp;:not(:last-child)_ol]:pb-1 list-disc flex flex-col gap-1 pl-8 mb-3\">\n<li class=\"whitespace-normal break-words pl-2\"><strong>Standard<\/strong>: 16.4kg self-weight for manual handling flexibility<\/li>\n<li class=\"whitespace-normal break-words pl-2\"><strong>Reinforced with 5 steel bars<\/strong>: 21.4kg\u2014boosts capacity to 6000kg static\/2000kg dynamic\/1500kg racking<\/li>\n<\/ul>\n","protected":false},"excerpt":{"rendered":"<p class=\"translation-block\">Los palets ENL-1208PGC son reconocidos por su <strong>construcci\u00f3n robusta y caracter\u00edsticas de dise\u00f1o pr\u00e1cticas<\/strong>, comprobadas en m\u00faltiples industrias. Fabricamos estos palets con <strong>HDPE virgen 100% o materiales reciclados de grado alimenticio<\/strong> que no liberan qu\u00edmicos en tus productos, con <strong>refuerzo opcional con barras de acero<\/strong> para aplicaciones que exigen mayor capacidad de carga. La <strong>construcci\u00f3n moldeada de una sola pieza elimina huecos y hendiduras<\/strong>, facilitando la limpieza a fondo con lavado a presi\u00f3n o agentes desinfectantes, clave para el <strong>cumplimiento GMP y HACCP<\/strong> en entornos regulados. El <strong>sistema de entrada por 4 lados<\/strong> es compatible con transpaletas y carretillas elevadoras, ofreciendo flexibilidad operativa tanto para cargar camiones, organizar almacenes como para integrarse con sistemas automatizados de manejo de materiales.<\/p>","protected":false},"featured_media":15357,"comment_status":"open","ping_status":"closed","template":"","meta":{"_seopress_robots_primary_cat":"none","_seopress_titles_title":"1200 \u00d7 800 mm Euro Plastic Pallet | 1208PGC","_seopress_titles_desc":"Enlightening Pallet's 1208PGC Euro 3-runner pallet with reinforced structure delivers up to 6T static load for warehousing, packaging & logistics.","_seopress_robots_index":"","_angie_page":false},"product_brand":[],"product_cat":[85,83,84],"product_tag":[],"class_list":{"0":"post-15334","1":"product","2":"type-product","3":"status-publish","4":"has-post-thumbnail","6":"product_cat-3-skids-plastic-pallet","7":"product_cat-all-product","8":"product_cat-plastic-pallets","10":"first","11":"instock","12":"shipping-taxable","13":"product-type-simple"},"_links":{"self":[{"href":"https:\/\/cnplasticpallets.com\/es\/wp-json\/wp\/v2\/product\/15334","targetHints":{"allow":["GET"]}}],"collection":[{"href":"https:\/\/cnplasticpallets.com\/es\/wp-json\/wp\/v2\/product"}],"about":[{"href":"https:\/\/cnplasticpallets.com\/es\/wp-json\/wp\/v2\/types\/product"}],"replies":[{"embeddable":true,"href":"https:\/\/cnplasticpallets.com\/es\/wp-json\/wp\/v2\/comments?post=15334"}],"wp:featuredmedia":[{"embeddable":true,"href":"https:\/\/cnplasticpallets.com\/es\/wp-json\/wp\/v2\/media\/15357"}],"wp:attachment":[{"href":"https:\/\/cnplasticpallets.com\/es\/wp-json\/wp\/v2\/media?parent=15334"}],"wp:term":[{"taxonomy":"product_brand","embeddable":true,"href":"https:\/\/cnplasticpallets.com\/es\/wp-json\/wp\/v2\/product_brand?post=15334"},{"taxonomy":"product_cat","embeddable":true,"href":"https:\/\/cnplasticpallets.com\/es\/wp-json\/wp\/v2\/product_cat?post=15334"},{"taxonomy":"product_tag","embeddable":true,"href":"https:\/\/cnplasticpallets.com\/es\/wp-json\/wp\/v2\/product_tag?post=15334"}],"curies":[{"name":"wp","href":"https:\/\/api.w.org\/{rel}","templated":true}]}}