{"id":15174,"date":"2026-01-13T14:40:54","date_gmt":"2026-01-13T06:40:54","guid":{"rendered":"https:\/\/cnplasticpallets.com\/?post_type=product&#038;p=15174"},"modified":"2026-02-13T11:46:54","modified_gmt":"2026-02-13T03:46:54","slug":"euro-pallet-open-deck-y1208whb","status":"publish","type":"product","link":"https:\/\/cnplasticpallets.com\/es\/product\/plastic-pallets\/3-skids-plastic-pallet\/euro-pallet-open-deck-y1208whb\/","title":{"rendered":"Pal\u00e9 europeo \u2013 plataforma abierta | Y1208WHB"},"content":{"rendered":"<h2>Especificaci\u00f3n del Producto<\/h2>\n<table dir=\"ltr\" border=\"1\" cellspacing=\"0\" cellpadding=\"0\" data-sheets-root=\"1\" data-sheets-baot=\"1\">\n<colgroup>\n<col width=\"160\" \/>\n<col width=\"365\" \/><\/colgroup>\n<tbody>\n<tr>\n<td>Modelo<\/td>\n<td>Y1208WHB<\/td>\n<\/tr>\n<tr>\n<td>Materiales<\/td>\n<td>Polietileno de alta densidad (HDPE); Polipropileno (PP)<\/td>\n<\/tr>\n<tr>\n<td>Dimensiones (L\u00d7A\u00d7H mm)<\/td>\n<td>1200mm \u00d7 800mm \u00d7 150mm, Personalizado<\/td>\n<\/tr>\n<tr>\n<td>Procesos<\/td>\n<td>Moldeo por inyecci\u00f3n + Soldadura<\/td>\n<\/tr>\n<tr>\n<td>Peso<\/td>\n<td>10.9 kg<\/td>\n<\/tr>\n<tr>\n<td>Barras de Refuerzo<\/td>\n<td>8 barras (5kg)<\/td>\n<\/tr>\n<tr>\n<td>Base<\/td>\n<td>3 Patines<\/td>\n<\/tr>\n<tr>\n<td>Cubierta Superior<\/td>\n<td>Cubierta Ventilada<\/td>\n<\/tr>\n<tr>\n<td>Montacargas<\/td>\n<td>Entrada por 4 lados<\/td>\n<\/tr>\n<tr>\n<td>Transpaleta<\/td>\n<td>Entrada por 4 lados<\/td>\n<\/tr>\n<tr>\n<td>Higi\u00e9nico<\/td>\n<td>No<\/td>\n<\/tr>\n<tr>\n<td>Apto para estanter\u00edas<\/td>\n<td>S\u00ed<\/td>\n<\/tr>\n<tr>\n<td>Apilable<\/td>\n<td>S\u00ed<\/td>\n<\/tr>\n<tr>\n<td>Reutilizable<\/td>\n<td>S\u00ed<\/td>\n<\/tr>\n<tr>\n<td>Logotipo \/ Impresi\u00f3n<\/td>\n<td>S\u00ed<\/td>\n<\/tr>\n<tr>\n<td>Capacidad Est\u00e1tica<\/td>\n<td>6000 kg (reforzado)<\/td>\n<\/tr>\n<tr>\n<td>Capacidad Din\u00e1mica<\/td>\n<td>1500 kg (reforzado)<\/td>\n<\/tr>\n<tr>\n<td>Capacidad en estanter\u00eda<\/td>\n<td>1000kg(reforzado)<\/td>\n<\/tr>\n<tr>\n<td>Temperatura de uso<\/td>\n<td>-40\u2103 a 70\u2103<\/td>\n<\/tr>\n<tr>\n<td>Color<\/td>\n<td>Azul, Negro, Naranja, Gris, Personalizado<\/td>\n<\/tr>\n<tr>\n<td>Cantidad en 20FT<\/td>\n<td>220 unidades<\/td>\n<\/tr>\n<tr>\n<td>Cantidad en 40HC<\/td>\n<td>600 unidades<\/td>\n<\/tr>\n<\/tbody>\n<\/table>\n<h2>Caracter\u00edsticas del Producto<\/h2>\n<p data-start=\"425\" data-end=\"741\" data-imt-p=\"1\" class=\"translation-block\"><strong data-start=\"425\" data-end=\"490\" data-imt-p=\"1\">Dimensi\u00f3n est\u00e1ndar Euro para operaciones transfronterizas fluidas<\/strong><br data-start=\"490\" data-end=\"493\">Con dimensiones de <strong data-start=\"502\" data-end=\"521\">1200\u00d7800\u00d7150 mm<\/strong>, esta tarima se ajusta a dise\u00f1os comunes de manejo y almacenamiento Euro. Esto ayuda a su equipo a reducir la re-paletizaci\u00f3n, acelerar las transferencias cross-dock y mantener el posicionamiento de almac\u00e9n consistente entre proveedores y centros de distribuci\u00f3n.<\/p>\n<p data-start=\"743\" data-end=\"1085\" data-imt-p=\"1\" class=\"translation-block\"><strong data-start=\"743\" data-end=\"804\" data-imt-p=\"1\">Moldeo por inyecci\u00f3n de una pieza para consistencia estructural<\/strong><br data-start=\"804\" data-end=\"807\">Fabricamos la tarima con <strong data-start=\"838\" data-end=\"869\">moldeo por inyecci\u00f3n de una pieza<\/strong> para mantener geometr\u00eda estable bajo ciclos repetidos de montacargas. Menos juntas y estructura uniforme ayudan a reducir puntos d\u00e9biles durante uso de alta frecuencia, mejorando la confiabilidad en log\u00edstica de larga distancia y sistemas de circuito cerrado.<\/p>\n<p data-start=\"1087\" data-end=\"1417\" data-imt-p=\"1\" class=\"translation-block\"><strong data-start=\"1087\" data-end=\"1151\" data-imt-p=\"1\">Plataforma superior abierta + base inferior de rejilla para flujo de aire y drenaje<\/strong><br data-start=\"1151\" data-end=\"1154\">La <strong data-start=\"1158\" data-end=\"1173\">plataforma ventilada<\/strong> permite flujo de aire y drenaje de agua, lo cual es valioso en <strong data-start=\"1232\" data-end=\"1297\">almacenamiento de alta humedad, \u00e1reas de lavado y preparaci\u00f3n de cadena de fr\u00edo<\/strong>. Su operaci\u00f3n se beneficia de un secado m\u00e1s r\u00e1pido, menor retenci\u00f3n de agua y menor riesgo de acumulaci\u00f3n de humedad bajo cajas.<\/p>\n<p data-start=\"1419\" data-end=\"1773\" data-imt-p=\"1\" class=\"translation-block\"><strong data-start=\"1419\" data-end=\"1488\" data-imt-p=\"1\">Refuerzo de acero hasta 8 barras para rendimiento de carga verificado<\/strong><br data-start=\"1488\" data-end=\"1491\">Este modelo integra <strong data-start=\"1513\" data-end=\"1544\">8 barras de refuerzo (5 kg)<\/strong> para resistencia donde importa. Las capacidades reforzadas alcanzan <strong data-start=\"1601\" data-end=\"1619\">6000 kg est\u00e1tica<\/strong>, <strong data-start=\"1621\" data-end=\"1640\">1500 kg din\u00e1mica<\/strong> y <strong data-start=\"1646\" data-end=\"1674\">1000 kg de capacidad en estanter\u00eda<\/strong>, ayudando a su equipo a establecer l\u00edmites claros de manejo y reducir incidentes relacionados con carga en racks y pasillos.<\/p>\n<p data-start=\"1775\" data-end=\"2099\" data-imt-p=\"1\" class=\"translation-block\"><strong data-start=\"1775\" data-end=\"1839\" data-imt-p=\"1\">Base de 3 patines para viaje estable y compatibilidad con estanter\u00edas<\/strong><br data-start=\"1839\" data-end=\"1842\">Los <strong data-start=\"1846\" data-end=\"1859\">3 patines<\/strong> mejoran la estabilidad direccional durante el movimiento del montacargas y permiten colocaci\u00f3n predecible en pisos y pasillos de almacenamiento comunes. Esto ayuda a reducir el balanceo de la tarima y mejora la confianza en el manejo durante carga, preparaci\u00f3n y rotaci\u00f3n de almac\u00e9n.<\/p>\n<p data-start=\"2101\" data-end=\"2369\" data-imt-p=\"1\" class=\"translation-block\"><strong data-start=\"2101\" data-end=\"2140\" data-imt-p=\"1\">Entrada de 4 v\u00edas para reducir tiempo de manejo<\/strong><br data-start=\"2140\" data-end=\"2143\">Con <strong data-start=\"2148\" data-end=\"2172\">entrada de montacargas de 4 v\u00edas<\/strong> y <strong data-start=\"2177\" data-end=\"2204\">entrada de transpaleta de 4 v\u00edas<\/strong>, los operadores pueden acceder desde cualquier lado. Esto reduce el tiempo de reposicionamiento en muelles, mejora la maniobrabilidad en pasillos estrechos y acelera la carga durante turnos pico.<\/p>\n<p data-start=\"2371\" data-end=\"2682\" data-imt-p=\"1\"><strong data-start=\"2371\" data-end=\"2425\" data-imt-p=\"1\">100 opciones de material virgen HDPE\/PP reciclable%<\/strong><br data-start=\"2425\" data-end=\"2428\" \/>Construido de <strong data-start=\"2439\" data-end=\"2476\">100% HDPE virgen reciclable o PP<\/strong>, la tarima soporta una resistencia constante y un rendimiento repetible. Al final de su vida \u00fatil, puede volver a ingresar a los flujos de reciclaje, apoyando programas de sostenibilidad sin sacrificar la durabilidad operativa.<\/p>\n<p data-start=\"2684\" data-end=\"2956\" data-imt-p=\"1\" class=\"translation-block\"><strong data-start=\"2684\" data-end=\"2724\" data-imt-p=\"1\">Lista para automatizaci\u00f3n y trazabilidad<\/strong><br data-start=\"2724\" data-end=\"2727\">La tarima est\u00e1 dise\u00f1ada para soportar <strong data-start=\"2761\" data-end=\"2797\">flujos de trabajo de automatizaci\u00f3n y estanter\u00edas<\/strong>, y est\u00e1 <strong data-start=\"2809\" data-end=\"2828\">lista para chip RFID<\/strong> para rastreo de activos. Esto ayuda a reducir p\u00e9rdidas, mejorar la visibilidad del inventario y fortalecer la trazabilidad en log\u00edstica de circuito cerrado.<\/p>\n<p data-start=\"2958\" data-end=\"3279\" data-imt-p=\"1\" class=\"translation-block\"><strong data-start=\"2958\" data-end=\"3000\" data-imt-p=\"1\">Marca personalizada y mejoras de seguridad<\/strong><br data-start=\"3000\" data-end=\"3003\">Ofrecemos <strong data-start=\"3014\" data-end=\"3056\">impresi\u00f3n de logo personalizado \/ grabado l\u00e1ser<\/strong> y una amplia gama de colores (Azul, Negro, Naranja, Gris o personalizado). Las mejoras opcionales incluyen <strong data-start=\"3146\" data-end=\"3193\">tiras antideslizantes\/almohadillas de goma (arriba y abajo)<\/strong>, adem\u00e1s de <strong data-start=\"3200\" data-end=\"3242\">grados resistentes al fuego y rayos UV<\/strong> para condiciones reguladas o exteriores.<\/p>","protected":false},"excerpt":{"rendered":"<p class=\"translation-block\">Como experimentados <strong data-start=\"532\" data-end=\"556\">fabricantes de tarimas<\/strong>, suministramos Europalets de Plataforma Abierta dise\u00f1ados para cadena de fr\u00edo y rotaci\u00f3n industrial donde el manejo consistente es importante. Com\u00fanmente especificados en <strong data-start=\"698\" data-end=\"720\">c\u00e1maras fr\u00edas de mariscos<\/strong> y <strong data-start=\"725\" data-end=\"774\">log\u00edstica de alimentos, farmac\u00e9uticos y cosm\u00e9ticos<\/strong>, la tarima tambi\u00e9n se despliega en <strong data-start=\"807\" data-end=\"857\">almacenes verticales automatizados y almacenamiento en racks<\/strong>, adem\u00e1s de circulaci\u00f3n de piezas automotrices. Dimensiones est\u00e1ndar como <strong data-start=\"922\" data-end=\"934\">1200\u00d7800<\/strong> permiten un posicionamiento m\u00e1s r\u00e1pido y flujo cross-dock, con formatos adicionales disponibles para distribuciones de sitio. Respaldados por documentaci\u00f3n <strong data-start=\"1063\" data-end=\"1101\">ISO 9001, SGS, CE, ROHS y REACH<\/strong>, los compradores trabajan con nosotros como <strong data-start=\"1140\" data-end=\"1175\">proveedores expertos de tarimas de pl\u00e1stico<\/strong> y un <strong data-start=\"1191\" data-end=\"1210\">proveedor de tarimas<\/strong> confiable para especificaciones m\u00e1s claras y menor riesgo operativo.<\/p>","protected":false},"featured_media":15178,"comment_status":"open","ping_status":"closed","template":"","meta":{"_seopress_robots_primary_cat":"none","_seopress_titles_title":"Euro Pallet - Open Deck | Y1208WHB - 3 Runner Pallet","_seopress_titles_desc":"1200x800x150mm 3-runner plastic pallet, euro European standard, injection molding, rackable, stackable, ISPM 15 compliant for export!","_seopress_robots_index":"","_angie_page":false},"product_brand":[],"product_cat":[85,83,84],"product_tag":[],"class_list":{"0":"post-15174","1":"product","2":"type-product","3":"status-publish","4":"has-post-thumbnail","6":"product_cat-3-skids-plastic-pallet","7":"product_cat-all-product","8":"product_cat-plastic-pallets","10":"first","11":"instock","12":"shipping-taxable","13":"product-type-simple"},"_links":{"self":[{"href":"https:\/\/cnplasticpallets.com\/es\/wp-json\/wp\/v2\/product\/15174","targetHints":{"allow":["GET"]}}],"collection":[{"href":"https:\/\/cnplasticpallets.com\/es\/wp-json\/wp\/v2\/product"}],"about":[{"href":"https:\/\/cnplasticpallets.com\/es\/wp-json\/wp\/v2\/types\/product"}],"replies":[{"embeddable":true,"href":"https:\/\/cnplasticpallets.com\/es\/wp-json\/wp\/v2\/comments?post=15174"}],"wp:featuredmedia":[{"embeddable":true,"href":"https:\/\/cnplasticpallets.com\/es\/wp-json\/wp\/v2\/media\/15178"}],"wp:attachment":[{"href":"https:\/\/cnplasticpallets.com\/es\/wp-json\/wp\/v2\/media?parent=15174"}],"wp:term":[{"taxonomy":"product_brand","embeddable":true,"href":"https:\/\/cnplasticpallets.com\/es\/wp-json\/wp\/v2\/product_brand?post=15174"},{"taxonomy":"product_cat","embeddable":true,"href":"https:\/\/cnplasticpallets.com\/es\/wp-json\/wp\/v2\/product_cat?post=15174"},{"taxonomy":"product_tag","embeddable":true,"href":"https:\/\/cnplasticpallets.com\/es\/wp-json\/wp\/v2\/product_tag?post=15174"}],"curies":[{"name":"wp","href":"https:\/\/api.w.org\/{rel}","templated":true}]}}