{"id":15151,"date":"2026-01-12T15:34:43","date_gmt":"2026-01-12T07:34:43","guid":{"rendered":"https:\/\/cnplasticpallets.com\/?post_type=product&#038;p=15151"},"modified":"2026-02-13T10:40:47","modified_gmt":"2026-02-13T02:40:47","slug":"3-runner-plastic-pallets-1210g1","status":"publish","type":"product","link":"https:\/\/cnplasticpallets.com\/es\/product\/plastic-pallets\/3-skids-plastic-pallet\/3-runner-plastic-pallets-1210g1\/","title":{"rendered":"Palets de Pl\u00e1stico de 3 Patines | 1210G1"},"content":{"rendered":"<h2>Especificaciones del producto<\/h2>\n<table dir=\"ltr\" border=\"1\" cellspacing=\"0\" cellpadding=\"0\" data-sheets-root=\"1\" data-sheets-baot=\"1\">\n<colgroup>\n<col width=\"160\" \/>\n<col width=\"365\" \/><\/colgroup>\n<tbody>\n<tr>\n<td>Modelo<\/td>\n<td>1210G1<\/td>\n<\/tr>\n<tr>\n<td>Materiales<\/td>\n<td>Polietileno de alta densidad (HDPE); Polipropileno (PP)<\/td>\n<\/tr>\n<tr>\n<td>Dimensiones (L\u00d7A\u00d7H mm)<\/td>\n<td>1200mm \u00d7 1000mm \u00d7 150mm, Personalizado<\/td>\n<\/tr>\n<tr>\n<td>Procesos<\/td>\n<td>Moldeo por inyecci\u00f3n + Soldadura<\/td>\n<\/tr>\n<tr>\n<td>Peso<\/td>\n<td>19.3kg<\/td>\n<\/tr>\n<tr>\n<td>Barras de Refuerzo<\/td>\n<td>3 barras (3,3 kg)<\/td>\n<\/tr>\n<tr>\n<td>Base<\/td>\n<td>3 Patines<\/td>\n<\/tr>\n<tr>\n<td>Cubierta Superior<\/td>\n<td>Plataforma s\u00f3lida<\/td>\n<\/tr>\n<tr>\n<td>Montacargas<\/td>\n<td>Entrada por 4 lados<\/td>\n<\/tr>\n<tr>\n<td>Transpaleta<\/td>\n<td>Entrada por 4 lados<\/td>\n<\/tr>\n<tr>\n<td>Higi\u00e9nico<\/td>\n<td>S\u00ed<\/td>\n<\/tr>\n<tr>\n<td>Apto para estanter\u00edas<\/td>\n<td>S\u00ed<\/td>\n<\/tr>\n<tr>\n<td>Apilable<\/td>\n<td>S\u00ed<\/td>\n<\/tr>\n<tr>\n<td>Reutilizable<\/td>\n<td>S\u00ed<\/td>\n<\/tr>\n<tr>\n<td>Logotipo \/ Impresi\u00f3n<\/td>\n<td>S\u00ed<\/td>\n<\/tr>\n<tr>\n<td>Capacidad Est\u00e1tica<\/td>\n<td>6000 kg (reforzado)<\/td>\n<\/tr>\n<tr>\n<td>Capacidad Din\u00e1mica<\/td>\n<td>1500 kg (reforzado)<\/td>\n<\/tr>\n<tr>\n<td>Capacidad en estanter\u00eda<\/td>\n<td>1000kg(reforzado)<\/td>\n<\/tr>\n<tr>\n<td>Temperatura de uso<\/td>\n<td>-40\u2103 a 70\u2103<\/td>\n<\/tr>\n<tr>\n<td>Color<\/td>\n<td>Azul, Negro, Naranja, Gris, Personalizado<\/td>\n<\/tr>\n<tr>\n<td>Cantidad en 20FT<\/td>\n<td>200 unidades<\/td>\n<\/tr>\n<tr>\n<td>Cantidad en 40HC<\/td>\n<td>500 unidades<\/td>\n<\/tr>\n<\/tbody>\n<\/table>\n<h2>Ventajas del producto<\/h2>\n<p data-start=\"366\" data-end=\"701\" data-imt-p=\"1\" class=\"translation-block\"><strong data-start=\"366\" data-end=\"439\" data-imt-p=\"1\">Construcci\u00f3n de moldeo por inyecci\u00f3n + soldadura para durabilidad de uso repetido<\/strong><br data-start=\"439\" data-end=\"442\">Usamos <strong data-start=\"449\" data-end=\"480\">Moldeo por Inyecci\u00f3n + Soldadura<\/strong> para entregar una estructura r\u00edgida que resiste ciclos diarios de montacargas y apilamiento repetido. Esta construcci\u00f3n mejora la estabilidad a largo plazo, ayudando a reducir la rotura y frecuencia de reemplazo en almacenes de alta rotaci\u00f3n.<\/p>\n<p data-start=\"703\" data-end=\"1044\" data-imt-p=\"1\" class=\"translation-block\"><strong data-start=\"703\" data-end=\"760\" data-imt-p=\"1\">Capacidades de carga verificadas para POEs de manipulaci\u00f3n controlada<\/strong><br data-start=\"760\" data-end=\"763\">Con refuerzo, este pallet est\u00e1 clasificado a <strong data-start=\"807\" data-end=\"825\">6000 kg est\u00e1tica<\/strong>, <strong data-start=\"827\" data-end=\"846\">1500 kg din\u00e1mica<\/strong>, y <strong data-start=\"852\" data-end=\"880\">1000 kg de capacidad en racks<\/strong>. Estos n\u00fameros claros ayudan a su equipo a establecer l\u00edmites operativos seguros para almacenamiento, transporte y uso en racks\u2014reduciendo incidentes de carga y facilitando las aprobaciones de adquisici\u00f3n.<\/p>\n<p data-start=\"1379\" data-end=\"1707\" data-imt-p=\"1\" class=\"translation-block\"><strong data-start=\"1379\" data-end=\"1437\" data-imt-p=\"1\">Cubierta s\u00f3lida cerrada para operaciones higi\u00e9nicas y lavables<\/strong><br data-start=\"1437\" data-end=\"1440\">La <strong data-start=\"1444\" data-end=\"1458\">cubierta s\u00f3lida<\/strong> soporta manipulaci\u00f3n m\u00e1s limpia al prevenir que polvo y residuos caigan a trav\u00e9s. Es una opci\u00f3n pr\u00e1ctica para operaciones que requieren limpieza rutinaria e higiene controlada, ayudando a reducir el riesgo de contaminaci\u00f3n en cadenas de suministro reguladas o sensibles.<\/p>\n<p data-start=\"1709\" data-end=\"2012\" data-imt-p=\"1\" class=\"translation-block\"><strong data-start=\"1709\" data-end=\"1783\" data-imt-p=\"1\">Base de 3 largueros para apilamiento estable en suelo y flujo compatible con transportadores<\/strong><br data-start=\"1783\" data-end=\"1786\">Los <strong data-start=\"1790\" data-end=\"1803\">3 largueros<\/strong> mejoran la estabilidad en pisos y carriles de manipulaci\u00f3n comunes, mientras mantienen el pallet predecible para movimiento interno y preparaci\u00f3n. Su equipo se beneficia de un flujo de transporte m\u00e1s fluido y menos interrupciones de manipulaci\u00f3n.<\/p>\n<p data-start=\"2014\" data-end=\"2301\" data-imt-p=\"1\" class=\"translation-block\"><strong data-start=\"2014\" data-end=\"2072\" data-imt-p=\"1\">Entrada de 4 v\u00edas para eficiencia de montacargas y transpaletas<\/strong><br data-start=\"2072\" data-end=\"2075\">Dise\u00f1ado con <strong data-start=\"2089\" data-end=\"2104\">entrada de 4 v\u00edas<\/strong> para montacargas y transpaletas, los operadores pueden acceder desde cualquier lado. Esto reduce el tiempo de reposicionamiento en muelles, mejora la eficiencia en pasillos estrechos y facilita una carga y descarga m\u00e1s r\u00e1pida.<\/p>\n<p data-start=\"2303\" data-end=\"2564\" data-imt-p=\"1\" class=\"translation-block\"><strong data-start=\"2303\" data-end=\"2370\" data-imt-p=\"1\">Preparado para temperaturas en c\u00e1maras fr\u00edas y log\u00edstica de clima mixto<\/strong><br data-start=\"2370\" data-end=\"2373\">La temperatura de operaci\u00f3n es de <strong data-start=\"2398\" data-end=\"2415\">-40\u00b0C a 70\u00b0C<\/strong>, compatible con almacenamiento en fr\u00edo y entornos de almac\u00e9n est\u00e1ndar. Esto ayuda a mantener un rendimiento consistente a trav\u00e9s de cambios estacionales y rutas de exportaci\u00f3n.<\/p>\n<p data-start=\"2566\" data-end=\"2866\" data-imt-p=\"1\" class=\"translation-block\"><strong data-start=\"2566\" data-end=\"2637\" data-imt-p=\"1\">Personalizaci\u00f3n de color + logo para control de sitio y gesti\u00f3n de marca<\/strong><br data-start=\"2637\" data-end=\"2640\">Ofrecemos <strong data-start=\"2651\" data-end=\"2668\">colores personalizados<\/strong> (Azul, Negro, Naranja, Gris o personalizado) y opciones de <strong data-start=\"2712\" data-end=\"2729\">logo\/impresi\u00f3n<\/strong>. Esto mejora la identificaci\u00f3n de tarimas, reduce p\u00e9rdidas en sistemas compartidos y fortalece la visibilidad de marca en redes de distribuci\u00f3n.<\/p>\n<h2 data-start=\"2566\" data-end=\"2866\" data-imt-p=\"1\">Aplicaci\u00f3n<\/h2>\n<p data-start=\"2924\" data-end=\"2975\"><strong data-start=\"2924\" data-end=\"2973\" data-imt-p=\"1\">Almacenamiento en Cadena de Fr\u00edo y Sensible a Higiene<\/strong><\/p>\n<ul data-start=\"2976\" data-end=\"3197\">\n<li data-start=\"2976\" data-end=\"3023\">\n<p data-start=\"2978\" data-end=\"3023\" data-imt-p=\"1\">Almacenamiento en fr\u00edo de pesquer\u00edas \/ c\u00e1maras fr\u00edas de mariscos<\/p>\n<\/li>\n<li data-start=\"3024\" data-end=\"3197\">\n<p data-start=\"3026\" data-end=\"3197\" data-imt-p=\"1\">Almacenamiento y distribuci\u00f3n de alimentos, farmac\u00e9uticos y cosm\u00e9ticos<\/p>\n<\/li>\n<li data-start=\"3024\" data-end=\"3197\">\n<p data-start=\"3026\" data-end=\"3197\" data-imt-p=\"1\">Estas operaciones se benefician de una plataforma s\u00f3lida lavable y manejo estable en entornos con temperatura controlada.<\/p>\n<\/li>\n<\/ul>\n<p data-start=\"3199\" data-end=\"3249\"><strong data-start=\"3199\" data-end=\"3247\" data-imt-p=\"1\">Almacenes Automatizados y Almacenamiento en Estanter\u00edas<\/strong><\/p>\n<ul data-start=\"3250\" data-end=\"3463\">\n<li data-start=\"3250\" data-end=\"3463\">\n<p data-start=\"3252\" data-end=\"3463\" data-imt-p=\"1\">Almacenes verticales automatizados y sistemas de estanter\u00edas<\/p>\n<\/li>\n<li data-start=\"3250\" data-end=\"3463\">\n<p data-start=\"3252\" data-end=\"3463\" data-imt-p=\"1\" class=\"translation-block\">Utilizados donde las dimensiones consistentes (1200\u00d71000\u00d7150 mm) y la capacidad de estanter\u00eda confiable (1000 kg) respaldan un flujo de inventario estructurado y manejo predecible.<\/p>\n<\/li>\n<\/ul>\n<p data-start=\"3465\" data-end=\"3522\"><strong data-start=\"3465\" data-end=\"3520\" data-imt-p=\"1\">Qu\u00edmicos, Fertilizantes y Materiales Industriales a Granel<\/strong><\/p>\n<ul data-start=\"3523\" data-end=\"3740\">\n<li data-start=\"3523\" data-end=\"3559\">\n<p data-start=\"3525\" data-end=\"3559\" data-imt-p=\"1\">Productos qu\u00edmicos y fertilizantes<\/p>\n<\/li>\n<li data-start=\"3560\" data-end=\"3740\">\n<p data-start=\"3562\" data-end=\"3740\" data-imt-p=\"1\">Almid\u00f3n, cemento, sal, harina, arroz, granos, aceite comestible<\/p>\n<\/li>\n<li data-start=\"3560\" data-end=\"3740\">\n<p data-start=\"3562\" data-end=\"3740\" data-imt-p=\"1\">Ideal para mercanc\u00edas pesadas ensacadas donde las capacidades de carga y la estructura reforzada reducen la flexi\u00f3n de la tarima y mejoran la estabilidad de apilamiento.<\/p>\n<\/li>\n<\/ul>\n<p data-start=\"3742\" data-end=\"3798\"><strong data-start=\"3742\" data-end=\"3796\" data-imt-p=\"1\">Manufactura y Distribuci\u00f3n Industrial General<\/strong><\/p>\n<ul data-start=\"3799\" data-end=\"3933\">\n<li data-start=\"3799\" data-end=\"3829\">\n<p data-start=\"3801\" data-end=\"3829\" data-imt-p=\"1\">Log\u00edstica de piezas automotrices<\/p>\n<\/li>\n<li data-start=\"3830\" data-end=\"3933\">\n<p data-start=\"3832\" data-end=\"3933\" data-imt-p=\"1\">Industria textil<\/p>\n<\/li>\n<li data-start=\"3830\" data-end=\"3933\">\n<p data-start=\"3832\" data-end=\"3933\" data-imt-p=\"1\">Soporta circulaci\u00f3n interna de uso repetido con entrada r\u00e1pida de 4 v\u00edas y preparaci\u00f3n estable.<\/p>\n<\/li>\n<\/ul>","protected":false},"excerpt":{"rendered":"<p class=\"translation-block\">Como <strong data-start=\"15\" data-end=\"39\">fabricantes de pallets<\/strong> experimentados, suministramos Pallets de Pl\u00e1stico de 3 Largueros dise\u00f1ados para almacenamiento y aplicaciones de racks sensibles a la higiene. Construido por <strong data-start=\"152\" data-end=\"206\">fabricantes de pallets de pl\u00e1stico HDPE moldeados por inyecci\u00f3n<\/strong> usando moldeo por inyecci\u00f3n + soldadura, este pallet de 1200\u00d71000\u00d7150 mm ofrece rendimiento verificado: <strong data-start=\"302\" data-end=\"320\">6000 kg est\u00e1tica<\/strong>, <strong data-start=\"322\" data-end=\"341\">1500 kg din\u00e1mica<\/strong>, y capacidad de <strong data-start=\"347\" data-end=\"366\">1000 kg en racks<\/strong> (reforzado con 3 barras, 3.3 kg). Con una cubierta s\u00f3lida y entrada de 4 v\u00edas, soporta manejo m\u00e1s r\u00e1pido en cadena de fr\u00edo, alimentos y distribuci\u00f3n industrial. Respaldado por documentaci\u00f3n de <strong data-start=\"533\" data-end=\"597\">ISO 9001, SGS, ROHS, FDA, CE, REACH, UN, CTT EN-840 y GRS<\/strong>, los compradores nos eligen como <strong data-start=\"633\" data-end=\"668\">proveedores expertos de pallets de pl\u00e1stico<\/strong> y proveedores de procesamiento de pallets de pl\u00e1stico de alta calidad para especificaciones m\u00e1s claras y menor riesgo operacional.<\/p>","protected":false},"featured_media":15157,"comment_status":"open","ping_status":"closed","template":"","meta":{"_seopress_robots_primary_cat":"none","_seopress_titles_title":"3 Runner Plastic Pallets - China Plastic Pallet | 1210G1","_seopress_titles_desc":"1200x1000x150mm 3-runner plastic pallet, hygienic, welding baes, racking & export ready, ISPM 15 compliant. MOQ 300 pcs. Get quote now!","_seopress_robots_index":"","_angie_page":false},"product_brand":[],"product_cat":[85,83,84],"product_tag":[],"class_list":{"0":"post-15151","1":"product","2":"type-product","3":"status-publish","4":"has-post-thumbnail","6":"product_cat-3-skids-plastic-pallet","7":"product_cat-all-product","8":"product_cat-plastic-pallets","10":"first","11":"instock","12":"shipping-taxable","13":"product-type-simple"},"_links":{"self":[{"href":"https:\/\/cnplasticpallets.com\/es\/wp-json\/wp\/v2\/product\/15151","targetHints":{"allow":["GET"]}}],"collection":[{"href":"https:\/\/cnplasticpallets.com\/es\/wp-json\/wp\/v2\/product"}],"about":[{"href":"https:\/\/cnplasticpallets.com\/es\/wp-json\/wp\/v2\/types\/product"}],"replies":[{"embeddable":true,"href":"https:\/\/cnplasticpallets.com\/es\/wp-json\/wp\/v2\/comments?post=15151"}],"wp:featuredmedia":[{"embeddable":true,"href":"https:\/\/cnplasticpallets.com\/es\/wp-json\/wp\/v2\/media\/15157"}],"wp:attachment":[{"href":"https:\/\/cnplasticpallets.com\/es\/wp-json\/wp\/v2\/media?parent=15151"}],"wp:term":[{"taxonomy":"product_brand","embeddable":true,"href":"https:\/\/cnplasticpallets.com\/es\/wp-json\/wp\/v2\/product_brand?post=15151"},{"taxonomy":"product_cat","embeddable":true,"href":"https:\/\/cnplasticpallets.com\/es\/wp-json\/wp\/v2\/product_cat?post=15151"},{"taxonomy":"product_tag","embeddable":true,"href":"https:\/\/cnplasticpallets.com\/es\/wp-json\/wp\/v2\/product_tag?post=15151"}],"curies":[{"name":"wp","href":"https:\/\/api.w.org\/{rel}","templated":true}]}}