{"id":15072,"date":"2026-01-04T03:20:59","date_gmt":"2026-01-03T19:20:59","guid":{"rendered":"https:\/\/cnplasticpallets.com\/?post_type=product&#038;p=15072"},"modified":"2025-12-29T16:21:31","modified_gmt":"2025-12-29T08:21:31","slug":"battery-pallet-box","status":"publish","type":"product","link":"https:\/\/cnplasticpallets.com\/es\/product\/plastic-pallet-box\/collapsible-plastic-pallet-boxes\/battery-pallet-box\/","title":{"rendered":"Caja de Palets para Bater\u00edas"},"content":{"rendered":"<h2 data-start=\"813\" data-end=\"848\">Caracter\u00edsticas del producto<\/h2>\n<p class=\"translation-block\"><b>Dise\u00f1o Plegable<\/b><span style=\"font-weight: 400\">: Las paredes de cuatro lados se pliegan suavemente hacia adentro, ahorrando significativamente espacio durante el transporte y almacenamiento.<\/span><span style=\"font-weight: 400\"><br>\n<\/span><\/p>\n<p class=\"translation-block\"><b>Resistente al Agua y a la Corrosi\u00f3n<\/b><span style=\"font-weight: 400\">: Hecha de HDPE, con propiedades impermeables y resistentes a la corrosi\u00f3n, asegurando un almacenamiento seguro de las bater\u00edas en ambientes h\u00famedos y previniendo fugas.<\/span><span style=\"font-weight: 400\"><br>\n<\/span><\/p>\n<p class=\"translation-block\"><b>Resistente al Impacto<\/b><span style=\"font-weight: 400\">: Moldeo por inyecci\u00f3n en una sola pieza con ensamblaje, ideal para uso industrial pesado. No se desintegra bajo impactos de carretillas elevadoras o durante el transporte.<\/span><span style=\"font-weight: 400\"><br>\n<\/span><\/p>\n<p class=\"translation-block\"><b>Acceso F\u00e1cil a las Bater\u00edas<\/b><span style=\"font-weight: 400\">: Cuenta con aperturas en las puertas para un almacenamiento y recuperaci\u00f3n conveniente de las bater\u00edas, mejorando la eficiencia operativa en entornos ocupados.<\/span><span style=\"font-weight: 400\"><br>\n<\/span><\/p>\n<p class=\"translation-block\"><b>Cumplimiento de Normativas de Env\u00edo Internacional<\/b><span style=\"font-weight: 400\">: Funciona de manera confiable entre -40\u00b0C y 70\u00b0C, soportando fluctuaciones extremas de temperatura durante el transporte de larga distancia.<\/span><span style=\"font-weight: 400\"><br>\n<\/span><\/p>\n<p data-start=\"966\" data-end=\"987\" class=\"translation-block\"><b>Accesorios Modulares<\/b><span style=\"font-weight: 400\">: Personalizable con accesorios adicionales como tapas o ruedas, adapt\u00e1ndose a tus necesidades espec\u00edficas.<\/span><\/p>\n<h2 data-start=\"813\" data-end=\"848\">Especificaci\u00f3n del Producto<\/h2>\n<table dir=\"ltr\" border=\"1\" cellspacing=\"0\" cellpadding=\"0\" data-sheets-root=\"1\" data-sheets-baot=\"1\">\n<colgroup>\n<col width=\"181\" \/>\n<col width=\"373\" \/><\/colgroup>\n<tbody>\n<tr>\n<td>Materiales<\/td>\n<td>Polietileno de alta densidad (HDPE), Polipropileno (PP)<\/td>\n<\/tr>\n<tr>\n<td>Procesos<\/td>\n<td>Moldeo por Inyecci\u00f3n + Ensamblado<\/td>\n<\/tr>\n<tr>\n<td>Peso<\/td>\n<td>34kg<\/td>\n<\/tr>\n<tr>\n<td>Montacargas<\/td>\n<td>Entrada por 4 lados<\/td>\n<\/tr>\n<tr>\n<td>Transpaleta<\/td>\n<td>Entrada por 4 lados<\/td>\n<\/tr>\n<tr>\n<td>Temperatura de uso<\/td>\n<td>-40\u2103 a 70\u2103<\/td>\n<\/tr>\n<tr>\n<td>Posici\u00f3n de puertas<\/td>\n<td>Lados opuestos \u00d71 cada uno<\/td>\n<\/tr>\n<tr>\n<td>Apertura de puertas<\/td>\n<td>2 \/ 2<\/td>\n<\/tr>\n<tr>\n<td>Base<\/td>\n<td>3-Runner \/ 8 Feets<\/td>\n<\/tr>\n<tr>\n<td>Color<\/td>\n<td>Amarillo, Azul, Rojo, Verde, Negro, Blanco, Personalizado<\/td>\n<\/tr>\n<tr>\n<td>Logotipo \/ Impresi\u00f3n<\/td>\n<td>S\u00ed<\/td>\n<\/tr>\n<tr>\n<td>Accesorio<\/td>\n<td>Tapa<\/td>\n<\/tr>\n<tr>\n<td>Reutilizable<\/td>\n<td>S\u00ed<\/td>\n<\/tr>\n<tr>\n<td>Cantidad en 20FT<\/td>\n<td>112pcs<\/td>\n<\/tr>\n<tr>\n<td>Cantidad en 40HC<\/td>\n<td>240pcs<\/td>\n<\/tr>\n<\/tbody>\n<\/table>\n<h2>Available models<\/h2>\n<p data-start=\"813\" data-end=\"848\"><img fetchpriority=\"high\" decoding=\"async\" class=\"alignnone wp-image-15081 size-full\" src=\"https:\/\/cnplasticpallets.com\/wp-content\/uploads\/2025\/12\/Battery-Pallet-Box-6.png\" alt=\"caja de paleta de bater\u00eda\" width=\"800\" height=\"600\" srcset=\"https:\/\/cnplasticpallets.com\/wp-content\/uploads\/2025\/12\/Battery-Pallet-Box-6.png 800w, https:\/\/cnplasticpallets.com\/wp-content\/uploads\/2025\/12\/Battery-Pallet-Box-6-300x225.png 300w, https:\/\/cnplasticpallets.com\/wp-content\/uploads\/2025\/12\/Battery-Pallet-Box-6-768x576.png 768w, https:\/\/cnplasticpallets.com\/wp-content\/uploads\/2025\/12\/Battery-Pallet-Box-6-16x12.png 16w, https:\/\/cnplasticpallets.com\/wp-content\/uploads\/2025\/12\/Battery-Pallet-Box-6-600x450.png 600w\" sizes=\"(max-width: 800px) 100vw, 800px\" \/><\/p>\n<h2 data-start=\"813\" data-end=\"848\">Aplicaciones<\/h2>\n<p data-start=\"265\" data-end=\"309\"><strong>Dise\u00f1ado para Uso Industrial Pesado<\/strong><\/p>\n<p data-start=\"310\" data-end=\"548\" class=\"translation-block\">Hemos dise\u00f1ado esta caja de palet plegable para operaciones exigentes. Se utiliza ampliamente en <strong data-start=\"405\" data-end=\"484\">instalaciones de reciclaje, fabricantes de bater\u00edas y productores de piezas automotrices<\/strong> donde el peso, la seguridad y la eficiencia en el manejo son fundamentales todos los d\u00edas.<\/p>\n<p data-start=\"550\" data-end=\"591\"><strong>Recolecci\u00f3n de Bater\u00edas y Almacenamiento Seguro<\/strong><\/p>\n<p data-start=\"592\" data-end=\"870\" class=\"translation-block\">Nuestra caja de palet para bater\u00edas es ideal para <strong data-start=\"626\" data-end=\"696\">recolectar bater\u00edas usadas de plomo-\u00e1cido y bater\u00edas de veh\u00edculos el\u00e9ctricos<\/strong>. Tambi\u00e9n se usa para <strong data-start=\"718\" data-end=\"774\">almacenamiento temporal de bater\u00edas de plomo-\u00e1cido y de litio<\/strong>, ayudando a mantener los lotes organizados, contenidos y f\u00e1ciles de manejar durante el procesamiento o la inspecci\u00f3n.<\/p>\n<p data-start=\"872\" data-end=\"903\"><strong>Manejo de Piezas Automotrices<\/strong><\/p>\n<p data-start=\"904\" data-end=\"1111\" class=\"translation-block\">M\u00e1s all\u00e1 de las bater\u00edas, este contenedor plegable se usa com\u00fanmente para <strong data-start=\"957\" data-end=\"997\">almacenar y mover componentes automotrices<\/strong>. La estructura reforzada soporta partes pesadas, mientras que el dise\u00f1o cerrado ayuda a prevenir desplazamientos durante el manejo.<\/p>\n<p data-start=\"1113\" data-end=\"1162\"><strong>Transporte de Cortas Distancias Entre Instalaciones<\/strong><\/p>\n<p data-start=\"1163\" data-end=\"1406\" class=\"translation-block\">Utilizamos esta caja de palet plegable para <strong data-start=\"1190\" data-end=\"1218\">transportes de corta distancia<\/strong>, como el traslado de nuevas bater\u00edas de fabricantes a distribuidores locales o plantas de ensamblaje. El acceso de carretillas elevadoras y transpaletas desde todos los lados hace que las transferencias diarias sean m\u00e1s r\u00e1pidas y controladas.<\/p>\n<p data-start=\"1408\" data-end=\"1461\"><strong>Log\u00edstica de Larga Distancia y Optimizaci\u00f3n de Devoluciones<\/strong><\/p>\n<p data-start=\"1462\" data-end=\"1690\" class=\"translation-block\">Para ciclos de transporte m\u00e1s largos, el <strong data-start=\"1495\" data-end=\"1564\">dise\u00f1o plegable reduce el volumen de almacenamiento hasta en un 70% cuando est\u00e1 vac\u00edo<\/strong>. Esto ayuda a optimizar la log\u00edstica de devoluciones, reducir los costos de retorno y mejorar la utilizaci\u00f3n del espacio en los almacenes a lo largo de la cadena de suministro.<\/p>","protected":false},"excerpt":{"rendered":"<p class=\"translation-block\">En Enlightening Pallet entendemos la importancia del cumplimiento y la seguridad en el almacenamiento y transporte de bater\u00edas. Nuestra <strong data-start=\"157\" data-end=\"187\">Caja de Palet para Bater\u00edas de Pl\u00e1stico<\/strong> cumple con certificaciones internacionales como <strong data-start=\"228\" data-end=\"239\">ISO9001<\/strong>, garantizando el cumplimiento de los est\u00e1ndares globales de env\u00edo y evitando riesgos como multas o devoluciones. Fabricada en <strong data-start=\"353\" data-end=\"361\">HDPE<\/strong>, previene fugas y ofrece hasta <strong data-start=\"398\" data-end=\"422\">4 toneladas de capacidad de carga<\/strong> para uso industrial pesado, brindando excelente resistencia al impacto. Fiable en ambientes de alta humedad o temperaturas extremas, reduce el desperdicio de espacio y optimiza la log\u00edstica. Con a\u00f1os de experiencia, ofrecemos soluciones seguras y confiables para el almacenamiento de bater\u00edas a nivel mundial.<\/p>","protected":false},"featured_media":15077,"comment_status":"open","ping_status":"closed","template":"","meta":{"_seopress_robots_primary_cat":"none","_seopress_titles_title":"Battery Pallet Box - Collapsible Plastic Containers","_seopress_titles_desc":"Choose our Plastic Battery Pallet Box from a trusted Chinese manufacturer. Impact-resistant, perfect for the battery industry, suitable for both long and short-distance transport.","_seopress_robots_index":"","_angie_page":false},"product_brand":[],"product_cat":[83,96,81],"product_tag":[],"class_list":{"0":"post-15072","1":"product","2":"type-product","3":"status-publish","4":"has-post-thumbnail","6":"product_cat-all-product","7":"product_cat-collapsible-plastic-pallet-boxes","8":"product_cat-plastic-pallet-box","10":"first","11":"instock","12":"shipping-taxable","13":"product-type-simple"},"_links":{"self":[{"href":"https:\/\/cnplasticpallets.com\/es\/wp-json\/wp\/v2\/product\/15072","targetHints":{"allow":["GET"]}}],"collection":[{"href":"https:\/\/cnplasticpallets.com\/es\/wp-json\/wp\/v2\/product"}],"about":[{"href":"https:\/\/cnplasticpallets.com\/es\/wp-json\/wp\/v2\/types\/product"}],"replies":[{"embeddable":true,"href":"https:\/\/cnplasticpallets.com\/es\/wp-json\/wp\/v2\/comments?post=15072"}],"wp:featuredmedia":[{"embeddable":true,"href":"https:\/\/cnplasticpallets.com\/es\/wp-json\/wp\/v2\/media\/15077"}],"wp:attachment":[{"href":"https:\/\/cnplasticpallets.com\/es\/wp-json\/wp\/v2\/media?parent=15072"}],"wp:term":[{"taxonomy":"product_brand","embeddable":true,"href":"https:\/\/cnplasticpallets.com\/es\/wp-json\/wp\/v2\/product_brand?post=15072"},{"taxonomy":"product_cat","embeddable":true,"href":"https:\/\/cnplasticpallets.com\/es\/wp-json\/wp\/v2\/product_cat?post=15072"},{"taxonomy":"product_tag","embeddable":true,"href":"https:\/\/cnplasticpallets.com\/es\/wp-json\/wp\/v2\/product_tag?post=15072"}],"curies":[{"name":"wp","href":"https:\/\/api.w.org\/{rel}","templated":true}]}}