{"id":15038,"date":"2025-12-23T10:49:17","date_gmt":"2025-12-23T02:49:17","guid":{"rendered":"https:\/\/cnplasticpallets.com\/?post_type=product&#038;p=15038"},"modified":"2025-12-23T10:49:17","modified_gmt":"2025-12-23T02:49:17","slug":"bulk-container-with-casters","status":"publish","type":"product","link":"https:\/\/cnplasticpallets.com\/es\/product\/plastic-pallet-box\/rigid-plastic-pallet-boxes\/bulk-container-with-casters\/","title":{"rendered":"Contenedor a Granel con Ruedas"},"content":{"rendered":"<p data-start=\"0\" data-end=\"169\" class=\"translation-block\">El contenedor a granel con ruedas de <a href=\"https:\/\/cnplasticpallets.com\/es\/\" target=\"_self\">Enlightening Pallet<\/a> ayuda a tu equipo a mover cargas pesadas con menos esfuerzo y mayor control, haciendo que la manipulaci\u00f3n diaria sea m\u00e1s sencilla y segura.<\/p>\n<p data-start=\"171\" data-end=\"388\" class=\"translation-block\">Puedes elegir una configuraci\u00f3n pr\u00e1ctica de ruedas: <strong data-start=\"212\" data-end=\"268\">2 ruedas fijas y 2 ruedas giratorias con freno<\/strong>. Esto facilita mover el contenedor entre zonas de trabajo y fijarlo con seguridad durante la carga o el picking.<\/p>\n<p data-start=\"390\" data-end=\"653\" class=\"translation-block\">\u00bfNecesitas mayor protecci\u00f3n para la mercanc\u00eda? Cont\u00e1ctanos para a\u00f1adir una <strong data-start=\"448\" data-end=\"458\">tapa de PP<\/strong>. Ayuda a evitar da\u00f1os y mantiene los productos cubiertos durante el almacenamiento y el transporte interno. La tapa incluye adem\u00e1s un borde de apilado que permite hasta <strong data-start=\"600\" data-end=\"619\">5 niveles de apilado<\/strong> <strong data-start=\"620\" data-end=\"652\">cuando se retiran las ruedas<\/strong>.<\/p>\n<p data-start=\"655\" data-end=\"818\" data-is-last-node=\"\" data-is-only-node=\"\" class=\"translation-block\">Tambi\u00e9n est\u00e1 disponible la opci\u00f3n de <strong data-start=\"657\" data-end=\"680\">v\u00e1lvula de drenaje<\/strong>, lo que hace que esta <strong>caja palet de pl\u00e1stico<\/strong> sea adecuada para <strong data-start=\"742\" data-end=\"756\">cadena de fr\u00edo<\/strong> y otras aplicaciones donde se requiere un drenaje controlado.<\/p>\n<h2>Especificaciones del producto<\/h2>\n<table dir=\"ltr\" border=\"1\" cellspacing=\"0\" cellpadding=\"0\" data-sheets-root=\"1\" data-sheets-baot=\"1\">\n<colgroup>\n<col width=\"266\" \/>\n<col width=\"373\" \/><\/colgroup>\n<tbody>\n<tr>\n<td>Materiales<\/td>\n<td>Polietileno de alta densidad (HDPE), Polipropileno (PP)<\/td>\n<\/tr>\n<tr>\n<td>Dimensi\u00f3n del di\u00e1metro (mm) (medida exterior)<\/td>\n<td>1200\u00a0mm x 1000\u00a0mm x 760\u00a0mm, Personalizado<\/td>\n<\/tr>\n<tr>\n<td>Dimensi\u00f3n del di\u00e1metro interior (mm) (medida interior)<\/td>\n<td>1110mm x 910mm x 600mm, Personalizado<\/td>\n<\/tr>\n<tr>\n<td>Peso (KG)<\/td>\n<td>34 kg<\/td>\n<\/tr>\n<tr>\n<td>Carga din\u00e1mica<\/td>\n<td>1 T<\/td>\n<\/tr>\n<tr>\n<td>Carga est\u00e1tica<\/td>\n<td>4 T<\/td>\n<\/tr>\n<tr>\n<td>Capacidad de volumen<\/td>\n<td>606L<\/td>\n<\/tr>\n<tr>\n<td>Capas apiladas en est\u00e1tico<\/td>\n<td>5 capas<\/td>\n<\/tr>\n<tr>\n<td>Montacargas<\/td>\n<td>Entrada por 4 lados<\/td>\n<\/tr>\n<tr>\n<td>Transpaleta<\/td>\n<td>Entrada por 4 lados<\/td>\n<\/tr>\n<tr>\n<td>Temperatura de uso<\/td>\n<td>-40\u2103 a 70\u2103<\/td>\n<\/tr>\n<tr>\n<td>Base<\/td>\n<td>Base de 3 Patines<\/td>\n<\/tr>\n<tr>\n<td>Color<\/td>\n<td>Amarillo, Azul, Rojo, Verde, Negro, Blanco, Personalizado<\/td>\n<\/tr>\n<tr>\n<td>Logotipo \/ Impresi\u00f3n<\/td>\n<td>S\u00ed<\/td>\n<\/tr>\n<tr>\n<td>Accesorio<\/td>\n<td>Tapa<\/td>\n<\/tr>\n<tr>\n<td>Accesorio<\/td>\n<td>4 Ruedas A\u00f1adidas en la Parte Inferior<\/td>\n<\/tr>\n<tr>\n<td>Reutilizable<\/td>\n<td>S\u00ed<\/td>\n<\/tr>\n<tr>\n<td>Est\u00e1ndar de calidad<\/td>\n<td>\n<div>\n<div>ISO 9001, SGS, ROHS, FDA, CE, REACH, UN, CTT, EN-840, GRS<\/div>\n<\/div>\n<\/td>\n<\/tr>\n<tr>\n<td>Cantidad en 20FT<\/td>\n<td>42 unidades<\/td>\n<\/tr>\n<tr>\n<td>Cantidad en 40HC<\/td>\n<td>102 uds.<\/td>\n<\/tr>\n<\/tbody>\n<\/table>","protected":false},"excerpt":{"rendered":"<div class=\"flex flex-col text-sm pb-25\">\n<article class=\"text-token-text-primary w-full focus:outline-none [--shadow-height:45px] has-data-writing-block:pointer-events-none has-data-writing-block:-mt-(--shadow-height) has-data-writing-block:pt-(--shadow-height) [&amp;:has([data-writing-block])&gt;*]:pointer-events-auto scroll-mt-[calc(var(--header-height)+min(200px,max(70px,20svh)))]\" dir=\"auto\" tabindex=\"-1\" data-turn-id=\"23aeddb7-def1-4ef2-85dc-efd17b88bd65\" data-testid=\"conversation-turn-2\" data-scroll-anchor=\"true\" data-turn=\"assistant\">\n<div class=\"text-base my-auto mx-auto pb-10 [--thread-content-margin:--spacing(4)] @w-sm\/main:[--thread-content-margin:--spacing(6)] @w-lg\/main:[--thread-content-margin:--spacing(16)] px-(--thread-content-margin)\">\n<div class=\"[--thread-content-max-width:40rem] @w-lg\/main:[--thread-content-max-width:48rem] mx-auto max-w-(--thread-content-max-width) flex-1 group\/turn-messages focus-visible:outline-hidden relative flex w-full min-w-0 flex-col agent-turn\" tabindex=\"-1\">\n<div class=\"flex max-w-full flex-col grow\">\n<div class=\"min-h-8 text-message relative flex w-full flex-col items-end gap-2 text-start break-words whitespace-normal [.text-message+&amp;]:mt-1\" dir=\"auto\" data-message-author-role=\"assistant\" data-message-id=\"acc91ea5-3e26-4b3b-9aed-268ca1778694\" data-message-model-slug=\"gpt-5-2-thinking\">\n<div class=\"flex w-full flex-col gap-1 empty:hidden first:pt-[1px]\">\n<div class=\"markdown prose dark:prose-invert w-full break-words light markdown-new-styling\">\n<div class=\"text-base my-auto mx-auto pb-10 [--thread-content-margin:--spacing(4)] @w-sm\/main:[--thread-content-margin:--spacing(6)] @w-lg\/main:[--thread-content-margin:--spacing(16)] px-(--thread-content-margin)\">\n<div class=\"[--thread-content-max-width:40rem] @w-lg\/main:[--thread-content-max-width:48rem] mx-auto max-w-(--thread-content-max-width) flex-1 group\/turn-messages focus-visible:outline-hidden relative flex w-full min-w-0 flex-col agent-turn\" tabindex=\"-1\">\n<div class=\"flex max-w-full flex-col grow\">\n<div class=\"min-h-8 text-message relative flex w-full flex-col items-end gap-2 text-start break-words whitespace-normal [.text-message+&amp;]:mt-1\" dir=\"auto\" data-message-author-role=\"assistant\" data-message-id=\"2ad7e4dd-2ec9-451e-9548-a173e35a9f38\" data-message-model-slug=\"gpt-5-2-thinking\">\n<div class=\"flex w-full flex-col gap-1 empty:hidden first:pt-[1px]\">\n<div class=\"markdown prose dark:prose-invert w-full break-words light markdown-new-styling\">\n<p data-start=\"0\" data-end=\"406\" data-is-last-node=\"\" data-is-only-node=\"\">Sized <strong data-start=\"6\" data-end=\"40\">47.24&#8243; L \u00d7 39.37&#8243; W \u00d7 29.92&#8243; H<\/strong>, this solid, heavy-duty bulk container can be fitted with <strong data-start=\"99\" data-end=\"112\">4 casters<\/strong> when mobility is needed. Its rugged structure suits <strong data-start=\"165\" data-end=\"247\">automotive parts, scrap recycling, warehousing, logistics, and parcel handling<\/strong>. With a built-in <strong data-start=\"265\" data-end=\"282\">3-runner base<\/strong>, <strong data-start=\"284\" data-end=\"336\">our container is 4-way forklift-ready by default<\/strong>, eliminating the hassle of extra runner customization on either side.<\/p>\n<\/div>\n<\/div>\n<\/div>\n<\/div>\n<\/div>\n<\/div>\n<\/div>\n<\/div>\n<\/div>\n<\/div>\n<\/div>\n<\/div>\n<\/article>\n<\/div>\n","protected":false},"featured_media":15042,"comment_status":"open","ping_status":"closed","template":"","meta":{"_seopress_robots_primary_cat":"none","_seopress_titles_title":"Bulk Container with Casters - Mobile Bulk Containers","_seopress_titles_desc":"Boost efficiency with rugged bulk containers on casters\u2014move products easier, faster, and more organized across your facility.","_seopress_robots_index":"","_angie_page":false},"product_brand":[],"product_cat":[83,81,95],"product_tag":[],"class_list":{"0":"post-15038","1":"product","2":"type-product","3":"status-publish","4":"has-post-thumbnail","6":"product_cat-all-product","7":"product_cat-plastic-pallet-box","8":"product_cat-rigid-plastic-pallet-boxes","10":"first","11":"instock","12":"shipping-taxable","13":"product-type-simple"},"_links":{"self":[{"href":"https:\/\/cnplasticpallets.com\/es\/wp-json\/wp\/v2\/product\/15038","targetHints":{"allow":["GET"]}}],"collection":[{"href":"https:\/\/cnplasticpallets.com\/es\/wp-json\/wp\/v2\/product"}],"about":[{"href":"https:\/\/cnplasticpallets.com\/es\/wp-json\/wp\/v2\/types\/product"}],"replies":[{"embeddable":true,"href":"https:\/\/cnplasticpallets.com\/es\/wp-json\/wp\/v2\/comments?post=15038"}],"wp:featuredmedia":[{"embeddable":true,"href":"https:\/\/cnplasticpallets.com\/es\/wp-json\/wp\/v2\/media\/15042"}],"wp:attachment":[{"href":"https:\/\/cnplasticpallets.com\/es\/wp-json\/wp\/v2\/media?parent=15038"}],"wp:term":[{"taxonomy":"product_brand","embeddable":true,"href":"https:\/\/cnplasticpallets.com\/es\/wp-json\/wp\/v2\/product_brand?post=15038"},{"taxonomy":"product_cat","embeddable":true,"href":"https:\/\/cnplasticpallets.com\/es\/wp-json\/wp\/v2\/product_cat?post=15038"},{"taxonomy":"product_tag","embeddable":true,"href":"https:\/\/cnplasticpallets.com\/es\/wp-json\/wp\/v2\/product_tag?post=15038"}],"curies":[{"name":"wp","href":"https:\/\/api.w.org\/{rel}","templated":true}]}}