{"id":15013,"date":"2025-12-22T15:33:40","date_gmt":"2025-12-22T07:33:40","guid":{"rendered":"https:\/\/cnplasticpallets.com\/?post_type=product&#038;p=15013"},"modified":"2025-12-22T15:33:40","modified_gmt":"2025-12-22T07:33:40","slug":"plastic-pallet-box-on-wheels","status":"publish","type":"product","link":"https:\/\/cnplasticpallets.com\/es\/product\/plastic-pallet-box\/collapsible-plastic-pallet-boxes\/plastic-pallet-box-on-wheels\/","title":{"rendered":"Caja Palet de Pl\u00e1stico con Ruedas"},"content":{"rendered":"<h2>Caracter\u00edsticas del producto<\/h2>\n<ul>\n<li style=\"font-weight: 400;\" aria-level=\"1\" class=\"translation-block\"><span style=\"font-weight: 400\">Construcci\u00f3n de alta resistencia en <strong>HDPE\/PP<\/strong><\/span><\/li>\n<li style=\"font-weight: 400;\" aria-level=\"1\" class=\"translation-block\"><span style=\"font-weight: 400\">Entrada <strong>en 4 direcciones<\/strong> para <strong>carretilla elevadora<\/strong><\/span><\/li>\n<li style=\"font-weight: 400;\" aria-level=\"1\" class=\"translation-block\"><span style=\"font-weight: 400\">Entrada <strong>en 4 direcciones<\/strong> para <strong>transpaleta<\/strong><\/span><\/li>\n<li style=\"font-weight: 400;\" aria-level=\"1\" class=\"translation-block\"><span style=\"font-weight: 400\">Opcional: <strong>4 ruedas<\/strong> montadas en la base<\/span><\/li>\n<li style=\"font-weight: 400;\" aria-level=\"1\" class=\"translation-block\"><span style=\"font-weight: 400\"><strong>Refuerzo de base en X<\/strong> para reducir la flexi\u00f3n bajo carga<\/span><\/li>\n<li style=\"font-weight: 400;\" aria-level=\"1\" class=\"translation-block\"><span style=\"font-weight: 400\">Perfil plegado bajo (<strong>380 mm<\/strong>) para mayor eficiencia en retornos<\/span><\/li>\n<li style=\"font-weight: 400;\" aria-level=\"1\" class=\"translation-block\"><span style=\"font-weight: 400\"><strong>Dise\u00f1o plegable<\/strong> para transporte de retorno<\/span><\/li>\n<li style=\"font-weight: 400;\" aria-level=\"1\" class=\"translation-block\"><span style=\"font-weight: 400\"><strong>Cierres de bloqueo<\/strong> seguros para plegado\/desplegado r\u00e1pido<\/span><\/li>\n<li style=\"font-weight: 400;\" aria-level=\"1\" class=\"translation-block\"><span style=\"font-weight: 400\"><strong>4 puertas de acceso<\/strong> para picking r\u00e1pido<\/span><\/li>\n<li style=\"font-weight: 400;\" aria-level=\"1\" class=\"translation-block\"><span style=\"font-weight: 400\"><strong>Paredes laterales con nervaduras reforzadas<\/strong> para mayor rigidez y resistencia a perforaciones<\/span><\/li>\n<li style=\"font-weight: 400;\" aria-level=\"1\" class=\"translation-block\"><span style=\"font-weight: 400\"><strong>Bloques de esquina con protecci\u00f3n contra impactos<\/strong> para resistir da\u00f1os de manipulaci\u00f3n<\/span><\/li>\n<li style=\"font-weight: 400;\" aria-level=\"1\" class=\"translation-block\"><span style=\"font-weight: 400\">Accesorio de <strong>tapa apilable<\/strong> disponible, <\/span><span style=\"font-weight: 400\">apilable hasta <strong>5 niveles<\/strong><\/span><\/li>\n<\/ul>\n<h2>Especificaci\u00f3n del Producto<\/h2>\n<table dir=\"ltr\" border=\"1\" cellspacing=\"0\" cellpadding=\"0\" data-sheets-root=\"1\" data-sheets-baot=\"1\">\n<colgroup>\n<col width=\"266\" \/>\n<col width=\"373\" \/>\n<col width=\"373\" \/><\/colgroup>\n<tbody>\n<tr>\n<td>Par\u00e1metro<\/td>\n<td>Model A<\/td>\n<td>Model B<\/td>\n<\/tr>\n<tr>\n<td>Materiales<\/td>\n<td>HDPE, PP<\/td>\n<td>HDPE, PP<\/td>\n<\/tr>\n<tr>\n<td>Dimensi\u00f3n del di\u00e1metro (mm) (medida exterior)<\/td>\n<td>1200\u00d71000\u00d7975<\/td>\n<td>1200\u00d71000\u00d71050<\/td>\n<\/tr>\n<tr>\n<td>Dimensi\u00f3n del di\u00e1metro interior (mm) (medida interior)<\/td>\n<td>1120\u00d7920\u00d7800<\/td>\n<td>1120\u00d7920\u00d7870<\/td>\n<\/tr>\n<tr>\n<td>Altura plegada (mm)<\/td>\n<td>380<\/td>\n<td>380<\/td>\n<\/tr>\n<tr>\n<td>Peso (KG)<\/td>\n<td>70KG<\/td>\n<td>70KG<\/td>\n<\/tr>\n<tr>\n<td>Dimensiones exteriores con tapa (mm)<\/td>\n<td>1200\u00d71000\u00d7430<\/td>\n<td>1200\u00d71000\u00d7430<\/td>\n<\/tr>\n<tr>\n<td>Carga din\u00e1mica<\/td>\n<td>1T<\/td>\n<td>1T<\/td>\n<\/tr>\n<tr>\n<td>Carga est\u00e1tica<\/td>\n<td>5T<\/td>\n<td>5T<\/td>\n<\/tr>\n<tr>\n<td>Montacargas<\/td>\n<td>Entrada por 4 lados<\/td>\n<td>Entrada por 4 lados<\/td>\n<\/tr>\n<tr>\n<td>Transpaleta<\/td>\n<td>Entrada por 4 lados<\/td>\n<td>Entrada por 4 lados<\/td>\n<\/tr>\n<tr>\n<td>Temperatura de uso<\/td>\n<td>-40\u2103 a 70\u2103<\/td>\n<td>-40\u2103 a 70\u2103<\/td>\n<\/tr>\n<tr>\n<td>Puerta de acceso<\/td>\n<td>4<\/td>\n<td>4<\/td>\n<\/tr>\n<tr>\n<td>Base<\/td>\n<td>Base con 2 patines<\/td>\n<td>Base con 2 patines<\/td>\n<\/tr>\n<tr>\n<td>Color<\/td>\n<td>Amarillo, Azul, Rojo, Verde, Negro, Blanco, Personalizado<\/td>\n<td>Amarillo, Azul, Rojo, Verde, Negro, Blanco, Personalizado<\/td>\n<\/tr>\n<tr>\n<td>Logotipo \/ Impresi\u00f3n<\/td>\n<td>S\u00ed<\/td>\n<td>S\u00ed<\/td>\n<\/tr>\n<tr>\n<td>Accesorio<\/td>\n<td>Tapa<\/td>\n<td>Tapa<\/td>\n<\/tr>\n<tr>\n<td>Accesorio<\/td>\n<td>4 Ruedas A\u00f1adidas en la Parte Inferior<\/td>\n<td>4 Ruedas A\u00f1adidas en la Parte Inferior<\/td>\n<\/tr>\n<tr>\n<td>Reutilizable<\/td>\n<td>S\u00ed<\/td>\n<td>S\u00ed<\/td>\n<\/tr>\n<tr>\n<td>Est\u00e1ndar de calidad<\/td>\n<td>ISO 9001, SGS, ROHS, FDA, CE, REACH, UN, CTT, EN-840, GRS<\/td>\n<td>ISO 9001, SGS, ROHS, FDA, CE, REACH, UN, CTT, EN-840, GRS<\/td>\n<\/tr>\n<\/tbody>\n<\/table>\n<h2>Opciones de personalizaci\u00f3n<\/h2>\n<ol>\n<li class=\"translation-block\">Disponibles <strong>colores<\/strong> personalizados e impresi\u00f3n de <strong>logotipo<\/strong><\/li>\n<li class=\"translation-block\">La disposici\u00f3n de puertas puede ajustarse (<strong>2 puertas opuestas<\/strong> o <strong>2 puertas adyacentes<\/strong>)<\/li>\n<li class=\"translation-block\">Disponibles <strong>cajas palet plegables sin ruedas<\/strong><\/li>\n<li class=\"translation-block\">Otros tama\u00f1os disponibles para adaptarse a tu <strong>huella<\/strong> y <strong>flujo de trabajo<\/strong><\/li>\n<li class=\"translation-block\">Se puede a\u00f1adir <strong>refuerzo con tubos de acero<\/strong> o <strong>nervaduras m\u00e1s gruesas<\/strong> para mayor rigidez<\/li>\n<li class=\"translation-block\">Aditivos disponibles: <strong>resistente a UV, anticongelante, resistente a qu\u00edmicos, retardante de llama<\/strong><\/li>\n<li class=\"translation-block\">Identificaci\u00f3n opcional <strong>c\u00f3digo de barras<\/strong> \/ <strong>c\u00f3digo QR<\/strong> \/ <strong>RFID<\/strong> para trazabilidad<\/li>\n<\/ol>\n<h2><img fetchpriority=\"high\" decoding=\"async\" class=\"alignnone wp-image-15022 size-large\" src=\"https:\/\/cnplasticpallets.com\/wp-content\/uploads\/2025\/12\/Plastic-Pallet-Box-on-Wheels-6-1024x554.jpg\" alt=\"caja palet de pl\u00e1stico con ruedas\" width=\"800\" height=\"433\" srcset=\"https:\/\/cnplasticpallets.com\/wp-content\/uploads\/2025\/12\/Plastic-Pallet-Box-on-Wheels-6-1024x554.jpg 1024w, https:\/\/cnplasticpallets.com\/wp-content\/uploads\/2025\/12\/Plastic-Pallet-Box-on-Wheels-6-300x162.jpg 300w, https:\/\/cnplasticpallets.com\/wp-content\/uploads\/2025\/12\/Plastic-Pallet-Box-on-Wheels-6-768x415.jpg 768w, https:\/\/cnplasticpallets.com\/wp-content\/uploads\/2025\/12\/Plastic-Pallet-Box-on-Wheels-6-1536x830.jpg 1536w, https:\/\/cnplasticpallets.com\/wp-content\/uploads\/2025\/12\/Plastic-Pallet-Box-on-Wheels-6-2048x1107.jpg 2048w, https:\/\/cnplasticpallets.com\/wp-content\/uploads\/2025\/12\/Plastic-Pallet-Box-on-Wheels-6-18x10.jpg 18w, https:\/\/cnplasticpallets.com\/wp-content\/uploads\/2025\/12\/Plastic-Pallet-Box-on-Wheels-6-600x324.jpg 600w\" sizes=\"(max-width: 800px) 100vw, 800px\" \/><\/h2>","protected":false},"excerpt":{"rendered":"<p class=\"translation-block\">Estas <strong>cajas palet de pl\u00e1stico con ruedas y tapa<\/strong> est\u00e1n dise\u00f1adas para operaciones que requieren acceso frecuente; ideales para <strong>log\u00edstica<\/strong>, <strong>electr\u00f3nica<\/strong> y <strong>manejo de componentes automotrices<\/strong>.<\/p>\n<p class=\"translation-block\">Los <strong>4<\/strong> paneles laterales se pliegan con suavidad, reduciendo la altura plegada a aproximadamente <strong>1\/3<\/strong> del tama\u00f1o total, lo que optimiza notablemente los retornos y el almacenamiento.<\/p>\n<p class=\"translation-block\">Priorizamos la inversi\u00f3n a largo plazo: tras casi <strong>1.000<\/strong> ciclos de plegado en pruebas de f\u00e1brica, estos contenedores a granel mantienen una estabilidad s\u00f3lida y un bloqueo fiable. \u00a1Contacta ahora con nuestro equipo para soluciones de suministro a granel!<\/p>","protected":false},"featured_media":15016,"comment_status":"open","ping_status":"closed","template":"","meta":{"_seopress_robots_primary_cat":"none","_seopress_titles_title":"Plastic Pallet Box on Wheels & Industrial Plastic Containers","_seopress_titles_desc":"Collapsible bulk pallet boxes on wheels, available in two sizes, 4-way forklift entry, heavy-duty for industry use. MOQ 50 pcs\u2014request a fast quote now!","_seopress_robots_index":"","_angie_page":false},"product_brand":[],"product_cat":[83,96,81],"product_tag":[],"class_list":{"0":"post-15013","1":"product","2":"type-product","3":"status-publish","4":"has-post-thumbnail","6":"product_cat-all-product","7":"product_cat-collapsible-plastic-pallet-boxes","8":"product_cat-plastic-pallet-box","10":"first","11":"instock","12":"shipping-taxable","13":"product-type-simple"},"_links":{"self":[{"href":"https:\/\/cnplasticpallets.com\/es\/wp-json\/wp\/v2\/product\/15013","targetHints":{"allow":["GET"]}}],"collection":[{"href":"https:\/\/cnplasticpallets.com\/es\/wp-json\/wp\/v2\/product"}],"about":[{"href":"https:\/\/cnplasticpallets.com\/es\/wp-json\/wp\/v2\/types\/product"}],"replies":[{"embeddable":true,"href":"https:\/\/cnplasticpallets.com\/es\/wp-json\/wp\/v2\/comments?post=15013"}],"wp:featuredmedia":[{"embeddable":true,"href":"https:\/\/cnplasticpallets.com\/es\/wp-json\/wp\/v2\/media\/15016"}],"wp:attachment":[{"href":"https:\/\/cnplasticpallets.com\/es\/wp-json\/wp\/v2\/media?parent=15013"}],"wp:term":[{"taxonomy":"product_brand","embeddable":true,"href":"https:\/\/cnplasticpallets.com\/es\/wp-json\/wp\/v2\/product_brand?post=15013"},{"taxonomy":"product_cat","embeddable":true,"href":"https:\/\/cnplasticpallets.com\/es\/wp-json\/wp\/v2\/product_cat?post=15013"},{"taxonomy":"product_tag","embeddable":true,"href":"https:\/\/cnplasticpallets.com\/es\/wp-json\/wp\/v2\/product_tag?post=15013"}],"curies":[{"name":"wp","href":"https:\/\/api.w.org\/{rel}","templated":true}]}}