{"id":14998,"date":"2025-12-17T13:45:47","date_gmt":"2025-12-17T05:45:47","guid":{"rendered":"https:\/\/cnplasticpallets.com\/?post_type=product&#038;p=14998"},"modified":"2025-12-17T13:48:50","modified_gmt":"2025-12-17T05:48:50","slug":"industrial-plastic-pallets","status":"publish","type":"product","link":"https:\/\/cnplasticpallets.com\/es\/product\/plastic-pallets\/heavy-duty-plastic-pallet\/industrial-plastic-pallets\/","title":{"rendered":"Palets Pl\u00e1sticos Industriales"},"content":{"rendered":"<p class=\"translation-block\"><span style=\"font-weight: 400\">Todos sabemos que los palets pl\u00e1sticos industriales son un componente clave de las cadenas de suministro industriales modernas. En Enlightening Pallet, nuestros <\/span><a href=\"https:\/\/cnplasticpallets.com\/es\/product-category\/plastic-pallets\/\" target=\"_self\"> <b>palets pl\u00e1sticos<\/b><\/a><span style=\"font-weight: 400\"> ofrecen una durabilidad y capacidad de carga superiores en comparaci\u00f3n con otros materiales, permitiendo un rendimiento confiable en los entornos m\u00e1s duros y de alta rotaci\u00f3n, asegurando una vida \u00fatil m\u00e1s larga.<\/span><\/p>\n<p class=\"translation-block\"><span style=\"font-weight: 400\">Adem\u00e1s de sus capacidades b\u00e1sicas de apilamiento en m\u00faltiples capas y almacenamiento estable, tambi\u00e9n ofrecemos<\/span><a href=\"https:\/\/cnplasticpallets.com\/es\/product\/plastic-pallets\/heavy-duty-plastic-pallet\/hdpe-nestable-pallet\/\" target=\"_self\"> <span style=\"font-weight: 400\">palets pl\u00e1sticos apilables de alta resistencia<\/span><\/a><span style=\"font-weight: 400\"> y <\/span><a href=\"https:\/\/cnplasticpallets.com\/es\/product\/plastic-pallets\/heavy-duty-plastic-pallet\/1100-x-1000-mm-bulk-bag-pallet-nestable\/\" target=\"_self\"> <span style=\"font-weight: 400\">palets para sacos a granel<\/span><\/a><span style=\"font-weight: 400\">. Estos palets no solo <\/span><b>optimizan tu espacio de almacenamiento<\/b><span style=\"font-weight: 400\"> sino que tambi\u00e9n <\/span><b>reduzcan el espacio de transporte hasta un 70% en el viaje de retorno<\/b><span style=\"font-weight: 400\">, reduciendo significativamente los costos log\u00edsticos. Adem\u00e1s, nuestros <\/span><b>modelos apilables<\/b><span style=\"font-weight: 400\"> pueden <\/span><b>apilar hasta 40 palets vac\u00edos<\/b><span style=\"font-weight: 400\"> dentro de tu instalaci\u00f3n, mejorando a\u00fan m\u00e1s la <\/span><b>eficiencia de almacenamiento<\/b><span style=\"font-weight: 400\">.<\/span><\/p>\n<p><span style=\"font-weight: 400;\">Nuestros palets pl\u00e1sticos industriales de alta resistencia tienen las siguientes otras ventajas destacadas:<\/span><\/p>\n<ul>\n<li style=\"font-weight: 400;\" aria-level=\"1\" class=\"translation-block\"><b>Resistencia a la corrosi\u00f3n, aceite y solventes<\/b><span style=\"font-weight: 400\">: Ideales para industrias como la qu\u00edmica y la alimentaria, asegurando que tus productos permanezcan sin contaminar durante el tr\u00e1nsito.<\/span><\/li>\n<li style=\"font-weight: 400;\" aria-level=\"1\" class=\"translation-block\"><b>Apilamiento en m\u00faltiples capas y rendimiento estable en estanter\u00edas<\/b><span style=\"font-weight: 400\">: Soporta apilamiento en m\u00faltiples capas, ahorrando espacio en almacenes y asegurando que los productos se almacenen de forma segura, ideal para la gesti\u00f3n de almacenes de alta intensidad. <\/span><b>Los modelos apilables pueden acomodar de 5 a 8 capas de productos<\/b><span style=\"font-weight: 400\">, lo que los hace altamente eficientes para almacenamiento.<\/span><\/li>\n<li style=\"font-weight: 400;\" aria-level=\"1\" class=\"translation-block\"><b>Compatibilidad con entrada en 4 direcciones<\/b><span style=\"font-weight: 400\">: Soporta operaciones con carretillas elevadoras y transpaletas, adaptable a diversos entornos industriales, asegurando un manejo eficiente.<\/span><\/li>\n<li style=\"font-weight: 400;\" aria-level=\"1\" class=\"translation-block\"><b>Especificaciones personalizadas para automatizaci\u00f3n<\/b><span style=\"font-weight: 400\">: Dise\u00f1ados para sistemas de automatizaci\u00f3n industrial, perfectamente compatibles con equipos automatizados.<\/span><\/li>\n<li style=\"font-weight: 400;\" aria-level=\"1\" class=\"translation-block\"><b>Dise\u00f1o seguro<\/b><span style=\"font-weight: 400\">: A diferencia de los palets de madera, nuestros palets pl\u00e1sticos industriales est\u00e1n libres de clavos y astillas, y el dise\u00f1o de esquinas redondeadas reduce significativamente el riesgo de lesiones en los empleados, mejorando la seguridad en la f\u00e1brica.<\/span><\/li>\n<\/ul>\n<p><span style=\"font-weight: 400;\">Al elegir nuestros palets industriales, recibir\u00e1s una soluci\u00f3n log\u00edstica eficiente, confiable y segura, asegurando que tus productos se entreguen de forma segura y puntual, logrando una gesti\u00f3n eficiente de la cadena de suministro.<\/span><\/p>\n<p><img fetchpriority=\"high\" decoding=\"async\" class=\"alignnone size-medium wp-image-15001\" src=\"https:\/\/cnplasticpallets.com\/wp-content\/uploads\/2025\/12\/industrial-plastic-pallet-1-300x225.jpg\" alt=\"paletas de pl\u00e1stico industriales\" width=\"300\" height=\"225\" srcset=\"https:\/\/cnplasticpallets.com\/wp-content\/uploads\/2025\/12\/industrial-plastic-pallet-1-300x225.jpg 300w, https:\/\/cnplasticpallets.com\/wp-content\/uploads\/2025\/12\/industrial-plastic-pallet-1-768x576.jpg 768w, https:\/\/cnplasticpallets.com\/wp-content\/uploads\/2025\/12\/industrial-plastic-pallet-1-16x12.jpg 16w, https:\/\/cnplasticpallets.com\/wp-content\/uploads\/2025\/12\/industrial-plastic-pallet-1-600x450.jpg 600w, https:\/\/cnplasticpallets.com\/wp-content\/uploads\/2025\/12\/industrial-plastic-pallet-1.jpg 800w\" sizes=\"(max-width: 300px) 100vw, 300px\" \/> <img decoding=\"async\" class=\"alignnone size-medium wp-image-15002\" src=\"https:\/\/cnplasticpallets.com\/wp-content\/uploads\/2025\/12\/industrial-plastic-pallet-2-300x225.jpg\" alt=\"paletas de pl\u00e1stico industriales\" width=\"300\" height=\"225\" srcset=\"https:\/\/cnplasticpallets.com\/wp-content\/uploads\/2025\/12\/industrial-plastic-pallet-2-300x225.jpg 300w, https:\/\/cnplasticpallets.com\/wp-content\/uploads\/2025\/12\/industrial-plastic-pallet-2-768x576.jpg 768w, https:\/\/cnplasticpallets.com\/wp-content\/uploads\/2025\/12\/industrial-plastic-pallet-2-16x12.jpg 16w, https:\/\/cnplasticpallets.com\/wp-content\/uploads\/2025\/12\/industrial-plastic-pallet-2-600x450.jpg 600w, https:\/\/cnplasticpallets.com\/wp-content\/uploads\/2025\/12\/industrial-plastic-pallet-2.jpg 800w\" sizes=\"(max-width: 300px) 100vw, 300px\" \/> <img decoding=\"async\" class=\"alignnone size-medium wp-image-15008\" src=\"https:\/\/cnplasticpallets.com\/wp-content\/uploads\/2025\/12\/Industrial-Plastic-Pallets-300x225.jpg\" alt=\"paletas de pl\u00e1stico industriales\" width=\"300\" height=\"225\" srcset=\"https:\/\/cnplasticpallets.com\/wp-content\/uploads\/2025\/12\/Industrial-Plastic-Pallets-300x225.jpg 300w, https:\/\/cnplasticpallets.com\/wp-content\/uploads\/2025\/12\/Industrial-Plastic-Pallets-768x576.jpg 768w, https:\/\/cnplasticpallets.com\/wp-content\/uploads\/2025\/12\/Industrial-Plastic-Pallets-16x12.jpg 16w, https:\/\/cnplasticpallets.com\/wp-content\/uploads\/2025\/12\/Industrial-Plastic-Pallets-600x450.jpg 600w, https:\/\/cnplasticpallets.com\/wp-content\/uploads\/2025\/12\/Industrial-Plastic-Pallets.jpg 800w\" sizes=\"(max-width: 300px) 100vw, 300px\" \/><\/p>\n<h2>Especificaciones del producto<\/h2>\n<table dir=\"ltr\" border=\"1\" cellspacing=\"0\" cellpadding=\"0\" data-sheets-root=\"1\" data-sheets-baot=\"1\">\n<colgroup>\n<col width=\"160\" \/>\n<col width=\"365\" \/><\/colgroup>\n<tbody>\n<tr>\n<td>Materiales<\/td>\n<td>Polietileno de Alta Densidad (HDPE), PP<\/td>\n<\/tr>\n<tr>\n<td>Dimensiones (L\u00d7A\u00d7H mm)<\/td>\n<td>1200 mm \u00d7 800 mm;<br \/>\n1200 mm \u00d7 1000 mm;<br \/>\n1219mm \u00d7 1016 mm;<br \/>\n1100mm \u00d7 1100mm;<br \/>\n<strong>Personalizable<\/strong><\/td>\n<\/tr>\n<tr>\n<td>Barras de Refuerzo<\/td>\n<td>3 Barras o M\u00e1s<\/td>\n<\/tr>\n<tr>\n<td>Procesos<\/td>\n<td>Moldeo por Inyecci\u00f3n \/ Moldeo por Soplado \/ Rotomoldeo \/ Fundici\u00f3n a presi\u00f3n<\/td>\n<\/tr>\n<tr>\n<td>Base<\/td>\n<td>3 Rieles \/ 6 Rieles \/ 9 Patas \/ Doble Plataforma<\/td>\n<\/tr>\n<tr>\n<td>Cubierta Superior<\/td>\n<td>Plataforma Abierta Ventilada \/ Plataforma Cerrada S\u00f3lida<\/td>\n<\/tr>\n<tr>\n<td>Color<\/td>\n<td>Azul, Rojo, Amarillo, Verde, Gris, Blanco, Personalizado<\/td>\n<\/tr>\n<tr>\n<td>Logotipo \/ Impresi\u00f3n<\/td>\n<td>S\u00ed<\/td>\n<\/tr>\n<tr>\n<td>Apto para estanter\u00edas<\/td>\n<td>S\u00ed<\/td>\n<\/tr>\n<tr>\n<td>Apilable<\/td>\n<td>S\u00ed<\/td>\n<\/tr>\n<tr>\n<td>Encajable<\/td>\n<td>Dependiendo del Modelo<\/td>\n<\/tr>\n<tr>\n<td>Reutilizable<\/td>\n<td>S\u00ed<\/td>\n<\/tr>\n<tr>\n<td>Montacargas<\/td>\n<td>Entrada por 4 lados<\/td>\n<\/tr>\n<tr>\n<td>Transpaleta<\/td>\n<td>Entrada por 4 lados<\/td>\n<\/tr>\n<tr>\n<td>Higi\u00e9nico<\/td>\n<td>Dependiendo del Modelo<\/td>\n<\/tr>\n<tr>\n<td>Temperatura de uso<\/td>\n<td>-30\u2103 to 40\u2103 \/ 70\u2103<\/td>\n<\/tr>\n<tr>\n<td>Capacidad Est\u00e1tica<\/td>\n<td>6000kg \/ 4000kg<\/td>\n<\/tr>\n<tr>\n<td>Capacidad Din\u00e1mica<\/td>\n<td>2000kg \/ 1500kg<\/td>\n<\/tr>\n<tr>\n<td>Capacidad en estanter\u00eda<\/td>\n<td>1000kg \/ 500kg<\/td>\n<\/tr>\n<\/tbody>\n<\/table>\n<h2><strong>\u00bfD\u00f3nde se pueden utilizar estos palets pl\u00e1sticos industriales?<\/strong><\/h2>\n<p data-start=\"54\" data-end=\"209\" class=\"translation-block\"><strong data-start=\"54\" data-end=\"83\">Almacenamiento y Log\u00edstica<\/strong>: Los palets pl\u00e1sticos industriales son esenciales para almacenar, organizar y manejar productos en almacenes log\u00edsticos de alta intensidad.<\/p>\n<p data-start=\"211\" data-end=\"367\" class=\"translation-block\"><strong data-start=\"211\" data-end=\"232\">Industria Qu\u00edmica<\/strong>: Los palets HDPE resistentes a la corrosi\u00f3n son especialmente adecuados para el transporte y almacenamiento de productos qu\u00edmicos, petr\u00f3leo y fertilizantes.<\/p>\n<p data-start=\"369\" data-end=\"524\" class=\"translation-block\"><strong data-start=\"369\" data-end=\"399\">Industria Alimentaria y de Bebidas<\/strong>: Estos palets pueden utilizarse para el embalaje, transporte y almacenamiento de alimentos, tanto en log\u00edstica regular como en cadena de fr\u00edo.<\/p>\n<p data-start=\"526\" data-end=\"687\" class=\"translation-block\"><strong data-start=\"526\" data-end=\"552\">Industria Manufacturera<\/strong>: Los palets pl\u00e1sticos industriales se utilizan para manejar y almacenar equipos electr\u00f3nicos pesados, piezas mec\u00e1nicas y componentes automotrices.<\/p>\n<p data-start=\"689\" data-end=\"843\" class=\"translation-block\"><strong data-start=\"689\" data-end=\"716\">Retail y Supermercados<\/strong>: En grandes supermercados y tiendas estilo almac\u00e9n, estos palets ayudan en la clasificaci\u00f3n, almacenamiento y manejo de productos.<\/p>\n<p data-start=\"845\" data-end=\"986\" class=\"translation-block\"><strong data-start=\"845\" data-end=\"872\">Industria Farmac\u00e9utica<\/strong>: Los palets pl\u00e1sticos industriales se utilizan para el almacenamiento y transporte de productos farmac\u00e9uticos y equipos m\u00e9dicos.<\/p>\n<p data-start=\"988\" data-end=\"1184\" class=\"translation-block\"><strong data-start=\"988\" data-end=\"1012\">Log\u00edstica de Cadena de Fr\u00edo<\/strong>: Los palets pl\u00e1sticos industriales se utilizan ampliamente en log\u00edstica de cadena de fr\u00edo para almacenar y transportar productos sensibles a la temperatura, como alimentos, productos farmac\u00e9uticos y flores.<\/p>\n<p data-start=\"1186\" data-end=\"1447\" class=\"translation-block\"><strong data-start=\"1186\" data-end=\"1208\">Industria del Mueble<\/strong>: Los palets pl\u00e1sticos industriales grandes se utilizan para apilar muebles en el suelo o manejar componentes de muebles. Nuestra serie <a href=\"https:\/\/cnplasticpallets.com\/es\/product-category\/plastic-pallets\/modular-plastic-pallet\/\" target=\"_self\">Modular Plastic Pallet<\/a>, <a href=\"https:\/\/cnplasticpallets.com\/es\/product\/plastic-pallets\/modular-plastic-pallet\/racking-splicing-pallets-furniture-storage\/\" target=\"_self\">en particular los Racking Splicing Plastic Pallets<\/a>, tambi\u00e9n son ideales para almacenamiento de paneles de muebles.<\/p>\n<p data-start=\"1449\" data-end=\"1651\" class=\"translation-block\"><strong data-start=\"1449\" data-end=\"1464\">Agricultura<\/strong>: Los palets pl\u00e1sticos industriales con superficie ventilada se utilizan para la cosecha, almacenamiento y transporte de productos agr\u00edcolas, verduras y frutas, ayudando a extender su vida \u00fatil.<\/p>\n<p data-start=\"1653\" data-end=\"1806\" data-is-last-node=\"\" data-is-only-node=\"\" class=\"translation-block\"><strong data-start=\"1653\" data-end=\"1687\">Gesti\u00f3n de Residuos y Reciclaje<\/strong>: Los palets pl\u00e1sticos industriales se utilizan ampliamente para la clasificaci\u00f3n de residuos, recolecci\u00f3n de desechos y operaciones en estaciones de reciclaje.<\/p>","protected":false},"excerpt":{"rendered":"<p class=\"translation-block\">Nuestros <strong data-start=\"80\" data-end=\"110\">Palets Pl\u00e1sticos Industriales<\/strong> cumplen con los est\u00e1ndares de certificaci\u00f3n ISPM 15, FDA, ISO, CE y SGS, asegurando calidad y cumplimiento. Ofrecemos tanto <strong data-start=\"219\" data-end=\"231\">HDPE nuevo<\/strong> como <strong data-start=\"236\" data-end=\"269\">palets pl\u00e1sticos 100% reciclados<\/strong> para satisfacer diversas necesidades. Nuestra gama cubre requisitos <strong data-start=\"310\" data-end=\"343\">ligeros, medianos y de alta resistencia<\/strong>, con m\u00e1s de <strong data-start=\"368\" data-end=\"383\">600 modelos<\/strong> adecuados para diversas industrias. Est\u00e1n disponibles aditivos personalizados para mejorar el rendimiento, color, caracter\u00edsticas antideslizantes y capacidad de carga. Con f\u00e1bricas en toda China y m\u00faltiples puertos de env\u00edo, te invitamos a visitar y revisar muestras antes de realizar un pedido.<\/p>","protected":false},"featured_media":15006,"comment_status":"open","ping_status":"closed","template":"","meta":{"_seopress_robots_primary_cat":"none","_seopress_titles_title":"Industrial Plastic Pallets for Sales - Heavy Duty Pallets","_seopress_titles_desc":"Discover our Industrial Plastic Pallets, certified to ISPM 15, FDA, ISO, CE, SGS standards. Reliable, customizable, and ideal for all your industrial needs.","_seopress_robots_index":"","_angie_page":false},"product_brand":[],"product_cat":[83,89,84],"product_tag":[],"class_list":{"0":"post-14998","1":"product","2":"type-product","3":"status-publish","4":"has-post-thumbnail","6":"product_cat-all-product","7":"product_cat-heavy-duty-plastic-pallet","8":"product_cat-plastic-pallets","10":"first","11":"instock","12":"shipping-taxable","13":"product-type-simple"},"_links":{"self":[{"href":"https:\/\/cnplasticpallets.com\/es\/wp-json\/wp\/v2\/product\/14998","targetHints":{"allow":["GET"]}}],"collection":[{"href":"https:\/\/cnplasticpallets.com\/es\/wp-json\/wp\/v2\/product"}],"about":[{"href":"https:\/\/cnplasticpallets.com\/es\/wp-json\/wp\/v2\/types\/product"}],"replies":[{"embeddable":true,"href":"https:\/\/cnplasticpallets.com\/es\/wp-json\/wp\/v2\/comments?post=14998"}],"wp:featuredmedia":[{"embeddable":true,"href":"https:\/\/cnplasticpallets.com\/es\/wp-json\/wp\/v2\/media\/15006"}],"wp:attachment":[{"href":"https:\/\/cnplasticpallets.com\/es\/wp-json\/wp\/v2\/media?parent=14998"}],"wp:term":[{"taxonomy":"product_brand","embeddable":true,"href":"https:\/\/cnplasticpallets.com\/es\/wp-json\/wp\/v2\/product_brand?post=14998"},{"taxonomy":"product_cat","embeddable":true,"href":"https:\/\/cnplasticpallets.com\/es\/wp-json\/wp\/v2\/product_cat?post=14998"},{"taxonomy":"product_tag","embeddable":true,"href":"https:\/\/cnplasticpallets.com\/es\/wp-json\/wp\/v2\/product_tag?post=14998"}],"curies":[{"name":"wp","href":"https:\/\/api.w.org\/{rel}","templated":true}]}}