{"id":14977,"date":"2025-12-16T15:07:22","date_gmt":"2025-12-16T07:07:22","guid":{"rendered":"https:\/\/cnplasticpallets.com\/?post_type=product&#038;p=14977"},"modified":"2025-12-16T15:07:22","modified_gmt":"2025-12-16T07:07:22","slug":"jumbo-bag-pallet-4-way-entry","status":"publish","type":"product","link":"https:\/\/cnplasticpallets.com\/es\/product\/plastic-pallets\/heavy-duty-plastic-pallet\/jumbo-bag-pallet-4-way-entry\/","title":{"rendered":"Palet para Sacos Jumbo Entrada en 4 Direcciones<strong data-start=\"40\" data-end=\"53\">Materiales<\/strong>: Polietileno de Alta Densidad (HDPE), PP"},"content":{"rendered":"<p class=\"translation-block\"><span style=\"font-weight: 400\">Al manejar sacos a granel, los <\/span><b>palets de madera<\/b><span style=\"font-weight: 400\"> presentan riesgos graves. Los clavos, astillas y superficies irregulares pueden da\u00f1ar tus <\/span><b>cargas FIBC<\/b><span style=\"font-weight: 400\">, lo que lleva a p\u00e9rdidas costosas de productos y da\u00f1os en los sacos. Los <\/span><b>palets pl\u00e1sticos est\u00e1ndar<\/b><span style=\"font-weight: 400\"> a menudo son incompatibles con los sacos a granel, causando <\/span><b>deslizamientos<\/b><span style=\"font-weight: 400\"> y <\/span><b>ca\u00eddas<\/b><span style=\"font-weight: 400\"> durante el transporte, aumentando la posibilidad de derrames y retrasos. Adem\u00e1s, con los palets tradicionales, la utilizaci\u00f3n ineficiente del espacio tanto en <\/span><b>almacenes<\/b><span style=\"font-weight: 400\"> como en <\/span><b>contenedores<\/b><span style=\"font-weight: 400\"> incrementa los costos operativos, reduciendo tus ganancias.<\/span><\/p>\n<p class=\"translation-block\"><span style=\"font-weight: 400\">Est\u00e1 claro: los <\/span><b>palets obsoletos<\/b><span style=\"font-weight: 400\"> no est\u00e1n hechos para los desaf\u00edos del manejo de carga a granel actual.<\/span><\/p>\n<p><b>\u00bfPor qu\u00e9 elegir el Palet Jumbo de Enlightening Pallet? Aqu\u00ed est\u00e1 la raz\u00f3n por la que es la \u00fanica soluci\u00f3n para tu negocio:<\/b><\/p>\n<ol>\n<li style=\"font-weight: 400;\" aria-level=\"1\" class=\"translation-block\"><b>Innovadora Mejora Estructural<\/b><b><br>\n<\/b><span style=\"font-weight: 400\">Nuestro palet para sacos a granel cuenta con m\u00faltiples <\/span><b>secciones modulares c\u00f3ncavas y elevadas<\/b><span style=\"font-weight: 400\"> en la superficie que <\/span><b>se ajustan perfectamente a la forma de tus sacos a granel<\/b><span style=\"font-weight: 400\">, asegurando su <\/span><b>bloqueo<\/b><span style=\"font-weight: 400\"> en su lugar para <\/span><b>evitar deslizamientos y ca\u00eddas<\/b><span style=\"font-weight: 400\">.<\/span><\/li>\n<li style=\"font-weight: 400;\" aria-level=\"1\" class=\"translation-block\"><b>Tama\u00f1o Personalizado para Exportaci\u00f3n a Granel<\/b><b><br>\n<\/b><span style=\"font-weight: 400\">Ofrecemos el tama\u00f1o <\/span><b>43\u00d743 (1100\u00d71100)<\/b><span style=\"font-weight: 400\">, un <\/span><b>est\u00e1ndar para exportaci\u00f3n a granel a Asia<\/b><span style=\"font-weight: 400\">\u2014perfecto para <\/span><b>productos granulados y qu\u00edmicos<\/b><span style=\"font-weight: 400\"> empacados en sacos jumbo. Si est\u00e1s manejando <\/span><b>comercio a Asia<\/b><span style=\"font-weight: 400\">, nuestros palets est\u00e1n listos para reemplazar sin problemas tus opciones actuales. <\/span><b>Disponibles tama\u00f1os personalizados<\/b><span style=\"font-weight: 400\"> para tus necesidades \u00fanicas.<\/span><\/li>\n<li style=\"font-weight: 400;\" aria-level=\"1\" class=\"translation-block\"><b>Acceso a Carretilla Elevadora en 4 Direcciones<\/b><b><br>\n<\/b><span style=\"font-weight: 400\">Dise\u00f1ado para <\/span><b>manejo f\u00e1cil<\/b><span style=\"font-weight: 400\"> desde las cuatro direcciones, nuestro palet es ideal para <\/span><b>almacenamiento denso de sacos a granel<\/b><span style=\"font-weight: 400\">. La <\/span><b>entrada reforzada para carretilla elevadora<\/b><span style=\"font-weight: 400\"> asegura <\/span><b>mayor estabilidad<\/b><span style=\"font-weight: 400\"> y <\/span><b>resistencia al impacto<\/b><span style=\"font-weight: 400\">, haciendo que tus sacos a granel paletizados sean m\u00e1s f\u00e1ciles de mover y apilar.<\/span><\/li>\n<li style=\"font-weight: 400;\" aria-level=\"1\" class=\"translation-block\"><b>Materiales Rentables y Ecol\u00f3gicos<\/b><b><br>\n<\/b><span style=\"font-weight: 400\">Hecho de <\/span><b>HDPE reciclado<\/b><span style=\"font-weight: 400\">, este palet de uso en terreno no solo ofrece <\/span><b>mejor durabilidad<\/b><span style=\"font-weight: 400\">, sino que tambi\u00e9n es <\/span><b>m\u00e1s econ\u00f3mico<\/b><span style=\"font-weight: 400\"> que otras opciones, ayud\u00e1ndote a ahorrar en costos sin comprometer la calidad.<\/span><\/li>\n<li style=\"font-weight: 400;\" aria-level=\"1\" class=\"translation-block\"><b>Dise\u00f1o Apilable que Ahorra Espacio<\/b><b><br>\n<\/b> <b>Los palets vac\u00edos se apilan dentro de otros<\/b><span style=\"font-weight: 400\">, ahorrando hasta un <\/span><b>70% del espacio de almacenamiento y contenedores<\/b><span style=\"font-weight: 400\"> durante los viajes de retorno. Con un dise\u00f1o liviano de <\/span><b>6 kg<\/b><span style=\"font-weight: 400\">, nuestros palets ayudan a reducir tus <\/span><b>costos de almacenamiento y transporte<\/b><span style=\"font-weight: 400\"> mientras mejoran la eficiencia operativa.<\/span><\/li>\n<\/ol>\n<p class=\"translation-block\"><span style=\"font-weight: 400\">Nuestro <\/span><b>Palet Jumbo<\/b><span style=\"font-weight: 400\"> est\u00e1 dise\u00f1ado para ofrecer <\/span><b>soporte \u00f3ptimo<\/b><span style=\"font-weight: 400\">, <\/span><b>uso maximizado del espacio<\/b><span style=\"font-weight: 400\"> y <\/span><b>ahorro de costos<\/b><span style=\"font-weight: 400\">. Cuando se trata de manejo de sacos a granel, no te conformes con palets obsoletos, conf\u00eda en <\/span><b>Enlightening Pallet<\/b><span style=\"font-weight: 400\"> para proporcionarte la mejor soluci\u00f3n para tus necesidades.<\/span><\/p>\n<h2>Especificaci\u00f3n del Producto<\/h2>\n<table dir=\"ltr\" border=\"1\" cellspacing=\"0\" cellpadding=\"0\" data-sheets-root=\"1\" data-sheets-baot=\"1\">\n<colgroup>\n<col width=\"196\" \/>\n<col width=\"319\" \/><\/colgroup>\n<tbody>\n<tr>\n<td>Materiales<\/td>\n<td>Polietileno de Alta Densidad (HDPE), PP<\/td>\n<\/tr>\n<tr>\n<td>Dimensiones (L\u00d7A\u00d7H mm)<\/td>\n<td>1100 mm \u00d7 1100 mm \u00d7 100 mm, Personalizado<\/td>\n<\/tr>\n<tr>\n<td>Procesos<\/td>\n<td>Moldeo por Inyecci\u00f3n<\/td>\n<\/tr>\n<tr>\n<td>Peso<\/td>\n<td>6kg<\/td>\n<\/tr>\n<tr>\n<td>Cubierta Superior<\/td>\n<td>Cubierta Ventilada<\/td>\n<\/tr>\n<tr>\n<td>Montacargas<\/td>\n<td>Entrada por 4 lados<\/td>\n<\/tr>\n<tr>\n<td>Transpaleta<\/td>\n<td>Entrada por 4 lados<\/td>\n<\/tr>\n<tr>\n<td>Apilable<\/td>\n<td>S\u00ed<\/td>\n<\/tr>\n<tr>\n<td>Reutilizable<\/td>\n<td>S\u00ed<\/td>\n<\/tr>\n<tr>\n<td>Logotipo \/ Impresi\u00f3n<\/td>\n<td>S\u00ed<\/td>\n<\/tr>\n<tr>\n<td>Color<\/td>\n<td>Azul, Negro, Gris, Blanco, Naranja, Personalizado<\/td>\n<\/tr>\n<\/tbody>\n<\/table>\n<h2>Opciones de personalizaci\u00f3n<\/h2>\n<p class=\"translation-block\"><span style=\"font-weight: 400\">Nuestro palet jumbo en <\/span><b>ofrece una amplia gama de <\/b><span style=\"font-weight: 400\">opciones de personalizaci\u00f3n<\/span><span style=\"font-weight: 400\"> para satisfacer tus necesidades espec\u00edficas. Adaptado tanto para las especificaciones de <\/span><b>5:1<\/b><span style=\"font-weight: 400\"> como para <\/span><b>6:1<\/b><span style=\"font-weight: 400\"> de sacos a granel, nuestro palet para grandes sacos se integra sin problemas con tus <\/span><b>sistemas de cintas transportadoras est\u00e1ndar<\/b><span style=\"font-weight: 400\">, haciendo que el manejo de materiales sea m\u00e1s eficiente y fluido.<\/span><\/p>\n<p><span style=\"font-weight: 400;\">Adem\u00e1s, ofrecemos opciones flexibles como:<\/span><\/p>\n<ul>\n<li style=\"font-weight: 400;\" aria-level=\"1\" class=\"translation-block\"><b>Colores Personalizados<\/b><span style=\"font-weight: 400\">: Elige un color que se alinee con tu marca o requisitos operativos.<\/span><\/li>\n<li style=\"font-weight: 400;\" aria-level=\"1\" class=\"translation-block\"><b>Tama\u00f1os Personalizados<\/b><span style=\"font-weight: 400\">: Los palets pueden adaptarse a tus necesidades \u00fanicas de almacenamiento y transporte.<\/span><\/li>\n<li style=\"font-weight: 400;\" aria-level=\"1\" class=\"translation-block\"><b>Mejoras de Material<\/b><span style=\"font-weight: 400\">: Elige entre <\/span><b>HDPE premium<\/b><span style=\"font-weight: 400\"> o opta por <\/span><b>materiales extra gruesos<\/b><span style=\"font-weight: 400\"> para mayor durabilidad y resistencia, asegurando un rendimiento duradero incluso en las condiciones m\u00e1s exigentes.<\/span><\/li>\n<\/ul>\n<h2>Aplicaci\u00f3n<\/h2>\n<ul>\n<li data-start=\"22\" data-end=\"72\">\n<p data-start=\"24\" data-end=\"72\" class=\"translation-block\"><strong data-start=\"24\" data-end=\"37\">Productos Qu\u00edmicos<\/strong>: Materiales en polvo y granulados<\/p>\n<\/li>\n<li data-start=\"73\" data-end=\"123\">\n<p data-start=\"75\" data-end=\"123\" class=\"translation-block\"><strong data-start=\"75\" data-end=\"91\">Construcci\u00f3n<\/strong>: Cemento, arena y agregados<\/p>\n<\/li>\n<li data-start=\"124\" data-end=\"174\">\n<p data-start=\"126\" data-end=\"174\" class=\"translation-block\"><strong data-start=\"126\" data-end=\"136\">Cereales<\/strong>: Trigo, ma\u00edz y otros granos a granel<\/p>\n<\/li>\n<li data-start=\"175\" data-end=\"208\">\n<p data-start=\"177\" data-end=\"208\" class=\"translation-block\"><strong data-start=\"177\" data-end=\"187\">Miner\u00eda<\/strong>: Minerales y metales<\/p>\n<\/li>\n<li data-start=\"209\" data-end=\"290\" data-is-last-node=\"\">\n<p data-start=\"211\" data-end=\"290\" data-is-last-node=\"\" class=\"translation-block\"><strong data-start=\"211\" data-end=\"219\">FIBC<\/strong>: Almacenamiento y transporte de contenedores intermedios flexibles (FIBC)<\/p>\n<\/li>\n<\/ul>","protected":false},"excerpt":{"rendered":"<p data-start=\"40\" data-end=\"93\" class=\"translation-block\"><strong data-start=\"40\" data-end=\"53\">Materiales<\/strong>: Polietileno de Alta Densidad (HDPE), PP<\/p>\n<p data-start=\"96\" data-end=\"129\" class=\"translation-block\"><strong data-start=\"96\" data-end=\"110\">Tratado UV<\/strong>: Lote maestro 2<\/p>\n<p data-start=\"132\" data-end=\"206\" class=\"translation-block\"><strong data-start=\"132\" data-end=\"154\">Dimensiones (L\u00d7A\u00d7A)<\/strong>: 1100 mm \u00d7 1100 mm \u00d7 100 mm (Disponibles tama\u00f1os personalizados)<\/p>\n<p data-start=\"209\" data-end=\"243\" class=\"translation-block\"><strong data-start=\"209\" data-end=\"222\">Procesos<\/strong>: Moldeo por inyecci\u00f3n<\/p>\n<p data-start=\"246\" data-end=\"263\" class=\"translation-block\"><strong data-start=\"246\" data-end=\"256\">Peso<\/strong>: 6 kg<\/p>\n<p data-start=\"266\" data-end=\"313\" class=\"translation-block\"><strong data-start=\"266\" data-end=\"278\">Plataforma superior<\/strong>: Plataforma ventilada para circulaci\u00f3n de aire<\/p>\n<p data-start=\"316\" data-end=\"367\" class=\"translation-block\"><strong data-start=\"316\" data-end=\"334\">Entrada para carretilla elevadora<\/strong>: Entrada en 4 direcciones para f\u00e1cil manejo<\/p>\n<p data-start=\"370\" data-end=\"411\" class=\"translation-block\"><strong data-start=\"370\" data-end=\"385\">Transpaleta<\/strong>: Compatible con entrada en 4 direcciones<\/p>\n<p data-start=\"414\" data-end=\"457\" class=\"translation-block\"><strong data-start=\"414\" data-end=\"427\">Apilable<\/strong>: S\u00ed, para almacenamiento eficiente<\/p>\n<p data-start=\"460\" data-end=\"494\" class=\"translation-block\"><strong data-start=\"460\" data-end=\"472\">Reutilizable<\/strong>: S\u00ed, dise\u00f1ado para durar<\/p>\n<p data-start=\"497\" data-end=\"547\" class=\"translation-block\"><strong data-start=\"497\" data-end=\"516\">Logo \/ Impresi\u00f3n<\/strong>: Disponible para personalizaci\u00f3n<\/p>\n<p data-start=\"550\" data-end=\"606\" class=\"translation-block\"><strong data-start=\"550\" data-end=\"559\">Color<\/strong>: Azul, Negro, Gris, Blanco, Naranja, o Personalizado<\/p>\n<p class=\"translation-block\"><strong data-start=\"608\" data-end=\"627\">Garant\u00eda de 3 a\u00f1os<\/strong> para tranquilidad.<\/p>","protected":false},"featured_media":14992,"comment_status":"open","ping_status":"closed","template":"","meta":{"_seopress_robots_primary_cat":"none","_seopress_titles_title":"Jumbo Bag Pallet for Reusable & Ground Use","_seopress_titles_desc":"Enlightening Pallet's Jumbo Bag Pallet offers 4-way forklift access, vented deck, and customizable sizes for efficient bulk bag storage and transport.","_seopress_robots_index":"","_angie_page":false},"product_brand":[],"product_cat":[83,89,84],"product_tag":[],"class_list":{"0":"post-14977","1":"product","2":"type-product","3":"status-publish","4":"has-post-thumbnail","6":"product_cat-all-product","7":"product_cat-heavy-duty-plastic-pallet","8":"product_cat-plastic-pallets","10":"first","11":"instock","12":"shipping-taxable","13":"product-type-simple"},"_links":{"self":[{"href":"https:\/\/cnplasticpallets.com\/es\/wp-json\/wp\/v2\/product\/14977","targetHints":{"allow":["GET"]}}],"collection":[{"href":"https:\/\/cnplasticpallets.com\/es\/wp-json\/wp\/v2\/product"}],"about":[{"href":"https:\/\/cnplasticpallets.com\/es\/wp-json\/wp\/v2\/types\/product"}],"replies":[{"embeddable":true,"href":"https:\/\/cnplasticpallets.com\/es\/wp-json\/wp\/v2\/comments?post=14977"}],"wp:featuredmedia":[{"embeddable":true,"href":"https:\/\/cnplasticpallets.com\/es\/wp-json\/wp\/v2\/media\/14992"}],"wp:attachment":[{"href":"https:\/\/cnplasticpallets.com\/es\/wp-json\/wp\/v2\/media?parent=14977"}],"wp:term":[{"taxonomy":"product_brand","embeddable":true,"href":"https:\/\/cnplasticpallets.com\/es\/wp-json\/wp\/v2\/product_brand?post=14977"},{"taxonomy":"product_cat","embeddable":true,"href":"https:\/\/cnplasticpallets.com\/es\/wp-json\/wp\/v2\/product_cat?post=14977"},{"taxonomy":"product_tag","embeddable":true,"href":"https:\/\/cnplasticpallets.com\/es\/wp-json\/wp\/v2\/product_tag?post=14977"}],"curies":[{"name":"wp","href":"https:\/\/api.w.org\/{rel}","templated":true}]}}