{"id":14953,"date":"2025-12-15T15:03:23","date_gmt":"2025-12-15T07:03:23","guid":{"rendered":"https:\/\/cnplasticpallets.com\/?post_type=product&#038;p=14953"},"modified":"2025-12-15T15:03:23","modified_gmt":"2025-12-15T07:03:23","slug":"recycled-plastic-pallets-1200-x-800-mm","status":"publish","type":"product","link":"https:\/\/cnplasticpallets.com\/es\/product\/plastic-pallets\/export-pallet\/recycled-plastic-pallets-1200-x-800-mm\/","title":{"rendered":"Palets de pl\u00e1stico reciclado 1200 \u00d7 800 mm"},"content":{"rendered":"<h2>Especificaci\u00f3n del Producto<\/h2>\n<table dir=\"ltr\" border=\"1\" cellspacing=\"0\" cellpadding=\"0\" data-sheets-root=\"1\" data-sheets-baot=\"1\">\n<colgroup>\n<col width=\"160\" \/>\n<col width=\"259\" \/><\/colgroup>\n<tbody>\n<tr>\n<td>Modelo<\/td>\n<td>Y1208WTC<\/td>\n<\/tr>\n<tr>\n<td>Materiales<\/td>\n<td>Polietileno de Alta Densidad (HDPE)<\/td>\n<\/tr>\n<tr>\n<td>Dimensiones (L\u00d7A\u00d7H mm)<\/td>\n<td>1200 mm \u00d7 800 mm \u00d7 135 mm, Personalizado<\/td>\n<\/tr>\n<tr>\n<td>Procesos<\/td>\n<td>Moldeo por Inyecci\u00f3n<\/td>\n<\/tr>\n<tr>\n<td>Peso<\/td>\n<td>10 kg<\/td>\n<\/tr>\n<tr>\n<td>Barras de Refuerzo<\/td>\n<td>3 travesa\u00f1os (4,5 kg)<\/td>\n<\/tr>\n<tr>\n<td>Base<\/td>\n<td>6 Patines<\/td>\n<\/tr>\n<tr>\n<td>Cubierta Superior<\/td>\n<td>Cubierta Ventilada<\/td>\n<\/tr>\n<tr>\n<td>Montacargas<\/td>\n<td>Entrada por 4 lados<\/td>\n<\/tr>\n<tr>\n<td>Transpaleta<\/td>\n<td>Entrada por 4 lados<\/td>\n<\/tr>\n<tr>\n<td>Higi\u00e9nico<\/td>\n<td>N\/A<\/td>\n<\/tr>\n<tr>\n<td>Apto para estanter\u00edas<\/td>\n<td>S\u00ed<\/td>\n<\/tr>\n<tr>\n<td>Apilable<\/td>\n<td>S\u00ed<\/td>\n<\/tr>\n<tr>\n<td>Reutilizable<\/td>\n<td>S\u00ed<\/td>\n<\/tr>\n<tr>\n<td>Logotipo \/ Impresi\u00f3n<\/td>\n<td>S\u00ed<\/td>\n<\/tr>\n<tr>\n<td>Capacidad Est\u00e1tica<\/td>\n<td>4000 kg (reforzado)<\/td>\n<\/tr>\n<tr>\n<td>Capacidad Din\u00e1mica<\/td>\n<td>1500 kg (reforzado)<\/td>\n<\/tr>\n<tr>\n<td>Capacidad en estanter\u00eda<\/td>\n<td>1000kg(reforzado)<\/td>\n<\/tr>\n<tr>\n<td>Temperatura de uso<\/td>\n<td>-30\u2103 a 40\u2103<\/td>\n<\/tr>\n<tr>\n<td>Color<\/td>\n<td>Azul, Negro, Naranja, Gris, Personalizado<\/td>\n<\/tr>\n<tr>\n<td>Cantidad en 20FT<\/td>\n<td>220 unidades<\/td>\n<\/tr>\n<tr>\n<td>Cantidad en 40HC<\/td>\n<td>535 piezas<\/td>\n<\/tr>\n<\/tbody>\n<\/table>\n<h2><img fetchpriority=\"high\" decoding=\"async\" class=\"alignnone wp-image-14959 size-full\" src=\"https:\/\/cnplasticpallets.com\/wp-content\/uploads\/2025\/12\/recycled-plastic-pallets.png\" alt=\"paletas de pl\u00e1stico reciclado de 1200 \u00d7 800 mm\" width=\"650\" height=\"650\" srcset=\"https:\/\/cnplasticpallets.com\/wp-content\/uploads\/2025\/12\/recycled-plastic-pallets.png 650w, https:\/\/cnplasticpallets.com\/wp-content\/uploads\/2025\/12\/recycled-plastic-pallets-300x300.png 300w, https:\/\/cnplasticpallets.com\/wp-content\/uploads\/2025\/12\/recycled-plastic-pallets-150x150.png 150w, https:\/\/cnplasticpallets.com\/wp-content\/uploads\/2025\/12\/recycled-plastic-pallets-12x12.png 12w, https:\/\/cnplasticpallets.com\/wp-content\/uploads\/2025\/12\/recycled-plastic-pallets-600x600.png 600w, https:\/\/cnplasticpallets.com\/wp-content\/uploads\/2025\/12\/recycled-plastic-pallets-100x100.png 100w\" sizes=\"(max-width: 650px) 100vw, 650px\" \/><\/h2>\n<h2>Caracter\u00edsticas del producto<\/h2>\n<p data-start=\"318\" data-end=\"639\" class=\"translation-block\"><strong data-start=\"318\" data-end=\"353\">HDPE reciclado para uso repetido: <\/strong>Nuestra formulaci\u00f3n de HDPE reciclado equilibra <strong data-start=\"395\" data-end=\"429\">resistencia y recuperaci\u00f3n el\u00e1stica<\/strong>, de modo que el <strong><span class=\"___SBox_4905a-ko_ ___SText_1ifhk-ko_\" data-ui-name=\"Link.Text\">reciclaje de palets de pl\u00e1stico<\/span><\/strong> resiste grietas tras m\u00faltiples ciclos de manipulaci\u00f3n y permite un almacenamiento y transporte estables en <strong data-start=\"538\" data-end=\"572\">condiciones de trabajo no extremas<\/strong>, ayudando a <strong data-start=\"582\" data-end=\"638\">prolongar la vida \u00fatil y reducir la frecuencia de reemplazo<\/strong>.<\/p>\n<p data-start=\"641\" data-end=\"910\" class=\"translation-block\"><strong data-start=\"641\" data-end=\"674\">Moldeo integrado de una sola pieza: <\/strong>Producido mediante <strong data-start=\"694\" data-end=\"728\">inyecci\u00f3n en una sola pieza<\/strong>, sin uniones ni soldaduras, esta estructura permite <strong data-start=\"776\" data-end=\"838\">inspecci\u00f3n visual r\u00e1pida, limpieza sencilla y reutilizaci\u00f3n inmediata<\/strong>, lo que se traduce en <strong data-start=\"853\" data-end=\"909\">menor esfuerzo de mantenimiento y mayor eficiencia diaria<\/strong>.<\/p>\n<p data-start=\"912\" data-end=\"1206\" class=\"translation-block\"><strong data-start=\"912\" data-end=\"955\">Estructura reforzada de distribuci\u00f3n de carga: <\/strong>Un bastidor central en cruz combinado con <strong data-start=\"994\" data-end=\"1023\">refuerzo de rejilla graduada<\/strong> crea una trayectoria continua de carga, ayudando a <strong data-start=\"1064\" data-end=\"1095\">distribuir el peso desigual de forma uniforme<\/strong> y manteniendo la ventilaci\u00f3n y el drenaje, lo que <strong data-start=\"1142\" data-end=\"1205\">reduce la deformaci\u00f3n central a largo plazo durante el almacenamiento en almac\u00e9n<\/strong>.<\/p>\n<p data-start=\"1208\" data-end=\"1468\" class=\"translation-block\"><strong data-start=\"1208\" data-end=\"1242\">Entrada de horquilla reforzada en 4 direcciones: <\/strong>Las zonas de entrada de horquillas est\u00e1n dise\u00f1adas con <strong data-start=\"1277\" data-end=\"1323\">mayor densidad de nervaduras y geometr\u00eda reforzada<\/strong>, lo que les permite soportar <strong data-start=\"1352\" data-end=\"1384\">operaciones frecuentes de carretilla elevadora<\/strong>, de modo que el palet sufre <strong data-start=\"1409\" data-end=\"1467\">menos da\u00f1os por la manipulaci\u00f3n diaria y las variaciones del operador<\/strong>.<\/p>\n<p data-start=\"1470\" data-end=\"1692\" class=\"translation-block\"><strong data-start=\"1470\" data-end=\"1513\">Esquinas redondeadas con protecci\u00f3n contra impactos: <\/strong>Todos los bordes presentan <strong data-start=\"1545\" data-end=\"1572\">transiciones suaves y redondeadas<\/strong>, lo que mejora la seguridad durante la manipulaci\u00f3n manual y el apilado, al tiempo que <strong data-start=\"1633\" data-end=\"1691\">reduce la rotura de esquinas y los da\u00f1os accidentales al producto<\/strong>.<\/p>\n<p data-start=\"1694\" data-end=\"1982\" class=\"translation-block\"><strong data-start=\"1694\" data-end=\"1732\">Refuerzo interno con tubos de acero: <\/strong><strong data-start=\"1735\" data-end=\"1796\">Tres tubos de acero est\u00e1n totalmente integrados dentro de la estructura<\/strong>, sin exposici\u00f3n a humedad ni contaminaci\u00f3n, proporcionando <strong data-start=\"1851\" data-end=\"1879\">mayor rigidez global<\/strong> sin afectar la limpieza ni el cumplimiento normativo, lo que aporta <strong data-start=\"1936\" data-end=\"1981\">confianza en escenarios de almacenamiento exigentes<\/strong>.<\/p>\n<p data-start=\"1984\" data-end=\"2231\" class=\"translation-block\"><strong data-start=\"1984\" data-end=\"2025\">Almohadillas antideslizantes en zonas de contacto de carga: <\/strong>Las almohadillas antideslizantes se colocan \u00fanicamente donde la carga realmente se apoya, ayudando a <strong data-start=\"2097\" data-end=\"2160\">limitar el movimiento de la mercanc\u00eda durante el transporte, el frenado y los giros<\/strong>, lo que <strong data-start=\"2177\" data-end=\"2230\">mejora directamente la estabilidad de la carga y reduce el riesgo de manipulaci\u00f3n<\/strong>.<\/p>\n<p data-start=\"2233\" data-end=\"2475\" class=\"translation-block\"><strong data-start=\"2233\" data-end=\"2264\">Zonas preparadas para c\u00f3digo de barras y RFID: <\/strong>Se reservan \u00e1reas empotradas espec\u00edficas para <strong data-start=\"2309\" data-end=\"2340\">etiquetas de c\u00f3digo de barras o tags RFID<\/strong>, ubicadas lejos de superficies de alto desgaste, lo que hace que el <strong>palet reutilizable<\/strong> sea <strong data-start=\"2401\" data-end=\"2474\">m\u00e1s adecuado para el seguimiento a largo plazo en sistemas de almac\u00e9n y pooling<\/strong>.<\/p>\n<p data-start=\"2477\" data-end=\"2756\" class=\"translation-block\"><strong data-start=\"2477\" data-end=\"2517\">Dise\u00f1o de material orientado al cumplimiento normativo: <\/strong>El <strong><span class=\"___SBox_4905a-ko_ ___SText_1ifhk-ko_\" data-ui-name=\"Link.Text\">palet de pl\u00e1stico reciclado<\/span><\/strong> utiliza <strong data-start=\"2536\" data-end=\"2561\">material libre de hal\u00f3genos<\/strong>, sigue la <strong data-start=\"2571\" data-end=\"2593\">l\u00f3gica de materiales FDA<\/strong>, <strong>GRS<\/strong> y cuenta con <strong data-start=\"2602\" data-end=\"2617\">aprobaci\u00f3n FM<\/strong>, en l\u00ednea con <strong data-start=\"2633\" data-end=\"2669\">las normas de fabricaci\u00f3n ISO 9001<\/strong>, ayudando a <strong data-start=\"2683\" data-end=\"2755\">cumplir requisitos de seguridad, seguros y conformidad con mayor facilidad<\/strong>.<\/p>\n<p>&nbsp;<\/p>\n<p>&nbsp;<\/p>\n<p><img decoding=\"async\" class=\"alignnone wp-image-14956 size-full\" src=\"https:\/\/cnplasticpallets.com\/wp-content\/uploads\/2025\/12\/Recycled-Plastic-Pallets-1200-\u00d7-800-mm.png\" alt=\"paletas de pl\u00e1stico reciclado de 1200 \u00d7 800 mm\" width=\"800\" height=\"600\" srcset=\"https:\/\/cnplasticpallets.com\/wp-content\/uploads\/2025\/12\/Recycled-Plastic-Pallets-1200-\u00d7-800-mm.png 800w, https:\/\/cnplasticpallets.com\/wp-content\/uploads\/2025\/12\/Recycled-Plastic-Pallets-1200-\u00d7-800-mm-300x225.png 300w, https:\/\/cnplasticpallets.com\/wp-content\/uploads\/2025\/12\/Recycled-Plastic-Pallets-1200-\u00d7-800-mm-768x576.png 768w, https:\/\/cnplasticpallets.com\/wp-content\/uploads\/2025\/12\/Recycled-Plastic-Pallets-1200-\u00d7-800-mm-16x12.png 16w, https:\/\/cnplasticpallets.com\/wp-content\/uploads\/2025\/12\/Recycled-Plastic-Pallets-1200-\u00d7-800-mm-600x450.png 600w\" sizes=\"(max-width: 800px) 100vw, 800px\" \/><\/p>\n<h2>Aplicaciones<\/h2>\n<p class=\"translation-block\">Este <strong data-start=\"61\" data-end=\"102\">palet de pl\u00e1stico reciclado de 1200 \u00d7 800 mm<\/strong> est\u00e1 dise\u00f1ado para <strong data-start=\"119\" data-end=\"170\">alimentos, productos farmac\u00e9uticos y otras mercanc\u00edas sensibles<\/strong>, manteni\u00e9ndose totalmente adecuado para <strong data-start=\"207\" data-end=\"233\">uso industrial general<\/strong> y <strong data-start=\"238\" data-end=\"276\">sistemas est\u00e1ndar de manipulaci\u00f3n europeos<\/strong>.<\/p>","protected":false},"excerpt":{"rendered":"<p class=\"translation-block\">Fabricamos <strong data-start=\"15\" data-end=\"48\">palets de pl\u00e1stico reciclado de HDPE<\/strong> con estructura de una sola pieza, sin soldaduras ni uniones, y con nervaduras de refuerzo para un uso repetido en operaciones reales. Fabricados en nuestra planta de China con <strong data-start=\"187\" data-end=\"213\">material 100% reciclado<\/strong>, son limpios, sin olor, visualmente uniformes y est\u00e1n disponibles en varios colores, con aditivos opcionales de resistencia al fr\u00edo y antienvejecimiento seg\u00fan la aplicaci\u00f3n. Funcionan sin problemas con apiladores, carretillas elevadoras y transpaletas, cumplen con los requisitos ISO y GRS y pueden reciclarse nuevamente al final de su vida \u00fatil, ofreciendo <strong data-start=\"528\" data-end=\"572\">una ventaja clara de costo frente a los palets de material virgen<\/strong>. Ofrecemos personalizaci\u00f3n, muestras gratuitas y una garant\u00eda de 3 a\u00f1os en <strong data-start=\"637\" data-end=\"674\">palets de pl\u00e1stico reciclado en venta<\/strong>.<\/p>","protected":false},"featured_media":14957,"comment_status":"open","ping_status":"closed","template":"","meta":{"_seopress_robots_primary_cat":"none","_seopress_titles_title":"Recycled Plastic Pallets | 1200 \u00d7 800 mm - Shipping Pallets","_seopress_titles_desc":"Recycled plastic pallets from a China factory, one-piece molded, reusable, ISO & GRS compliant, cost-efficient for EU and industrial logistics.","_seopress_robots_index":"","_angie_page":false},"product_brand":[],"product_cat":[83,374,84],"product_tag":[],"class_list":{"0":"post-14953","1":"product","2":"type-product","3":"status-publish","4":"has-post-thumbnail","6":"product_cat-all-product","7":"product_cat-export-pallet","8":"product_cat-plastic-pallets","10":"first","11":"instock","12":"shipping-taxable","13":"product-type-simple"},"_links":{"self":[{"href":"https:\/\/cnplasticpallets.com\/es\/wp-json\/wp\/v2\/product\/14953","targetHints":{"allow":["GET"]}}],"collection":[{"href":"https:\/\/cnplasticpallets.com\/es\/wp-json\/wp\/v2\/product"}],"about":[{"href":"https:\/\/cnplasticpallets.com\/es\/wp-json\/wp\/v2\/types\/product"}],"replies":[{"embeddable":true,"href":"https:\/\/cnplasticpallets.com\/es\/wp-json\/wp\/v2\/comments?post=14953"}],"wp:featuredmedia":[{"embeddable":true,"href":"https:\/\/cnplasticpallets.com\/es\/wp-json\/wp\/v2\/media\/14957"}],"wp:attachment":[{"href":"https:\/\/cnplasticpallets.com\/es\/wp-json\/wp\/v2\/media?parent=14953"}],"wp:term":[{"taxonomy":"product_brand","embeddable":true,"href":"https:\/\/cnplasticpallets.com\/es\/wp-json\/wp\/v2\/product_brand?post=14953"},{"taxonomy":"product_cat","embeddable":true,"href":"https:\/\/cnplasticpallets.com\/es\/wp-json\/wp\/v2\/product_cat?post=14953"},{"taxonomy":"product_tag","embeddable":true,"href":"https:\/\/cnplasticpallets.com\/es\/wp-json\/wp\/v2\/product_tag?post=14953"}],"curies":[{"name":"wp","href":"https:\/\/api.w.org\/{rel}","templated":true}]}}