{"id":14934,"date":"2025-12-11T13:39:54","date_gmt":"2025-12-11T05:39:54","guid":{"rendered":"https:\/\/cnplasticpallets.com\/?post_type=product&#038;p=14934"},"modified":"2025-12-11T13:39:54","modified_gmt":"2025-12-11T05:39:54","slug":"plastic-pallets-for-automation","status":"publish","type":"product","link":"https:\/\/cnplasticpallets.com\/es\/product\/plastic-pallets\/rackable-plastic-pallet\/plastic-pallets-for-automation\/","title":{"rendered":"Palets de Pl\u00e1stico para Automatizaci\u00f3n"},"content":{"rendered":"<h2>Especificaciones del producto<\/h2>\n<table dir=\"ltr\" border=\"1\" cellspacing=\"0\" cellpadding=\"0\" data-sheets-root=\"1\" data-sheets-baot=\"1\">\n<colgroup>\n<col width=\"160\" \/>\n<col width=\"259\" \/><\/colgroup>\n<tbody>\n<tr>\n<td>Modelo<\/td>\n<td>Y1210WHZ<\/td>\n<\/tr>\n<tr>\n<td>Materiales<\/td>\n<td>Polietileno de Alta Densidad (HDPE)<\/td>\n<\/tr>\n<tr>\n<td>Dimensiones (L\u00d7A\u00d7H mm)<\/td>\n<td>1200 mm \u00d7 1000 mm \u00d7 165 mm, Personalizado<\/td>\n<\/tr>\n<tr>\n<td>Procesos<\/td>\n<td>Moldeo por Inyecci\u00f3n<\/td>\n<\/tr>\n<tr>\n<td>Peso<\/td>\n<td>13.8 kg<\/td>\n<\/tr>\n<tr>\n<td>Barras de Refuerzo<\/td>\n<td>10 barras (12 kg)<\/td>\n<\/tr>\n<tr>\n<td>Base<\/td>\n<td>3 Patines<\/td>\n<\/tr>\n<tr>\n<td>Cubierta Superior<\/td>\n<td>Cubierta Ventilada<\/td>\n<\/tr>\n<tr>\n<td>Montacargas<\/td>\n<td>Entrada por 4 lados<\/td>\n<\/tr>\n<tr>\n<td>Transpaleta<\/td>\n<td>Entrada por 4 lados<\/td>\n<\/tr>\n<tr>\n<td>Higi\u00e9nico<\/td>\n<td>S\u00ed<\/td>\n<\/tr>\n<tr>\n<td>Apto para estanter\u00edas<\/td>\n<td>S\u00ed<\/td>\n<\/tr>\n<tr>\n<td>Apilable<\/td>\n<td>S\u00ed<\/td>\n<\/tr>\n<tr>\n<td>Reutilizable<\/td>\n<td>S\u00ed<\/td>\n<\/tr>\n<tr>\n<td>Logotipo \/ Impresi\u00f3n<\/td>\n<td>S\u00ed<\/td>\n<\/tr>\n<tr>\n<td>Capacidad Est\u00e1tica<\/td>\n<td>6000 kg (reforzado)<\/td>\n<\/tr>\n<tr>\n<td>Capacidad Din\u00e1mica<\/td>\n<td>1500 kg (reforzado)<\/td>\n<\/tr>\n<tr>\n<td>Capacidad en estanter\u00eda<\/td>\n<td>1000kg(reforzado)<\/td>\n<\/tr>\n<tr>\n<td>Temperatura de uso<\/td>\n<td>-30\u2103 a 40\u2103<\/td>\n<\/tr>\n<tr>\n<td>Color<\/td>\n<td>Azul, Negro, Gris, Blanco, Personalizado<\/td>\n<\/tr>\n<tr>\n<td>Cantidad en 40HC<\/td>\n<td>480 piezas<\/td>\n<\/tr>\n<\/tbody>\n<\/table>\n<h2>Caracter\u00edsticas del producto<\/h2>\n<div class=\"features-section\" style=\"display: flex; gap: 40px; line-height: 1.6;\">\n<p><!-- Left Column --><\/p>\n<div class=\"features-left\" style=\"flex: 1;\">\n<p class=\"translation-block\"><strong>Seguimiento fiable desde el primer d\u00eda:<\/strong> Cada palet para almacenes automatizados puede incorporar etiquetas RFID HF o UHF, garantizando lecturas estables en shuttles, transportadores y transelevadores durante ciclos de alta rotaci\u00f3n.<\/p>\n<p class=\"translation-block\"><strong>C\u00f3digos siempre legibles:<\/strong> Secci\u00f3n mate y resistente a UV para etiquetas sin reflejo, manteniendo la precisi\u00f3n del escaneo incluso con iluminaci\u00f3n intensa o limpieza frecuente.<\/p>\n<p class=\"translation-block\"><strong>Mayor estabilidad donde importa:<\/strong> Las almohadillas o tiras antideslizantes pueden integrarse en la plataforma superior, inferior o en los patines para mantener las cargas estables durante aceleraciones, frenadas y elevaciones en l\u00edneas automatizadas.<\/p>\n<p class=\"translation-block\"><strong>Bordes m\u00e1s seguros para sus mercanc\u00edas:<\/strong> El Safety Edge opcional reduce el deslizamiento de cajas, contenedores y bandejas, a\u00f1adiendo protecci\u00f3n en el transporte y en transiciones de transportadores.<\/p>\n<p class=\"translation-block\"><strong>Manipulaci\u00f3n 4-way real:<\/strong> Compatible con montacargas y transpaletas desde cualquier direcci\u00f3n, ideal para pasillos densos y muelles de alta rotaci\u00f3n.<\/p>\n<p class=\"translation-block\"><strong>Resistencia dise\u00f1ada para AS\/RS:<\/strong> Opciones de refuerzo con cuatro o m\u00e1s tubos de acero reducen la flexi\u00f3n en estanter\u00edas de gran altura y almacenamientos de gran luz, ofreciendo estabilidad que su automatizaci\u00f3n puede confiar.<\/p>\n<\/div>\n<p><!-- Right Column --><\/p>\n<div class=\"features-right\" style=\"flex: 1;\">\n<p class=\"translation-block\"><strong>Codificaci\u00f3n por colores simplificada:<\/strong> Zonas de color personalizadas ayudan a segmentar SKUs, niveles de higiene o \u00e1reas de trabajo sin complicar la operaci\u00f3n diaria.<\/p>\n<p class=\"translation-block\"><strong>Opciones detectables:<\/strong> Materiales detectables por metal disponibles para instalaciones con estrictos controles de cuerpos extra\u00f1os, compatibles con alimentos, bebidas y farmac\u00e9utica.<\/p>\n<p class=\"translation-block\"><strong>Preparado para cualquier entorno:<\/strong> Aditivos antiest\u00e1ticos, conductivos, resistentes a bajas temperaturas o estabilizados UV pueden adaptarse a sus requisitos de almacenamiento, producci\u00f3n o cadena de fr\u00edo.<\/p>\n<p class=\"translation-block\"><strong>Entrada m\u00e1s suave a transportadores:<\/strong> El bisel inferior dedicado permite que el palet entre en rodillos o cadenas sin golpes ni rebotes, reduciendo paradas y fallos de sensores.<\/p>\n<p class=\"translation-block\"><strong>Alineaci\u00f3n guiada en cada entrada:<\/strong> Los bordes perimetrales biselados evitan interferencias y ayudan al palet a autoalinearse con transportadores, elevadores y sistemas shuttle, logrando un flujo m\u00e1s limpio y silencioso.<\/p>\n<\/div>\n<\/div>\n<h2><img fetchpriority=\"high\" decoding=\"async\" class=\"alignnone wp-image-14940 size-full\" src=\"https:\/\/cnplasticpallets.com\/wp-content\/uploads\/2025\/12\/Plastic-Pallets-for-Automation.png\" alt=\"pallets de pl\u00e1stico para automatizaci\u00f3n\" width=\"800\" height=\"600\" srcset=\"https:\/\/cnplasticpallets.com\/wp-content\/uploads\/2025\/12\/Plastic-Pallets-for-Automation.png 800w, https:\/\/cnplasticpallets.com\/wp-content\/uploads\/2025\/12\/Plastic-Pallets-for-Automation-300x225.png 300w, https:\/\/cnplasticpallets.com\/wp-content\/uploads\/2025\/12\/Plastic-Pallets-for-Automation-768x576.png 768w, https:\/\/cnplasticpallets.com\/wp-content\/uploads\/2025\/12\/Plastic-Pallets-for-Automation-16x12.png 16w, https:\/\/cnplasticpallets.com\/wp-content\/uploads\/2025\/12\/Plastic-Pallets-for-Automation-600x450.png 600w\" sizes=\"(max-width: 800px) 100vw, 800px\" \/><\/h2>\n<p>&nbsp;<\/p>\n<p class=\"translation-block\">M\u00e1s all\u00e1 del tama\u00f1o est\u00e1ndar de <strong data-start=\"192\" data-end=\"216\">1200 \u00d7 1000 \u00d7 150 mm<\/strong>, tambi\u00e9n ofrecemos formatos adaptados a sistemas regionales e industriales. Nuestro palet rackeable de <strong data-start=\"304\" data-end=\"327\">1200 \u00d7 800 \u00d7 150 mm<\/strong> cumple con las necesidades de alimentos y farmac\u00e9utica, mientras que la versi\u00f3n <strong data-start=\"399\" data-end=\"423\">1100 \u00d7 1100 \u00d7 150 mm<\/strong> se alinea con los requisitos de Jap\u00f3n y Asia en cadena de fr\u00edo. Si necesita otras dimensiones para su l\u00ednea automatizada o red de distribuci\u00f3n, cont\u00e1ctenos y prepararemos una cotizaci\u00f3n seg\u00fan su configuraci\u00f3n exacta.<\/p>\n<h2>Aplicaciones del Producto<\/h2>\n<p class=\"translation-block\"><span style=\"font-weight: 400\">Nuestro palet para automatizaci\u00f3n est\u00e1 dise\u00f1ado para estabilidad, repetibilidad y flujo suave en transportadores, y la <\/span><b>1200 \u00d7 1000 \u00d7 165 mm<\/b><span style=\"font-weight: 400\"> encaja perfectamente con los sistemas automatizados europeos y operaciones AS\/RS de alto rendimiento en industrias como:<\/span><\/p>\n<ul>\n<li style=\"font-weight: 400;\" aria-level=\"1\"><span style=\"font-weight: 400;\">Almacenes automatizados de alimentos y bebidas<\/span><\/li>\n<li style=\"font-weight: 400;\" aria-level=\"1\"><span style=\"font-weight: 400;\">AS\/RS farmac\u00e9utico y sanitario<\/span><\/li>\n<li style=\"font-weight: 400;\" aria-level=\"1\"><span style=\"font-weight: 400;\">Automatizaci\u00f3n de cadena de fr\u00edo y t\u00faneles\/shuttle<\/span><\/li>\n<li style=\"font-weight: 400;\" aria-level=\"1\"><span style=\"font-weight: 400;\">Automatizaci\u00f3n para FMCG y retail<\/span><\/li>\n<li style=\"font-weight: 400;\" aria-level=\"1\"><span style=\"font-weight: 400;\">Centros de e-commerce con l\u00edneas de transportadores y shuttle<\/span><\/li>\n<li style=\"font-weight: 400;\" aria-level=\"1\"><span style=\"font-weight: 400;\">Almacenamiento automatizado qu\u00edmico e ingredientes<\/span><\/li>\n<li style=\"font-weight: 400;\" aria-level=\"1\"><span style=\"font-weight: 400;\">Secuenciaci\u00f3n automatizada de componentes automotrices<\/span><\/li>\n<li style=\"font-weight: 400;\" aria-level=\"1\"><span style=\"font-weight: 400;\">Automatizaci\u00f3n log\u00edstica electr\u00f3nica y semiconductores<\/span><\/li>\n<\/ul>\n<p><b>Aplicaciones Ampliadas<\/b><\/p>\n<p class=\"translation-block\"><span style=\"font-weight: 400\">M\u00e1s all\u00e1 de la automatizaci\u00f3n, <\/span><b>nuestros patines reforzados, ventilaci\u00f3n abierta y manipulaci\u00f3n 4-way ofrecen la durabilidad, limpieza y larga vida \u00fatil necesarias para almacenes convencionales. <\/b><span style=\"font-weight: 400\">Con estas capacidades, los palets pl\u00e1sticos para automatizaci\u00f3n funcionan de manera fiable en sectores como:<\/span><\/p>\n<ul>\n<li style=\"font-weight: 400;\" aria-level=\"1\"><span style=\"font-weight: 400;\">Procesamiento y envasado de alimentos<\/span><\/li>\n<li style=\"font-weight: 400;\" aria-level=\"1\"><span style=\"font-weight: 400;\">Log\u00edstica de productos frescos<\/span><\/li>\n<li style=\"font-weight: 400;\" aria-level=\"1\"><span style=\"font-weight: 400;\">Manejo de carne, aves y mariscos<\/span><\/li>\n<li style=\"font-weight: 400;\" aria-level=\"1\"><span style=\"font-weight: 400;\">Embotellado y enlatado de bebidas<\/span><\/li>\n<li style=\"font-weight: 400;\" aria-level=\"1\"><span style=\"font-weight: 400;\">Manufactura industrial y almacenamiento de componentes<\/span><\/li>\n<li style=\"font-weight: 400;\" aria-level=\"1\"><span style=\"font-weight: 400;\">Insumos agr\u00edcolas y plantas de piensos<\/span><\/li>\n<li style=\"font-weight: 400;\" aria-level=\"1\"><span style=\"font-weight: 400;\">Impresi\u00f3n, empaques y productos de papel<\/span><\/li>\n<li style=\"font-weight: 400;\" aria-level=\"1\"><span style=\"font-weight: 400;\">Log\u00edstica de exportaci\u00f3n y transporte de larga distancia<\/span><\/li>\n<\/ul>","protected":false},"excerpt":{"rendered":"<p class=\"translation-block\">Nuestro palet de HDPE de <strong>1200 \u00d7 1000 \u00d7 165 mm<\/strong> est\u00e1 fabricado mediante <strong>moldeo por inyecci\u00f3n monobloque<\/strong> con precisi\u00f3n de <strong>\u00b12 mm<\/strong>, dando a la estructura la consistencia que exigen los sistemas automatizados. La disposici\u00f3n de la base y la geometr\u00eda de entrada de horquillas cumplen los est\u00e1ndares de Palets de Pl\u00e1stico para <strong>Automatizaci\u00f3n<\/strong>, garantizando un manejo fluido como Palet Rackeable en <strong>AS\/RS<\/strong>, l\u00edneas shuttle y almacenamiento en estanter\u00edas de gran altura. Con <strong>entrada 4-way<\/strong> para pasillos estrechos y capacidad en rack de 1T, el palet soporta operaciones exigentes, con mayores capacidades de carga est\u00e1tica disponibles bajo solicitud.<\/p>","protected":false},"featured_media":14941,"comment_status":"open","ping_status":"closed","template":"","meta":{"_seopress_robots_primary_cat":"none","_seopress_titles_title":"Plastic Pallets for Automation | Rackable Pallet","_seopress_titles_desc":"Reliable 3-runner vented pallet for automation, offering strong load support, easy upkeep, smooth 4-way entry, and steady output of 100,000+ units.","_seopress_robots_index":"","_angie_page":false},"product_brand":[],"product_cat":[83,84,92],"product_tag":[],"class_list":{"0":"post-14934","1":"product","2":"type-product","3":"status-publish","4":"has-post-thumbnail","6":"product_cat-all-product","7":"product_cat-plastic-pallets","8":"product_cat-rackable-plastic-pallet","10":"first","11":"instock","12":"shipping-taxable","13":"product-type-simple"},"_links":{"self":[{"href":"https:\/\/cnplasticpallets.com\/es\/wp-json\/wp\/v2\/product\/14934","targetHints":{"allow":["GET"]}}],"collection":[{"href":"https:\/\/cnplasticpallets.com\/es\/wp-json\/wp\/v2\/product"}],"about":[{"href":"https:\/\/cnplasticpallets.com\/es\/wp-json\/wp\/v2\/types\/product"}],"replies":[{"embeddable":true,"href":"https:\/\/cnplasticpallets.com\/es\/wp-json\/wp\/v2\/comments?post=14934"}],"wp:featuredmedia":[{"embeddable":true,"href":"https:\/\/cnplasticpallets.com\/es\/wp-json\/wp\/v2\/media\/14941"}],"wp:attachment":[{"href":"https:\/\/cnplasticpallets.com\/es\/wp-json\/wp\/v2\/media?parent=14934"}],"wp:term":[{"taxonomy":"product_brand","embeddable":true,"href":"https:\/\/cnplasticpallets.com\/es\/wp-json\/wp\/v2\/product_brand?post=14934"},{"taxonomy":"product_cat","embeddable":true,"href":"https:\/\/cnplasticpallets.com\/es\/wp-json\/wp\/v2\/product_cat?post=14934"},{"taxonomy":"product_tag","embeddable":true,"href":"https:\/\/cnplasticpallets.com\/es\/wp-json\/wp\/v2\/product_tag?post=14934"}],"curies":[{"name":"wp","href":"https:\/\/api.w.org\/{rel}","templated":true}]}}