{"id":14914,"date":"2025-12-09T16:57:23","date_gmt":"2025-12-09T08:57:23","guid":{"rendered":"https:\/\/cnplasticpallets.com\/?post_type=product&#038;p=14914"},"modified":"2026-03-11T18:03:28","modified_gmt":"2026-03-11T10:03:28","slug":"flat-top-surface-plastic-pallets","status":"publish","type":"product","link":"https:\/\/cnplasticpallets.com\/es\/product\/plastic-pallets\/hygienic-plastic-pallet\/flat-top-surface-plastic-pallets\/","title":{"rendered":"Palet Higi\u00e9nico 1200 \u00d7 1000 \u2013 Superficie Superior Plana | H1210PHK"},"content":{"rendered":"<h2>Especificaciones del producto<\/h2>\n<table dir=\"ltr\" border=\"1\" cellspacing=\"0\" cellpadding=\"0\" data-sheets-root=\"1\" data-sheets-baot=\"1\">\n<colgroup>\n<col width=\"160\" \/>\n<col width=\"259\" \/><\/colgroup>\n<tbody>\n<tr>\n<td>Modelo<\/td>\n<td>H1210PHK<\/td>\n<\/tr>\n<tr>\n<td>Materiales<\/td>\n<td>Polietileno de Alta Densidad (HDPE)<\/td>\n<\/tr>\n<tr>\n<td>Dimensiones (L\u00d7A\u00d7H mm)<\/td>\n<td>1200 mm \u00d7 1000 mm \u00d7 165 mm, Personalizado<\/td>\n<\/tr>\n<tr>\n<td>Procesos<\/td>\n<td>Moldeo por Inyecci\u00f3n + Soldadura<\/td>\n<\/tr>\n<tr>\n<td>Peso<\/td>\n<td>18.0kg<\/td>\n<\/tr>\n<tr>\n<td>Barras de Refuerzo<\/td>\n<td>9 barras (11 kg)<\/td>\n<\/tr>\n<tr>\n<td>Base<\/td>\n<td>3 Patines<\/td>\n<\/tr>\n<tr>\n<td>Cubierta Superior<\/td>\n<td>Cubierta Plana S\u00f3lida<\/td>\n<\/tr>\n<tr>\n<td>Montacargas<\/td>\n<td>Entrada por 4 lados<\/td>\n<\/tr>\n<tr>\n<td>Transpaleta<\/td>\n<td>Entrada por 4 lados<\/td>\n<\/tr>\n<tr>\n<td>Higi\u00e9nico<\/td>\n<td>S\u00ed<\/td>\n<\/tr>\n<tr>\n<td>Apto para estanter\u00edas<\/td>\n<td>S\u00ed<\/td>\n<\/tr>\n<tr>\n<td>Apilable<\/td>\n<td>S\u00ed<\/td>\n<\/tr>\n<tr>\n<td>Reutilizable<\/td>\n<td>S\u00ed<\/td>\n<\/tr>\n<tr>\n<td>Logotipo \/ Impresi\u00f3n<\/td>\n<td>S\u00ed<\/td>\n<\/tr>\n<tr>\n<td>Capacidad Est\u00e1tica<\/td>\n<td>6000 kg (reforzado)<\/td>\n<\/tr>\n<tr>\n<td>Capacidad Din\u00e1mica<\/td>\n<td>1500 kg (reforzado)<\/td>\n<\/tr>\n<tr>\n<td>Capacidad en estanter\u00eda<\/td>\n<td>1000kg(reforzado)<\/td>\n<\/tr>\n<tr>\n<td>Temperatura de uso<\/td>\n<td>-30\u2103 a 70\u2103<\/td>\n<\/tr>\n<tr>\n<td>Color<\/td>\n<td>Azul, Negro, Gris, Personalizado<\/td>\n<\/tr>\n<tr>\n<td>Cantidad en 40HC<\/td>\n<td>464 piezas<\/td>\n<\/tr>\n<\/tbody>\n<\/table>\n<p><iframe title=\"Paleta de Pl\u00e1stico Higi\u00e9nica con HDPE de Grado Alimentario\" width=\"800\" height=\"450\" src=\"https:\/\/www.youtube.com\/embed\/S-Gj-dCdgTI?feature=oembed\" frameborder=\"0\" allow=\"accelerometer; autoplay; clipboard-write; encrypted-media; gyroscope; picture-in-picture; web-share\" referrerpolicy=\"strict-origin-when-cross-origin\" allowfullscreen><\/iframe><\/p>\n<h2>Caracter\u00edsticas del producto<\/h2>\n<div style=\"display: flex; gap: 30px;\">\n<p><!-- Left Column --><\/p>\n<ul style=\"flex: 1; list-style: disc; padding-left: 20px;\">\n<li class=\"translation-block\">Fabricamos este palet de superficie plana con una plataforma completamente sellada para evitar polvo, humedad y residuos, ofreci\u00e9ndole <strong>una superficie higi\u00e9nica y f\u00e1cil de lavar<\/strong>.<\/li>\n<li class=\"translation-block\">La superficie incluye canales empotrados para tiras antideslizantes, lo que evita deslizamientos en cajas, bidones y sacos, ofreciendo <strong>mayor seguridad de carga<\/strong>.<\/li>\n<li class=\"translation-block\">Nuestros palets pl\u00e1sticos planos utilizan una base de tres patines con canales de acero internos, proporcionando <strong>mejor rendimiento en racks sin metal expuesto<\/strong>.<\/li>\n<li class=\"translation-block\">Las zonas de entrada para horquillas siguen un dise\u00f1o de rampa suave que permite <strong>acoplamiento m\u00e1s fluido con la horquilla<\/strong>.<\/li>\n<li class=\"translation-block\">Los bolsillos de horquilla amplios y profundos ayudan a cargar m\u00e1s r\u00e1pido, ofreciendo <strong>mayor eficiencia de manejo<\/strong>.<\/li>\n<li class=\"translation-block\">Incorporamos almohadillas antideslizantes en la base para lograr <strong>apilado m\u00e1s estable en posici\u00f3n normal o invertida<\/strong>.<\/li>\n<\/ul>\n<p><!-- Right Column --><\/p>\n<ul style=\"flex: 1; list-style: disc; padding-left: 20px;\">\n<li class=\"translation-block\">El per\u00edmetro redondeado protege los embalajes flexibles y garantiza <strong>manipulaci\u00f3n m\u00e1s segura para cargas embolsadas<\/strong>.<\/li>\n<li class=\"translation-block\">La estructura inferior distribuye el peso de forma uniforme, logrando <strong>mayor estabilidad en racks y transportadores<\/strong>.<\/li>\n<li class=\"translation-block\">Los patines cerrados evitan la acumulaci\u00f3n de humedad, manteniendo el palet <strong>fiable en c\u00e1maras fr\u00edas y zonas h\u00famedas<\/strong>.<\/li>\n<li class=\"translation-block\">El acabado soldado e inyectado y su superficie lisa permiten <strong>r\u00e1pido retorno al servicio despu\u00e9s del lavado<\/strong>.<\/li>\n<li class=\"translation-block\">Las paredes laterales rectas mejoran la compatibilidad con transportadores para <strong>flujo constante en l\u00edneas automatizadas<\/strong>.<\/li>\n<li class=\"translation-block\">La base texturizada aumenta la fricci\u00f3n con el suelo, brindando <strong>carga m\u00e1s segura en pisos lisos<\/strong>.<\/li>\n<\/ul>\n<\/div>\n<h2 data-start=\"228\" data-end=\"272\"><strong data-start=\"230\" data-end=\"272\">Preguntas Frecuentes<\/strong><\/h2>\n<p data-start=\"274\" data-end=\"529\"><strong data-start=\"274\" data-end=\"348\">P1: \u00bfQu\u00e9 opciones de personalizaci\u00f3n puedo a\u00f1adir a este palet de superficie lisa?<\/strong><\/p>\n<p data-start=\"274\" data-end=\"529\" class=\"translation-block\"><strong>A1:<\/strong> Puede elegir <strong data-start=\"366\" data-end=\"482\">etiquetas RFID, c\u00f3digos QR, c\u00f3digos de barras, su logotipo, colores personalizados y diferentes cantidades de almohadillas antideslizantes<\/strong> seg\u00fan su flujo de trabajo y necesidades de trazabilidad.<\/p>\n<p data-start=\"531\" data-end=\"932\"><strong data-start=\"531\" data-end=\"596\">P1: \u00bfCu\u00e1l es la diferencia entre los palets pl\u00e1sticos lisos y los de rejilla?<\/strong><\/p>\n<p data-start=\"531\" data-end=\"932\" class=\"translation-block\"><strong>A1:<\/strong> La diferencia principal es la superficie. <strong data-start=\"635\" data-end=\"677\">Los palets pl\u00e1sticos lisos tienen una plataforma s\u00f3lida<\/strong>, lo que los hace higi\u00e9nicos y adecuados para l\u00edneas m\u00e9dicas, farmac\u00e9uticas y de producci\u00f3n limpia. <strong data-start=\"775\" data-end=\"826\">Los palets de rejilla utilizan una superficie ventilada<\/strong>, ideales para agricultura, procesamiento de alimentos y operaciones que dependen del flujo de aire.<\/p>\n<p data-start=\"934\" data-end=\"1237\"><strong data-start=\"934\" data-end=\"996\">P1: \u00bfCu\u00e1nto tiempo puede utilizarse este palet de superficie lisa?<\/strong><\/p>\n<p data-start=\"934\" data-end=\"1237\" class=\"translation-block\"><strong>A1:<\/strong> Muchos clientes nos dicen que sus palets lisos duran <strong data-start=\"1048\" data-end=\"1067\">hasta diez a\u00f1os<\/strong>, pero la vida \u00fatil real depende del entorno y de las pr\u00e1cticas de manejo. Puede consultar nuestra Gu\u00eda de Vida \u00datil del Palet para recomendaciones pr\u00e1cticas.<\/p>\n<p data-start=\"1239\" data-end=\"1492\"><strong data-start=\"1239\" data-end=\"1298\">P1: \u00bfPuede limpiarse este palet con una hidrolavadora de alta presi\u00f3n?<\/strong><\/p>\n<p data-start=\"1239\" data-end=\"1492\" class=\"translation-block\"><strong>A1:<\/strong> S\u00ed, totalmente. El cuerpo sellado de HDPE soporta <strong data-start=\"1347\" data-end=\"1397\">limpieza a alta presi\u00f3n sin absorber agua<\/strong>, evitando hinchaz\u00f3n, grietas o contaminaci\u00f3n, problemas habituales en los palets de madera.<\/p>\n<p data-start=\"1494\" data-end=\"1756\"><strong data-start=\"1494\" data-end=\"1544\">P1: \u00bfQu\u00e9 tipo de mercanc\u00eda puedo cargar en este palet?<\/strong><\/p>\n<p data-start=\"1494\" data-end=\"1756\" class=\"translation-block\"><strong>A1:<\/strong> Este palet funciona muy bien con <strong data-start=\"1575\" data-end=\"1621\">big bags, cajas y la mayor\u00eda de productos envasados<\/strong>, siempre que se apilen correctamente. Tambi\u00e9n puede revisar nuestra gu\u00eda \u00bfCu\u00e1ntas cajas caben en un palet? para recomendaciones pr\u00e1cticas de apilado.<\/p>","protected":false},"excerpt":{"rendered":"<p class=\"translation-block\">La gama de palets higi\u00e9nicos de cubierta s\u00f3lida de <strong>Enlightening Pallet<\/strong> est\u00e1 dise\u00f1ada para satisfacer las estrictas exigencias de las cadenas de suministro de alimentos, bebidas y productos farmac\u00e9uticos. Con cubierta cerrada, superficie de f\u00e1cil limpieza y fabricados bajo los est\u00e1ndares de cumplimiento <strong>ISO 9001<\/strong> y <strong>FDA<\/strong>, estos palets son de confianza para operadores B2B de todo el mundo que requieren una manipulaci\u00f3n de materiales libre de contaminaci\u00f3n. Enlightening Pallet aporta 26 a\u00f1os de experiencia en fabricaci\u00f3n de palets de pl\u00e1stico a cada producto de esta gama.<\/p>","protected":false},"featured_media":14917,"comment_status":"open","ping_status":"closed","template":"","meta":{"_seopress_robots_primary_cat":"none","_seopress_titles_title":"Food-Grade Solid Top Plastic Pallets | 1200\u00d71000mm | B2B Manufacturer","_seopress_titles_desc":"Closed deck & solid top plastic pallets for hygienic warehousing. Food-grade, easy-clean surface. ISO 9001 certified manufacturer. Explore our full range.","_seopress_robots_index":"","_angie_page":false},"product_brand":[],"product_cat":[83,90,84],"product_tag":[],"class_list":{"0":"post-14914","1":"product","2":"type-product","3":"status-publish","4":"has-post-thumbnail","6":"product_cat-all-product","7":"product_cat-hygienic-plastic-pallet","8":"product_cat-plastic-pallets","10":"first","11":"instock","12":"shipping-taxable","13":"product-type-simple"},"_links":{"self":[{"href":"https:\/\/cnplasticpallets.com\/es\/wp-json\/wp\/v2\/product\/14914","targetHints":{"allow":["GET"]}}],"collection":[{"href":"https:\/\/cnplasticpallets.com\/es\/wp-json\/wp\/v2\/product"}],"about":[{"href":"https:\/\/cnplasticpallets.com\/es\/wp-json\/wp\/v2\/types\/product"}],"replies":[{"embeddable":true,"href":"https:\/\/cnplasticpallets.com\/es\/wp-json\/wp\/v2\/comments?post=14914"}],"wp:featuredmedia":[{"embeddable":true,"href":"https:\/\/cnplasticpallets.com\/es\/wp-json\/wp\/v2\/media\/14917"}],"wp:attachment":[{"href":"https:\/\/cnplasticpallets.com\/es\/wp-json\/wp\/v2\/media?parent=14914"}],"wp:term":[{"taxonomy":"product_brand","embeddable":true,"href":"https:\/\/cnplasticpallets.com\/es\/wp-json\/wp\/v2\/product_brand?post=14914"},{"taxonomy":"product_cat","embeddable":true,"href":"https:\/\/cnplasticpallets.com\/es\/wp-json\/wp\/v2\/product_cat?post=14914"},{"taxonomy":"product_tag","embeddable":true,"href":"https:\/\/cnplasticpallets.com\/es\/wp-json\/wp\/v2\/product_tag?post=14914"}],"curies":[{"name":"wp","href":"https:\/\/api.w.org\/{rel}","templated":true}]}}