{"id":14881,"date":"2025-12-08T10:00:49","date_gmt":"2025-12-08T02:00:49","guid":{"rendered":"https:\/\/cnplasticpallets.com\/?post_type=product&#038;p=14881"},"modified":"2025-12-08T10:02:37","modified_gmt":"2025-12-08T02:02:37","slug":"china-rackable-plastic-pallet","status":"publish","type":"product","link":"https:\/\/cnplasticpallets.com\/es\/product\/plastic-pallets\/rackable-plastic-pallet\/china-rackable-plastic-pallet\/","title":{"rendered":"Palet de Pl\u00e1stico Rastreable de China"},"content":{"rendered":"<p class=\"translation-block\"><strong>Enlightening Pallet<\/strong>, con m\u00e1s de <strong data-start=\"644\" data-end=\"698\">25 a\u00f1os de experiencia en la fabricaci\u00f3n de palets pl\u00e1sticos<\/strong>, l\u00edneas avanzadas de inyecci\u00f3n y alta capacidad de producci\u00f3n, ofrece calidad comprobada con precios competitivos de f\u00e1brica. Por eso nuestros clientes de m\u00faltiples industrias nos consideran uno de los <a href=\"https:\/\/cnplasticpallets.com\/es\/product-category\/plastic-pallets\/rackable-plastic-pallet\/\" target=\"_self\"><strong data-start=\"909\" data-end=\"972\">fabricantes de palets pl\u00e1sticos rastreables m\u00e1s confiables de China<\/strong><\/a>.<\/p>\n<h2>Especificaciones del producto<\/h2>\n<table dir=\"ltr\" border=\"1\" cellspacing=\"0\" cellpadding=\"0\" data-sheets-root=\"1\" data-sheets-baot=\"1\">\n<colgroup>\n<col width=\"185\" \/>\n<col width=\"273\" \/><\/colgroup>\n<tbody>\n<tr>\n<td>Materiales<\/td>\n<td>Polietileno de Alta Densidad (HDPE)<\/td>\n<\/tr>\n<tr>\n<td>Dimensiones (L\u00d7A\u00d7H mm)<\/td>\n<td>1200mm \u00d7 1000mm \u00d7 150mm, Personalizado<\/td>\n<\/tr>\n<tr>\n<td>Barras de Refuerzo<\/td>\n<td>6 Bars<\/td>\n<\/tr>\n<tr>\n<td>Procesos<\/td>\n<td>Moldeo por Inyecci\u00f3n + Soldadura<\/td>\n<\/tr>\n<tr>\n<td>Base<\/td>\n<td>3 Patines<\/td>\n<\/tr>\n<tr>\n<td>Cubierta Superior<\/td>\n<td>Cubierta Ventilada<\/td>\n<\/tr>\n<tr>\n<td>Color<\/td>\n<td>Azul, Personalizado<\/td>\n<\/tr>\n<tr>\n<td>Logotipo \/ Impresi\u00f3n<\/td>\n<td>S\u00ed<\/td>\n<\/tr>\n<tr>\n<td>Apto para estanter\u00edas<\/td>\n<td>S\u00ed<\/td>\n<\/tr>\n<tr>\n<td>Apilable<\/td>\n<td>S\u00ed<\/td>\n<\/tr>\n<tr>\n<td>Peso<\/td>\n<td>20.5kg<\/td>\n<\/tr>\n<tr>\n<td>Reutilizable<\/td>\n<td>S\u00ed<\/td>\n<\/tr>\n<tr>\n<td>Montacargas<\/td>\n<td>Entrada por 4 lados<\/td>\n<\/tr>\n<tr>\n<td>Transpaleta<\/td>\n<td>Entrada por 4 lados<\/td>\n<\/tr>\n<tr>\n<td>Higi\u00e9nico<\/td>\n<td>S\u00ed<\/td>\n<\/tr>\n<tr>\n<td>Temperatura de uso<\/td>\n<td>-30\u2103 a 40\u2103<\/td>\n<\/tr>\n<tr>\n<td>Capacidad Est\u00e1tica<\/td>\n<td>6,000 kg<\/td>\n<\/tr>\n<tr>\n<td>Capacidad Din\u00e1mica<\/td>\n<td>1500 kg<\/td>\n<\/tr>\n<tr>\n<td>Capacidad en estanter\u00eda<\/td>\n<td>1250kg<\/td>\n<\/tr>\n<tr>\n<td>Cantidad en 20FT<\/td>\n<td>210 unidades<\/td>\n<\/tr>\n<tr>\n<td>Cantidad en 40HC<\/td>\n<td>530pcs<\/td>\n<\/tr>\n<\/tbody>\n<\/table>\n<h2>Caracter\u00edsticas del Producto<\/h2>\n<p data-start=\"369\" data-end=\"412\"><strong data-start=\"373\" data-end=\"410\">Superficie de Rejilla Ventilada Optimizada<\/strong><\/p>\n<p data-start=\"413\" data-end=\"625\" class=\"translation-block\">El <strong data-start=\"417\" data-end=\"449\">tablero de rejilla distribuido uniformemente<\/strong> favorece la circulaci\u00f3n del aire, reduce la humedad retenida y estabiliza la mercanc\u00eda durante el almacenamiento prolongado, una de las ventajas clave que se esperan de los palets pl\u00e1sticos rastreables de alta calidad.<\/p>\n<p data-start=\"627\" data-end=\"684\"><strong data-start=\"631\" data-end=\"682\">Reforzado con Tubos Internos de Acero Galvanizado<\/strong><\/p>\n<p data-start=\"685\" data-end=\"904\" class=\"translation-block\">La <strong data-start=\"689\" data-end=\"722\">estructura con tubos de acero incrustados<\/strong> permanece completamente interna\u2014nunca expuesta\u2014evitando da\u00f1os en sacos o cajas. Este refuerzo <strong data-start=\"814\" data-end=\"841\">aumenta la resistencia a la flexi\u00f3n<\/strong> y soporta cargas propensas al pandeo como sacos, bidones y cajas.<\/p>\n<p data-start=\"685\" data-end=\"904\"><img fetchpriority=\"high\" decoding=\"async\" class=\"alignnone wp-image-14885 size-full\" src=\"https:\/\/cnplasticpallets.com\/wp-content\/uploads\/2025\/12\/China-Rackable-Plastic-Pallet-2.png\" alt=\"pallet de pl\u00e1stico apilable china\" width=\"800\" height=\"268\" srcset=\"https:\/\/cnplasticpallets.com\/wp-content\/uploads\/2025\/12\/China-Rackable-Plastic-Pallet-2.png 800w, https:\/\/cnplasticpallets.com\/wp-content\/uploads\/2025\/12\/China-Rackable-Plastic-Pallet-2-300x101.png 300w, https:\/\/cnplasticpallets.com\/wp-content\/uploads\/2025\/12\/China-Rackable-Plastic-Pallet-2-768x257.png 768w, https:\/\/cnplasticpallets.com\/wp-content\/uploads\/2025\/12\/China-Rackable-Plastic-Pallet-2-18x6.png 18w, https:\/\/cnplasticpallets.com\/wp-content\/uploads\/2025\/12\/China-Rackable-Plastic-Pallet-2-600x201.png 600w\" sizes=\"(max-width: 800px) 100vw, 800px\" \/><\/p>\n<p data-start=\"906\" data-end=\"952\"><strong data-start=\"910\" data-end=\"950\">Estructura Moldeada por Inyecci\u00f3n en una Sola Pieza<\/strong><\/p>\n<p data-start=\"953\" data-end=\"1127\" class=\"translation-block\">El <strong data-start=\"957\" data-end=\"990\">dise\u00f1o monobloque de inyecci\u00f3n<\/strong> elimina juntas y soldaduras, mejora la resistencia al impacto y evita los problemas de rotura comunes en estanter\u00edas de madera o palets m\u00e1s ligeros.<\/p>\n<p data-start=\"1129\" data-end=\"1159\"><strong data-start=\"1133\" data-end=\"1157\">Acceso de Montacargas en Cuatro Direcciones<\/strong><\/p>\n<p data-start=\"1160\" data-end=\"1343\" class=\"translation-block\">La <strong data-start=\"1164\" data-end=\"1187\">entrada real en cuatro direcciones<\/strong> garantiza un manejo fluido con montacargas, transpaletas y l\u00edneas automatizadas, ideal para operaciones que dependen de palets rastreables en entornos de alta rotaci\u00f3n.<\/p>\n<p data-start=\"1345\" data-end=\"1393\"><strong data-start=\"1349\" data-end=\"1391\">Opciones Antideslizantes para Entornos H\u00famedos<\/strong><\/p>\n<p data-start=\"1394\" data-end=\"1550\" class=\"translation-block\">Las almohadillas de goma opcionales ofrecen <strong data-start=\"1423\" data-end=\"1455\">mayor estabilidad antideslizante<\/strong>, asegurando bidones, mercanc\u00eda retractilada y cargas sensibles a la humedad.<\/p>\n<p data-start=\"1552\" data-end=\"1610\"><strong data-start=\"1556\" data-end=\"1608\">Medida Est\u00e1ndar 1200\u00d71000 mm Compatible con Estanter\u00edas Altas<\/strong><\/p>\n<p data-start=\"1611\" data-end=\"1779\" class=\"translation-block\">La <strong data-start=\"1615\" data-end=\"1642\">huella apta para racks<\/strong> encaja en separaciones est\u00e1ndar de vigas, estanter\u00edas altas y sistemas automatizados, garantizando integraci\u00f3n sin ajustes adicionales.<\/p>\n<p data-start=\"1781\" data-end=\"1817\"><strong data-start=\"1785\" data-end=\"1815\">Rendimiento Resistente al Fr\u00edo<\/strong><\/p>\n<p data-start=\"1818\" data-end=\"1965\" class=\"translation-block\">La <strong data-start=\"1822\" data-end=\"1868\">f\u00f3rmula de HDPE resistente a bajas temperaturas<\/strong> mantiene el palet duradero en c\u00e1maras fr\u00edas y climas invernales, evitando fragilidad y grietas.<\/p>\n<p data-start=\"1967\" data-end=\"2013\"><strong data-start=\"1971\" data-end=\"2011\">Dise\u00f1o Ligero pero de Alta Capacidad<\/strong><\/p>\n<p data-start=\"2014\" data-end=\"2188\" class=\"translation-block\">El <strong data-start=\"2018\" data-end=\"2044\">peso reducido<\/strong> ayuda a minimizar costos de transporte y manipulaci\u00f3n, mientras la estructura reforzada soporta <strong data-start=\"2126\" data-end=\"2159\">hasta 6T de carga est\u00e1tica<\/strong> sin comprometer la seguridad.<\/p>\n<p data-start=\"2190\" data-end=\"2223\"><strong data-start=\"2194\" data-end=\"2221\">Soporte para Personalizaci\u00f3n de Marca<\/strong><\/p>\n<p data-start=\"2224\" data-end=\"2364\" class=\"translation-block\">Logotipos grabados, marcas impresas y etiquetas codificadas permiten <strong data-start=\"2280\" data-end=\"2314\">identificaci\u00f3n clara en almac\u00e9n<\/strong>, facilitando la gesti\u00f3n interna.<\/p>\n<p data-start=\"2366\" data-end=\"2410\"><strong data-start=\"2370\" data-end=\"2408\">Versiones Especializadas Disponibles<\/strong><\/p>\n<p data-start=\"2411\" data-end=\"2587\" class=\"translation-block\">Ofrecemos variantes <strong data-start=\"2421\" data-end=\"2473\">resistentes al fr\u00edo, retardantes de llama y antiest\u00e1ticas<\/strong>, dise\u00f1adas para entornos industriales especializados que requieren palets rastreables de alto rendimiento.<\/p>\n<p><img decoding=\"async\" class=\"alignnone wp-image-14886 size-full\" src=\"https:\/\/cnplasticpallets.com\/wp-content\/uploads\/2025\/12\/China-Rackable-Plastic-Pallet-3.png\" alt=\"pallet de pl\u00e1stico apilable china\" width=\"750\" height=\"586\" srcset=\"https:\/\/cnplasticpallets.com\/wp-content\/uploads\/2025\/12\/China-Rackable-Plastic-Pallet-3.png 750w, https:\/\/cnplasticpallets.com\/wp-content\/uploads\/2025\/12\/China-Rackable-Plastic-Pallet-3-300x234.png 300w, https:\/\/cnplasticpallets.com\/wp-content\/uploads\/2025\/12\/China-Rackable-Plastic-Pallet-3-15x12.png 15w, https:\/\/cnplasticpallets.com\/wp-content\/uploads\/2025\/12\/China-Rackable-Plastic-Pallet-3-600x469.png 600w\" sizes=\"(max-width: 750px) 100vw, 750px\" \/><\/p>\n<h2>Aplicaciones del Producto<\/h2>\n<p><strong>Procesamiento de Alimentos y Bebidas<\/strong><\/p>\n<p><strong>Plantas qu\u00edmicas y petroqu\u00edmicas<\/strong><\/p>\n<p><strong>Log\u00edstica farmac\u00e9utica y sanitaria<\/strong><\/p>\n<p><strong>Almacenamiento en fr\u00edo y productos congelados<\/strong><\/p>\n<p><strong>Agricultura, granos y plantas de piensos<\/strong><\/p>\n<p><strong>Automoci\u00f3n y distribuci\u00f3n de repuestos<\/strong><\/p>\n<p><strong>Comercio electr\u00f3nico y almacenes de alta rotaci\u00f3n<\/strong><\/p>\n<p><strong>Retail y distribuci\u00f3n FMCG<\/strong><\/p>\n<p><strong>Manufactura industrial y l\u00edneas de ensamblaje<\/strong><\/p>\n<p><strong>Log\u00edstica, 3PL y exportaci\u00f3n en contenedores<\/strong><\/p>","protected":false},"excerpt":{"rendered":"<p class=\"translation-block\">Este <strong data-start=\"175\" data-end=\"208\">Palet de Pl\u00e1stico Rastreable de China<\/strong> es uno de nuestros modelos m\u00e1s vendidos, dise\u00f1ado para cargas pesadas, almacenamiento en estanter\u00edas altas y larga vida \u00fatil. Su estructura reforzada, los canales internos para tubos de acero y el dise\u00f1o de inyecci\u00f3n monobloque le proporcionan un palet estable y fiable que mantiene un rendimiento constante con montacargas y sistemas automatizados. Obtendr\u00e1 resistencia confiable, manipulaci\u00f3n m\u00e1s limpia y un flujo log\u00edstico m\u00e1s eficiente, sin los riesgos de rotura de la madera.<\/p>","protected":false},"featured_media":14884,"comment_status":"open","ping_status":"closed","template":"","meta":{"_seopress_robots_primary_cat":"none","_seopress_titles_title":"China Rackable Plastic Pallet - Plastic Pallets Suppliers","_seopress_titles_desc":"Sturdy 3-runner rackable pallet with safe racking support and great pricing. Made by Enlightening Pallet\u2014 trusted China plastic pallet manufacturer.","_seopress_robots_index":"","_angie_page":false},"product_brand":[],"product_cat":[83,84,92],"product_tag":[],"class_list":{"0":"post-14881","1":"product","2":"type-product","3":"status-publish","4":"has-post-thumbnail","6":"product_cat-all-product","7":"product_cat-plastic-pallets","8":"product_cat-rackable-plastic-pallet","10":"first","11":"instock","12":"shipping-taxable","13":"product-type-simple"},"_links":{"self":[{"href":"https:\/\/cnplasticpallets.com\/es\/wp-json\/wp\/v2\/product\/14881","targetHints":{"allow":["GET"]}}],"collection":[{"href":"https:\/\/cnplasticpallets.com\/es\/wp-json\/wp\/v2\/product"}],"about":[{"href":"https:\/\/cnplasticpallets.com\/es\/wp-json\/wp\/v2\/types\/product"}],"replies":[{"embeddable":true,"href":"https:\/\/cnplasticpallets.com\/es\/wp-json\/wp\/v2\/comments?post=14881"}],"wp:featuredmedia":[{"embeddable":true,"href":"https:\/\/cnplasticpallets.com\/es\/wp-json\/wp\/v2\/media\/14884"}],"wp:attachment":[{"href":"https:\/\/cnplasticpallets.com\/es\/wp-json\/wp\/v2\/media?parent=14881"}],"wp:term":[{"taxonomy":"product_brand","embeddable":true,"href":"https:\/\/cnplasticpallets.com\/es\/wp-json\/wp\/v2\/product_brand?post=14881"},{"taxonomy":"product_cat","embeddable":true,"href":"https:\/\/cnplasticpallets.com\/es\/wp-json\/wp\/v2\/product_cat?post=14881"},{"taxonomy":"product_tag","embeddable":true,"href":"https:\/\/cnplasticpallets.com\/es\/wp-json\/wp\/v2\/product_tag?post=14881"}],"curies":[{"name":"wp","href":"https:\/\/api.w.org\/{rel}","templated":true}]}}