{"id":14833,"date":"2025-12-02T10:49:04","date_gmt":"2025-12-02T02:49:04","guid":{"rendered":"https:\/\/cnplasticpallets.com\/?post_type=product&#038;p=14833"},"modified":"2025-12-02T10:49:04","modified_gmt":"2025-12-02T02:49:04","slug":"800l-thermal-fishing-ice-box","status":"publish","type":"product","link":"https:\/\/cnplasticpallets.com\/es\/product\/plastic-pallet-box\/insulated-fish-box\/800l-thermal-fishing-ice-box\/","title":{"rendered":"800L Caja T\u00e9rmica para Hielo y Pescado"},"content":{"rendered":"<h2>Especificaciones del producto<\/h2>\n<table dir=\"ltr\" border=\"1\" cellspacing=\"0\" cellpadding=\"0\" data-sheets-root=\"1\" data-sheets-baot=\"1\">\n<colgroup>\n<col width=\"185\" \/>\n<col width=\"273\" \/>\n<col width=\"284\" \/><\/colgroup>\n<tbody>\n<tr>\n<td>Materiales<\/td>\n<td>LLDPE+PU<\/td>\n<td>LLDPE+PU<\/td>\n<\/tr>\n<tr>\n<td>DIMENSIONES EXTERNAS<\/td>\n<td>L1210 x A1100 x Al930 mm<\/td>\n<td>L1230 x A1130 x H925 mm (H970 mm con tapa)<\/td>\n<\/tr>\n<tr>\n<td>DIMENSIONES INTERNAS<\/td>\n<td>L1110 x A1010 x H720 mm<\/td>\n<td>1130 mm de largo x 1030 mm de ancho x 760 mm de alto<\/td>\n<\/tr>\n<tr>\n<td>Volumen<\/td>\n<td>800 Litros<\/td>\n<td>800 Litros<\/td>\n<\/tr>\n<tr>\n<td>Peso del producto<\/td>\n<td>70 kg<\/td>\n<td>80 kg<\/td>\n<\/tr>\n<tr>\n<td>Espesor de Capa<\/td>\n<td>50MM<\/td>\n<td>50MM<\/td>\n<\/tr>\n<tr>\n<td>Capacidad Est\u00e1tica<\/td>\n<td>4 toneladas<\/td>\n<td>4 toneladas<\/td>\n<\/tr>\n<tr>\n<td>Capacidad Din\u00e1mica<\/td>\n<td>1 toneladas<\/td>\n<td>1 toneladas<\/td>\n<\/tr>\n<tr>\n<td>Capacidad en estanter\u00eda<\/td>\n<td>\u00d7<\/td>\n<td>\u00d7<\/td>\n<\/tr>\n<tr>\n<td>Procesos<\/td>\n<td>Rotomoldeo<\/td>\n<td>Rotomoldeo<\/td>\n<\/tr>\n<tr>\n<td>Base<\/td>\n<td>3 Patines<\/td>\n<td>3 Patines<\/td>\n<\/tr>\n<tr>\n<td>Montacargas<\/td>\n<td>\u221a<\/td>\n<td>\u221a<\/td>\n<\/tr>\n<tr>\n<td>Transpaleta<\/td>\n<td>\u221a<\/td>\n<td>\u221a<\/td>\n<\/tr>\n<tr>\n<td>Temperatura de uso<\/td>\n<td>-40\u202f\u00b0C a +70\u202f\u00b0C<\/td>\n<td>-40\u202f\u00b0C a +70\u202f\u00b0C<\/td>\n<\/tr>\n<tr>\n<td>Tipo de Refrigeraci\u00f3n<\/td>\n<td>Absorci\u00f3n, Termoel\u00e9ctrico, Compresor<\/td>\n<td>Absorci\u00f3n, Termoel\u00e9ctrico, Compresor<\/td>\n<\/tr>\n<tr>\n<td>Tiempo de Retenci\u00f3n de Hielo<\/td>\n<td>Hasta 5 D\u00edas<\/td>\n<td>Hasta 5 D\u00edas<\/td>\n<\/tr>\n<tr>\n<td>Reutilizable<\/td>\n<td>S\u00ed<\/td>\n<td>S\u00ed<\/td>\n<\/tr>\n<tr>\n<td>Logotipo \/ Impresi\u00f3n<\/td>\n<td>S\u00ed<\/td>\n<td>S\u00ed<\/td>\n<\/tr>\n<tr>\n<td>Puertas abatibles<\/td>\n<td>Ninguna<\/td>\n<td>Ninguna<\/td>\n<\/tr>\n<tr>\n<td>Tapa<\/td>\n<td>Incluida<\/td>\n<td>Incluida<\/td>\n<\/tr>\n<tr>\n<td>Color<\/td>\n<td>Azul, Amarillo, Gris, Personalizado<\/td>\n<td>Azul, Amarillo, Gris, Personalizado<\/td>\n<\/tr>\n<tr>\n<td>MQO<\/td>\n<td>10\u201315 unidades<\/td>\n<td>10\u201315 unidades<\/td>\n<\/tr>\n<tr>\n<td>Plazo muestra<\/td>\n<td>1 a 3 d\u00edas<\/td>\n<td>1 a 3 d\u00edas<\/td>\n<\/tr>\n<tr>\n<td>Plazo de Entrega<\/td>\n<td>7 a 25 d\u00edas<\/td>\n<td>7 a 25 d\u00edas<\/td>\n<\/tr>\n<tr>\n<td>Est\u00e1ndar de calidad<\/td>\n<td>ISO 9001, SGS, ROHS, FDA, CE, REACH<\/td>\n<td>ISO 9001, SGS, ROHS, FDA, CE, REACH<\/td>\n<\/tr>\n<\/tbody>\n<\/table>\n<h2>Opciones de personalizaci\u00f3n<\/h2>\n<p data-start=\"168\" data-end=\"302\" class=\"translation-block\"><strong data-start=\"168\" data-end=\"203\">Materiales y Aislamiento Mejorados:<\/strong> mayor densidad de PU, aditivos resistentes al fr\u00edo, LLDPE estabilizado UV, opciones en grado alimentario.<\/p>\n<p data-start=\"304\" data-end=\"428\" class=\"translation-block\"><strong data-start=\"304\" data-end=\"328\">Personalizaci\u00f3n de Color:<\/strong> azul\/gris\/amarillo est\u00e1ndar, colores Pantone seg\u00fan la marca, lotes multicolores para sistemas de clasificaci\u00f3n.<\/p>\n<p data-start=\"430\" data-end=\"558\" class=\"translation-block\"><strong data-start=\"430\" data-end=\"460\">Identificaci\u00f3n y Marca:<\/strong> logotipos termoimpresos, paneles de marca integrados, etiquetas RFID, c\u00f3digos QR\/Barras para trazabilidad de exportaci\u00f3n.<\/p>\n<p data-start=\"560\" data-end=\"696\" class=\"translation-block\"><strong data-start=\"560\" data-end=\"586\">Sistemas de Tapa y Cierre:<\/strong> tapa aislada reforzada, cierres de goma mejorados, herrajes de acero inoxidable, puntos de cierre antimanipulaci\u00f3n.<\/p>\n<p data-start=\"698\" data-end=\"823\" class=\"translation-block\"><strong data-start=\"698\" data-end=\"725\">Configuraci\u00f3n de Drenaje:<\/strong> salidas de drenaje simples o dobles, puertos ampliados, v\u00e1lvulas roscadas, ajuste de pendiente interior.<\/p>\n<p data-start=\"825\" data-end=\"954\" class=\"translation-block\"><strong data-start=\"825\" data-end=\"851\">Opciones de Patines y Base:<\/strong> estructura reforzada de 3 patines, base antideslizante, dise\u00f1o inferior anti-vuelco para cargas de alto apilamiento.<\/p>\n<p data-start=\"956\" data-end=\"1086\" class=\"translation-block\"><strong data-start=\"956\" data-end=\"988\">Funciones Adicionales para Cadena de Fr\u00edo:<\/strong> puertos para indicadores de temperatura, puntos de montaje para registradores de datos, mejoras en juntas para viajes largos.<\/p>\n<p data-start=\"1088\" data-end=\"1217\" class=\"translation-block\"><strong data-start=\"1088\" data-end=\"1115\">Optimizaci\u00f3n Log\u00edstica:<\/strong> ajuste de altura para carga en contenedores, interior compatible con anidado, soluciones de embalaje de grado exportaci\u00f3n.<\/p>","protected":false},"excerpt":{"rendered":"<p class=\"translation-block\">Nuestra <strong data-start=\"190\" data-end=\"222\">Caja T\u00e9rmica de 800 L para Pesca<\/strong> est\u00e1 dise\u00f1ada para log\u00edstica de exportaci\u00f3n y transporte congelado de larga distancia. Utilizamos aislamiento industrial LLDPE de gran espesor, esquinas reforzadas y cierres de goma resistentes para ofrecer una <strong data-start=\"401\" data-end=\"433\">soluci\u00f3n estable de gran volumen<\/strong> para cadenas de suministro de pescado congelado, at\u00fan y carne. Con una altura interna superior a 720 mm, <strong data-start=\"519\" data-end=\"579\">nuestros <a href=\"https:\/\/cnplasticpallets.com\/es\/product\/plastic-pallet-box\/insulated-fish-box\/300l-polar-insulated-containers\/\" target=\"_self\">Contenedores Aislados Polar de 300 L<\/a> pueden anidarse en su interior<\/strong>, maximizando la eficiencia de carga de contenedores. El suministro directo de f\u00e1brica garantiza env\u00edos r\u00e1pidos.<\/p>","protected":false},"featured_media":14840,"comment_status":"open","ping_status":"closed","template":"","meta":{"_seopress_robots_primary_cat":"none","_seopress_titles_title":"800L Thermal Fishing Ice Box for Transport & Shipping","_seopress_titles_desc":"Large 800L thermal fishing box for frozen seafood export, reinforced for long voyages with efficient container loading. Bulk pricing and fast factory shipment.","_seopress_robots_index":"","_angie_page":false},"product_brand":[],"product_cat":[83,250,81],"product_tag":[],"class_list":{"0":"post-14833","1":"product","2":"type-product","3":"status-publish","4":"has-post-thumbnail","6":"product_cat-all-product","7":"product_cat-insulated-fish-box","8":"product_cat-plastic-pallet-box","10":"first","11":"instock","12":"shipping-taxable","13":"product-type-simple"},"_links":{"self":[{"href":"https:\/\/cnplasticpallets.com\/es\/wp-json\/wp\/v2\/product\/14833","targetHints":{"allow":["GET"]}}],"collection":[{"href":"https:\/\/cnplasticpallets.com\/es\/wp-json\/wp\/v2\/product"}],"about":[{"href":"https:\/\/cnplasticpallets.com\/es\/wp-json\/wp\/v2\/types\/product"}],"replies":[{"embeddable":true,"href":"https:\/\/cnplasticpallets.com\/es\/wp-json\/wp\/v2\/comments?post=14833"}],"wp:featuredmedia":[{"embeddable":true,"href":"https:\/\/cnplasticpallets.com\/es\/wp-json\/wp\/v2\/media\/14840"}],"wp:attachment":[{"href":"https:\/\/cnplasticpallets.com\/es\/wp-json\/wp\/v2\/media?parent=14833"}],"wp:term":[{"taxonomy":"product_brand","embeddable":true,"href":"https:\/\/cnplasticpallets.com\/es\/wp-json\/wp\/v2\/product_brand?post=14833"},{"taxonomy":"product_cat","embeddable":true,"href":"https:\/\/cnplasticpallets.com\/es\/wp-json\/wp\/v2\/product_cat?post=14833"},{"taxonomy":"product_tag","embeddable":true,"href":"https:\/\/cnplasticpallets.com\/es\/wp-json\/wp\/v2\/product_tag?post=14833"}],"curies":[{"name":"wp","href":"https:\/\/api.w.org\/{rel}","templated":true}]}}