{"id":14828,"date":"2025-12-02T10:48:56","date_gmt":"2025-12-02T02:48:56","guid":{"rendered":"https:\/\/cnplasticpallets.com\/?post_type=product&#038;p=14828"},"modified":"2025-12-02T10:48:56","modified_gmt":"2025-12-02T02:48:56","slug":"460l-insulated-fish-ice-box","status":"publish","type":"product","link":"https:\/\/cnplasticpallets.com\/es\/product\/plastic-pallet-box\/insulated-fish-box\/460l-insulated-fish-ice-box\/","title":{"rendered":"460L Caja Aislada para Hielo y Pescado"},"content":{"rendered":"<h2>Caracter\u00edsticas del producto<\/h2>\n<ul data-start=\"141\" data-end=\"1026\">\n<li data-start=\"141\" data-end=\"306\">\n<p data-start=\"143\" data-end=\"306\" class=\"translation-block\"><strong data-start=\"143\" data-end=\"181\">Construcci\u00f3n robusta rotomoldeada<\/strong> dise\u00f1ada para larga vida \u00fatil, resistencia a impactos y superficies curvas que evitan da\u00f1os durante el uso diario.<\/p>\n<\/li>\n<li data-start=\"307\" data-end=\"428\">\n<p data-start=\"309\" data-end=\"428\" class=\"translation-block\"><strong data-start=\"309\" data-end=\"338\">Asas integradas en las esquinas<\/strong> en todos los lados para facilitar el levantamiento, el acople y el movimiento manual en \u00e1reas de trabajo congestionadas.<\/p>\n<\/li>\n<li data-start=\"429\" data-end=\"549\">\n<p data-start=\"431\" data-end=\"549\" class=\"translation-block\"><strong data-start=\"431\" data-end=\"478\">Tapa aislada con cierres de goma de seis puntos<\/strong> que mantiene el contenedor herm\u00e9ticamente sellado y conserva un rendimiento t\u00e9rmico estable.<\/p>\n<\/li>\n<li data-start=\"550\" data-end=\"712\">\n<p data-start=\"552\" data-end=\"712\" class=\"translation-block\"><strong data-start=\"552\" data-end=\"589\">Apilable con o sin tapa<\/strong>, soportando hasta <strong data-start=\"608\" data-end=\"638\">5 capas completamente cargado<\/strong> y <strong data-start=\"643\" data-end=\"667\">10 capas vac\u00edo<\/strong>, ideal para almacenamiento de alta densidad.<\/p>\n<\/li>\n<li data-start=\"713\" data-end=\"796\">\n<p data-start=\"715\" data-end=\"796\"><strong data-start=\"715\" data-end=\"746\">Doble salida de drenaje integrada<\/strong> para una r\u00e1pida eliminaci\u00f3n de agua y una limpieza eficiente.<\/p>\n<\/li>\n<li data-start=\"797\" data-end=\"905\">\n<p data-start=\"799\" data-end=\"905\" class=\"translation-block\"><strong data-start=\"715\" data-end=\"746\">Doble desag\u00fce integrado<\/strong> para una r\u00e1pida evacuaci\u00f3n del agua y limpieza eficiente.<\/p>\n<\/li>\n<li data-start=\"906\" data-end=\"1026\">\n<p data-start=\"908\" data-end=\"1026\" class=\"translation-block\"><strong data-start=\"908\" data-end=\"946\">Cuerpo rotomoldeado monobloque sin uniones<\/strong> sin espacios ocultos, lo que facilita la higiene y evita la acumulaci\u00f3n bacteriana.<\/p>\n<\/li>\n<\/ul>\n<h2>Especificaciones del producto<\/h2>\n<table dir=\"ltr\" border=\"1\" cellspacing=\"0\" cellpadding=\"0\" data-sheets-root=\"1\" data-sheets-baot=\"1\">\n<colgroup>\n<col width=\"185\" \/>\n<col width=\"273\" \/><\/colgroup>\n<tbody>\n<tr>\n<td>Materiales<\/td>\n<td>LLDPE+PU<\/td>\n<\/tr>\n<tr>\n<td>DIMENSIONES EXTERNAS<\/td>\n<td>L1230 x W1030 x H667 mm<\/td>\n<\/tr>\n<tr>\n<td>DIMENSIONES INTERNAS<\/td>\n<td>L1130 x A935 x Al450 mm<\/td>\n<\/tr>\n<tr>\n<td>Volumen<\/td>\n<td>460 Litros<\/td>\n<\/tr>\n<tr>\n<td>Peso del producto<\/td>\n<td>50 kg<\/td>\n<\/tr>\n<tr>\n<td>Espesor de Capa<\/td>\n<td>50MM<\/td>\n<\/tr>\n<tr>\n<td>Capacidad Est\u00e1tica<\/td>\n<td>4 toneladas<\/td>\n<\/tr>\n<tr>\n<td>Capacidad Din\u00e1mica<\/td>\n<td>1 toneladas<\/td>\n<\/tr>\n<tr>\n<td>Capacidad en estanter\u00eda<\/td>\n<td>\u00d7<\/td>\n<\/tr>\n<tr>\n<td>Procesos<\/td>\n<td>Rotomoldeo<\/td>\n<\/tr>\n<tr>\n<td>Base<\/td>\n<td>3 Patines<\/td>\n<\/tr>\n<tr>\n<td>Montacargas<\/td>\n<td>\u221a<\/td>\n<\/tr>\n<tr>\n<td>Transpaleta<\/td>\n<td>\u221a<\/td>\n<\/tr>\n<tr>\n<td>Temperatura de uso<\/td>\n<td>-40\u202f\u00b0C a +70\u202f\u00b0C<\/td>\n<\/tr>\n<tr>\n<td>Tipo de Refrigeraci\u00f3n<\/td>\n<td>Absorci\u00f3n, Termoel\u00e9ctrico, Compresor<\/td>\n<\/tr>\n<tr>\n<td>Tiempo de Retenci\u00f3n de Hielo<\/td>\n<td>Hasta 5 D\u00edas<\/td>\n<\/tr>\n<tr>\n<td>Reutilizable<\/td>\n<td>S\u00ed<\/td>\n<\/tr>\n<tr>\n<td>Logotipo \/ Impresi\u00f3n<\/td>\n<td>S\u00ed<\/td>\n<\/tr>\n<tr>\n<td>Puertas abatibles<\/td>\n<td>Ninguna<\/td>\n<\/tr>\n<tr>\n<td>Tapa<\/td>\n<td>Incluida<\/td>\n<\/tr>\n<tr>\n<td>Color<\/td>\n<td>Azul, Amarillo, Gris, Personalizado<\/td>\n<\/tr>\n<tr>\n<td>MQO<\/td>\n<td>10\u201315 unidades<\/td>\n<\/tr>\n<tr>\n<td>Plazo muestra<\/td>\n<td>1 a 3 d\u00edas<\/td>\n<\/tr>\n<tr>\n<td>Plazo de Entrega<\/td>\n<td>7 a 25 d\u00edas<\/td>\n<\/tr>\n<tr>\n<td>Est\u00e1ndar de calidad<\/td>\n<td>ISO 9001, SGS, ROHS, FDA, CE, REACH<\/td>\n<\/tr>\n<\/tbody>\n<\/table>","protected":false},"excerpt":{"rendered":"<p data-start=\"217\" data-end=\"676\" class=\"translation-block\">Dise\u00f1amos esta <strong data-start=\"234\" data-end=\"278\">Caja Aislada de 460 L para Pescado de capacidad media<\/strong> para compradores que necesitan un contenedor que el personal pueda manipular manualmente sin perder rendimiento t\u00e9rmico. Nuestros <strong data-start=\"381\" data-end=\"405\">contenedores aislados para pescado<\/strong> utilizan una \u201c<strong>estructura de encaje<\/strong>\u201d que mantiene la tapa firmemente unida a la pared interior para una <strong data-start=\"495\" data-end=\"521\">retenci\u00f3n de hielo superior<\/strong>. Permanece estable en embarcaciones peque\u00f1as y funciona con eficiencia en l\u00edneas de procesamiento r\u00e1pidas, ideal para hielo seco, pescado congelado, mariscos y otros productos refrigerados.<\/p>","protected":false},"featured_media":14831,"comment_status":"open","ping_status":"closed","template":"","meta":{"_seopress_robots_primary_cat":"none","_seopress_titles_title":"460L Insulated Fish Ice Box - Bulk Insulated Container","_seopress_titles_desc":"Durable 460L insulated fish box for coastal catch, dry ice, and seafood handling. Easy to move, strong cold retention, factory-direct fast delivery.","_seopress_robots_index":"","_angie_page":false},"product_brand":[],"product_cat":[83,250,81],"product_tag":[],"class_list":{"0":"post-14828","1":"product","2":"type-product","3":"status-publish","4":"has-post-thumbnail","6":"product_cat-all-product","7":"product_cat-insulated-fish-box","8":"product_cat-plastic-pallet-box","10":"first","11":"instock","12":"shipping-taxable","13":"product-type-simple"},"_links":{"self":[{"href":"https:\/\/cnplasticpallets.com\/es\/wp-json\/wp\/v2\/product\/14828","targetHints":{"allow":["GET"]}}],"collection":[{"href":"https:\/\/cnplasticpallets.com\/es\/wp-json\/wp\/v2\/product"}],"about":[{"href":"https:\/\/cnplasticpallets.com\/es\/wp-json\/wp\/v2\/types\/product"}],"replies":[{"embeddable":true,"href":"https:\/\/cnplasticpallets.com\/es\/wp-json\/wp\/v2\/comments?post=14828"}],"wp:featuredmedia":[{"embeddable":true,"href":"https:\/\/cnplasticpallets.com\/es\/wp-json\/wp\/v2\/media\/14831"}],"wp:attachment":[{"href":"https:\/\/cnplasticpallets.com\/es\/wp-json\/wp\/v2\/media?parent=14828"}],"wp:term":[{"taxonomy":"product_brand","embeddable":true,"href":"https:\/\/cnplasticpallets.com\/es\/wp-json\/wp\/v2\/product_brand?post=14828"},{"taxonomy":"product_cat","embeddable":true,"href":"https:\/\/cnplasticpallets.com\/es\/wp-json\/wp\/v2\/product_cat?post=14828"},{"taxonomy":"product_tag","embeddable":true,"href":"https:\/\/cnplasticpallets.com\/es\/wp-json\/wp\/v2\/product_tag?post=14828"}],"curies":[{"name":"wp","href":"https:\/\/api.w.org\/{rel}","templated":true}]}}