{"id":14800,"date":"2025-11-28T11:21:10","date_gmt":"2025-11-28T03:21:10","guid":{"rendered":"https:\/\/cnplasticpallets.com\/?post_type=product&#038;p=14800"},"modified":"2025-11-28T11:21:10","modified_gmt":"2025-11-28T03:21:10","slug":"200l-fish-shipping-containers","status":"publish","type":"product","link":"https:\/\/cnplasticpallets.com\/es\/product\/plastic-pallet-box\/insulated-fish-box\/200l-fish-shipping-containers\/","title":{"rendered":"200L Contenedores para Env\u00edo de Pescado"},"content":{"rendered":"<h2>Especificaci\u00f3n del Producto<\/h2>\n<table dir=\"ltr\" border=\"1\" cellspacing=\"0\" cellpadding=\"0\" data-sheets-root=\"1\" data-sheets-baot=\"1\">\n<colgroup>\n<col width=\"185\" \/>\n<col width=\"368\" \/><\/colgroup>\n<tbody>\n<tr>\n<td>Materiales<\/td>\n<td>LLDPE+PU<\/td>\n<\/tr>\n<tr>\n<td>DIMENSIONES EXTERNAS<\/td>\n<td>L1980 x A580 x Al627 mm<\/td>\n<\/tr>\n<tr>\n<td>DIMENSIONES INTERNAS<\/td>\n<td>L900 x A500 x H530 mm<\/td>\n<\/tr>\n<tr>\n<td>Volumen<\/td>\n<td>200 Litros<\/td>\n<\/tr>\n<tr>\n<td>Peso del producto<\/td>\n<td>23 kg<\/td>\n<\/tr>\n<tr>\n<td>Capacidad Est\u00e1tica<\/td>\n<td>4 toneladas<\/td>\n<\/tr>\n<tr>\n<td>Capacidad Din\u00e1mica<\/td>\n<td>1 toneladas<\/td>\n<\/tr>\n<tr>\n<td>Capacidad en estanter\u00eda<\/td>\n<td>\u00d7<\/td>\n<\/tr>\n<tr>\n<td>Procesos<\/td>\n<td>Rotomoldeo<\/td>\n<\/tr>\n<tr>\n<td>Base<\/td>\n<td>3 Patines<\/td>\n<\/tr>\n<tr>\n<td>Montacargas<\/td>\n<td>Entrada 2 v\u00edas (lado largo)<\/td>\n<\/tr>\n<tr>\n<td>Transpaleta<\/td>\n<td>\u00d7<\/td>\n<\/tr>\n<tr>\n<td>Temperatura de uso<\/td>\n<td>-40\u202f\u00b0C a +70\u202f\u00b0C<\/td>\n<\/tr>\n<tr>\n<td>Tipo de Refrigeraci\u00f3n<\/td>\n<td>Absorci\u00f3n, Termoel\u00e9ctrico, Compresor<\/td>\n<\/tr>\n<tr>\n<td>Tiempo de Retenci\u00f3n de Hielo<\/td>\n<td>Hasta 5 D\u00edas<\/td>\n<\/tr>\n<tr>\n<td>Reutilizable<\/td>\n<td>S\u00ed<\/td>\n<\/tr>\n<tr>\n<td>Logotipo \/ Impresi\u00f3n<\/td>\n<td>S\u00ed<\/td>\n<\/tr>\n<tr>\n<td>Puertas abatibles<\/td>\n<td>Ninguna<\/td>\n<\/tr>\n<tr>\n<td>Tapa<\/td>\n<td>Incluida<\/td>\n<\/tr>\n<tr>\n<td>Color<\/td>\n<td>Azul, Amarillo, Gris, Personalizado<\/td>\n<\/tr>\n<tr>\n<td>MQO<\/td>\n<td>10\u201315 unidades<\/td>\n<\/tr>\n<tr>\n<td>Plazo muestra<\/td>\n<td>1 a 3 d\u00edas<\/td>\n<\/tr>\n<tr>\n<td>Plazo de Entrega<\/td>\n<td>7 a 25 d\u00edas<\/td>\n<\/tr>\n<tr>\n<td>Est\u00e1ndar de calidad<\/td>\n<td>ISO 9001, SGS, ROHS, FDA, CE, REACH<\/td>\n<\/tr>\n<\/tbody>\n<\/table>\n<h2>Aplicaci\u00f3n<\/h2>\n<ol>\n<li data-start=\"0\" data-end=\"44\">\n<p data-start=\"3\" data-end=\"44\">Cosecha de mariscos y almacenamiento a bordo<\/p>\n<\/li>\n<li data-start=\"45\" data-end=\"87\">\n<p data-start=\"48\" data-end=\"87\">Operaciones diarias en granjas acu\u00edcolas<\/p>\n<\/li>\n<li data-start=\"88\" data-end=\"120\">\n<p data-start=\"91\" data-end=\"120\">Transporte de pescado refrigerado<\/p>\n<\/li>\n<li data-start=\"121\" data-end=\"151\">\n<p data-start=\"124\" data-end=\"151\">Plantas de procesamiento de productos del mar<\/p>\n<\/li>\n<li data-start=\"152\" data-end=\"193\">\n<p data-start=\"155\" data-end=\"193\">Supermercados y cadenas de suministro de frescos<\/p>\n<\/li>\n<li data-start=\"194\" data-end=\"243\">\n<p data-start=\"197\" data-end=\"243\">Distribuci\u00f3n para servicios de alimentaci\u00f3n y cocinas centrales<\/p>\n<\/li>\n<li data-start=\"244\" data-end=\"275\">\n<p data-start=\"247\" data-end=\"275\">Vendedores de mariscos en mercados h\u00famedos<\/p>\n<\/li>\n<li data-start=\"276\" data-end=\"314\">\n<p data-start=\"279\" data-end=\"314\">Transporte de carne y aves congeladas<\/p>\n<\/li>\n<li data-start=\"315\" data-end=\"342\">\n<p data-start=\"318\" data-end=\"342\">Almacenamiento con hielo seco o hielo<\/p>\n<\/li>\n<li data-start=\"343\" data-end=\"384\" data-is-last-node=\"\">\n<p data-start=\"347\" data-end=\"384\" data-is-last-node=\"\">Refrigeraci\u00f3n para eventos al aire libre y campamentos<\/p>\n<\/li>\n<\/ol>","protected":false},"excerpt":{"rendered":"<p class=\"translation-block\">Este resistente <strong data-start=\"240\" data-end=\"258\">contenedor para pescado<\/strong> de 200 L est\u00e1 fabricado con aislamiento LLDPE+PU, dise\u00f1ado para mantener la captura protegida hasta cinco d\u00edas. Su cuerpo rotomoldeado, el drenaje impermeable y la base estable para montacargas garantizan un manejo seguro. Esta <strong data-start=\"454\" data-end=\"474\">caja de almacenamiento de pescado<\/strong> permite conservar producto congelado o realizar transporte diario, y puede personalizar la tapa o a\u00f1adir ruedas para mejorar la eficiencia. Tambi\u00e9n ofrecemos el <a href=\"https:\/\/cnplasticpallets.com\/es\/product\/plastic-pallet-box\/insulated-fish-box\/660l-transport-container-with-lids\/\" target=\"_self\">popular Contenedor de Transporte de Pescado de 660 L<\/a>. Como proveedor de f\u00e1brica, ofrecemos precios competitivos y producci\u00f3n r\u00e1pida para sus necesidades de <strong data-start=\"669\" data-end=\"697\">Contenedores para Env\u00edo de Pescado<\/strong>.<\/p>","protected":false},"featured_media":14809,"comment_status":"open","ping_status":"closed","template":"","meta":{"_seopress_robots_primary_cat":"none","_seopress_titles_title":"200L Fish Shipping Containers with Lid - Wholesale","_seopress_titles_desc":"Heavy-duty LLDPE fish storage box with sealed build for long service life. Ideal for cold chain transport and fresh fish storage, with optional lid and wheels.","_seopress_robots_index":"","_angie_page":false},"product_brand":[],"product_cat":[83,250,81],"product_tag":[],"class_list":{"0":"post-14800","1":"product","2":"type-product","3":"status-publish","4":"has-post-thumbnail","6":"product_cat-all-product","7":"product_cat-insulated-fish-box","8":"product_cat-plastic-pallet-box","10":"first","11":"instock","12":"shipping-taxable","13":"product-type-simple"},"_links":{"self":[{"href":"https:\/\/cnplasticpallets.com\/es\/wp-json\/wp\/v2\/product\/14800","targetHints":{"allow":["GET"]}}],"collection":[{"href":"https:\/\/cnplasticpallets.com\/es\/wp-json\/wp\/v2\/product"}],"about":[{"href":"https:\/\/cnplasticpallets.com\/es\/wp-json\/wp\/v2\/types\/product"}],"replies":[{"embeddable":true,"href":"https:\/\/cnplasticpallets.com\/es\/wp-json\/wp\/v2\/comments?post=14800"}],"wp:featuredmedia":[{"embeddable":true,"href":"https:\/\/cnplasticpallets.com\/es\/wp-json\/wp\/v2\/media\/14809"}],"wp:attachment":[{"href":"https:\/\/cnplasticpallets.com\/es\/wp-json\/wp\/v2\/media?parent=14800"}],"wp:term":[{"taxonomy":"product_brand","embeddable":true,"href":"https:\/\/cnplasticpallets.com\/es\/wp-json\/wp\/v2\/product_brand?post=14800"},{"taxonomy":"product_cat","embeddable":true,"href":"https:\/\/cnplasticpallets.com\/es\/wp-json\/wp\/v2\/product_cat?post=14800"},{"taxonomy":"product_tag","embeddable":true,"href":"https:\/\/cnplasticpallets.com\/es\/wp-json\/wp\/v2\/product_tag?post=14800"}],"curies":[{"name":"wp","href":"https:\/\/api.w.org\/{rel}","templated":true}]}}