{"id":14790,"date":"2025-11-27T17:26:03","date_gmt":"2025-11-27T09:26:03","guid":{"rendered":"https:\/\/cnplasticpallets.com\/?post_type=product&#038;p=14790"},"modified":"2025-11-28T09:42:42","modified_gmt":"2025-11-28T01:42:42","slug":"630l-roto-molded-fish-tub","status":"publish","type":"product","link":"https:\/\/cnplasticpallets.com\/es\/product\/plastic-pallet-box\/insulated-fish-box\/630l-roto-molded-fish-tub\/","title":{"rendered":"Caja Aislada para Pescado de 630L Moldeada por Rotomoldeo"},"content":{"rendered":"<h2>Especificaciones del producto<\/h2>\n<table dir=\"ltr\" border=\"1\" cellspacing=\"0\" cellpadding=\"0\" data-sheets-root=\"1\" data-sheets-baot=\"1\">\n<colgroup>\n<col width=\"185\" \/>\n<col width=\"368\" \/><\/colgroup>\n<tbody>\n<tr>\n<td>Materiales<\/td>\n<td>LLDPE+PU<\/td>\n<\/tr>\n<tr>\n<td>DIMENSIONES EXTERNAS<\/td>\n<td>1160 x 900 mm<\/td>\n<\/tr>\n<tr>\n<td>DIMENSIONES INTERNAS<\/td>\n<td>D1060 x H720 mm<\/td>\n<\/tr>\n<tr>\n<td>Espesor de Capa<\/td>\n<td>50\u00a0mm<\/td>\n<\/tr>\n<tr>\n<td>Volumen<\/td>\n<td>630 Litros<\/td>\n<\/tr>\n<tr>\n<td>Peso del producto<\/td>\n<td>50 kg<\/td>\n<\/tr>\n<tr>\n<td>Capacidad Est\u00e1tica<\/td>\n<td>4 toneladas<\/td>\n<\/tr>\n<tr>\n<td>Capacidad Din\u00e1mica<\/td>\n<td>1 toneladas<\/td>\n<\/tr>\n<tr>\n<td>Capacidad en estanter\u00eda<\/td>\n<td>\u00d7<\/td>\n<\/tr>\n<tr>\n<td>Procesos<\/td>\n<td>Rotomoldeo<\/td>\n<\/tr>\n<tr>\n<td>Forma<\/td>\n<td>Redonda<\/td>\n<\/tr>\n<tr>\n<td>Montacargas<\/td>\n<td>\u221a<\/td>\n<\/tr>\n<tr>\n<td>Transpaleta<\/td>\n<td>\u221a<\/td>\n<\/tr>\n<tr>\n<td>Temperatura de uso<\/td>\n<td>-40 \u00b0C a +78 \u00b0C<\/td>\n<\/tr>\n<tr>\n<td>Tipo de Refrigeraci\u00f3n<\/td>\n<td>Absorci\u00f3n, Termoel\u00e9ctrico, Compresor<\/td>\n<\/tr>\n<tr>\n<td>Tiempo de Retenci\u00f3n de Hielo<\/td>\n<td>Hasta 5 D\u00edas<\/td>\n<\/tr>\n<tr>\n<td>Reutilizable<\/td>\n<td>S\u00ed<\/td>\n<\/tr>\n<tr>\n<td>Logotipo \/ Impresi\u00f3n<\/td>\n<td>S\u00ed<\/td>\n<\/tr>\n<tr>\n<td>Puertas abatibles<\/td>\n<td>Ninguna<\/td>\n<\/tr>\n<tr>\n<td>Tapa<\/td>\n<td>Incluida<\/td>\n<\/tr>\n<tr>\n<td>Color<\/td>\n<td>Azul, Amarillo, Personalizado<\/td>\n<\/tr>\n<tr>\n<td>MQO<\/td>\n<td>10\u201315 unidades<\/td>\n<\/tr>\n<tr>\n<td>Plazo muestra<\/td>\n<td>1 a 3 d\u00edas<\/td>\n<\/tr>\n<tr>\n<td>Plazo de Entrega<\/td>\n<td>7 a 25 d\u00edas<\/td>\n<\/tr>\n<tr>\n<td>Est\u00e1ndar de calidad<\/td>\n<td>ISO 9001, SGS, ROHS, FDA, CE, REACH<\/td>\n<\/tr>\n<\/tbody>\n<\/table>\n<h2>Opiniones de los clientes<\/h2>\n<p><img fetchpriority=\"high\" decoding=\"async\" class=\"alignnone wp-image-14807 size-large\" src=\"https:\/\/cnplasticpallets.com\/wp-content\/uploads\/2025\/11\/Round-Roto-Molded-Insulated-Fish-Tub-Application-1024x768.jpg\" alt=\"Tina de pesca aislada de 630 litros moldeada por rotomoldeo\" width=\"800\" height=\"600\" srcset=\"https:\/\/cnplasticpallets.com\/wp-content\/uploads\/2025\/11\/Round-Roto-Molded-Insulated-Fish-Tub-Application-1024x768.jpg 1024w, https:\/\/cnplasticpallets.com\/wp-content\/uploads\/2025\/11\/Round-Roto-Molded-Insulated-Fish-Tub-Application-300x225.jpg 300w, https:\/\/cnplasticpallets.com\/wp-content\/uploads\/2025\/11\/Round-Roto-Molded-Insulated-Fish-Tub-Application-768x576.jpg 768w, https:\/\/cnplasticpallets.com\/wp-content\/uploads\/2025\/11\/Round-Roto-Molded-Insulated-Fish-Tub-Application-16x12.jpg 16w, https:\/\/cnplasticpallets.com\/wp-content\/uploads\/2025\/11\/Round-Roto-Molded-Insulated-Fish-Tub-Application-600x450.jpg 600w, https:\/\/cnplasticpallets.com\/wp-content\/uploads\/2025\/11\/Round-Roto-Molded-Insulated-Fish-Tub-Application.jpg 1280w\" sizes=\"(max-width: 800px) 100vw, 800px\" \/><\/p>","protected":false},"excerpt":{"rendered":"<p>Este enfriador para pescado de 630L moldeado por rotomoldeo est\u00e1 dise\u00f1ado para durabilidad y eficiencia. Hecho de LLDPE y PU, cuenta con una capa de aislamiento de 50mm, asegurando una excelente retenci\u00f3n t\u00e9rmica, capaz de almacenar pescado congelado hasta por 5 d\u00edas a temperaturas tan bajas como -40\u00b0C. Su dise\u00f1o redondo, con drenaje y una tapa segura, permite apilarlo f\u00e1cilmente. Contenedores de almacenamiento de pescado como este son ideales tanto para almacenamiento en fr\u00edo como para transporte. Disponible en varios colores, esta caja aislada para pescado es reutilizable y personalizable. Venta directa de f\u00e1brica.<\/p>","protected":false},"featured_media":14805,"comment_status":"open","ping_status":"closed","template":"","meta":{"_seopress_robots_primary_cat":"none","_seopress_titles_title":"630L Roto Molded Insulated Fish Tub- Round Fish Bucket","_seopress_titles_desc":"Explore latest 630L fish cooler form reliable insulated fish tote manufacturer. Up to 5 days of freeze time, ensuring your cold chain stays secure, MOQ 10.","_seopress_robots_index":"","_angie_page":false},"product_brand":[],"product_cat":[83,250,81],"product_tag":[],"class_list":{"0":"post-14790","1":"product","2":"type-product","3":"status-publish","4":"has-post-thumbnail","6":"product_cat-all-product","7":"product_cat-insulated-fish-box","8":"product_cat-plastic-pallet-box","10":"first","11":"instock","12":"shipping-taxable","13":"product-type-simple"},"_links":{"self":[{"href":"https:\/\/cnplasticpallets.com\/es\/wp-json\/wp\/v2\/product\/14790","targetHints":{"allow":["GET"]}}],"collection":[{"href":"https:\/\/cnplasticpallets.com\/es\/wp-json\/wp\/v2\/product"}],"about":[{"href":"https:\/\/cnplasticpallets.com\/es\/wp-json\/wp\/v2\/types\/product"}],"replies":[{"embeddable":true,"href":"https:\/\/cnplasticpallets.com\/es\/wp-json\/wp\/v2\/comments?post=14790"}],"wp:featuredmedia":[{"embeddable":true,"href":"https:\/\/cnplasticpallets.com\/es\/wp-json\/wp\/v2\/media\/14805"}],"wp:attachment":[{"href":"https:\/\/cnplasticpallets.com\/es\/wp-json\/wp\/v2\/media?parent=14790"}],"wp:term":[{"taxonomy":"product_brand","embeddable":true,"href":"https:\/\/cnplasticpallets.com\/es\/wp-json\/wp\/v2\/product_brand?post=14790"},{"taxonomy":"product_cat","embeddable":true,"href":"https:\/\/cnplasticpallets.com\/es\/wp-json\/wp\/v2\/product_cat?post=14790"},{"taxonomy":"product_tag","embeddable":true,"href":"https:\/\/cnplasticpallets.com\/es\/wp-json\/wp\/v2\/product_tag?post=14790"}],"curies":[{"name":"wp","href":"https:\/\/api.w.org\/{rel}","templated":true}]}}