{"id":14621,"date":"2025-11-20T11:23:30","date_gmt":"2025-11-20T03:23:30","guid":{"rendered":"https:\/\/cnplasticpallets.com\/?post_type=product&#038;p=14621"},"modified":"2026-01-21T09:21:22","modified_gmt":"2026-01-21T01:21:22","slug":"one-piece-hygienic-pallets","status":"publish","type":"product","link":"https:\/\/cnplasticpallets.com\/es\/product\/plastic-pallets\/hygienic-plastic-pallet\/one-piece-hygienic-pallets\/","title":{"rendered":"Palets Higi\u00e9nicos de Una Pieza 1200 \u00d7 800 | ENL-B1208B1"},"content":{"rendered":"<h2>Especificaci\u00f3n del Producto<\/h2>\n<table dir=\"ltr\" border=\"1\" cellspacing=\"0\" cellpadding=\"0\" data-sheets-root=\"1\" data-sheets-baot=\"1\">\n<colgroup>\n<col width=\"160\" \/>\n<col width=\"259\" \/><\/colgroup>\n<tbody>\n<tr>\n<td>Modelo<\/td>\n<td>ENL-B1208B1<\/td>\n<\/tr>\n<tr>\n<td>Materiales<\/td>\n<td>Polietileno de Alta Densidad (HDPE)<\/td>\n<\/tr>\n<tr>\n<td>Dimensiones (L\u00d7A\u00d7H mm)<\/td>\n<td>1200 mm \u00d7 800 mm \u00d7 165 mm, a medida<\/td>\n<\/tr>\n<tr>\n<td>Procesos<\/td>\n<td>Moldeo por Inyecci\u00f3n + Soldadura<\/td>\n<\/tr>\n<tr>\n<td>Peso<\/td>\n<td>18 kg<\/td>\n<\/tr>\n<tr>\n<td>Barras de Refuerzo<\/td>\n<td>N\/A<\/td>\n<\/tr>\n<tr>\n<td>Base<\/td>\n<td>6 Patines<\/td>\n<\/tr>\n<tr>\n<td>Cubierta Superior<\/td>\n<td>Plataforma s\u00f3lida<\/td>\n<\/tr>\n<tr>\n<td>Montacargas<\/td>\n<td>Entrada por 4 lados<\/td>\n<\/tr>\n<tr>\n<td>Transpaleta<\/td>\n<td>Entrada por 4 lados<\/td>\n<\/tr>\n<tr>\n<td>Higi\u00e9nico<\/td>\n<td>S\u00ed<\/td>\n<\/tr>\n<tr>\n<td>Apto para estanter\u00edas<\/td>\n<td>S\u00ed<\/td>\n<\/tr>\n<tr>\n<td>Apilable<\/td>\n<td>S\u00ed<\/td>\n<\/tr>\n<tr>\n<td>Reutilizable<\/td>\n<td>S\u00ed<\/td>\n<\/tr>\n<tr>\n<td>Logotipo \/ Impresi\u00f3n<\/td>\n<td>S\u00ed<\/td>\n<\/tr>\n<tr>\n<td>Capacidad Est\u00e1tica<\/td>\n<td>4000kg<\/td>\n<\/tr>\n<tr>\n<td>Capacidad Din\u00e1mica<\/td>\n<td>1000 kg<\/td>\n<\/tr>\n<tr>\n<td>Capacidad en estanter\u00eda<\/td>\n<td>500 kg<\/td>\n<\/tr>\n<tr>\n<td>Temperatura de uso<\/td>\n<td>-30\u2103 a 40\u2103<\/td>\n<\/tr>\n<tr>\n<td>Color<\/td>\n<td>Azul, Negro, Gris, Personalizado<\/td>\n<\/tr>\n<tr>\n<td>Cantidad en 20FT<\/td>\n<td>150 unidades<\/td>\n<\/tr>\n<tr>\n<td>Cantidad en 40HC<\/td>\n<td>367 piezas<\/td>\n<\/tr>\n<\/tbody>\n<\/table>\n<h2>Caracter\u00edsticas del producto<\/h2>\n<ul data-start=\"202\" data-end=\"1341\">\n<li data-start=\"202\" data-end=\"398\">\n<p data-start=\"204\" data-end=\"398\" class=\"translation-block\"><strong data-start=\"204\" data-end=\"227\">Cumplimiento Higi\u00e9nico:<\/strong> Fabricamos este palet de una sola pieza para flujos sanitarios estrictos, adecuado para uso alimentario y farmac\u00e9utico, cumpliendo los niveles de higiene exigidos por la FDA, desde el material hasta el dise\u00f1o.<\/p>\n<\/li>\n<li data-start=\"400\" data-end=\"563\">\n<p data-start=\"402\" data-end=\"563\" class=\"translation-block\"><strong data-start=\"402\" data-end=\"425\">Limpieza Eficiente:<\/strong> La plataforma s\u00f3lida y cerrada no deja cavidades para residuos, ayudando a completar los ciclos de lavado m\u00e1s r\u00e1pido y reduciendo costos y mano de obra de limpieza.<\/p>\n<\/li>\n<li data-start=\"565\" data-end=\"766\">\n<p data-start=\"567\" data-end=\"766\" class=\"translation-block\"><strong data-start=\"567\" data-end=\"598\">Estructura Estable de Una Pieza:<\/strong> La base de 6 corredores y el moldeo sin uniones proporcionan una estructura r\u00edgida y equilibrada que se mantiene estable durante el apilado, la log\u00edstica interna y el movimiento en almacenes automatizados.<\/p>\n<\/li>\n<li data-start=\"768\" data-end=\"958\">\n<p data-start=\"770\" data-end=\"958\" class=\"translation-block\"><strong data-start=\"770\" data-end=\"800\">Rendimiento Seguro del Material:<\/strong> Hecho con HDPE virgen puro sin hal\u00f3genos ni fibra de vidrio, resiste la corrosi\u00f3n y la humedad, ofreciendo una superficie limpia y conforme con los est\u00e1ndares industriales.<\/p>\n<\/li>\n<li data-start=\"960\" data-end=\"1121\">\n<p data-start=\"962\" data-end=\"1121\" class=\"translation-block\"><strong data-start=\"962\" data-end=\"987\">Valor de Sostenibilidad:<\/strong> Su larga vida \u00fatil y total reciclabilidad ayudan a reducir los desechos por reemplazo de palets y a fomentar operaciones m\u00e1s verdes y sostenibles.<\/p>\n<\/li>\n<li data-start=\"1123\" data-end=\"1341\">\n<p data-start=\"1125\" data-end=\"1341\" class=\"translation-block\"><strong data-start=\"1125\" data-end=\"1161\">Amplia Compatibilidad Operativa:<\/strong> Con un manejo multidireccional fluido y un rendimiento confiable en entornos de cadena de fr\u00edo o ambiente, tus operaciones con montacargas y transpaletas se mantienen eficientes y estables.<\/p>\n<\/li>\n<\/ul>\n<h2>Preguntas Frecuentes<\/h2>\n<p data-start=\"86\" data-end=\"435\" class=\"translation-block\"><strong data-start=\"86\" data-end=\"146\">1. \u00bfCon qu\u00e9 normas higi\u00e9nicas cumplen estos palets?<\/strong><br data-start=\"146\" data-end=\"149\">Nuestros palets higi\u00e9nicos cumplen con exigentes est\u00e1ndares internacionales, incluyendo <strong data-start=\"220\" data-end=\"227\">FDA<\/strong>, <strong data-start=\"229\" data-end=\"241\">ISO 9001<\/strong>, <strong data-start=\"243\" data-end=\"251\">ROHS<\/strong>, <strong data-start=\"253\" data-end=\"262\">REACH<\/strong>, <strong data-start=\"264\" data-end=\"271\">SGS<\/strong>, y otras normativas de seguridad alimentaria aplicadas en la UE. Estas certificaciones garantizan un manejo limpio, seguro y conforme en industrias sensibles.<\/p>\n<p data-start=\"437\" data-end=\"692\" class=\"translation-block\"><strong data-start=\"437\" data-end=\"485\">2. \u00bfLas \u00e1reas soldadas son fuertes y seguras?<\/strong><br data-start=\"485\" data-end=\"488\">S\u00ed. Utilizamos <strong data-start=\"500\" data-end=\"522\">soldadura ultras\u00f3nica<\/strong>, que crea uniones limpias, sin rebabas ni grietas. Las secciones soldadas mantienen alta resistencia al impacto y estabilidad a largo plazo, incluso con ciclos intensivos de montacargas.<\/p>\n<p data-start=\"694\" data-end=\"970\" class=\"translation-block\"><strong data-start=\"694\" data-end=\"760\">3. \u00bfOfrecen palets higi\u00e9nicos en materiales distintos al HDPE?<\/strong><br data-start=\"760\" data-end=\"763\">Tambi\u00e9n suministramos <strong data-start=\"778\" data-end=\"801\">palets higi\u00e9nicos de PP<\/strong>, pero generalmente recomendamos el <strong data-start=\"830\" data-end=\"838\">HDPE<\/strong> porque ofrece mejor resistencia, tolera bajas temperaturas y tiene un desempe\u00f1o superior en entornos alimentarios y farmac\u00e9uticos.<\/p>\n<p data-start=\"972\" data-end=\"1135\" class=\"translation-block\"><strong data-start=\"972\" data-end=\"1023\">4. \u00bfEstos palets higi\u00e9nicos son completamente reciclables?<\/strong><br data-start=\"1023\" data-end=\"1026\">S\u00ed. Todos los modelos son <strong data-start=\"1046\" data-end=\"1065\">100% reciclables<\/strong>, ayudando a reducir residuos y apoyar objetivos sostenibles a largo plazo.<\/p>\n<p data-start=\"1137\" data-end=\"1437\" class=\"translation-block\"><strong data-start=\"1137\" data-end=\"1197\">5. \u00bfQu\u00e9 industrias usan com\u00fanmente estos palets higi\u00e9nicos?<\/strong><br data-start=\"1197\" data-end=\"1200\">Se utilizan ampliamente en <strong data-start=\"1224\" data-end=\"1243\">procesamiento de alimentos<\/strong>, <strong data-start=\"1245\" data-end=\"1277\">fabricaci\u00f3n farmac\u00e9utica<\/strong>, <strong data-start=\"1279\" data-end=\"1303\">log\u00edstica de cadena de fr\u00edo<\/strong>, <strong data-start=\"1305\" data-end=\"1325\">manejo de mariscos<\/strong>, <strong data-start=\"1327\" data-end=\"1351\">producci\u00f3n cosm\u00e9tica<\/strong>, <strong data-start=\"1353\" data-end=\"1379\">entornos de salas limpias<\/strong> y cualquier operaci\u00f3n que requiera control sanitario estricto.<\/p>","protected":false},"excerpt":{"rendered":"<article class=\"text-token-text-primary w-full focus:outline-none [--shadow-height:45px] has-data-writing-block:pointer-events-none has-data-writing-block:-mt-(--shadow-height) has-data-writing-block:pt-(--shadow-height) [&amp;:has([data-writing-block])&gt;*]:pointer-events-auto [content-visibility:auto] supports-[content-visibility:auto]:[contain-intrinsic-size:auto_100lvh] scroll-mt-[calc(var(--header-height)+min(200px,max(70px,20svh)))]\" dir=\"auto\" tabindex=\"-1\" data-turn-id=\"f605945e-f373-4ad0-8f10-5fca2d1c2637\" data-testid=\"conversation-turn-36\" data-scroll-anchor=\"true\" data-turn=\"assistant\">\n<div class=\"text-base my-auto mx-auto pb-10 [--thread-content-margin:--spacing(4)] thread-sm:[--thread-content-margin:--spacing(6)] thread-lg:[--thread-content-margin:--spacing(16)] px-(--thread-content-margin)\">\n<div class=\"[--thread-content-max-width:40rem] thread-lg:[--thread-content-max-width:48rem] mx-auto max-w-(--thread-content-max-width) flex-1 group\/turn-messages focus-visible:outline-hidden relative flex w-full min-w-0 flex-col agent-turn\" tabindex=\"-1\">\n<div class=\"flex max-w-full flex-col grow\">\n<div class=\"min-h-8 text-message relative flex w-full flex-col items-end gap-2 text-start break-words whitespace-normal [.text-message+&amp;]:mt-1\" dir=\"auto\" data-message-author-role=\"assistant\" data-message-id=\"414280cf-076e-401a-9b37-fdbb4c09fd84\" data-message-model-slug=\"gpt-5-1\">\n<div class=\"flex w-full flex-col gap-1 empty:hidden first:pt-[1px]\">\n<div class=\"markdown prose dark:prose-invert w-full break-words light markdown-new-styling\">\n<p data-start=\"94\" data-end=\"575\" data-is-last-node=\"\" data-is-only-node=\"\">Our 1208B1 is part of our One Piece Hygienic Pallets range, built for transporting sensitive goods like pharmaceuticals and food, while remaining reliable in general manufacturing and logistics. You gain a long-lasting pallet engineered for demanding sanitary workflows, and its solid surface makes cleaning and disinfection faster, with quicker drying to reduce downtime and cost. If you need other sanitary options, feel free to explore our full line of <a href=\"https:\/\/cnplasticpallets.com\/product-category\/plastic-pallets\/hygienic-plastic-pallet\/\"><strong>hygienic plastic pallets<\/strong><\/a>.<\/p>\n<\/div>\n<\/div>\n<\/div>\n<\/div>\n<div class=\"mt-3 w-full empty:hidden\">\n<div class=\"text-center\"><\/div>\n<\/div>\n<\/div>\n<\/div>\n<\/article>\n<div class=\"pointer-events-none h-px w-px\" aria-hidden=\"true\" data-edge=\"true\"><\/div>\n","protected":false},"featured_media":14625,"comment_status":"open","ping_status":"closed","template":"","meta":{"_seopress_robots_primary_cat":"none","_seopress_titles_title":"One Piece Hygienic Pallets - Reusable & Media Duty","_seopress_titles_desc":"Factory-made 1200\u00d7800 One Piece Hygienic Pallets for versatile storage and transport, stackable and rackable. Contact us for a quick quote.","_seopress_robots_index":"","_angie_page":false},"product_brand":[],"product_cat":[90,84],"product_tag":[],"class_list":{"0":"post-14621","1":"product","2":"type-product","3":"status-publish","4":"has-post-thumbnail","6":"product_cat-hygienic-plastic-pallet","7":"product_cat-plastic-pallets","9":"first","10":"instock","11":"shipping-taxable","12":"product-type-simple"},"_links":{"self":[{"href":"https:\/\/cnplasticpallets.com\/es\/wp-json\/wp\/v2\/product\/14621","targetHints":{"allow":["GET"]}}],"collection":[{"href":"https:\/\/cnplasticpallets.com\/es\/wp-json\/wp\/v2\/product"}],"about":[{"href":"https:\/\/cnplasticpallets.com\/es\/wp-json\/wp\/v2\/types\/product"}],"replies":[{"embeddable":true,"href":"https:\/\/cnplasticpallets.com\/es\/wp-json\/wp\/v2\/comments?post=14621"}],"wp:featuredmedia":[{"embeddable":true,"href":"https:\/\/cnplasticpallets.com\/es\/wp-json\/wp\/v2\/media\/14625"}],"wp:attachment":[{"href":"https:\/\/cnplasticpallets.com\/es\/wp-json\/wp\/v2\/media?parent=14621"}],"wp:term":[{"taxonomy":"product_brand","embeddable":true,"href":"https:\/\/cnplasticpallets.com\/es\/wp-json\/wp\/v2\/product_brand?post=14621"},{"taxonomy":"product_cat","embeddable":true,"href":"https:\/\/cnplasticpallets.com\/es\/wp-json\/wp\/v2\/product_cat?post=14621"},{"taxonomy":"product_tag","embeddable":true,"href":"https:\/\/cnplasticpallets.com\/es\/wp-json\/wp\/v2\/product_tag?post=14621"}],"curies":[{"name":"wp","href":"https:\/\/api.w.org\/{rel}","templated":true}]}}