{"id":14617,"date":"2025-11-20T10:07:44","date_gmt":"2025-11-20T02:07:44","guid":{"rendered":"https:\/\/cnplasticpallets.com\/?post_type=product&#038;p=14617"},"modified":"2026-01-21T15:58:21","modified_gmt":"2026-01-21T07:58:21","slug":"heavy-duty-hygiene-pallet","status":"publish","type":"product","link":"https:\/\/cnplasticpallets.com\/es\/product\/plastic-pallets\/hygienic-plastic-pallet\/heavy-duty-hygiene-pallet\/","title":{"rendered":"Palet Higi\u00e9nico de Alta Resistencia 1200 \u00d7 1000 | ENL-B1210H2"},"content":{"rendered":"<h2>Especificaci\u00f3n del Producto<\/h2>\n<table dir=\"ltr\" border=\"1\" cellspacing=\"0\" cellpadding=\"0\" data-sheets-root=\"1\" data-sheets-baot=\"1\">\n<colgroup>\n<col width=\"160\" \/>\n<col width=\"231\" \/><\/colgroup>\n<tbody>\n<tr>\n<td>Modelo<\/td>\n<td>ENL-B1210H2<\/td>\n<\/tr>\n<tr>\n<td>Materiales<\/td>\n<td>\n<div>\n<div>Polietileno de alta densidad (HDPE); Polipropileno (PP)<\/div>\n<\/div>\n<\/td>\n<\/tr>\n<tr>\n<td>Dimensiones (L\u00d7A\u00d7H mm)<\/td>\n<td>\n<div>\n<div>1200mm \u00d7 1000mm \u00d7 150mm, Personalizado<\/div>\n<\/div>\n<\/td>\n<\/tr>\n<tr>\n<td>Procesos<\/td>\n<td>Moldeo por inyecci\u00f3n + Soldadura<\/td>\n<\/tr>\n<tr>\n<td>Peso<\/td>\n<td>20,8 kg<\/td>\n<\/tr>\n<tr>\n<td>Barras de Refuerzo<\/td>\n<td>8 barras (9 kg)<\/td>\n<\/tr>\n<tr>\n<td>Base<\/td>\n<td>Doble cara<\/td>\n<\/tr>\n<tr>\n<td>Cubierta Superior<\/td>\n<td>Deck Cerrado<\/td>\n<\/tr>\n<tr>\n<td>Montacargas<\/td>\n<td>Entrada por 4 lados<\/td>\n<\/tr>\n<tr>\n<td>Transpaleta<\/td>\n<td>Entrada por 4 lados<\/td>\n<\/tr>\n<tr>\n<td>Apto para estanter\u00edas<\/td>\n<td>S\u00ed<\/td>\n<\/tr>\n<tr>\n<td>Apilable<\/td>\n<td>S\u00ed<\/td>\n<\/tr>\n<tr>\n<td>Higi\u00e9nico<\/td>\n<td>S\u00ed<\/td>\n<\/tr>\n<tr>\n<td>Reutilizable<\/td>\n<td>S\u00ed<\/td>\n<\/tr>\n<tr>\n<td>Logotipo \/ Impresi\u00f3n<\/td>\n<td>S\u00ed<\/td>\n<\/tr>\n<tr>\n<td>Capacidad Est\u00e1tica<\/td>\n<td>6000 kg (reforzado)<\/td>\n<\/tr>\n<tr>\n<td>Capacidad Din\u00e1mica<\/td>\n<td>1500 kg (reforzado)<\/td>\n<\/tr>\n<tr>\n<td>Capacidad en estanter\u00eda<\/td>\n<td>1000kg(reforzado)<\/td>\n<\/tr>\n<tr>\n<td>Temperatura de uso<\/td>\n<td>-40\u2103 a 70\u2103<\/td>\n<\/tr>\n<tr>\n<td>Color<\/td>\n<td>Azul, Negro, Naranja, Gris, Personalizado<\/td>\n<\/tr>\n<tr>\n<td>Cantidad en 20FT<\/td>\n<td>150 unidades<\/td>\n<\/tr>\n<tr>\n<td>Cantidad en 40HC<\/td>\n<td>370 piezas<\/td>\n<\/tr>\n<\/tbody>\n<\/table>\n<h2>Caracter\u00edsticas del producto<\/h2>\n<ul>\n<li style=\"font-weight: 400;\" aria-level=\"1\" class=\"translation-block\"><b>Dise\u00f1o higi\u00e9nico de doble plataforma s\u00f3lida<\/b><span style=\"font-weight: 400\"> dise\u00f1ado para un manejo limpio, menor residuo y un rendimiento estable en l\u00edneas automatizadas.<\/span><\/li>\n<li style=\"font-weight: 400;\" aria-level=\"1\" class=\"translation-block\"><b>Estructura de HDPE 100% virgen<\/b><span style=\"font-weight: 400\"> que ofrece alta resistencia a \u00e1cidos suaves, \u00e1lcalis, aceites y corrosi\u00f3n en entornos exigentes.<\/span><\/li>\n<li style=\"font-weight: 400;\" aria-level=\"1\" class=\"translation-block\"><b>Construcci\u00f3n soldada por ultrasonido<\/b><span style=\"font-weight: 400\"> que proporciona uniones sin costuras de alta precisi\u00f3n, garantizando una superficie cerrada y conforme a las normas de higiene.<\/span><\/li>\n<li style=\"font-weight: 400;\" aria-level=\"1\" class=\"translation-block\"><b>Almohadillas antideslizantes integradas (13 puntos)<\/b><span style=\"font-weight: 400\"> que ayudan a mantener las cargas seguras durante el transporte y la manipulaci\u00f3n en almac\u00e9n.<\/span><\/li>\n<li style=\"font-weight: 400;\" aria-level=\"1\" class=\"translation-block\"><b>Rendimiento de alta resistencia<\/b><span style=\"font-weight: 400\"> dise\u00f1ado para operaciones industriales, soportando 6T est\u00e1ticas y 2T din\u00e1micas sin refuerzos de acero.<\/span><\/li>\n<li style=\"font-weight: 400;\" aria-level=\"1\" class=\"translation-block\"><b>Durabilidad prolongada<\/b><span style=\"font-weight: 400\">, superando a los palets de madera por 3\u20135 veces.<\/span><\/li>\n<li style=\"font-weight: 400;\" aria-level=\"1\" class=\"translation-block\">Superficies s\u00f3lidas f\u00e1ciles de higienizar, sin cavidades abiertas, que permiten una limpieza r\u00e1pida para industrias cr\u00edticas para la higiene.<\/li>\n<li aria-level=\"1\" class=\"translation-block\"><b>Cumple con normas globales de higiene<\/b><span style=\"font-weight: 400\"> apto para procesamiento de alimentos, productos farmac\u00e9uticos, operaciones de cadena de fr\u00edo y entornos de salas limpias.<\/span><\/li>\n<\/ul>\n<h2 data-start=\"88\" data-end=\"116\"><strong data-start=\"91\" data-end=\"116\">Aplicaciones<\/strong><\/h2>\n<p data-start=\"118\" data-end=\"243\" class=\"translation-block\"><strong data-start=\"118\" data-end=\"152\">Fabricaci\u00f3n de Alimentos y Bebidas:<\/strong> plantas de procesamiento de carne, l\u00edneas l\u00e1cteas, talleres de embotellado, \u00e1reas de mezcla de ingredientes<\/p>\n<p data-start=\"245\" data-end=\"373\" class=\"translation-block\"><strong data-start=\"245\" data-end=\"285\">Producci\u00f3n Farmac\u00e9utica y Biotecnol\u00f3gica:<\/strong> zonas de manipulaci\u00f3n en salas limpias, \u00e1reas de almacenamiento de API, salas de envasado, flujos log\u00edsticos est\u00e9riles<\/p>\n<p data-start=\"375\" data-end=\"515\" class=\"translation-block\"><strong data-start=\"375\" data-end=\"413\">Cadena de Fr\u00edo y Almacenamiento Refrigerado:<\/strong> almacenes congelados, centros de productos frescos, distribuidores de mariscos, centros log\u00edsticos de baja temperatura<\/p>\n<p data-start=\"517\" data-end=\"666\" class=\"translation-block\"><strong data-start=\"517\" data-end=\"551\">Operaciones de Higiene Industrial:<\/strong> f\u00e1bricas de cosm\u00e9ticos, salas de preparaci\u00f3n qu\u00edmica, estaciones de mezcla de alta limpieza, l\u00edneas de ensamblaje controladas por higiene<\/p>\n<p data-start=\"668\" data-end=\"793\" class=\"translation-block\"><strong data-start=\"668\" data-end=\"713\">Almacenamiento Automatizado y Sistemas de Transporte:<\/strong> instalaciones ASRS, transportadores de rodillos, sistemas de lanzaderas, centros de clasificaci\u00f3n automatizados<\/p>","protected":false},"excerpt":{"rendered":"<article class=\"text-token-text-primary w-full focus:outline-none [--shadow-height:45px] has-data-writing-block:pointer-events-none has-data-writing-block:-mt-(--shadow-height) has-data-writing-block:pt-(--shadow-height) [&amp;:has([data-writing-block])&gt;*]:pointer-events-auto [content-visibility:auto] supports-[content-visibility:auto]:[contain-intrinsic-size:auto_100lvh] scroll-mt-[calc(var(--header-height)+min(200px,max(70px,20svh)))]\" dir=\"auto\" tabindex=\"-1\" data-turn-id=\"2e2540b3-0962-40ad-8b96-37058c26e876\" data-testid=\"conversation-turn-22\" data-scroll-anchor=\"true\" data-turn=\"assistant\">\n<div class=\"text-base my-auto mx-auto pb-10 [--thread-content-margin:--spacing(4)] thread-sm:[--thread-content-margin:--spacing(6)] thread-lg:[--thread-content-margin:--spacing(16)] px-(--thread-content-margin)\">\n<div class=\"[--thread-content-max-width:40rem] thread-lg:[--thread-content-max-width:48rem] mx-auto max-w-(--thread-content-max-width) flex-1 group\/turn-messages focus-visible:outline-hidden relative flex w-full min-w-0 flex-col agent-turn\" tabindex=\"-1\">\n<div class=\"flex max-w-full flex-col grow\">\n<div class=\"min-h-8 text-message relative flex w-full flex-col items-end gap-2 text-start break-words whitespace-normal [.text-message+&amp;]:mt-1\" dir=\"auto\" data-message-author-role=\"assistant\" data-message-id=\"2d60acf8-e96d-408d-95ab-8448745508ad\" data-message-model-slug=\"gpt-5-1\">\n<div class=\"flex w-full flex-col gap-1 empty:hidden first:pt-[1px]\">\n<div class=\"markdown prose dark:prose-invert w-full break-words light markdown-new-styling\">\n<p data-start=\"177\" data-end=\"555\" data-is-last-node=\"\" data-is-only-node=\"\">Our ENL-B1210H2 is built from 100% virgin HDPE as a <strong data-start=\"226\" data-end=\"255\">heavy duty hygiene pallet<\/strong> for seafood cold rooms, food and pharma production, and cosmetic facilities. With its solid deck, you avoid spills from sugar, salt, flour, or rice entering the pallet\u2014unlike grid styles. Fully customizable in color, and supplied as <strong data-start=\"489\" data-end=\"527\">certified hygienic plastic pallets<\/strong> for automated rack systems.<\/p>\n<\/div>\n<\/div>\n<\/div>\n<\/div>\n<\/div>\n<\/div>\n<\/article>\n","protected":false},"featured_media":15235,"comment_status":"open","ping_status":"closed","template":"","meta":{"_seopress_robots_primary_cat":"none","_seopress_titles_title":"1200 \u00d7 1000 Heavy Duty Hygiene Pallet | ENL-B1210H2","_seopress_titles_desc":"Heavy duty hygiene pallet in 1200\u00d71000 HDPE, strong for racks and ASRS use. Built to last and ready for heavy loads. Contact us for a direct factory quote.","_seopress_robots_index":"","_angie_page":false},"product_brand":[],"product_cat":[90,84],"product_tag":[],"class_list":{"0":"post-14617","1":"product","2":"type-product","3":"status-publish","4":"has-post-thumbnail","6":"product_cat-hygienic-plastic-pallet","7":"product_cat-plastic-pallets","9":"first","10":"instock","11":"shipping-taxable","12":"product-type-simple"},"_links":{"self":[{"href":"https:\/\/cnplasticpallets.com\/es\/wp-json\/wp\/v2\/product\/14617","targetHints":{"allow":["GET"]}}],"collection":[{"href":"https:\/\/cnplasticpallets.com\/es\/wp-json\/wp\/v2\/product"}],"about":[{"href":"https:\/\/cnplasticpallets.com\/es\/wp-json\/wp\/v2\/types\/product"}],"replies":[{"embeddable":true,"href":"https:\/\/cnplasticpallets.com\/es\/wp-json\/wp\/v2\/comments?post=14617"}],"wp:featuredmedia":[{"embeddable":true,"href":"https:\/\/cnplasticpallets.com\/es\/wp-json\/wp\/v2\/media\/15235"}],"wp:attachment":[{"href":"https:\/\/cnplasticpallets.com\/es\/wp-json\/wp\/v2\/media?parent=14617"}],"wp:term":[{"taxonomy":"product_brand","embeddable":true,"href":"https:\/\/cnplasticpallets.com\/es\/wp-json\/wp\/v2\/product_brand?post=14617"},{"taxonomy":"product_cat","embeddable":true,"href":"https:\/\/cnplasticpallets.com\/es\/wp-json\/wp\/v2\/product_cat?post=14617"},{"taxonomy":"product_tag","embeddable":true,"href":"https:\/\/cnplasticpallets.com\/es\/wp-json\/wp\/v2\/product_tag?post=14617"}],"curies":[{"name":"wp","href":"https:\/\/api.w.org\/{rel}","templated":true}]}}