{"id":14531,"date":"2025-11-12T16:08:50","date_gmt":"2025-11-12T08:08:50","guid":{"rendered":"https:\/\/cnplasticpallets.com\/?post_type=product&#038;p=14531"},"modified":"2025-11-12T16:12:58","modified_gmt":"2025-11-12T08:12:58","slug":"hdpe-nestable-pallet","status":"publish","type":"product","link":"https:\/\/cnplasticpallets.com\/es\/product\/plastic-pallets\/heavy-duty-plastic-pallet\/hdpe-nestable-pallet\/","title":{"rendered":"Palet encajable de alta resistencia"},"content":{"rendered":"<h2>Especificaciones del producto<\/h2>\n<table dir=\"ltr\" border=\"1\" cellspacing=\"0\" cellpadding=\"0\" data-sheets-root=\"1\" data-sheets-baot=\"1\">\n<colgroup>\n<col width=\"185\" \/>\n<col width=\"368\" \/><\/colgroup>\n<tbody>\n<tr>\n<td>Materiales<\/td>\n<td>Polietileno de Alta Densidad (HDPE)<\/td>\n<\/tr>\n<tr>\n<td>Dimensiones (L\u00d7A\u00d7H mm)<\/td>\n<td>1200 mm \u00d7 800 mm x 150 mm, Personalizado<\/td>\n<\/tr>\n<tr>\n<td>Barras de Refuerzo<\/td>\n<td>N\/A<\/td>\n<\/tr>\n<tr>\n<td>Procesos<\/td>\n<td>Moldeo por Soplado<\/td>\n<\/tr>\n<tr>\n<td>Base<\/td>\n<td>9 patas<\/td>\n<\/tr>\n<tr>\n<td>Cubierta Superior<\/td>\n<td>Plataforma s\u00f3lida<\/td>\n<\/tr>\n<tr>\n<td>Color<\/td>\n<td>Negro, Azul, Personalizado<\/td>\n<\/tr>\n<tr>\n<td>Peso<\/td>\n<td>8-10 kg<\/td>\n<\/tr>\n<tr>\n<td>Logotipo \/ Impresi\u00f3n<\/td>\n<td>S\u00ed<\/td>\n<\/tr>\n<tr>\n<td>Apto para estanter\u00edas<\/td>\n<td>N\/A<\/td>\n<\/tr>\n<tr>\n<td>Uso en Suelo<\/td>\n<td>S\u00ed<\/td>\n<\/tr>\n<tr>\n<td>Encajable<\/td>\n<td>S\u00ed<\/td>\n<\/tr>\n<tr>\n<td>Reutilizable<\/td>\n<td>S\u00ed<\/td>\n<\/tr>\n<tr>\n<td>Montacargas<\/td>\n<td>Entrada por 4 lados<\/td>\n<\/tr>\n<tr>\n<td>Transpaleta<\/td>\n<td>Entrada por 4 lados<\/td>\n<\/tr>\n<tr>\n<td>Temperatura de uso<\/td>\n<td>-40\u2103 a 70\u2103<\/td>\n<\/tr>\n<tr>\n<td>Capacidad Est\u00e1tica<\/td>\n<td>4000kg<\/td>\n<\/tr>\n<tr>\n<td>Capacidad Din\u00e1mica<\/td>\n<td>1000 kg<\/td>\n<\/tr>\n<tr>\n<td>Cantidad en 20FT<\/td>\n<td>500 unidades<\/td>\n<\/tr>\n<tr>\n<td>Cantidad en 40HC<\/td>\n<td>1200 piezas<\/td>\n<\/tr>\n<tr>\n<td>Est\u00e1ndar de calidad<\/td>\n<td>ISO 9001, SGS, ROHS, FDA, CE, REACH, GRS<\/td>\n<\/tr>\n<\/tbody>\n<\/table>\n<h2>Caracter\u00edsticas del producto<\/h2>\n<ul>\n<li data-start=\"24\" data-end=\"284\">\n<p data-start=\"26\" data-end=\"284\" class=\"translation-block\"><strong data-start=\"26\" data-end=\"60\">Dise\u00f1ado para operaciones exigentes<\/strong>, este palet ofrece un rendimiento confiable en log\u00edstica expr\u00e9s, transporte en f\u00e1brica y exportaciones repetidas. Resiste <strong data-start=\"169\" data-end=\"221\" data-is-only-node=\"\">humedad, \u00e1cidos, \u00e1lcalis y condiciones extremas<\/strong>, lo que lo hace ideal para <strong data-start=\"243\" data-end=\"281\">aplicaciones al aire libre o de cadena de fr\u00edo<\/strong>.<\/p>\n<\/li>\n<\/ul>\n<ul>\n<li data-start=\"592\" data-end=\"778\">\n<p data-start=\"594\" data-end=\"778\" class=\"translation-block\"><strong data-start=\"594\" data-end=\"629\">La capacidad de carga puede personalizarse<\/strong>: aumentamos el peso del palet mediante moldeo por soplado de precisi\u00f3n para crear verdaderos <strong data-start=\"703\" data-end=\"733\">palets pl\u00e1sticos de alta resistencia<\/strong> que satisfacen las necesidades m\u00e1s exigentes de manipulaci\u00f3n en el suelo.<\/p>\n<\/li>\n<li data-start=\"780\" data-end=\"921\">\n<p data-start=\"782\" data-end=\"921\" class=\"translation-block\"><strong data-start=\"782\" data-end=\"812\">Sin deformaciones ni torsiones:<\/strong> la flexi\u00f3n m\u00e1xima es de solo <strong data-start=\"834\" data-end=\"858\">5 mm bajo carga total<\/strong>, garantizando estabilidad estructural para uso industrial prolongado.<\/p>\n<\/li>\n<li data-start=\"923\" data-end=\"1084\">\n<p data-start=\"925\" data-end=\"1084\" class=\"translation-block\"><strong data-start=\"925\" data-end=\"953\">Acceso de carretilla en cuatro direcciones<\/strong> que funciona perfectamente con sistemas de manipulaci\u00f3n globales, confiado por <strong data-start=\"1012\" data-end=\"1051\">proveedores de palets pl\u00e1sticos de alta resistencia<\/strong> y operadores de almac\u00e9n por igual.<\/p>\n<\/li>\n<li data-start=\"1086\" data-end=\"1238\">\n<p data-start=\"1088\" data-end=\"1238\" class=\"translation-block\"><strong data-start=\"1088\" data-end=\"1116\">Dise\u00f1o encajable de nueve patas<\/strong> maximiza la utilizaci\u00f3n de contenedores\u2014<strong data-start=\"1149\" data-end=\"1187\">hasta 1200 unidades por contenedor de 40 pies<\/strong>\u2014reduciendo significativamente los costos de almacenamiento y transporte.<\/p>\n<\/li>\n<li data-start=\"1240\" data-end=\"1409\">\n<p data-start=\"1242\" data-end=\"1409\" class=\"translation-block\">Fabricado con <strong data-start=\"1256\" data-end=\"1280\">100 % HDPE\/PP virgen<\/strong>, estos <strong data-start=\"1288\" data-end=\"1318\">palets pl\u00e1sticos de alta resistencia<\/strong> resisten la oxidaci\u00f3n, la corrosi\u00f3n y la humedad, superando a los palets tradicionales de madera o acero.<\/p>\n<\/li>\n<li data-start=\"1411\" data-end=\"1587\">\n<p data-start=\"1413\" data-end=\"1587\" class=\"translation-block\">La <strong data-start=\"1417\" data-end=\"1452\">estructura de una sola pieza moldeada por soplado<\/strong> mejora la resistencia al impacto y la solidez de la superficie, una caracter\u00edstica distintiva de nuestros <strong data-start=\"1518\" data-end=\"1559\">palets pl\u00e1sticos industriales de alta resistencia<\/strong> dise\u00f1ados para uso continuo.<\/p>\n<\/li>\n<li data-start=\"1589\" data-end=\"1708\">\n<p data-start=\"1591\" data-end=\"1708\" class=\"translation-block\"><strong data-start=\"1591\" data-end=\"1639\">Certificados por FDA, GMA, ISO 9001, CE y GRS<\/strong>, garantizando higiene, trazabilidad y cumplimiento internacional.<\/p>\n<\/li>\n<li data-start=\"1710\" data-end=\"1842\">\n<p data-start=\"1712\" data-end=\"1842\" class=\"translation-block\"><strong data-start=\"1712\" data-end=\"1757\">Rinde perfectamente entre \u201340 \u00b0C y +70 \u00b0C<\/strong>, asegurando fiabilidad en almacenamiento en fr\u00edo, patios exteriores y zonas de producci\u00f3n con calefacci\u00f3n.<\/p>\n<\/li>\n<li data-start=\"1844\" data-end=\"1992\" data-is-last-node=\"\">\n<p data-start=\"1846\" data-end=\"1992\" data-is-last-node=\"\" class=\"translation-block\"><strong data-start=\"1846\" data-end=\"1872\">Ligeros pero resistentes<\/strong>, estos <strong data-start=\"1880\" data-end=\"1902\">palets de alta resistencia<\/strong> son seguros de manipular, sin astillas, y ayudan a reducir da\u00f1os en productos y lesiones laborales.<\/p>\n<\/li>\n<\/ul>\n<h2>Preguntas Frecuentes<\/h2>\n<p data-start=\"11\" data-end=\"474\" class=\"translation-block\"><strong data-start=\"11\" data-end=\"122\">P1: \u00bfLos palets encajables se quedan pegados al apilarse y c\u00f3mo se pueden separar f\u00e1cilmente al descargarlos?<\/strong><br data-start=\"122\" data-end=\"125\">R1: No, no se quedan pegados. Los palets est\u00e1n fabricados con <strong data-start=\"171\" data-end=\"207\">polietileno de alta densidad (HDPE)<\/strong>, un material naturalmente liso y no adhesivo. Combinado con nuestro <strong data-start=\"285\" data-end=\"323\">\u00e1ngulo de encaje de precisi\u00f3n<\/strong>, este dise\u00f1o evita atascos o succi\u00f3n al apilarse. Incluso despu\u00e9s de una compresi\u00f3n prolongada, los palets siguen siendo f\u00e1ciles de separar manualmente o con carretilla elevadora.<\/p>\n<p data-start=\"476\" data-end=\"846\" class=\"translation-block\"><strong data-start=\"476\" data-end=\"574\">P2: \u00bfCu\u00e1ntos ciclos de reutilizaci\u00f3n puede alcanzar normalmente un palet moldeado por soplado en uso industrial?<\/strong><br data-start=\"574\" data-end=\"577\">R2: Normalmente no definimos el rendimiento por n\u00famero de ciclos, ya que <strong data-start=\"641\" data-end=\"686\">cada palet tiene una garant\u00eda de tres a\u00f1os<\/strong> bajo condiciones industriales est\u00e1ndar. Con un manejo y almacenamiento adecuados, muchos clientes siguen utilizando el mismo lote durante m\u00e1s de cinco a\u00f1os sin desgaste visible.<\/p>\n<p data-start=\"848\" data-end=\"1189\" class=\"translation-block\"><strong data-start=\"848\" data-end=\"958\">P3: \u00bfEs posible a\u00f1adir almohadillas antideslizantes o textura superficial para un manejo m\u00e1s seguro de productos retractilados?<\/strong><br data-start=\"958\" data-end=\"961\">R3: S\u00ed. Se pueden integrar <strong data-start=\"979\" data-end=\"1029\">insertos antideslizantes o patrones grabados en la superficie<\/strong> durante la producci\u00f3n. Estas mejoras aumentan la adherencia para mercanc\u00edas retractiladas o embolsadas sin afectar el dise\u00f1o encajable ni el peso del palet.<\/p>\n<p data-start=\"1191\" data-end=\"1564\" data-is-last-node=\"\" data-is-only-node=\"\" class=\"translation-block\"><strong data-start=\"1191\" data-end=\"1300\">P4: \u00bfCu\u00e1l es el tiempo estimado de entrega para pedidos al por mayor y c\u00f3mo se embalan los palets para exportaci\u00f3n?<\/strong><br data-start=\"1300\" data-end=\"1303\">R4: El plazo est\u00e1ndar de entrega es de <strong data-start=\"1329\" data-end=\"1343\">15\u201320 d\u00edas<\/strong> seg\u00fan la cantidad. Cada pila de <strong data-start=\"1381\" data-end=\"1411\">palets pl\u00e1sticos de alta resistencia<\/strong> se envuelve firmemente con film estirable y se asegura con flejes antes de la carga. No se requiere fumigaci\u00f3n para la exportaci\u00f3n, garantizando un env\u00edo seguro y conforme a normas internacionales.<\/p>","protected":false},"excerpt":{"rendered":"<article class=\"text-token-text-primary w-full focus:outline-none [--shadow-height:45px] has-data-writing-block:pointer-events-none has-data-writing-block:-mt-(--shadow-height) has-data-writing-block:pt-(--shadow-height) [&amp;:has([data-writing-block])&gt;*]:pointer-events-auto [content-visibility:auto] supports-[content-visibility:auto]:[contain-intrinsic-size:auto_100lvh] scroll-mt-[calc(var(--header-height)+min(200px,max(70px,20svh)))]\" dir=\"auto\" tabindex=\"-1\" data-turn-id=\"request-WEB:bca40c1b-5e8e-42ad-a4ad-e95944aa524a-24\" data-testid=\"conversation-turn-14\" data-scroll-anchor=\"true\" data-turn=\"assistant\">\n<div class=\"text-base my-auto mx-auto pb-10 [--thread-content-margin:--spacing(4)] thread-sm:[--thread-content-margin:--spacing(6)] thread-lg:[--thread-content-margin:--spacing(16)] px-(--thread-content-margin)\">\n<div class=\"[--thread-content-max-width:40rem] thread-lg:[--thread-content-max-width:48rem] mx-auto max-w-(--thread-content-max-width) flex-1 group\/turn-messages focus-visible:outline-hidden relative flex w-full min-w-0 flex-col agent-turn\" tabindex=\"-1\">\n<div class=\"flex max-w-full flex-col grow\">\n<div class=\"min-h-8 text-message relative flex w-full flex-col items-end gap-2 text-start break-words whitespace-normal [.text-message+&amp;]:mt-1\" dir=\"auto\" data-message-author-role=\"assistant\" data-message-id=\"e555589f-3226-49b7-b783-4de258e5b6fb\" data-message-model-slug=\"gpt-5-instant\">\n<div class=\"flex w-full flex-col gap-1 empty:hidden first:pt-[1px]\">\n<div class=\"markdown prose dark:prose-invert w-full break-words light markdown-new-styling\">\n<p data-start=\"0\" data-end=\"740\" data-is-last-node=\"\" data-is-only-node=\"\">Designed for operations that demand reliability, this <strong data-start=\"54\" data-end=\"93\">HDPE flat heavy-duty plastic pallet<\/strong> offers a solid surface and nestable nine-leg design molded through advanced blow molding technology. It stands up to heavy ground use, export transport, and cold-chain environments without warping or cracking. Compared with wood pallets, it lasts longer, reduces replacement costs, and eliminates contamination risks.<\/p>\n<p data-start=\"0\" data-end=\"740\" data-is-last-node=\"\" data-is-only-node=\"\">Every pallet from <a href=\"https:\/\/cnplasticpallets.com\/\"><strong data-start=\"430\" data-end=\"453\">Enlightening Pallet<\/strong><\/a> is produced under ISO and CE standards, ensuring proven performance and verified material traceability. Trusted by global manufacturers and logistics partners, this line of <a href=\"https:\/\/cnplasticpallets.com\/product-category\/plastic-pallets\/heavy-duty-plastic-pallet\/\"><strong data-start=\"627\" data-end=\"657\">heavy duty plastic pallets<\/strong><\/a> empowers your supply chain with durability, safety, and long-term cost efficiency.<\/p>\n<\/div>\n<\/div>\n<\/div>\n<\/div>\n<\/div>\n<\/div>\n<\/article>\n","protected":false},"featured_media":14537,"comment_status":"open","ping_status":"closed","template":"","meta":{"_seopress_robots_primary_cat":"none","_seopress_titles_title":"Heavy Duty Nestable Pallet","_seopress_titles_desc":"Discover strong, nestable Heavy Duty Pallets made from HDPE\u2014ideal for logistics, cold storage, and factory use by a leading manufacturer.","_seopress_robots_index":"","_angie_page":false},"product_brand":[],"product_cat":[83,89,84],"product_tag":[],"class_list":{"0":"post-14531","1":"product","2":"type-product","3":"status-publish","4":"has-post-thumbnail","6":"product_cat-all-product","7":"product_cat-heavy-duty-plastic-pallet","8":"product_cat-plastic-pallets","10":"first","11":"instock","12":"shipping-taxable","13":"product-type-simple"},"_links":{"self":[{"href":"https:\/\/cnplasticpallets.com\/es\/wp-json\/wp\/v2\/product\/14531","targetHints":{"allow":["GET"]}}],"collection":[{"href":"https:\/\/cnplasticpallets.com\/es\/wp-json\/wp\/v2\/product"}],"about":[{"href":"https:\/\/cnplasticpallets.com\/es\/wp-json\/wp\/v2\/types\/product"}],"replies":[{"embeddable":true,"href":"https:\/\/cnplasticpallets.com\/es\/wp-json\/wp\/v2\/comments?post=14531"}],"wp:featuredmedia":[{"embeddable":true,"href":"https:\/\/cnplasticpallets.com\/es\/wp-json\/wp\/v2\/media\/14537"}],"wp:attachment":[{"href":"https:\/\/cnplasticpallets.com\/es\/wp-json\/wp\/v2\/media?parent=14531"}],"wp:term":[{"taxonomy":"product_brand","embeddable":true,"href":"https:\/\/cnplasticpallets.com\/es\/wp-json\/wp\/v2\/product_brand?post=14531"},{"taxonomy":"product_cat","embeddable":true,"href":"https:\/\/cnplasticpallets.com\/es\/wp-json\/wp\/v2\/product_cat?post=14531"},{"taxonomy":"product_tag","embeddable":true,"href":"https:\/\/cnplasticpallets.com\/es\/wp-json\/wp\/v2\/product_tag?post=14531"}],"curies":[{"name":"wp","href":"https:\/\/api.w.org\/{rel}","templated":true}]}}