{"id":14524,"date":"2025-11-10T13:52:36","date_gmt":"2025-11-10T05:52:36","guid":{"rendered":"https:\/\/cnplasticpallets.com\/?post_type=product&#038;p=14524"},"modified":"2026-04-08T10:28:44","modified_gmt":"2026-04-08T02:28:44","slug":"nestable-one-way-pallet","status":"publish","type":"product","link":"https:\/\/cnplasticpallets.com\/es\/product\/plastic-pallets\/export-pallet\/nestable-one-way-pallet\/","title":{"rendered":"Paleta de un solo uso apilable de 1200 x 1000 mm | 1210JW-C"},"content":{"rendered":"<h2>Especificaci\u00f3n del Producto<\/h2>\n<table dir=\"ltr\" border=\"1\" cellspacing=\"0\" cellpadding=\"0\" data-sheets-root=\"1\" data-sheets-baot=\"1\">\n<colgroup>\n<col width=\"185\" \/>\n<col width=\"368\" \/><\/colgroup>\n<tbody>\n<tr>\n<td>Materiales<\/td>\n<td>HDPE Reciclado<\/td>\n<\/tr>\n<tr>\n<td>Dimensiones (L\u00d7A\u00d7H mm)<\/td>\n<td>1200mm \u00d7 1000mm x 150mm, Personalizado<\/td>\n<\/tr>\n<tr>\n<td>Barras de Refuerzo<\/td>\n<td>N\/A<\/td>\n<\/tr>\n<tr>\n<td>Procesos<\/td>\n<td>Moldeo por Inyecci\u00f3n<\/td>\n<\/tr>\n<tr>\n<td>Base<\/td>\n<td>9 patas<\/td>\n<\/tr>\n<tr>\n<td>Cubierta Superior<\/td>\n<td>Superficie abierta ventilada<\/td>\n<\/tr>\n<tr>\n<td>Color<\/td>\n<td>Negro, Azul, Personalizado<\/td>\n<\/tr>\n<tr>\n<td>Peso<\/td>\n<td>6kg<\/td>\n<\/tr>\n<tr>\n<td>Logotipo \/ Impresi\u00f3n<\/td>\n<td>S\u00ed<\/td>\n<\/tr>\n<tr>\n<td>Apto para estanter\u00edas<\/td>\n<td>N\/A<\/td>\n<\/tr>\n<tr>\n<td>Uso en Suelo<\/td>\n<td>S\u00ed<\/td>\n<\/tr>\n<tr>\n<td>Encajable<\/td>\n<td>S\u00ed<\/td>\n<\/tr>\n<tr>\n<td>Reutilizable<\/td>\n<td>N\/A<\/td>\n<\/tr>\n<tr>\n<td>Montacargas<\/td>\n<td>Entrada por 4 lados<\/td>\n<\/tr>\n<tr>\n<td>Transpaleta<\/td>\n<td>Entrada por 4 lados<\/td>\n<\/tr>\n<tr>\n<td>Temperatura de uso<\/td>\n<td>-5\u2103 a 40\u2103<\/td>\n<\/tr>\n<tr>\n<td>Capacidad Est\u00e1tica<\/td>\n<td>1500 kg<\/td>\n<\/tr>\n<tr>\n<td>Capacidad Din\u00e1mica<\/td>\n<td>500 kg<\/td>\n<\/tr>\n<tr>\n<td>Cantidad en 20FT<\/td>\n<td>400 unidades<\/td>\n<\/tr>\n<tr>\n<td>Cantidad en 40HC<\/td>\n<td>1018 unidades<\/td>\n<\/tr>\n<tr>\n<td>Est\u00e1ndar de calidad<\/td>\n<td>ISO 9001, SGS, ROHS, FDA, CE, REACH, GRS<\/td>\n<\/tr>\n<\/tbody>\n<\/table>\n<h2>Caracter\u00edsticas del producto<\/h2>\n<p data-start=\"166\" data-end=\"258\" class=\"translation-block\">\u00bb <strong data-start=\"168\" data-end=\"256\">Fabricado con HDPE reciclado mediante inyecci\u00f3n de una sola pieza para una durabilidad prolongada<\/strong><\/p>\n<p data-start=\"260\" data-end=\"366\" class=\"translation-block\">\u00bb <strong data-start=\"262\" data-end=\"364\">Adecuado no solo para exportaci\u00f3n de un solo uso, sino tambi\u00e9n para industria ligera, supermercados y uso en piso de almac\u00e9n<\/strong><\/p>\n<p data-start=\"368\" data-end=\"446\" class=\"translation-block\">\u00bb <strong data-start=\"370\" data-end=\"444\">Estructura ligera que ayuda a reducir costos de env\u00edo y manipulaci\u00f3n<\/strong><\/p>\n<p data-start=\"448\" data-end=\"543\" class=\"translation-block\">\u00bb <strong data-start=\"450\" data-end=\"541\">Superficie no absorbente que resiste la humedad y los insectos, sin necesidad de fumigaci\u00f3n<\/strong><\/p>\n<p data-start=\"448\" data-end=\"543\"><img fetchpriority=\"high\" decoding=\"async\" class=\"alignnone wp-image-14529 size-full\" src=\"https:\/\/cnplasticpallets.com\/wp-content\/uploads\/2025\/11\/1010JW-C-one-way-nestable1.png\" alt=\"paleta retornable de una v\u00eda\" width=\"800\" height=\"600\" srcset=\"https:\/\/cnplasticpallets.com\/wp-content\/uploads\/2025\/11\/1010JW-C-one-way-nestable1.png 800w, https:\/\/cnplasticpallets.com\/wp-content\/uploads\/2025\/11\/1010JW-C-one-way-nestable1-300x225.png 300w, https:\/\/cnplasticpallets.com\/wp-content\/uploads\/2025\/11\/1010JW-C-one-way-nestable1-768x576.png 768w, https:\/\/cnplasticpallets.com\/wp-content\/uploads\/2025\/11\/1010JW-C-one-way-nestable1-16x12.png 16w, https:\/\/cnplasticpallets.com\/wp-content\/uploads\/2025\/11\/1010JW-C-one-way-nestable1-600x450.png 600w\" sizes=\"(max-width: 800px) 100vw, 800px\" \/><\/p>\n<h2 data-start=\"36\" data-end=\"65\"><strong data-start=\"40\" data-end=\"65\">Opciones de personalizaci\u00f3n<\/strong><\/h2>\n<p data-start=\"31\" data-end=\"123\" class=\"translation-block\"><strong data-start=\"33\" data-end=\"43\">Color:<\/strong> Disponible en <strong data-start=\"57\" data-end=\"65\">azul<\/strong> o <strong data-start=\"69\" data-end=\"78\">negro<\/strong> para ajustarse a su almac\u00e9n o a los est\u00e1ndares de marca.<\/p>\n<p data-start=\"125\" data-end=\"228\" class=\"translation-block\"><strong data-start=\"127\" data-end=\"139\">Superficie:<\/strong> Elija entre <strong data-start=\"155\" data-end=\"175\">cubierta de rejilla ventilada<\/strong> o <strong data-start=\"179\" data-end=\"197\">cubierta superior s\u00f3lida<\/strong> seg\u00fan la carga.<\/p>\n<p data-start=\"230\" data-end=\"328\" class=\"translation-block\"><strong data-start=\"232\" data-end=\"241\">Logo:<\/strong> Opciones de <strong data-start=\"258\" data-end=\"275\">logotipo en relieve<\/strong> o <strong data-start=\"279\" data-end=\"299\">impresi\u00f3n de marca<\/strong> para facilitar la identificaci\u00f3n.<\/p>\n<p data-start=\"330\" data-end=\"436\" data-is-last-node=\"\" data-is-only-node=\"\" class=\"translation-block\"><strong data-start=\"332\" data-end=\"341\">Tama\u00f1o:<\/strong> Ajuste de <strong data-start=\"353\" data-end=\"382\">longitud, ancho y altura<\/strong> para adaptarse a las dimensiones de su carga y sistemas de almac\u00e9n.<\/p>","protected":false},"excerpt":{"rendered":"<p class=\"translation-block\">Estos <strong>palets pl\u00e1sticos encajables<\/strong> ayudan a reducir costos log\u00edsticos y ahorrar espacio en almac\u00e9n. Fabricados con <strong data-start=\"350\" data-end=\"367\">HDPE reciclado<\/strong>, incorporan un <strong data-start=\"383\" data-end=\"402\">dise\u00f1o encajable<\/strong> que reduce el volumen de palets vac\u00edos <strong data-start=\"439\" data-end=\"452\">hasta un 70 %<\/strong>. Su <strong data-start=\"458\" data-end=\"482\">entrada de carretilla en 4 direcciones<\/strong> facilita la manipulaci\u00f3n, mientras que su ligereza se adapta a <strong data-start=\"540\" data-end=\"606\">paqueter\u00eda de e-commerce, bienes FMCG y env\u00edos industriales ligeros<\/strong>. Bajo normas <strong data-start=\"620\" data-end=\"637\">ISO y REACH<\/strong>, <strong data-start=\"649\" data-end=\"701\">dise\u00f1amos cada modelo de exportaci\u00f3n de Enlightening Pallet<\/strong> para mantener sus mercanc\u00edas estables y seguras durante el transporte: sin vuelcos ni complicaciones.<\/p>","protected":false},"featured_media":14527,"comment_status":"open","ping_status":"closed","template":"","meta":{"_seopress_robots_primary_cat":"none","_seopress_titles_title":"Nestable One Way Pallet - 1200 x 1000 mm - Factory Price","_seopress_titles_desc":"Affordable nestable plastic pallets with open deck, ideal for transport and light warehousing. Single-use pallets at factory price, 100K pcs monthly capacity.","_seopress_robots_index":"","_angie_page":false},"product_brand":[],"product_cat":[83,374,84],"product_tag":[],"class_list":{"0":"post-14524","1":"product","2":"type-product","3":"status-publish","4":"has-post-thumbnail","6":"product_cat-all-product","7":"product_cat-export-pallet","8":"product_cat-plastic-pallets","10":"first","11":"instock","12":"shipping-taxable","13":"product-type-simple"},"_links":{"self":[{"href":"https:\/\/cnplasticpallets.com\/es\/wp-json\/wp\/v2\/product\/14524","targetHints":{"allow":["GET"]}}],"collection":[{"href":"https:\/\/cnplasticpallets.com\/es\/wp-json\/wp\/v2\/product"}],"about":[{"href":"https:\/\/cnplasticpallets.com\/es\/wp-json\/wp\/v2\/types\/product"}],"replies":[{"embeddable":true,"href":"https:\/\/cnplasticpallets.com\/es\/wp-json\/wp\/v2\/comments?post=14524"}],"wp:featuredmedia":[{"embeddable":true,"href":"https:\/\/cnplasticpallets.com\/es\/wp-json\/wp\/v2\/media\/14527"}],"wp:attachment":[{"href":"https:\/\/cnplasticpallets.com\/es\/wp-json\/wp\/v2\/media?parent=14524"}],"wp:term":[{"taxonomy":"product_brand","embeddable":true,"href":"https:\/\/cnplasticpallets.com\/es\/wp-json\/wp\/v2\/product_brand?post=14524"},{"taxonomy":"product_cat","embeddable":true,"href":"https:\/\/cnplasticpallets.com\/es\/wp-json\/wp\/v2\/product_cat?post=14524"},{"taxonomy":"product_tag","embeddable":true,"href":"https:\/\/cnplasticpallets.com\/es\/wp-json\/wp\/v2\/product_tag?post=14524"}],"curies":[{"name":"wp","href":"https:\/\/api.w.org\/{rel}","templated":true}]}}