{"id":14425,"date":"2025-10-31T15:43:47","date_gmt":"2025-10-31T07:43:47","guid":{"rendered":"https:\/\/cnplasticpallets.com\/?post_type=product&#038;p=14425"},"modified":"2025-10-31T15:43:47","modified_gmt":"2025-10-31T07:43:47","slug":"fixed-wall-bulk-containers","status":"publish","type":"product","link":"https:\/\/cnplasticpallets.com\/es\/product\/plastic-pallet-box\/rigid-plastic-pallet-boxes\/fixed-wall-bulk-containers\/","title":{"rendered":"Contenedores a Granel de Pared Fija"},"content":{"rendered":"<h2 data-start=\"286\" data-end=\"309\"><strong data-start=\"289\" data-end=\"309\">Caracter\u00edsticas del producto<\/strong><\/h2>\n<ol data-start=\"311\" data-end=\"2273\">\n<li data-start=\"311\" data-end=\"449\">\n<p data-start=\"314\" data-end=\"449\" class=\"translation-block\"><strong data-start=\"314\" data-end=\"341\">Paredes Fijas Reforzadas:<\/strong> Construcci\u00f3n monobloque s\u00f3lida que evita abultamientos o deformaciones y mantiene cada pila estable.<\/p>\n<\/li>\n<li data-start=\"450\" data-end=\"603\">\n<p data-start=\"453\" data-end=\"603\" class=\"translation-block\"><strong data-start=\"453\" data-end=\"484\">Grado Alimentario y F\u00e1cil Limpieza:<\/strong> Fabricado en <strong data-start=\"495\" data-end=\"515\">HDPE 100% virgen<\/strong>, con superficie lisa y no porosa que permanece sin olor e higi\u00e9nica para contacto directo con alimentos.<\/p>\n<\/li>\n<li data-start=\"604\" data-end=\"719\">\n<p data-start=\"607\" data-end=\"719\" class=\"translation-block\"><strong data-start=\"607\" data-end=\"631\">Dise\u00f1o de Bordes Redondeados:<\/strong> <strong data-start=\"632\" data-end=\"657\">Esquinas curvas suaves<\/strong> que protegen los envases de carne y mariscos de rasgaduras o da\u00f1os.<\/p>\n<\/li>\n<li data-start=\"720\" data-end=\"863\">\n<p data-start=\"723\" data-end=\"863\" class=\"translation-block\"><strong data-start=\"723\" data-end=\"751\">Esquinas de Apilado Seguro:<\/strong> <strong data-start=\"752\" data-end=\"774\">Bordes entrelazados<\/strong> entre caja y tapa que mantienen las pilas estables durante la manipulaci\u00f3n y transporte en fr\u00edo.<\/p>\n<\/li>\n<li data-start=\"864\" data-end=\"986\">\n<p data-start=\"867\" data-end=\"986\" class=\"translation-block\"><strong data-start=\"867\" data-end=\"895\">Base Resistente a Montacargas:<\/strong> Nervaduras reforzadas y gu\u00edas de horquilla que minimizan impactos y garantizan durabilidad a largo plazo.<\/p>\n<\/li>\n<li data-start=\"987\" data-end=\"1126\">\n<p data-start=\"990\" data-end=\"1126\" class=\"translation-block\"><strong data-start=\"990\" data-end=\"1014\">Resistente al Fr\u00edo y a los UV:<\/strong> Funciona de forma confiable desde <strong data-start=\"1038\" data-end=\"1078\">-30\u00b0C hasta altas temperaturas<\/strong> sin agrietarse, decolorarse ni perder resistencia.<\/p>\n<\/li>\n<li data-start=\"1127\" data-end=\"1242\">\n<p data-start=\"1130\" data-end=\"1242\" class=\"translation-block\"><strong data-start=\"1130\" data-end=\"1157\">Dise\u00f1o de Bajo Mantenimiento:<\/strong> Accesorios estandarizados y piezas reemplazables que facilitan reparaciones r\u00e1pidas y econ\u00f3micas.<\/p>\n<\/li>\n<li data-start=\"1243\" data-end=\"1364\">\n<p data-start=\"1246\" data-end=\"1364\" class=\"translation-block\"><strong data-start=\"1246\" data-end=\"1275\">Higi\u00e9nico y de Limpieza R\u00e1pida:<\/strong> Menos ranuras y esquinas permiten lavado r\u00e1pido con agua caliente o chorro a presi\u00f3n.<\/p>\n<\/li>\n<li data-start=\"1365\" data-end=\"1497\">\n<p data-start=\"1368\" data-end=\"1497\" class=\"translation-block\"><strong data-start=\"1368\" data-end=\"1391\">Trazabilidad Inteligente:<\/strong> Zonas integradas para <strong data-start=\"1411\" data-end=\"1444\">etiquetas, c\u00f3digos de barras o QR<\/strong> que simplifican el seguimiento por lotes y la gesti\u00f3n en cadena de fr\u00edo.<\/p>\n<\/li>\n<li data-start=\"1498\" data-end=\"1626\">\n<p data-start=\"1502\" data-end=\"1626\" class=\"translation-block\"><strong data-start=\"1502\" data-end=\"1522\">Operaci\u00f3n Silenciosa:<\/strong> Tapas ajustadas reducen vibraciones y ruido, ideal para almacenes silenciosos o turnos nocturnos.<\/p>\n<\/li>\n<li data-start=\"1627\" data-end=\"1749\">\n<p data-start=\"1631\" data-end=\"1749\" class=\"translation-block\"><strong data-start=\"1631\" data-end=\"1653\">Mejoras Flexibles:<\/strong> <strong data-start=\"1663\" data-end=\"1702\">Tapa, ruedas y v\u00e1lvulas de drenaje<\/strong> opcionales que se adaptan a diferentes flujos de trabajo y necesidades de transporte.<\/p>\n<\/li>\n<li data-start=\"1750\" data-end=\"1879\">\n<p data-start=\"1754\" data-end=\"1879\" class=\"translation-block\"><strong data-start=\"1754\" data-end=\"1778\">Compatible con Cadena de Fr\u00edo:<\/strong> El <strong data-start=\"1783\" data-end=\"1806\">interior no poroso<\/strong> evita acumulaci\u00f3n de agua salada o residuos, reduciendo el riesgo de bacterias.<\/p>\n<\/li>\n<li data-start=\"1880\" data-end=\"2017\">\n<p data-start=\"1884\" data-end=\"2017\" class=\"translation-block\"><strong data-start=\"1884\" data-end=\"1915\">Resistente a la Corrosi\u00f3n y Humedad:<\/strong> Dise\u00f1ado para soportar <strong data-start=\"1935\" data-end=\"1967\">agua salada, hielo y humedad<\/strong>, ideal para almacenamiento de pescado, camarones y mariscos.<\/p>\n<\/li>\n<li data-start=\"2018\" data-end=\"2145\">\n<p data-start=\"2022\" data-end=\"2145\" class=\"translation-block\"><strong data-start=\"2022\" data-end=\"2048\">Movilidad en Almac\u00e9n Fr\u00edo:<\/strong> Ruedas <strong data-start=\"2058\" data-end=\"2069\">opcionales<\/strong> que facilitan el movimiento por pasillos estrechos de c\u00e1maras frigor\u00edficas con m\u00ednimo esfuerzo.<\/p>\n<\/li>\n<li data-start=\"2146\" data-end=\"2273\">\n<p data-start=\"2150\" data-end=\"2273\" class=\"translation-block\"><strong data-start=\"2150\" data-end=\"2183\">Control de Drenaje y Frescura:<\/strong> La <strong data-start=\"2188\" data-end=\"2210\">v\u00e1lvula de drenaje opcional<\/strong> libera el agua derretida r\u00e1pidamente, manteniendo los mariscos limpios y frescos.<\/p>\n<\/li>\n<\/ol>\n<h2>Especificaciones del producto<\/h2>\n<table dir=\"ltr\" border=\"1\" cellspacing=\"0\" cellpadding=\"0\" data-sheets-root=\"1\" data-sheets-baot=\"1\">\n<colgroup>\n<col width=\"196\" \/>\n<col width=\"319\" \/><\/colgroup>\n<tbody>\n<tr>\n<td>Materiales<\/td>\n<td>Polietileno de alta densidad (HDPE), Polipropileno (PP)<\/td>\n<\/tr>\n<tr>\n<td>Procesos<\/td>\n<td>Moldeo por Inyecci\u00f3n + Ensamblado<\/td>\n<\/tr>\n<tr>\n<td>Dimensiones externas<\/td>\n<td>1200\u00a0mm x 1000\u00a0mm x 760\u00a0mm, Personalizado<\/td>\n<\/tr>\n<tr>\n<td>Dimensiones internas<\/td>\n<td>1110mm x 910mm x 600mm, Personalizado<\/td>\n<\/tr>\n<tr>\n<td>Altura plegada<\/td>\n<td>290 mm<\/td>\n<\/tr>\n<tr>\n<td>Capacidad de volumen<\/td>\n<td>606L<\/td>\n<\/tr>\n<tr>\n<td>Peso<\/td>\n<td>34kg<\/td>\n<\/tr>\n<tr>\n<td>Capacidad de carga<\/td>\n<td>1T (Din\u00e1mico) \/ 4T (Est\u00e1tico) \/ 1T (Estanter\u00eda)<\/td>\n<\/tr>\n<tr>\n<td>Capas apiladas en est\u00e1tico<\/td>\n<td>5 capas<\/td>\n<\/tr>\n<tr>\n<td>Montacargas<\/td>\n<td>Entrada por 4 lados<\/td>\n<\/tr>\n<tr>\n<td>Transpaleta<\/td>\n<td>Entrada por 4 lados<\/td>\n<\/tr>\n<tr>\n<td>Temperatura de uso<\/td>\n<td>-30\u2103 a 40\u2103<\/td>\n<\/tr>\n<tr>\n<td>Base<\/td>\n<td>Base con 2 patines<\/td>\n<\/tr>\n<tr>\n<td>Color<\/td>\n<td>Amarillo, Azul, Rojo, Verde, Negro, Blanco, Personalizado<\/td>\n<\/tr>\n<tr>\n<td>Logotipo \/ Impresi\u00f3n<\/td>\n<td>S\u00ed<\/td>\n<\/tr>\n<tr>\n<td>Accesorio<\/td>\n<td>Tapa<\/td>\n<\/tr>\n<tr>\n<td>Accesorio<\/td>\n<td>4 Ruedas A\u00f1adidas en la Parte Inferior<\/td>\n<\/tr>\n<tr>\n<td>Accesorio<\/td>\n<td>Grifo de drenaje<\/td>\n<\/tr>\n<tr>\n<td>Reutilizable<\/td>\n<td>S\u00ed<\/td>\n<\/tr>\n<tr>\n<td>Cantidad en 20FT<\/td>\n<td>42 unidades<\/td>\n<\/tr>\n<tr>\n<td>Cantidad en 40HC<\/td>\n<td>102 uds.<\/td>\n<\/tr>\n<tr>\n<td>Est\u00e1ndar de calidad<\/td>\n<td>\n<div>\n<div>ISO 9001, SGS, ROHS, FDA, CE, REACH, UN, CTT, EN-840, GRS<\/div>\n<\/div>\n<\/td>\n<\/tr>\n<\/tbody>\n<\/table>\n<h2 data-start=\"209\" data-end=\"228\"><strong data-start=\"212\" data-end=\"228\">Aplicaciones<\/strong><\/h2>\n<p data-start=\"230\" data-end=\"364\" class=\"translation-block\"><strong data-start=\"230\" data-end=\"257\">Mariscos y Almacenamiento en Fr\u00edo:<\/strong> Para manejo de pescado congelado, camarones, mariscos y otros productos en c\u00e1maras fr\u00edas y log\u00edstica refrigerada.<\/p>\n<p data-start=\"366\" data-end=\"493\" class=\"translation-block\"><strong data-start=\"366\" data-end=\"386\">Procesamiento de Carne:<\/strong> Ideal para almacenar, descongelar y transportar carne de res, cerdo y aves en plantas alimentarias y mataderos.<\/p>\n<p data-start=\"495\" data-end=\"622\" class=\"translation-block\"><strong data-start=\"495\" data-end=\"515\">Producci\u00f3n Alimentaria:<\/strong> Usado para mezcla de ingredientes, almacenamiento de alimentos semielaborados y transferencia higi\u00e9nica en l\u00edneas de producci\u00f3n.<\/p>\n<p data-start=\"624\" data-end=\"757\" class=\"translation-block\"><strong data-start=\"624\" data-end=\"650\">Agricultura y Productos Frescos:<\/strong> Adecuado para manipulaci\u00f3n a granel de papas, cebollas y otros productos agr\u00edcolas durante cosecha y distribuci\u00f3n.<\/p>\n<p data-start=\"759\" data-end=\"887\" class=\"translation-block\"><strong data-start=\"759\" data-end=\"793\">Uso Farmac\u00e9utico y Qu\u00edmico:<\/strong> Garantiza almacenamiento y transporte sin contaminaci\u00f3n de materias primas o componentes de laboratorio.<\/p>\n<p data-start=\"889\" data-end=\"1026\" class=\"translation-block\"><strong data-start=\"889\" data-end=\"914\">Log\u00edstica Industrial:<\/strong> Perfecto para mover piezas pesadas, materiales de embalaje y bienes reutilizables entre almacenes y zonas de montaje.<\/p>","protected":false},"excerpt":{"rendered":"<p class=\"translation-block\">Nuestros <strong data-start=\"4\" data-end=\"34\">Contenedores a Granel de Pared Fija<\/strong> est\u00e1n fabricados para industrias que exigen higiene, resistencia y fiabilidad. Hechos con <strong data-start=\"118\" data-end=\"149\">HDPE 100% virgen de grado alimentario<\/strong>, estos <strong data-start=\"157\" data-end=\"179\">cajones palet r\u00edgidos<\/strong> garantizan un manejo seguro de carne, pescado y productos congelados en entornos de almacenamiento en fr\u00edo o procesamiento de alimentos. Cada <strong data-start=\"287\" data-end=\"317\">contenedor palet apilable<\/strong> cuenta con paredes s\u00f3lidas resistentes a impactos, humedad y corrosi\u00f3n, manteniendo los productos totalmente protegidos. Tambi\u00e9n ofrecemos <strong data-start=\"432\" data-end=\"466\">cajas palet pl\u00e1sticas con tapa<\/strong> y ruedas opcionales para facilitar el transporte y almacenamiento. Dise\u00f1ados para uso industrial prolongado, cada caja incluye una <strong data-start=\"591\" data-end=\"610\">garant\u00eda de 3 a\u00f1os.<\/strong><\/p>","protected":false},"featured_media":14431,"comment_status":"open","ping_status":"closed","template":"","meta":{"_seopress_robots_primary_cat":"none","_seopress_titles_title":"Fixed Wall Bulk Containers","_seopress_titles_desc":"Food-grade plastic pallet box built strong and reusable, ideal for meat, fish, and industrial use \u2014 stackable rigid pallet boxes from China.","_seopress_robots_index":"","_angie_page":false},"product_brand":[],"product_cat":[83,81,95],"product_tag":[],"class_list":{"0":"post-14425","1":"product","2":"type-product","3":"status-publish","4":"has-post-thumbnail","6":"product_cat-all-product","7":"product_cat-plastic-pallet-box","8":"product_cat-rigid-plastic-pallet-boxes","10":"first","11":"instock","12":"shipping-taxable","13":"product-type-simple"},"_links":{"self":[{"href":"https:\/\/cnplasticpallets.com\/es\/wp-json\/wp\/v2\/product\/14425","targetHints":{"allow":["GET"]}}],"collection":[{"href":"https:\/\/cnplasticpallets.com\/es\/wp-json\/wp\/v2\/product"}],"about":[{"href":"https:\/\/cnplasticpallets.com\/es\/wp-json\/wp\/v2\/types\/product"}],"replies":[{"embeddable":true,"href":"https:\/\/cnplasticpallets.com\/es\/wp-json\/wp\/v2\/comments?post=14425"}],"wp:featuredmedia":[{"embeddable":true,"href":"https:\/\/cnplasticpallets.com\/es\/wp-json\/wp\/v2\/media\/14431"}],"wp:attachment":[{"href":"https:\/\/cnplasticpallets.com\/es\/wp-json\/wp\/v2\/media?parent=14425"}],"wp:term":[{"taxonomy":"product_brand","embeddable":true,"href":"https:\/\/cnplasticpallets.com\/es\/wp-json\/wp\/v2\/product_brand?post=14425"},{"taxonomy":"product_cat","embeddable":true,"href":"https:\/\/cnplasticpallets.com\/es\/wp-json\/wp\/v2\/product_cat?post=14425"},{"taxonomy":"product_tag","embeddable":true,"href":"https:\/\/cnplasticpallets.com\/es\/wp-json\/wp\/v2\/product_tag?post=14425"}],"curies":[{"name":"wp","href":"https:\/\/api.w.org\/{rel}","templated":true}]}}