{"id":14068,"date":"2025-10-15T12:05:29","date_gmt":"2025-10-15T04:05:29","guid":{"rendered":"https:\/\/cnplasticpallets.com\/?post_type=product&#038;p=14068"},"modified":"2026-03-13T10:30:24","modified_gmt":"2026-03-13T02:30:24","slug":"1100-x-1100-mm-6-runners","status":"publish","type":"product","link":"https:\/\/cnplasticpallets.com\/es\/product\/plastic-pallets\/export-pallet\/1100-x-1100-mm-6-runners\/","title":{"rendered":"Palets de Pl\u00e1stico de Exportaci\u00f3n 1100 \u00d7 1100 mm | Y1111WTC"},"content":{"rendered":"<h2 data-start=\"214\" data-end=\"661\">Especificaci\u00f3n del Producto<\/h2>\n<table>\n<tbody>\n<tr>\n<td width=\"196\">Modelo<\/td>\n<td width=\"479\">Y1111WTC<\/td>\n<\/tr>\n<tr>\n<td width=\"196\">Materiales<\/td>\n<td width=\"479\">Polietileno de alta densidad reciclado (HDPE); Polipropileno (PP)<\/td>\n<\/tr>\n<tr>\n<td width=\"196\">Dimensiones (L\u00d7A\u00d7H mm)<\/td>\n<td width=\"479\">1100 mm \u00d7 1100 mm \u00d7 120 mm, Personalizado<\/td>\n<\/tr>\n<tr>\n<td width=\"196\">Procesos<\/td>\n<td width=\"479\">Moldeo por Inyecci\u00f3n<\/td>\n<\/tr>\n<tr>\n<td width=\"196\">Peso<\/td>\n<td width=\"479\">7,2 kg<\/td>\n<\/tr>\n<tr>\n<td width=\"196\">Barras de Refuerzo<\/td>\n<td width=\"479\">N\/A<\/td>\n<\/tr>\n<tr>\n<td width=\"196\">Base<\/td>\n<td width=\"479\">6 Patines<\/td>\n<\/tr>\n<tr>\n<td width=\"196\">Cubierta Superior<\/td>\n<td width=\"479\">Cubierta Ventilada<\/td>\n<\/tr>\n<tr>\n<td width=\"196\">Montacargas<\/td>\n<td width=\"479\">Entrada por 4 lados<\/td>\n<\/tr>\n<tr>\n<td width=\"196\">Transpaleta<\/td>\n<td width=\"479\">Entrada por 4 lados<\/td>\n<\/tr>\n<tr>\n<td width=\"196\">Higi\u00e9nico<\/td>\n<td width=\"479\">No<\/td>\n<\/tr>\n<tr>\n<td width=\"196\">Apto para estanter\u00edas<\/td>\n<td width=\"479\">No<\/td>\n<\/tr>\n<tr>\n<td width=\"196\">Apilable<\/td>\n<td width=\"479\">S\u00ed<\/td>\n<\/tr>\n<tr>\n<td width=\"196\">Reutilizable<\/td>\n<td width=\"479\">S\u00ed<\/td>\n<\/tr>\n<tr>\n<td width=\"196\">Logotipo \/ Impresi\u00f3n<\/td>\n<td width=\"479\">S\u00ed<\/td>\n<\/tr>\n<tr>\n<td width=\"196\">Capacidad Est\u00e1tica<\/td>\n<td width=\"479\">2000 kg<\/td>\n<\/tr>\n<tr>\n<td width=\"196\">Capacidad Din\u00e1mica<\/td>\n<td width=\"479\">1000 kg<\/td>\n<\/tr>\n<tr>\n<td width=\"196\">Capacidad en estanter\u00eda<\/td>\n<td width=\"479\">N\/A<\/td>\n<\/tr>\n<tr>\n<td width=\"196\">Temperatura de uso<\/td>\n<td width=\"479\">-5\u2103 a 40\u2103<\/td>\n<\/tr>\n<tr>\n<td width=\"196\">Color<\/td>\n<td width=\"479\">Amarillo, Azul, Rojo, Verde, Negro, Blanco, Personalizado<\/td>\n<\/tr>\n<tr>\n<td width=\"196\">Cantidad en 20FT<\/td>\n<td width=\"479\">180 unidades<\/td>\n<\/tr>\n<tr>\n<td width=\"196\">Cantidad en 40HC<\/td>\n<td width=\"479\">450 piezas<\/td>\n<\/tr>\n<\/tbody>\n<\/table>\n<p data-start=\"214\" data-end=\"661\" class=\"translation-block\">Nuestro <strong data-start=\"218\" data-end=\"265\">pallet pl\u00e1stico de exportaci\u00f3n Y1111WTC 1100\u00d71100 mm<\/strong> est\u00e1 fabricado mediante moldeo por inyecci\u00f3n de alta presi\u00f3n, garantizando calidad uniforme en cada lote. Su estructura monobloque elimina uniones d\u00e9biles, asegurando integridad estructural bajo condiciones variables de manipulaci\u00f3n en l\u00edneas de embalaje para exportaci\u00f3n. Su plataforma ventilada mejora la circulaci\u00f3n del aire debajo de cajas y mercanc\u00edas envueltas, reduciendo la condensaci\u00f3n durante el almacenamiento prolongado y el transporte mar\u00edtimo.<\/p>\n<p data-start=\"663\" data-end=\"1103\" class=\"translation-block\">Dise\u00f1amos este modelo priorizando la higiene y facilidad de uso. La superficie lisa de HDPE es lavable, resistente a la humedad y no porosa, ideal para entornos de exportaci\u00f3n limpios donde el polvo o las astillas no son aceptables. A diferencia de los palets de madera, no requiere fumigaci\u00f3n ni tratamiento qu\u00edmico, ayudando a los compradores a pasar inspecciones aduaneras m\u00e1s r\u00e1pido y cumpliendo con est\u00e1ndares internacionales de higiene como <strong data-start=\"1055\" data-end=\"1067\">ISO 9001<\/strong>, <strong data-start=\"1069\" data-end=\"1076\">SGS<\/strong> y <strong data-start=\"1082\" data-end=\"1089\">FDA<\/strong>.<\/p>\n<p data-start=\"1105\" data-end=\"1615\" class=\"translation-block\">En <strong data-start=\"1108\" data-end=\"1131\">Enlightening Pallet<\/strong>, nos enfocamos en la precisi\u00f3n de fabricaci\u00f3n y la fiabilidad a largo plazo. Cada pallet se produce con HDPE reciclado estabilizado contra rayos UV, opciones antideslizantes y tolerancia dimensional controlada dentro de \u00b13 mm, asegurando compatibilidad con transportadores autom\u00e1ticos y sistemas de embalaje est\u00e1ndar para exportaci\u00f3n asi\u00e1tica. Nuestro equipo t\u00e9cnico supervisa continuamente el flujo de resina, la temperatura del molde y el tiempo de enfriamiento durante la producci\u00f3n para lograr distribuci\u00f3n de peso uniforme y evitar deformaciones o defectos superficiales.<\/p>\n<p data-start=\"1617\" data-end=\"1910\">Para compradores que buscan visibilidad de marca y control operativo, ofrecemos logotipos en molde o grabados en caliente, codificaci\u00f3n por colores y espacios para c\u00f3digos de barras. Estas opciones ayudan a los almacenes a simplificar la gesti\u00f3n de inventario, reducir errores y fortalecer la trazabilidad en todo el proceso de exportaci\u00f3n.<\/p>","protected":false},"excerpt":{"rendered":"<article class=\"text-token-text-primary w-full focus:outline-none [--shadow-height:45px] has-data-writing-block:pointer-events-none has-data-writing-block:-mt-(--shadow-height) has-data-writing-block:pt-(--shadow-height) [&amp;:has([data-writing-block])&gt;*]:pointer-events-auto [content-visibility:auto] supports-[content-visibility:auto]:[contain-intrinsic-size:auto_100lvh] scroll-mt-[calc(var(--header-height)+min(200px,max(70px,20svh)))]\" dir=\"auto\" tabindex=\"-1\" data-turn-id=\"request-68eeffb1-f1c0-8323-bcbc-e478db29b8ad-16\" data-testid=\"conversation-turn-28\" data-scroll-anchor=\"true\" data-turn=\"assistant\">\n<div class=\"text-base my-auto mx-auto pb-10 [--thread-content-margin:--spacing(4)] thread-sm:[--thread-content-margin:--spacing(6)] thread-lg:[--thread-content-margin:--spacing(16)] px-(--thread-content-margin)\">\n<div class=\"[--thread-content-max-width:40rem] thread-lg:[--thread-content-max-width:48rem] mx-auto max-w-(--thread-content-max-width) flex-1 group\/turn-messages focus-visible:outline-hidden relative flex w-full min-w-0 flex-col agent-turn\" tabindex=\"-1\">\n<div class=\"flex max-w-full flex-col grow\">\n<div class=\"min-h-8 text-message relative flex w-full flex-col items-end gap-2 text-start break-words whitespace-normal [.text-message+&amp;]:mt-1\" dir=\"auto\" data-message-author-role=\"assistant\" data-message-id=\"295f40a6-b987-45d3-87d0-237a340ec6d7\" data-message-model-slug=\"gpt-5\">\n<div class=\"flex w-full flex-col gap-1 empty:hidden first:pt-[1px]\">\n<div class=\"markdown prose dark:prose-invert w-full break-words light markdown-new-styling\">\n<p data-start=\"106\" data-end=\"656\" data-is-last-node=\"\" data-is-only-node=\"\">Enlightening Pallet&#8217;s 1100\u00d71100 mm export plastic pallet is engineered for one-way and light-duty repeated export across Asia-Pacific trade routes. Produced in our ISO 9001-certified facility with over 26 years of manufacturing experience, this fumigation-free HDPE pallet meets ISPM 15 exemption requirements, enabling faster customs clearance across regulated import markets. Certified to SGS and FDA standards, it is suited for food-grade, pharmaceutical, and general cargo export operations. OEM colors, logo marking, and custom dimensions are accepted.<\/p>\n<\/div>\n<\/div>\n<\/div>\n<\/div>\n<\/div>\n<\/div>\n<\/article>\n","protected":false},"featured_media":14077,"comment_status":"open","ping_status":"closed","template":"","meta":{"_seopress_robots_primary_cat":"none","_seopress_titles_title":"1100 \u00d7 1100 mm Export Plastic Pallets | Enlightening Pallet","_seopress_titles_desc":"Explore our 1100\u00d71100 mm export plastic pallets for one-way Asian shipping. Clean, durable, and cost-efficient for professional export logistics.","_seopress_robots_index":"","_angie_page":false},"product_brand":[],"product_cat":[83,374,84],"product_tag":[],"class_list":{"0":"post-14068","1":"product","2":"type-product","3":"status-publish","4":"has-post-thumbnail","6":"product_cat-all-product","7":"product_cat-export-pallet","8":"product_cat-plastic-pallets","10":"first","11":"instock","12":"shipping-taxable","13":"product-type-simple"},"_links":{"self":[{"href":"https:\/\/cnplasticpallets.com\/es\/wp-json\/wp\/v2\/product\/14068","targetHints":{"allow":["GET"]}}],"collection":[{"href":"https:\/\/cnplasticpallets.com\/es\/wp-json\/wp\/v2\/product"}],"about":[{"href":"https:\/\/cnplasticpallets.com\/es\/wp-json\/wp\/v2\/types\/product"}],"replies":[{"embeddable":true,"href":"https:\/\/cnplasticpallets.com\/es\/wp-json\/wp\/v2\/comments?post=14068"}],"wp:featuredmedia":[{"embeddable":true,"href":"https:\/\/cnplasticpallets.com\/es\/wp-json\/wp\/v2\/media\/14077"}],"wp:attachment":[{"href":"https:\/\/cnplasticpallets.com\/es\/wp-json\/wp\/v2\/media?parent=14068"}],"wp:term":[{"taxonomy":"product_brand","embeddable":true,"href":"https:\/\/cnplasticpallets.com\/es\/wp-json\/wp\/v2\/product_brand?post=14068"},{"taxonomy":"product_cat","embeddable":true,"href":"https:\/\/cnplasticpallets.com\/es\/wp-json\/wp\/v2\/product_cat?post=14068"},{"taxonomy":"product_tag","embeddable":true,"href":"https:\/\/cnplasticpallets.com\/es\/wp-json\/wp\/v2\/product_tag?post=14068"}],"curies":[{"name":"wp","href":"https:\/\/api.w.org\/{rel}","templated":true}]}}