{"id":14053,"date":"2025-10-15T11:26:15","date_gmt":"2025-10-15T03:26:15","guid":{"rendered":"https:\/\/cnplasticpallets.com\/?post_type=product&#038;p=14053"},"modified":"2025-10-15T11:27:16","modified_gmt":"2025-10-15T03:27:16","slug":"1200-x-1000-mm-shipping-pallets","status":"publish","type":"product","link":"https:\/\/cnplasticpallets.com\/es\/product\/plastic-pallets\/export-pallet\/1200-x-1000-mm-shipping-pallets\/","title":{"rendered":"Palets de Exportaci\u00f3n 1200 \u00d7 1000 mm"},"content":{"rendered":"<p data-start=\"231\" data-end=\"246\"><strong data-start=\"234\" data-end=\"246\">Caracter\u00edsticas del producto<\/strong><\/p>\n<p class=\"translation-block\"><b>Dise\u00f1o ligero para exportaci\u00f3n:<\/b><b><br>\n<\/b><span style=\"font-weight: 400\">Estos <\/span><b>palets pl\u00e1sticos de exportaci\u00f3n Y1210WTC<\/b><span style=\"font-weight: 400\"> hacen que el env\u00edo sea m\u00e1s \u00e1gil y eficiente. Cada pallet pesa solo 7.2 kg pero soporta hasta 1 tonelada de carga din\u00e1mica, ideal para <\/span><b>palets de un solo uso<\/b><span style=\"font-weight: 400\"> en exportaciones de larga distancia.<\/span><\/p>\n<p class=\"translation-block\"><b>Base estable de seis patines:<\/b><b><br>\n<\/b><span style=\"font-weight: 400\">Dise\u00f1amos una base s\u00f3lida de seis patines para mantener su carga segura y estable. Como <\/span><b>pallet desechable<\/b><span style=\"font-weight: 400\">, ofrece un rendimiento fiable en apilado, carga en contenedores o transporte interno en almac\u00e9n.<\/span><\/p>\n<p class=\"translation-block\"><b>Plataforma ventilada tipo rejilla:<\/b><b><br>\n<\/b><span style=\"font-weight: 400\">La superficie abierta permite la circulaci\u00f3n del aire y evita la acumulaci\u00f3n de humedad. Su dise\u00f1o ligero y <\/span><b>apilable<\/b><span style=\"font-weight: 400\"> tambi\u00e9n ahorra espacio en contenedores y reduce los costos de almacenamiento.<\/span><\/p>\n<p class=\"translation-block\"><b>Acceso de montacargas en 4 direcciones:<\/b><b><br>\n<\/b><span style=\"font-weight: 400\">Puede levantarse o moverse f\u00e1cilmente desde cualquier lado, acelerando las operaciones de carga y descarga y garantizando mayor seguridad en el manejo.<\/span><\/p>\n<p class=\"translation-block\"><b>Cumplimiento libre de fumigaci\u00f3n:<\/b><b><br>\n<\/b><span style=\"font-weight: 400\">Fabricado con HDPE reciclado conforme a las normas ISPM-15, no requiere fumigaci\u00f3n. Permite un despacho aduanero m\u00e1s r\u00e1pido sin las restricciones de los palets de madera.<\/span><\/p>\n<p data-start=\"248\" data-end=\"503\" class=\"translation-block\"><b>Opciones de color y logotipo personalizado:<\/b><b><br>\n<\/b><span style=\"font-weight: 400\">En <\/span><b>Enlightening Pallet<\/b><span style=\"font-weight: 400\"> ayudamos a destacar su marca mediante logotipos moldeados o grabados en caliente y colores personalizados, ideales para visibilidad y trazabilidad de env\u00edos.<\/span><\/p>\n<p><img fetchpriority=\"high\" decoding=\"async\" class=\"wp-image-14064 size-full\" src=\"https:\/\/cnplasticpallets.com\/wp-content\/uploads\/2025\/10\/1200-\u00d7-1000-mm-Export-Shipping-Pallets\u200b1.jpg\" alt=\"1200 \u00d7 1000 mm paletas de exportaci\u00f3n para env\u00edo\" width=\"960\" height=\"720\" srcset=\"https:\/\/cnplasticpallets.com\/wp-content\/uploads\/2025\/10\/1200-\u00d7-1000-mm-Export-Shipping-Pallets\u200b1.jpg 960w, https:\/\/cnplasticpallets.com\/wp-content\/uploads\/2025\/10\/1200-\u00d7-1000-mm-Export-Shipping-Pallets\u200b1-300x225.jpg 300w, https:\/\/cnplasticpallets.com\/wp-content\/uploads\/2025\/10\/1200-\u00d7-1000-mm-Export-Shipping-Pallets\u200b1-768x576.jpg 768w, https:\/\/cnplasticpallets.com\/wp-content\/uploads\/2025\/10\/1200-\u00d7-1000-mm-Export-Shipping-Pallets\u200b1-16x12.jpg 16w, https:\/\/cnplasticpallets.com\/wp-content\/uploads\/2025\/10\/1200-\u00d7-1000-mm-Export-Shipping-Pallets\u200b1-600x450.jpg 600w\" sizes=\"(max-width: 960px) 100vw, 960px\" \/><\/p>\n<p data-start=\"1292\" data-end=\"1480\">","protected":false},"excerpt":{"rendered":"<p data-start=\"240\" data-end=\"606\" class=\"translation-block\">Nuestro <strong data-start=\"274\" data-end=\"322\">pallet de exportaci\u00f3n Y1210WTC 1200\u00d71000 mm<\/strong> es ideal para transporte ligero y exportaci\u00f3n de un solo uso hacia Europa y Asia. Fabricado con plataforma ventilada tipo rejilla y base de seis patines, mantiene estabilidad bajo una carga din\u00e1mica de 1 tonelada. En <strong data-start=\"492\" data-end=\"515\">Enlightening Pallet<\/strong>, tambi\u00e9n ofrecemos <a href=\"https:\/\/cnplasticpallets.com\/es\/product-category\/plastic-pallets\/export-pallet\/\" target=\"_self\">otros <strong data-start=\"538\" data-end=\"555\">palets de exportaci\u00f3n<\/strong><\/a> y <a href=\"https:\/\/cnplasticpallets.com\/es\/product-category\/plastic-pallets\/\" target=\"_self\"><strong data-start=\"560\" data-end=\"578\">palets pl\u00e1sticos<\/strong><\/a> para diferentes necesidades log\u00edsticas, todos fabricados con HDPE reciclado, ofreciendo una soluci\u00f3n ligera y libre de fumigaci\u00f3n.<\/p>","protected":false},"featured_media":14063,"comment_status":"open","ping_status":"closed","template":"","meta":{"_seopress_robots_primary_cat":"none","_seopress_titles_title":"1200\u00d71000 mm Plastic Export Pallets | Enlightening Pallet","_seopress_titles_desc":"Lightweight HDPE plastic export pallets with 1T capacity, vented deck, and fumigation-free design for efficient global delivery.","_seopress_robots_index":"","_angie_page":false},"product_brand":[],"product_cat":[83,374,84],"product_tag":[],"class_list":{"0":"post-14053","1":"product","2":"type-product","3":"status-publish","4":"has-post-thumbnail","6":"product_cat-all-product","7":"product_cat-export-pallet","8":"product_cat-plastic-pallets","10":"first","11":"instock","12":"shipping-taxable","13":"product-type-simple"},"_links":{"self":[{"href":"https:\/\/cnplasticpallets.com\/es\/wp-json\/wp\/v2\/product\/14053","targetHints":{"allow":["GET"]}}],"collection":[{"href":"https:\/\/cnplasticpallets.com\/es\/wp-json\/wp\/v2\/product"}],"about":[{"href":"https:\/\/cnplasticpallets.com\/es\/wp-json\/wp\/v2\/types\/product"}],"replies":[{"embeddable":true,"href":"https:\/\/cnplasticpallets.com\/es\/wp-json\/wp\/v2\/comments?post=14053"}],"wp:featuredmedia":[{"embeddable":true,"href":"https:\/\/cnplasticpallets.com\/es\/wp-json\/wp\/v2\/media\/14063"}],"wp:attachment":[{"href":"https:\/\/cnplasticpallets.com\/es\/wp-json\/wp\/v2\/media?parent=14053"}],"wp:term":[{"taxonomy":"product_brand","embeddable":true,"href":"https:\/\/cnplasticpallets.com\/es\/wp-json\/wp\/v2\/product_brand?post=14053"},{"taxonomy":"product_cat","embeddable":true,"href":"https:\/\/cnplasticpallets.com\/es\/wp-json\/wp\/v2\/product_cat?post=14053"},{"taxonomy":"product_tag","embeddable":true,"href":"https:\/\/cnplasticpallets.com\/es\/wp-json\/wp\/v2\/product_tag?post=14053"}],"curies":[{"name":"wp","href":"https:\/\/api.w.org\/{rel}","templated":true}]}}