{"id":13824,"date":"2025-09-26T17:08:06","date_gmt":"2025-09-26T09:08:06","guid":{"rendered":"https:\/\/cnplasticpallets.com\/?post_type=product&#038;p=13824"},"modified":"2026-01-20T16:34:12","modified_gmt":"2026-01-20T08:34:12","slug":"1600-x-1140-mm-plastic-sleeve-pallet-box-vacuum-thermoforming","status":"publish","type":"product","link":"https:\/\/cnplasticpallets.com\/es\/product\/plastic-pallet-box\/pallet-sleeve-box\/1600-x-1140-mm-plastic-sleeve-pallet-box-vacuum-thermoforming\/","title":{"rendered":"Caja Pallet con Fald\u00f3n Pl\u00e1stico 1600 \u00d7 1140 mm \u2013 Termoformado al Vac\u00edo"},"content":{"rendered":"<h2 data-start=\"146\" data-end=\"171\">Par\u00e1metros T\u00e9cnicos<\/h2>\n<ul data-start=\"173\" data-end=\"1016\">\n<li data-start=\"173\" data-end=\"212\">\n<p data-start=\"175\" data-end=\"212\">Dimensiones externas: 1600 \u00d7 1140 mm<\/p>\n<\/li>\n<li data-start=\"213\" data-end=\"252\">\n<p data-start=\"215\" data-end=\"252\">Dimensiones internas: 1530 \u00d7 1070 mm<\/p>\n<\/li>\n<li data-start=\"253\" data-end=\"290\">\n<p data-start=\"255\" data-end=\"290\">Carga en contenedor 40\u2019HQ: 230 juegos<\/p>\n<\/li>\n<li data-start=\"291\" data-end=\"343\">\n<p data-start=\"293\" data-end=\"343\">Material de la tapa: HDPE, proceso de termoformado al vac\u00edo<\/p>\n<\/li>\n<li data-start=\"344\" data-end=\"410\">\n<p data-start=\"346\" data-end=\"410\">Material de la base del pallet: HDPE, moldeo por inyecci\u00f3n, dise\u00f1o anidable<\/p>\n<\/li>\n<li data-start=\"411\" data-end=\"500\">\n<p data-start=\"413\" data-end=\"500\">Material del fald\u00f3n: Tablero de panal PP, desmontable, plegable, con puerta de acceso opcional<\/p>\n<\/li>\n<li data-start=\"501\" data-end=\"545\">\n<p data-start=\"503\" data-end=\"545\" class=\"translation-block\">Peso del fald\u00f3n: 3200 GSM \/ 3500 GSM<\/p>\n<\/li>\n<li data-start=\"546\" data-end=\"567\">\n<p data-start=\"548\" data-end=\"567\">Peso de la tapa: 13 kg<\/p>\n<\/li>\n<li data-start=\"568\" data-end=\"597\">\n<p data-start=\"570\" data-end=\"597\">Peso de la base del pallet: 20 kg<\/p>\n<\/li>\n<li data-start=\"598\" data-end=\"618\">\n<p data-start=\"600\" data-end=\"618\">Barras transversales: Ninguna<\/p>\n<\/li>\n<li data-start=\"619\" data-end=\"640\">\n<p data-start=\"621\" data-end=\"640\">Tubos de acero: Ninguno<\/p>\n<\/li>\n<li data-start=\"641\" data-end=\"655\">\n<p data-start=\"643\" data-end=\"655\">Cierres: S\u00ed<\/p>\n<\/li>\n<li data-start=\"656\" data-end=\"695\">\n<p data-start=\"658\" data-end=\"695\">Carga Est\u00e1tica: 1 + 2 capas apilables<\/p>\n<\/li>\n<li data-start=\"696\" data-end=\"736\">\n<p data-start=\"698\" data-end=\"736\">Carga Din\u00e1mica: 1 + 1 capas apilables<\/p>\n<\/li>\n<li data-start=\"737\" data-end=\"779\">\n<p data-start=\"739\" data-end=\"779\" class=\"translation-block\">Ratio de retorno (conjunto completo): hasta 1:5<\/p>\n<\/li>\n<li data-start=\"780\" data-end=\"822\">\n<p data-start=\"782\" data-end=\"822\" class=\"translation-block\">Ratio de retorno (desmontado): hasta 1:8<\/p>\n<\/li>\n<li data-start=\"823\" data-end=\"848\">\n<p data-start=\"825\" data-end=\"848\">Entrada para montacargas: 4 lados<\/p>\n<\/li>\n<li data-start=\"849\" data-end=\"926\">\n<p data-start=\"851\" data-end=\"926\">Caracter\u00edsticas: Fald\u00f3n PP desmontable, montaje y plegado r\u00e1pidos, base anidable<\/p>\n<\/li>\n<li data-start=\"927\" data-end=\"961\">\n<p data-start=\"929\" data-end=\"961\">Reciclabilidad: 100% reciclable<\/p>\n<\/li>\n<li data-start=\"962\" data-end=\"1016\">\n<p data-start=\"964\" data-end=\"1016\">Dise\u00f1ado para: almacenaje y log\u00edstica de alta exigencia<\/p>\n<\/li>\n<\/ul>\n<p><img fetchpriority=\"high\" decoding=\"async\" class=\"alignnone size-medium wp-image-13832\" src=\"https:\/\/cnplasticpallets.com\/wp-content\/uploads\/2025\/09\/1600\u00d71140-sleeve-pack-2-300x225.jpg\" alt=\"Termoformado al vac\u00edo de caja pal\u00e9 de pl\u00e1stico de 1600 \u00d7 1140 mm para funda.\" width=\"300\" height=\"225\" srcset=\"https:\/\/cnplasticpallets.com\/wp-content\/uploads\/2025\/09\/1600\u00d71140-sleeve-pack-2-300x225.jpg 300w, https:\/\/cnplasticpallets.com\/wp-content\/uploads\/2025\/09\/1600\u00d71140-sleeve-pack-2-768x576.jpg 768w, https:\/\/cnplasticpallets.com\/wp-content\/uploads\/2025\/09\/1600\u00d71140-sleeve-pack-2-16x12.jpg 16w, https:\/\/cnplasticpallets.com\/wp-content\/uploads\/2025\/09\/1600\u00d71140-sleeve-pack-2-600x450.jpg 600w, https:\/\/cnplasticpallets.com\/wp-content\/uploads\/2025\/09\/1600\u00d71140-sleeve-pack-2.jpg 800w\" sizes=\"(max-width: 300px) 100vw, 300px\" \/> <img decoding=\"async\" class=\"alignnone size-medium wp-image-13833\" src=\"https:\/\/cnplasticpallets.com\/wp-content\/uploads\/2025\/09\/1600\u00d71140-sleeve-pack-3-300x225.jpg\" alt=\"Termoformado al vac\u00edo de caja pal\u00e9 de pl\u00e1stico de 1600 \u00d7 1140 mm para funda.\" width=\"300\" height=\"225\" srcset=\"https:\/\/cnplasticpallets.com\/wp-content\/uploads\/2025\/09\/1600\u00d71140-sleeve-pack-3-300x225.jpg 300w, https:\/\/cnplasticpallets.com\/wp-content\/uploads\/2025\/09\/1600\u00d71140-sleeve-pack-3-768x576.jpg 768w, https:\/\/cnplasticpallets.com\/wp-content\/uploads\/2025\/09\/1600\u00d71140-sleeve-pack-3-16x12.jpg 16w, https:\/\/cnplasticpallets.com\/wp-content\/uploads\/2025\/09\/1600\u00d71140-sleeve-pack-3-600x450.jpg 600w, https:\/\/cnplasticpallets.com\/wp-content\/uploads\/2025\/09\/1600\u00d71140-sleeve-pack-3.jpg 800w\" sizes=\"(max-width: 300px) 100vw, 300px\" \/><\/p>","protected":false},"excerpt":{"rendered":"<p data-start=\"175\" data-end=\"755\" class=\"translation-block\">Nuestro <strong data-start=\"179\" data-end=\"216\">contenedor con fald\u00f3n pallet 1600\u00d71140<\/strong> est\u00e1 dise\u00f1ado para <strong data-start=\"230\" data-end=\"270\">almacenaje y log\u00edstica de alta exigencia<\/strong>. Este modelo, tambi\u00e9n conocido como <strong data-start=\"305\" data-end=\"335\">caja pallet con fald\u00f3n plegable<\/strong>, incorpora una <strong data-start=\"349\" data-end=\"391\">tapa de HDPE termoformada al vac\u00edo con relieve<\/strong> que no solo es <strong data-start=\"409\" data-end=\"434\">est\u00e9ticamente atractiva<\/strong> sino tambi\u00e9n <strong data-start=\"444\" data-end=\"476\">antideslizante para un apilado seguro<\/strong>. La <strong data-start=\"482\" data-end=\"507\">base inyectada<\/strong> y el <strong data-start=\"512\" data-end=\"535\">fald\u00f3n de panal PP<\/strong> garantizan resistencia y montaje r\u00e1pido. Estas <strong data-start=\"578\" data-end=\"607\">cajas con fald\u00f3n pl\u00e1stico<\/strong> se pliegan para lograr un <strong data-start=\"626\" data-end=\"646\">ratio de retorno 1:8<\/strong>, convirtiendo el <strong data-start=\"659\" data-end=\"685\">fald\u00f3n automotriz<\/strong> en una opci\u00f3n probada para <strong data-start=\"706\" data-end=\"752\">ahorro de costes y cadenas de suministro sostenibles<\/strong>.<\/p>","protected":false},"featured_media":13828,"comment_status":"open","ping_status":"closed","template":"","meta":{"_seopress_robots_primary_cat":"none","_seopress_titles_title":"1600 \u00d7 1140mm Plastic Sleeve Pallet Box Vacuum Thermoforming","_seopress_titles_desc":"Durable plastic sleeve pallet box 1600\u00d71140 mm with patterned HDPE lid, quick-fold PP sleeve, 1:8 return ratio, built for B2B supply chains.","_seopress_robots_index":"","_angie_page":false},"product_brand":[],"product_cat":[83,327,81],"product_tag":[],"class_list":{"0":"post-13824","1":"product","2":"type-product","3":"status-publish","4":"has-post-thumbnail","6":"product_cat-all-product","7":"product_cat-pallet-sleeve-box","8":"product_cat-plastic-pallet-box","10":"first","11":"instock","12":"shipping-taxable","13":"product-type-simple"},"_links":{"self":[{"href":"https:\/\/cnplasticpallets.com\/es\/wp-json\/wp\/v2\/product\/13824","targetHints":{"allow":["GET"]}}],"collection":[{"href":"https:\/\/cnplasticpallets.com\/es\/wp-json\/wp\/v2\/product"}],"about":[{"href":"https:\/\/cnplasticpallets.com\/es\/wp-json\/wp\/v2\/types\/product"}],"replies":[{"embeddable":true,"href":"https:\/\/cnplasticpallets.com\/es\/wp-json\/wp\/v2\/comments?post=13824"}],"wp:featuredmedia":[{"embeddable":true,"href":"https:\/\/cnplasticpallets.com\/es\/wp-json\/wp\/v2\/media\/13828"}],"wp:attachment":[{"href":"https:\/\/cnplasticpallets.com\/es\/wp-json\/wp\/v2\/media?parent=13824"}],"wp:term":[{"taxonomy":"product_brand","embeddable":true,"href":"https:\/\/cnplasticpallets.com\/es\/wp-json\/wp\/v2\/product_brand?post=13824"},{"taxonomy":"product_cat","embeddable":true,"href":"https:\/\/cnplasticpallets.com\/es\/wp-json\/wp\/v2\/product_cat?post=13824"},{"taxonomy":"product_tag","embeddable":true,"href":"https:\/\/cnplasticpallets.com\/es\/wp-json\/wp\/v2\/product_tag?post=13824"}],"curies":[{"name":"wp","href":"https:\/\/api.w.org\/{rel}","templated":true}]}}