{"id":13811,"date":"2025-09-26T16:36:03","date_gmt":"2025-09-26T08:36:03","guid":{"rendered":"https:\/\/cnplasticpallets.com\/?post_type=product&#038;p=13811"},"modified":"2026-01-20T16:33:13","modified_gmt":"2026-01-20T08:33:13","slug":"1140x1140-pallet-sleeve-box-injection-molding","status":"publish","type":"product","link":"https:\/\/cnplasticpallets.com\/es\/product\/plastic-pallet-box\/pallet-sleeve-box\/1140x1140-pallet-sleeve-box-injection-molding\/","title":{"rendered":"1140\u00d71140 Caja Pallet con Fald\u00f3n Inyectado"},"content":{"rendered":"<h2><b>Par\u00e1metros T\u00e9cnicos<\/b><\/h2>\n<ul>\n<li aria-level=\"1\" class=\"translation-block\">Plegado: Estructura plegable de una sola pieza para f\u00e1cil almacenamiento y transporte<\/li>\n<li style=\"font-weight: 400;\" aria-level=\"1\" class=\"translation-block\">Base del pallet: Dise\u00f1o inyectado de nueve patas<\/li>\n<li style=\"font-weight: 400;\" aria-level=\"1\" class=\"translation-block\">Tapa: Inyectada, combinada con la base para mayor durabilidad y sellado<\/li>\n<li class=\"translation-block\">Peso de la barra transversal: 7,5 kg<\/li>\n<li style=\"font-weight: 400;\" aria-level=\"1\" class=\"translation-block\">Ratio de retorno (conjunto completo): hasta 1:5<\/li>\n<li style=\"font-weight: 400;\" aria-level=\"1\" class=\"translation-block\">Ratio de retorno (desmontado): hasta 1:8<\/li>\n<li style=\"font-weight: 400;\" aria-level=\"1\" class=\"translation-block\">Puerta lateral: Dise\u00f1o de doble puerta para carga y descarga r\u00e1pidas<\/li>\n<li style=\"font-weight: 400;\" aria-level=\"1\" class=\"translation-block\">Material del fald\u00f3n: Tablero de panal PP, construcci\u00f3n s\u00e1ndwich, desmontable y plegable<\/li>\n<li style=\"font-weight: 400;\" aria-level=\"1\" class=\"translation-block\">Apilamiento: Est\u00e1tico 1+2 capas, din\u00e1mico 1+1 capas; la base puede anidarse en vac\u00edo<\/li>\n<li style=\"font-weight: 400;\" aria-level=\"1\" class=\"translation-block\">Peso del fald\u00f3n: 3200 GSM \/ 3500 GSM<\/li>\n<li style=\"font-weight: 400;\" aria-level=\"1\" class=\"translation-block\">Colores est\u00e1ndar: Faldones grises o azules, tapa y base negras; otros colores personalizables a petici\u00f3n<\/li>\n<li aria-level=\"1\" class=\"translation-block\">Montacargas: Entrada por 4 lados<\/li>\n<li aria-level=\"1\" class=\"translation-block\">Transpaleta: Entrada por 4 lados<\/li>\n<\/ul>\n<h2 data-start=\"152\" data-end=\"175\">Ventajas del Producto<\/h2>\n<p data-start=\"177\" data-end=\"571\" class=\"translation-block\"><strong data-start=\"177\" data-end=\"213\">1. Base resistente por moldeo por inyecci\u00f3n<\/strong><br data-start=\"213\" data-end=\"216\">Esta <strong data-start=\"221\" data-end=\"268\">caja pallet con fald\u00f3n pl\u00e1stico inyectado<\/strong> se construye sobre una base de alta resistencia. El dise\u00f1o de 9 patas asegura acceso fluido del montacargas desde todos los lados, mientras que pueden integrarse barras adicionales para crear un fondo completo de \u201c3 patines\u201d. Esta estructura otorga a la <strong data-start=\"467\" data-end=\"491\">caja con fald\u00f3n PP<\/strong> solidez y estabilidad, haci\u00e9ndola confiable para uso intensivo a largo plazo.<\/p>\n<p data-start=\"177\" data-end=\"571\"><img fetchpriority=\"high\" decoding=\"async\" class=\"alignnone size-medium wp-image-13821\" src=\"https:\/\/cnplasticpallets.com\/wp-content\/uploads\/2025\/09\/1140\u00d71140-sleeve-pack-7-1-300x225.jpg\" alt=\"moldeo por inyecci\u00f3n de caja de embalaje de palets de 1140 x 1140\" width=\"300\" height=\"225\" srcset=\"https:\/\/cnplasticpallets.com\/wp-content\/uploads\/2025\/09\/1140\u00d71140-sleeve-pack-7-1-300x225.jpg 300w, https:\/\/cnplasticpallets.com\/wp-content\/uploads\/2025\/09\/1140\u00d71140-sleeve-pack-7-1-768x576.jpg 768w, https:\/\/cnplasticpallets.com\/wp-content\/uploads\/2025\/09\/1140\u00d71140-sleeve-pack-7-1-16x12.jpg 16w, https:\/\/cnplasticpallets.com\/wp-content\/uploads\/2025\/09\/1140\u00d71140-sleeve-pack-7-1-600x450.jpg 600w, https:\/\/cnplasticpallets.com\/wp-content\/uploads\/2025\/09\/1140\u00d71140-sleeve-pack-7-1.jpg 800w\" sizes=\"(max-width: 300px) 100vw, 300px\" \/><img decoding=\"async\" class=\"alignnone size-medium wp-image-13822\" src=\"https:\/\/cnplasticpallets.com\/wp-content\/uploads\/2025\/09\/1140\u00d71140-sleeve-pack-8-300x225.jpg\" alt=\"moldeo por inyecci\u00f3n de caja de embalaje de palets de 1140 x 1140\" width=\"300\" height=\"225\" srcset=\"https:\/\/cnplasticpallets.com\/wp-content\/uploads\/2025\/09\/1140\u00d71140-sleeve-pack-8-300x225.jpg 300w, https:\/\/cnplasticpallets.com\/wp-content\/uploads\/2025\/09\/1140\u00d71140-sleeve-pack-8-768x576.jpg 768w, https:\/\/cnplasticpallets.com\/wp-content\/uploads\/2025\/09\/1140\u00d71140-sleeve-pack-8-16x12.jpg 16w, https:\/\/cnplasticpallets.com\/wp-content\/uploads\/2025\/09\/1140\u00d71140-sleeve-pack-8-600x450.jpg 600w, https:\/\/cnplasticpallets.com\/wp-content\/uploads\/2025\/09\/1140\u00d71140-sleeve-pack-8.jpg 800w\" sizes=\"(max-width: 300px) 100vw, 300px\" \/> <img decoding=\"async\" class=\"alignnone size-medium wp-image-13823\" src=\"https:\/\/cnplasticpallets.com\/wp-content\/uploads\/2025\/09\/1140\u00d71140-sleeve-pack-9-300x225.jpg\" alt=\"moldeo por inyecci\u00f3n de caja de embalaje de palets de 1140 x 1140\" width=\"300\" height=\"225\" srcset=\"https:\/\/cnplasticpallets.com\/wp-content\/uploads\/2025\/09\/1140\u00d71140-sleeve-pack-9-300x225.jpg 300w, https:\/\/cnplasticpallets.com\/wp-content\/uploads\/2025\/09\/1140\u00d71140-sleeve-pack-9-768x576.jpg 768w, https:\/\/cnplasticpallets.com\/wp-content\/uploads\/2025\/09\/1140\u00d71140-sleeve-pack-9-16x12.jpg 16w, https:\/\/cnplasticpallets.com\/wp-content\/uploads\/2025\/09\/1140\u00d71140-sleeve-pack-9-600x450.jpg 600w, https:\/\/cnplasticpallets.com\/wp-content\/uploads\/2025\/09\/1140\u00d71140-sleeve-pack-9.jpg 800w\" sizes=\"(max-width: 300px) 100vw, 300px\" \/><\/p>\n<p data-start=\"573\" data-end=\"988\" class=\"translation-block\"><strong data-start=\"573\" data-end=\"624\">2. Fald\u00f3n PP duradero con dise\u00f1o s\u00e1ndwich<\/strong><br data-start=\"624\" data-end=\"627\">El fald\u00f3n est\u00e1 hecho de tablero de panal PP, ligero pero resistente. Su construcci\u00f3n s\u00e1ndwich incrementa la resistencia a la compresi\u00f3n sin a\u00f1adir peso innecesario. Puede desmontar o instalar el fald\u00f3n f\u00e1cilmente y, una vez ensamblado, la <strong data-start=\"856\" data-end=\"878\">caja con fald\u00f3n pl\u00e1stico<\/strong> queda firmemente bloqueada. Esto ahorra tiempo de mano de obra y mantiene la seguridad de las mercanc\u00edas en transporte de larga distancia.<\/p>\n<p data-start=\"990\" data-end=\"1346\" class=\"translation-block\"><strong data-start=\"990\" data-end=\"1033\">3. Dise\u00f1o plegable para log\u00edstica de retorno<\/strong><br data-start=\"1033\" data-end=\"1036\">Sabemos que los costes de retorno son una preocupaci\u00f3n clave. Por eso, este <strong data-start=\"1111\" data-end=\"1135\">fald\u00f3n plegable<\/strong> alcanza un ratio 1:5 cuando se pliega completo y hasta 1:8 cuando se desmonta en tapa, base y fald\u00f3n. El resultado es un ahorro significativo en log\u00edstica inversa, especialmente para clientes internacionales.<\/p>\n<p data-start=\"1348\" data-end=\"1693\" class=\"translation-block\"><strong data-start=\"1348\" data-end=\"1388\">4. Acceso de doble puerta para eficiencia<\/strong><br data-start=\"1388\" data-end=\"1391\">A diferencia de los contenedores tradicionales, esta <strong data-start=\"1427\" data-end=\"1448\">caja pallet con fald\u00f3n<\/strong> viene con acceso lateral de doble puerta. Los operarios pueden cargar o recoger sin quitar todo el fald\u00f3n. Este dise\u00f1o es altamente valorado en <strong data-start=\"1586\" data-end=\"1612\">cadenas de suministro automotrices con fald\u00f3n<\/strong> y centros de distribuci\u00f3n donde la rapidez y la eficiencia son prioritarias.<\/p>\n<p data-start=\"1695\" data-end=\"2072\" class=\"translation-block\"><strong data-start=\"1695\" data-end=\"1754\">5. Tapa inyectada reforzada con correas de cierre<\/strong><br data-start=\"1754\" data-end=\"1757\">La tapa superior tambi\u00e9n est\u00e1 inyectada, ofreciendo resistencia y ajuste firme. Equipada con correas y cierres met\u00e1licos, evita aperturas accidentales durante la manipulaci\u00f3n o el transporte. Esto brinda mejor protecci\u00f3n contra polvo y humedad, esencial en sectores como automoci\u00f3n, electr\u00f3nica y embalaje qu\u00edmico.<\/p>\n<p data-start=\"2074\" data-end=\"2393\" class=\"translation-block\"><strong data-start=\"2074\" data-end=\"2107\">6. Apilable y ahorradora de espacio<\/strong><br data-start=\"2107\" data-end=\"2110\">La <strong data-start=\"2114\" data-end=\"2138\">caja con fald\u00f3n PP<\/strong> soporta apilamiento est\u00e1tico de 1+2 capas y din\u00e1mico de 1+1 capas. Su base puede anidarse para ahorrar espacio cuando est\u00e1 vac\u00eda. Al maximizar la capacidad del almac\u00e9n, este <strong data-start=\"2310\" data-end=\"2325\">fald\u00f3n plegable<\/strong> mejora la eficiencia de almacenamiento y reduce costes operativos.<\/p>\n<p data-start=\"2395\" data-end=\"2764\" class=\"translation-block\"><strong data-start=\"2395\" data-end=\"2448\">7. Opciones de paneles para distintas necesidades<\/strong><br data-start=\"2448\" data-end=\"2451\">Suministramos faldones en versiones de 3200 GSM y 3500 GSM. Los clientes que manejan componentes ligeros pueden elegir 3200 GSM, mientras que las industrias automotriz o de maquinaria prefieren 3500 GSM por mayor resistencia. Como fabricantes, aseguramos que cada <strong data-start=\"2698\" data-end=\"2720\">caja con fald\u00f3n pl\u00e1stico<\/strong> se produce bajo estricto control de calidad.<\/p>\n<p data-start=\"2766\" data-end=\"3128\" class=\"translation-block\"><strong data-start=\"2766\" data-end=\"2805\">8. Colores y personalizaci\u00f3n de marca<\/strong><br data-start=\"2805\" data-end=\"2808\">Los colores est\u00e1ndar de los faldones son gris o azul, con tapas y bases negras. Para empresas que requieren codificaci\u00f3n por colores o identidad corporativa, producimos colores personalizados y logos impresos. Esta opci\u00f3n convierte al <strong data-start=\"3017\" data-end=\"3041\">fald\u00f3n plegable<\/strong> no solo en una soluci\u00f3n pr\u00e1ctica de embalaje, sino tambi\u00e9n en parte de la identidad de su cadena de suministro.<\/p>\n<h2 data-start=\"95\" data-end=\"121\">Escenarios de aplicaci\u00f3n<\/h2>\n<p data-start=\"123\" data-end=\"364\" class=\"translation-block\"><strong data-start=\"123\" data-end=\"147\">Industria automotriz:<\/strong> Esta <strong data-start=\"153\" data-end=\"210\">caja pallet con fald\u00f3n pl\u00e1stico inyectado 1140\u00d71140<\/strong> es ampliamente utilizada en el <strong data-start=\"232\" data-end=\"263\">sector automotriz alem\u00e1n<\/strong>, encajando perfectamente en sistemas de estanter\u00edas y en la log\u00edstica lanzadera entre f\u00e1bricas OEM y proveedores de nivel.<\/p>\n<p data-start=\"366\" data-end=\"535\" class=\"translation-block\"><strong data-start=\"366\" data-end=\"387\">Componentes pesados:<\/strong> Con su base inyectada reforzada y barras transversales opcionales, maneja piezas de motor, cajas de cambios y herrajes met\u00e1licos con estabilidad confiable.<\/p>\n<p data-start=\"537\" data-end=\"712\" class=\"translation-block\"><strong data-start=\"537\" data-end=\"560\">Entrega en l\u00ednea de producci\u00f3n:<\/strong> El acceso de doble puerta permite a los operarios recoger o cargar piezas r\u00e1pidamente, sin desmontar el fald\u00f3n, lo que la hace eficiente para la producci\u00f3n just-in-time.<\/p>\n<p data-start=\"714\" data-end=\"868\" class=\"translation-block\"><strong data-start=\"714\" data-end=\"735\">Log\u00edstica de retorno:<\/strong> La relaci\u00f3n de retorno 1:5 a 1:8 ayuda a los exportadores alemanes a reducir significativamente los costes de transporte inverso, especialmente en trayectos de larga distancia.<\/p>\n<p data-start=\"870\" data-end=\"1064\" class=\"translation-block\"><strong data-start=\"870\" data-end=\"896\">Embalaje sostenible:<\/strong> Su fald\u00f3n de panal PP y la tapa inyectada garantizan durabilidad y reutilizaci\u00f3n, convirtiendo esta <strong data-start=\"993\" data-end=\"1017\">caja pallet con fald\u00f3n PP<\/strong> en un activo s\u00f3lido dentro de las cadenas de suministro de ciclo cerrado.<\/p>","protected":false},"excerpt":{"rendered":"<p data-start=\"220\" data-end=\"681\" class=\"translation-block\">Adecuado para su <strong data-start=\"155\" data-end=\"190\">log\u00edstica automotriz y de exportaci\u00f3n<\/strong>, entregamos el <strong data-start=\"207\" data-end=\"232\">fald\u00f3n plegable 1140\u00d71140<\/strong> con una <strong data-start=\"241\" data-end=\"273\">base de pallet inyectada<\/strong>, <strong data-start=\"275\" data-end=\"298\">fald\u00f3n de panal PP<\/strong> y <strong data-start=\"304\" data-end=\"322\">tapa reforzada<\/strong>. Manipule sus mercanc\u00edas m\u00e1s r\u00e1pido con <strong data-start=\"353\" data-end=\"380\">entrada de montacargas por 4 lados<\/strong>, pli\u00e9guelo para un <strong data-start=\"401\" data-end=\"421\">ratio de retorno 1:8<\/strong> y ap\u00edlelo de forma segura en su almac\u00e9n. Nuestra <strong data-start=\"466\" data-end=\"495\">caja pallet con fald\u00f3n pl\u00e1stico<\/strong> est\u00e1 dise\u00f1ada para durar y, como un <strong data-start=\"523\" data-end=\"547\">fald\u00f3n plegable<\/strong>, reduce ruido en el transporte, baja el coste por viaje y asegura un ROI a largo plazo para su cadena de suministro.<\/p>","protected":false},"featured_media":13817,"comment_status":"open","ping_status":"closed","template":"","meta":{"_seopress_robots_primary_cat":"none","_seopress_titles_title":"1140\u00d71140 Pallet Sleeve Box Injection Molding","_seopress_titles_desc":"Choose our 1140\u00d71140 pallet sleeve box with injection molded base and PP sleeve, foldable for return savings, built for global B2B logistics.","_seopress_robots_index":"","_angie_page":false},"product_brand":[],"product_cat":[83,327,81],"product_tag":[],"class_list":{"0":"post-13811","1":"product","2":"type-product","3":"status-publish","4":"has-post-thumbnail","6":"product_cat-all-product","7":"product_cat-pallet-sleeve-box","8":"product_cat-plastic-pallet-box","10":"first","11":"instock","12":"shipping-taxable","13":"product-type-simple"},"_links":{"self":[{"href":"https:\/\/cnplasticpallets.com\/es\/wp-json\/wp\/v2\/product\/13811","targetHints":{"allow":["GET"]}}],"collection":[{"href":"https:\/\/cnplasticpallets.com\/es\/wp-json\/wp\/v2\/product"}],"about":[{"href":"https:\/\/cnplasticpallets.com\/es\/wp-json\/wp\/v2\/types\/product"}],"replies":[{"embeddable":true,"href":"https:\/\/cnplasticpallets.com\/es\/wp-json\/wp\/v2\/comments?post=13811"}],"wp:featuredmedia":[{"embeddable":true,"href":"https:\/\/cnplasticpallets.com\/es\/wp-json\/wp\/v2\/media\/13817"}],"wp:attachment":[{"href":"https:\/\/cnplasticpallets.com\/es\/wp-json\/wp\/v2\/media?parent=13811"}],"wp:term":[{"taxonomy":"product_brand","embeddable":true,"href":"https:\/\/cnplasticpallets.com\/es\/wp-json\/wp\/v2\/product_brand?post=13811"},{"taxonomy":"product_cat","embeddable":true,"href":"https:\/\/cnplasticpallets.com\/es\/wp-json\/wp\/v2\/product_cat?post=13811"},{"taxonomy":"product_tag","embeddable":true,"href":"https:\/\/cnplasticpallets.com\/es\/wp-json\/wp\/v2\/product_tag?post=13811"}],"curies":[{"name":"wp","href":"https:\/\/api.w.org\/{rel}","templated":true}]}}